{"id":116,"date":"2021-10-18T10:06:26","date_gmt":"2021-10-18T15:06:26","guid":{"rendered":"http:\/\/10.100.20.231\/?page_id=116"},"modified":"2026-02-12T14:10:31","modified_gmt":"2026-02-12T20:10:31","slug":"inicio","status":"publish","type":"page","link":"http:\/\/10.100.20.231\/evaluacion-de-la-conformidad\/","title":{"rendered":"Evaluaci\u00f3n de la Conformidad de Normas Oficiales Mexicanas, Est\u00e1ndares y Normas Internacionales"},"content":{"rendered":"\n<div class=\"wp-container-2 wp-block-group alignfull intro has-background-background-color has-background\" id=\"intro-inicio\">\n<div class=\"wp-block-columns\">\n<div class=\"wp-block-column\" style=\"flex-basis:66.66%\">\n<h1 id=\"e-economia-gob-mx\">Evaluaci\u00f3n de la Conformidad<\/h1>\n<\/div>\n\n\n\n<div class=\"wp-block-column\" style=\"flex-basis:33.33%\"><\/div>\n<\/div>\n\n\n\n<div class=\"wp-block-columns\">\n<div class=\"wp-block-column\" style=\"flex-basis:58%\" id=\"intro-buscador\">\n<p>Proceso t\u00e9cnico que permite demostrar el cumplimiento de Normas Oficiales Mexicanas, Est\u00e1ndares, Normas Internacionales y otras disposiciones legales.&nbsp;<\/p>\n\n\n\n<p>Este proceso comprende, entre otros, los procedimientos de muestreo, prueba, inspecci\u00f3n, evaluaci\u00f3n y certificaci\u00f3n.<\/p>\n<\/div>\n\n\n\n<div class=\"wp-block-column\" style=\"flex-basis:33.33%\">\n<div class=\"wp-container-1 wp-block-group\"><\/div>\n<\/div>\n<\/div>\n<\/div>\n\n\n\n<section class=\"wp-container-4 wp-block-group alignfull ancho-completo has-background\" style=\"background-color:#f4f4f4;padding-top:60px;padding-bottom:60px\">\n<div class=\"wp-container-3 wp-block-group contenido\">\n<h2 class=\"max-dos-tercios\" style=\"margin-bottom:92px\">Entes que intervienen en la Evaluaci\u00f3n de la Conformidad<\/h2>\n\n\n\n<div class=\"wp-block-columns ancho-completo-dos-columnas\">\n<div class=\"wp-block-column\">\n<h3>Entidades de Acreditaci\u00f3n<\/h3>\n\n\n\n<p>Personas morales autorizadas por la Secretar\u00eda de Econom\u00eda para conocer, tramitar y resolver sobre las solicitudes de Acreditaci\u00f3n de quienes pretendan operar como Organismos de Evaluaci\u00f3n de la Conformidad.<\/p>\n\n\n\n<p class=\"ver-mas\"><a href=\"https:\/\/platiica.economia.gob.mx\/evaluacion-de-la-conformidad\/entidades-de-acreditacion\/\">M\u00e1s informaci\u00f3n<\/a><\/p>\n<\/div>\n\n\n\n<div class=\"wp-block-column\">\n<h3>Organismos de Evaluaci\u00f3n de la Conformidad<\/h3>\n\n\n\n<p>Personas que cuentan con Acreditaci\u00f3n otorgada por las Entidades de Acreditaci\u00f3n y aprobadas por las Autoridades Normalizadoras competentes para comprobar que los productos, procesos o servicios, cumplen con una Norma Oficial Mexicana, Est\u00e1ndar o Norma Internacional.<\/p>\n\n\n\n<p class=\"ver-mas\"><a href=\"https:\/\/platiica.economia.gob.mx\/evaluacion-de-la-conformidad\/organismos-de-evaluacion-de-la-conformidad\/\">M\u00e1s informaci\u00f3n<\/a><\/p>\n<\/div>\n<\/div>\n<\/div>\n<\/section>\n\n\n\n<section class=\"wp-container-8 wp-block-group alignfull ancho-completo\" style=\"padding-top:60px;padding-bottom:60px\">\n<div class=\"wp-container-7 wp-block-group contenido\">\n<div class=\"wp-container-6 wp-block-group\">\n<div class=\"wp-block-columns\">\n<div class=\"wp-block-column\" style=\"flex-basis:66.6%\">\n<h2>Tarifas de servicios de acreditaci\u00f3n y evaluaci\u00f3n de la conformidad<\/h2>\n\n\n\n<p>La <a href=\"https:\/\/platiica.economia.gob.mx\/sistema-nacional-de-infraestructura-de-la-calidad\/ley-de-infraestructura-de-la-calidad\/\">Ley de Infraestructura de la Calidad<\/a> obliga a las Entidades de Acreditaci\u00f3n y a los Organismos de Evaluaci\u00f3n de la Conformidad a publicar los precios de los servicios que otorgan. <\/p>\n\n\n\n<div class=\"wp-container-5 wp-block-buttons\">\n<div class=\"wp-block-button has-custom-font-size has-normal-font-size\"><a class=\"wp-block-button__link has-background\" href=\"https:\/\/platiica.economia.gob.mx\/evaluacion-de-la-conformidad\/tarifas-y-precios-de-entidades-de-acreditacion-y-organismos-de-evaluacion\/\" style=\"border-radius:3px;background-color:#691c32\">Ir a las tarifas<\/a><\/div>\n<\/div>\n<\/div>\n\n\n\n<div class=\"wp-block-column\"><\/div>\n<\/div>\n<\/div>\n<\/div>\n<\/section>\n\n\n\n<section class=\"wp-container-11 wp-block-group alignfull ancho-completo has-background\" style=\"background-color:#f4f4f4;padding-top:10px;padding-bottom:60px\">\n<div class=\"wp-container-10 wp-block-group contenido\">\n<h4>Tr\u00e1mites relacionados<\/h4>\n\n\n\n<ul><li>Autorizaci\u00f3n para operar como Entidad de Acreditaci\u00f3n<\/li><li>Aprobaci\u00f3n para operar como Organismo de Evaluaci\u00f3n de la Conformidad en Normas Oficiales Mexicanas, Est\u00e1ndares, Normas Internacionales competencia de la Secretar\u00eda de Econom\u00eda<\/li><\/ul>\n\n\n\n<div class=\"wp-container-9 wp-block-buttons\">\n<div class=\"wp-block-button has-custom-font-size has-normal-font-size\"><a class=\"wp-block-button__link has-background\" href=\"https:\/\/platiica.economia.gob.mx\/listado-de-tramites\" style=\"border-radius:3px;background-color:#691c32\">Tr\u00e1mites<\/a><\/div>\n<\/div>\n<\/div>\n<\/section>\n\n\n\n<section class=\"wp-container-13 wp-block-group alignfull ancho-completo\" id=\"evaluacion-internacional\" style=\"padding-top:60px;padding-bottom:60px\">\n<div class=\"wp-container-12 wp-block-group contenido\">\n<div class=\"wp-block-columns\">\n<div class=\"wp-block-column\" style=\"flex-basis:66.6%\">\n<h2>Evaluaci\u00f3n de la conformidad, acuerdos y arreglos internacionales<\/h2>\n\n\n\n<p>Los sistemas internacionales de evaluaci\u00f3n de la conformidad establecen par\u00e1metros con aceptaci\u00f3n global. Los acuerdos y arreglos facilitan que los resultados de las evaluaciones sean reconocidos de un pa\u00eds a otro.&nbsp;<\/p>\n\n\n\n<ul><li><a href=\"https:\/\/platiica.economia.gob.mx\/evaluacion-de-la-conformidad\/sistemas-internacionales-de-evaluacion-de-la-conformidad\/\">Sistemas internacionales de la evaluaci\u00f3n de la conformidad<\/a><\/li><li><a href=\"https:\/\/platiica.economia.gob.mx\/evaluacion-de-la-conformidad\/acuerdos-y-arreglos-de-reconocimiento-mutuo\/\">Acuerdos y arreglos de reconocimiento mutuo<\/a><\/li><li><a href=\"https:\/\/platiica.economia.gob.mx\/evaluacion-de-la-conformidad\/acuerdos-de-equivalencia\/\">Acuerdos de equivalencia<\/a><\/li><li><a href=\"https:\/\/platiica.economia.gob.mx\/evaluacion-de-la-conformidad\/acuerdo-sobre-obstaculos-tecnicos-al-comercio-de-la-organizacion-mundial-de-comercio\/\">Acuerdo sobre Obst\u00e1culos T\u00e9cnicos al Comercio de la Organizaci\u00f3n Mundial de Comercio<\/a><\/li><\/ul>\n<\/div>\n\n\n\n<div class=\"wp-block-column\" style=\"flex-basis:33.3%\"><\/div>\n<\/div>\n<\/div>\n<\/section>\n\n\n\n<section class=\"wp-container-15 wp-block-group alignfull ancho-completo has-background\" id=\"evaluacion-internacional\" style=\"background-color:#f4f4f4;padding-top:60px;padding-bottom:60px\">\n<div class=\"wp-container-14 wp-block-group contenido\">\n<div class=\"wp-block-columns\">\n<div class=\"wp-block-column\" style=\"flex-basis:66.6%\">\n<h2>Convenios y actividades de constataci\u00f3n<\/h2>\n\n\n\n<ul><li><a href=\"https:\/\/platiica.economia.gob.mx\/evaluacion-de-la-conformidad\/convenios-de-colaboracion-y-concertacion\/\">Convenios de colaboraci\u00f3n y concertaci\u00f3n<\/a><\/li><li><a href=\"https:\/\/platiica.economia.gob.mx\/evaluacion-de-la-conformidad\/actividades-de-constatacion-de-que-los-bienes-productos-procesos-y-servicios-cumplen-o-concuerdan-con-las-normas-o-estandares\/\">Actividades de constataci\u00f3n de que los bienes, productos, procesos y servicios cumplen o concuerdan con las Normas o Est\u00e1ndares<\/a><\/li><\/ul>\n<\/div>\n\n\n\n<div class=\"wp-block-column\" style=\"flex-basis:33.3%\"><\/div>\n<\/div>\n<\/div>\n<\/section>\n\n\n\n<section class=\"wp-container-17 wp-block-group alignfull ancho-completo has-background-background-color has-background\" id=\"evaluacion-internacional\" style=\"padding-top:60px;padding-bottom:60px\">\n<div class=\"wp-container-16 wp-block-group contenido\">\n<div class=\"wp-block-columns\">\n<div class=\"wp-block-column\" style=\"flex-basis:66.6%\">\n<h2><strong>Cumplimiento de NOM en punto de entrada y salida (Anexo de NOM&#8217;s)<\/strong><\/h2>\n\n\n\n<ul><li><a href=\"https:\/\/platiica.economia.gob.mx\/evaluacion-de-la-conformidad\/acuerdo-de-reglas-de-la-se-y-su-relacion-con-las-nom\/\">Acuerdo de Reglas de la SE y su relaci\u00f3n con las NOM<\/a><\/li><li><a href=\"https:\/\/platiica.economia.gob.mx\/evaluacion-de-la-conformidad\/sistema-de-normas-de-aduanas\/\">Sistema de Normas de Aduanas<\/a><\/li><li><a href=\"https:\/\/platiica.economia.gob.mx\/evaluacion-de-la-conformidad\/comision-de-comercio-exterior\/\">Comisi\u00f3n de Comercio Exterior<\/a><\/li><li><a href=\"https:\/\/platiica.economia.gob.mx\/evaluacion-de-la-conformidad\/servicio-nacional-de-informacion-de-comercio-exterior-snice\/\">Servicio Nacional de Informaci\u00f3n de Comercio Exterior (SNICE)<\/a><\/li><li><a href=\"https:\/\/platiica.economia.gob.mx\/evaluacion-de-la-conformidad\/criterios-emitidos-por-la-dgn-y-la-dgfcce\/\">Criterios emitidos por la DGN y la DGFCCE<\/a><\/li><li><a href=\"https:\/\/platiica.economia.gob.mx\/evaluacion-de-la-conformidad\/requisitos-para-solicitar-bajo-la-regla-247\/\">Requisitos para solicitar bajo la Regla 2.4.7<\/a><\/li><li><a href=\"https:\/\/platiica.economia.gob.mx\/evaluacion-de-la-conformidad\/preguntas-frecuentes-sobre-comercio-exterior-y-la-regla-247\/\">Preguntas frecuentes sobre comercio exterior y la Regla 2.4.7<\/a><\/li><\/ul>\n<\/div>\n\n\n\n<div class=\"wp-block-column\" style=\"flex-basis:33.3%\"><\/div>\n<\/div>\n<\/div>\n<\/section>\n\n\n\n<div class=\"wp-container-19 wp-block-group alignfull\" id=\"contacto-footer\">\n<div class=\"wp-block-columns\">\n<div class=\"wp-block-column\" style=\"flex-basis:67%\">\n<h2 id=\"contacto\">Contacto<\/h2>\n\n\n\n<p>Pachuca 189 Col. Condesa, Demarcaci\u00f3n Territorial Cuauht\u00e9moc 06140 Ciudad de M\u00e9xico<br>Conmutador: <a href=\"tel:5557299100\">(55) 5729-9100<\/a> Ext. 13218<br>Atenci\u00f3n Ciudadana: <a href=\"tel:5552296260\">(55)5229-6260<\/a> y <a href=\"tel:5552296264\">(55)5229-6264<\/a><br><a href=\"mailto:platiica@economia.gob.mx\">platiica@economia.gob.mx<\/a><br><a href=\"mailto:contacto.ciudadano@economia.gob.mx\"><\/a><a href=\"mailto:contacto.ciudadano@economia.gob.mx\">contacto.ciudadano@economia.gob.mx<\/a><br>Secretar\u00eda de Econom\u00eda.<\/p>\n<\/div>\n\n\n\n<div class=\"wp-block-column\">\n<h3 id=\"contacto\">S\u00edguenos en<\/h3>\n\n\n\n<div class=\"wp-container-18 wp-block-group\" style=\"padding-top:0px;padding-right:0px;padding-bottom:0px;padding-left:0px\">\n<figure class=\"wp-block-image size-large is-resized\"><a href=\"https:\/\/twitter.com\/SE_mx\" target=\"_blank\" rel=\"Twitter Secretar\u00eda de Econom\u00eda noopener\"><img loading=\"lazy\" src=\"https:\/\/platiica.economia.gob.mx\/evaluacion-de-la-conformidad\/wp-content\/uploads\/sites\/5\/2023\/12\/x-logo.svg\" alt=\"\" class=\"wp-image-129478\" width=\"27\" height=\"27\"\/><\/a><\/figure>\n\n\n\n<figure class=\"wp-block-image size-large is-resized\"><a href=\"https:\/\/es-la.facebook.com\/SE.Economia\/\" target=\"_blank\" rel=\"Facebook Secretar\u00eda de Econom\u00eda noopener\"><img src=\"https:\/\/platiica.economia.gob.mx\/evaluacion-de-la-conformidad\/wp-content\/uploads\/sites\/5\/2023\/12\/fb-logo.svg\" alt=\"\" class=\"wp-image-129476\" width=\"27\"\/><\/a><\/figure>\n\n\n\n<figure class=\"wp-block-image size-large is-resized\"><a href=\"https:\/\/www.instagram.com\/secretariaeconomia\/\" target=\"_blank\" rel=\"Instagram Secretar\u00eda de Economia noopener\"><img src=\"https:\/\/platiica.economia.gob.mx\/evaluacion-de-la-conformidad\/wp-content\/uploads\/sites\/5\/2023\/12\/ig-logo.svg\" alt=\"\" class=\"wp-image-129477\" width=\"27\"\/><\/a><\/figure>\n\n\n\n<figure class=\"wp-block-image size-large is-resized\"><a href=\"https:\/\/www.youtube.com\/channel\/UCBFqO4hPZ1rKgjf_CqqbS6g\" target=\"_blank\" rel=\"YouTube Secretar\u00eda de Econom\u00eda noopener\"><img src=\"https:\/\/platiica.economia.gob.mx\/evaluacion-de-la-conformidad\/wp-content\/uploads\/sites\/5\/2023\/12\/yt-logo.svg\" alt=\"\" class=\"wp-image-129479\" width=\"27\"\/><\/a><\/figure>\n<\/div>\n<\/div>\n<\/div>\n<\/div>\n","protected":false},"excerpt":{"rendered":"<p>La evaluaci\u00f3n de la conformidad es el proceso t\u00e9cnico que permite demostrar el cumplimiento de Normas Oficiales Mexicanas, est\u00e1ndares y normas internacionales.\u00a0<\/p>\n","protected":false},"author":4,"featured_media":0,"parent":0,"menu_order":0,"comment_status":"closed","ping_status":"closed","template":"","meta":{"_links_to":"","_links_to_target":""},"yoast_head":"<!-- This site is optimized with the Yoast SEO plugin v21.5 - https:\/\/yoast.com\/wordpress\/plugins\/seo\/ -->\n<title>Evaluaci\u00f3n de la conformidad - Secretar\u00eda de Econom\u00eda<\/title>\n<meta name=\"description\" content=\"Obt\u00e9n informaci\u00f3n acerca de las actividades de evaluaci\u00f3n de la conformidad de Normas Oficiales Mexicanas (NOMs), est\u00e1ndares y normas internacionales.\" \/>\n<meta name=\"robots\" content=\"index, follow, max-snippet:-1, max-image-preview:large, max-video-preview:-1\" \/>\n<link rel=\"canonical\" href=\"http:\/\/10.100.20.231\/evaluacion-de-la-conformidad\/\" \/>\n<meta property=\"og:locale\" content=\"es_MX\" \/>\n<meta property=\"og:type\" content=\"article\" \/>\n<meta property=\"og:title\" content=\"Evaluaci\u00f3n de la conformidad - Secretar\u00eda de Econom\u00eda\" \/>\n<meta property=\"og:description\" content=\"Obt\u00e9n informaci\u00f3n acerca de las actividades de evaluaci\u00f3n de la conformidad de Normas Oficiales Mexicanas (NOMs), est\u00e1ndares y normas internacionales.\" \/>\n<meta property=\"og:url\" content=\"http:\/\/10.100.20.231\/evaluacion-de-la-conformidad\/\" \/>\n<meta property=\"og:site_name\" content=\"Evaluaci\u00f3n de la conformidad\" \/>\n<meta property=\"article:modified_time\" content=\"2026-02-12T20:10:31+00:00\" \/>\n<meta property=\"og:image\" content=\"http:\/\/10.100.20.231\/evaluacion-de-la-conformidad\/wp-content\/uploads\/sites\/5\/2023\/12\/x-logo.svg\" \/>\n<meta name=\"twitter:card\" content=\"summary_large_image\" \/>\n<meta name=\"twitter:label1\" content=\"Tiempo de lectura\" \/>\n\t<meta name=\"twitter:data1\" content=\"2 minutos\" \/>\n<script type=\"application\/ld+json\" class=\"yoast-schema-graph\">{\"@context\":\"https:\/\/schema.org\",\"@graph\":[{\"@type\":\"WebPage\",\"@id\":\"http:\/\/10.100.20.231\/evaluacion-de-la-conformidad\/\",\"url\":\"http:\/\/10.100.20.231\/evaluacion-de-la-conformidad\/\",\"name\":\"Evaluaci\u00f3n de la conformidad - Secretar\u00eda de Econom\u00eda\",\"isPartOf\":{\"@id\":\"http:\/\/10.100.20.231\/evaluacion-de-la-conformidad\/#website\"},\"datePublished\":\"2021-10-18T15:06:26+00:00\",\"dateModified\":\"2026-02-12T20:10:31+00:00\",\"description\":\"Obt\u00e9n informaci\u00f3n acerca de las actividades de evaluaci\u00f3n de la conformidad de Normas Oficiales Mexicanas (NOMs), est\u00e1ndares y normas internacionales.\",\"breadcrumb\":{\"@id\":\"http:\/\/10.100.20.231\/evaluacion-de-la-conformidad\/#breadcrumb\"},\"inLanguage\":\"es-MX\",\"potentialAction\":[{\"@type\":\"ReadAction\",\"target\":[\"http:\/\/10.100.20.231\/evaluacion-de-la-conformidad\/\"]}]},{\"@type\":\"BreadcrumbList\",\"@id\":\"http:\/\/10.100.20.231\/evaluacion-de-la-conformidad\/#breadcrumb\",\"itemListElement\":[{\"@type\":\"ListItem\",\"position\":1,\"name\":\"Inicio\",\"item\":\"http:\/\/10.100.20.231\/evaluacion-de-la-conformidad\/\"},{\"@type\":\"ListItem\",\"position\":2,\"name\":\"Evaluaci\u00f3n de la Conformidad de Normas Oficiales Mexicanas, Est\u00e1ndares y Normas Internacionales\"}]},{\"@type\":\"WebSite\",\"@id\":\"http:\/\/10.100.20.231\/evaluacion-de-la-conformidad\/#website\",\"url\":\"http:\/\/10.100.20.231\/evaluacion-de-la-conformidad\/\",\"name\":\"Evaluaci\u00f3n de la conformidad\",\"description\":\"\",\"publisher\":{\"@id\":\"http:\/\/10.100.20.231\/evaluacion-de-la-conformidad\/#organization\"},\"potentialAction\":[{\"@type\":\"SearchAction\",\"target\":{\"@type\":\"EntryPoint\",\"urlTemplate\":\"http:\/\/10.100.20.231\/evaluacion-de-la-conformidad\/?s={search_term_string}\"},\"query-input\":\"required name=search_term_string\"}],\"inLanguage\":\"es-MX\"},{\"@type\":\"Organization\",\"@id\":\"http:\/\/10.100.20.231\/evaluacion-de-la-conformidad\/#organization\",\"name\":\"Evaluaci\u00f3n de la conformidad\",\"url\":\"http:\/\/10.100.20.231\/evaluacion-de-la-conformidad\/\",\"logo\":{\"@type\":\"ImageObject\",\"inLanguage\":\"es-MX\",\"@id\":\"http:\/\/10.100.20.231\/evaluacion-de-la-conformidad\/#\/schema\/logo\/image\/\",\"url\":\"http:\/\/10.100.20.231\/evaluacion-de-la-conformidad\/wp-content\/uploads\/sites\/5\/2021\/10\/logo-gobierno-mexico.svg\",\"contentUrl\":\"http:\/\/10.100.20.231\/evaluacion-de-la-conformidad\/wp-content\/uploads\/sites\/5\/2021\/10\/logo-gobierno-mexico.svg\",\"width\":123,\"height\":36,\"caption\":\"Evaluaci\u00f3n de la conformidad\"},\"image\":{\"@id\":\"http:\/\/10.100.20.231\/evaluacion-de-la-conformidad\/#\/schema\/logo\/image\/\"}}]}<\/script>\n<!-- \/ Yoast SEO plugin. -->","yoast_head_json":{"title":"Evaluaci\u00f3n de la conformidad - Secretar\u00eda de Econom\u00eda","description":"Obt\u00e9n informaci\u00f3n acerca de las actividades de evaluaci\u00f3n de la conformidad de Normas Oficiales Mexicanas (NOMs), est\u00e1ndares y normas internacionales.","robots":{"index":"index","follow":"follow","max-snippet":"max-snippet:-1","max-image-preview":"max-image-preview:large","max-video-preview":"max-video-preview:-1"},"canonical":"http:\/\/10.100.20.231\/evaluacion-de-la-conformidad\/","og_locale":"es_MX","og_type":"article","og_title":"Evaluaci\u00f3n de la conformidad - Secretar\u00eda de Econom\u00eda","og_description":"Obt\u00e9n informaci\u00f3n acerca de las actividades de evaluaci\u00f3n de la conformidad de Normas Oficiales Mexicanas (NOMs), est\u00e1ndares y normas internacionales.","og_url":"http:\/\/10.100.20.231\/evaluacion-de-la-conformidad\/","og_site_name":"Evaluaci\u00f3n de la conformidad","article_modified_time":"2026-02-12T20:10:31+00:00","og_image":[{"url":"http:\/\/10.100.20.231\/evaluacion-de-la-conformidad\/wp-content\/uploads\/sites\/5\/2023\/12\/x-logo.svg"}],"twitter_card":"summary_large_image","twitter_misc":{"Tiempo de lectura":"2 minutos"},"schema":{"@context":"https:\/\/schema.org","@graph":[{"@type":"WebPage","@id":"http:\/\/10.100.20.231\/evaluacion-de-la-conformidad\/","url":"http:\/\/10.100.20.231\/evaluacion-de-la-conformidad\/","name":"Evaluaci\u00f3n de la conformidad - Secretar\u00eda de Econom\u00eda","isPartOf":{"@id":"http:\/\/10.100.20.231\/evaluacion-de-la-conformidad\/#website"},"datePublished":"2021-10-18T15:06:26+00:00","dateModified":"2026-02-12T20:10:31+00:00","description":"Obt\u00e9n informaci\u00f3n acerca de las actividades de evaluaci\u00f3n de la conformidad de Normas Oficiales Mexicanas (NOMs), est\u00e1ndares y normas internacionales.","breadcrumb":{"@id":"http:\/\/10.100.20.231\/evaluacion-de-la-conformidad\/#breadcrumb"},"inLanguage":"es-MX","potentialAction":[{"@type":"ReadAction","target":["http:\/\/10.100.20.231\/evaluacion-de-la-conformidad\/"]}]},{"@type":"BreadcrumbList","@id":"http:\/\/10.100.20.231\/evaluacion-de-la-conformidad\/#breadcrumb","itemListElement":[{"@type":"ListItem","position":1,"name":"Inicio","item":"http:\/\/10.100.20.231\/evaluacion-de-la-conformidad\/"},{"@type":"ListItem","position":2,"name":"Evaluaci\u00f3n de la Conformidad de Normas Oficiales Mexicanas, Est\u00e1ndares y Normas Internacionales"}]},{"@type":"WebSite","@id":"http:\/\/10.100.20.231\/evaluacion-de-la-conformidad\/#website","url":"http:\/\/10.100.20.231\/evaluacion-de-la-conformidad\/","name":"Evaluaci\u00f3n de la conformidad","description":"","publisher":{"@id":"http:\/\/10.100.20.231\/evaluacion-de-la-conformidad\/#organization"},"potentialAction":[{"@type":"SearchAction","target":{"@type":"EntryPoint","urlTemplate":"http:\/\/10.100.20.231\/evaluacion-de-la-conformidad\/?s={search_term_string}"},"query-input":"required name=search_term_string"}],"inLanguage":"es-MX"},{"@type":"Organization","@id":"http:\/\/10.100.20.231\/evaluacion-de-la-conformidad\/#organization","name":"Evaluaci\u00f3n de la conformidad","url":"http:\/\/10.100.20.231\/evaluacion-de-la-conformidad\/","logo":{"@type":"ImageObject","inLanguage":"es-MX","@id":"http:\/\/10.100.20.231\/evaluacion-de-la-conformidad\/#\/schema\/logo\/image\/","url":"http:\/\/10.100.20.231\/evaluacion-de-la-conformidad\/wp-content\/uploads\/sites\/5\/2021\/10\/logo-gobierno-mexico.svg","contentUrl":"http:\/\/10.100.20.231\/evaluacion-de-la-conformidad\/wp-content\/uploads\/sites\/5\/2021\/10\/logo-gobierno-mexico.svg","width":123,"height":36,"caption":"Evaluaci\u00f3n de la conformidad"},"image":{"@id":"http:\/\/10.100.20.231\/evaluacion-de-la-conformidad\/#\/schema\/logo\/image\/"}}]}},"_links":{"self":[{"href":"http:\/\/10.100.20.231\/evaluacion-de-la-conformidad\/wp-json\/wp\/v2\/pages\/116"}],"collection":[{"href":"http:\/\/10.100.20.231\/evaluacion-de-la-conformidad\/wp-json\/wp\/v2\/pages"}],"about":[{"href":"http:\/\/10.100.20.231\/evaluacion-de-la-conformidad\/wp-json\/wp\/v2\/types\/page"}],"author":[{"embeddable":true,"href":"http:\/\/10.100.20.231\/evaluacion-de-la-conformidad\/wp-json\/wp\/v2\/users\/4"}],"replies":[{"embeddable":true,"href":"http:\/\/10.100.20.231\/evaluacion-de-la-conformidad\/wp-json\/wp\/v2\/comments?post=116"}],"version-history":[{"count":0,"href":"http:\/\/10.100.20.231\/evaluacion-de-la-conformidad\/wp-json\/wp\/v2\/pages\/116\/revisions"}],"wp:attachment":[{"href":"http:\/\/10.100.20.231\/evaluacion-de-la-conformidad\/wp-json\/wp\/v2\/media?parent=116"}],"curies":[{"name":"wp","href":"https:\/\/api.w.org\/{rel}","templated":true}]}}