{"id":60703,"date":"2022-08-29T19:32:11","date_gmt":"2022-08-30T00:32:11","guid":{"rendered":"http:\/\/10.100.20.231\/evaluacion-de-la-conformidad-de-normas-oficiales-mexicanas-estandares-y-normas-internacionales\/?page_id=60703"},"modified":"2023-10-25T11:07:21","modified_gmt":"2023-10-25T17:07:21","slug":"acuerdo-sobre-obstaculos-tecnicos-al-comercio-de-la-organizacion-mundial-de-comercio","status":"publish","type":"page","link":"http:\/\/10.100.20.231\/evaluacion-de-la-conformidad\/acuerdo-sobre-obstaculos-tecnicos-al-comercio-de-la-organizacion-mundial-de-comercio\/","title":{"rendered":"Acuerdo sobre Obst\u00e1culos T\u00e9cnicos al Comercio de la Organizaci\u00f3n Mundial de Comercio"},"content":{"rendered":"\n<div class=\"wp-container-2 wp-block-group alignfull barra contenido-principal max-dos-tercios informativa\" id=\"filtrable\">\n<div style=\"height:50px\" aria-hidden=\"true\" class=\"wp-block-spacer espacio-50\"><\/div>\n\n\n\n<div class=\"wp-container-1 wp-block-group yoast-breadcrumbs\">\n<p><a href=\"https:\/\/platiica.economia.gob.mx\/\">Inicio<\/a> &gt; <a href=\"https:\/\/platiica.economia.gob.mx\/evaluacion-de-la-conformidad\/\">Evaluaci\u00f3n de la conformidad<\/a> &gt; <strong><strong><strong><strong><strong><strong>Acuerdo sobre Obst\u00e1culos T\u00e9cnicos al Comercio de la Organizaci\u00f3n Mundial de Comercio<\/strong><\/strong><\/strong><\/strong><\/strong><\/strong><\/p>\n<\/div>\n\n\n\n<div style=\"height:50px\" aria-hidden=\"true\" class=\"wp-block-spacer espacio-50\"><\/div>\n\n\n\n<h1><strong><strong>Acuerdo sobre Obst\u00e1culos T\u00e9cnicos al Comercio de la Organizaci\u00f3n Mundial de Comercio<\/strong><\/strong><\/h1>\n\n\n\n<p>El Acuerdo sobre Obst\u00e1culos T\u00e9cnicos al Comercio (Acuerdo OTC) de la Organizaci\u00f3n Mundial de Comercio (<a href=\"https:\/\/platiica.economia.gob.mx\/evaluacion-de-la-conformidad\/organizacion-mundial-del-comercio-omc\/\">OMC)<\/a> tiene como prop\u00f3sito evitar la imposici\u00f3n de medidas innecesarias al comercio internacional.  <\/p>\n\n\n\n<p>Los miembros de la OMC tienen dentro de sus obligaciones cumplir con los procesos de transparencia y brindar un trato igualitario al resto de pa\u00edses miembros.<\/p>\n\n\n\n<p>Las Normas Oficiales Mexicanas, son consideradas como Reglamentos T\u00e9cnicos en t\u00e9rminos del Acuerdo OTC. Como parte del proceso de transparencia en la elaboraci\u00f3n de estos Reglamentos T\u00e9cnicos y los Procedimientos de la Evaluaci\u00f3n de la Conformidad, se deben notificar a los miembros de la OMC, para consulta p\u00fablica, durante al menos 60 d\u00edas naturales. Lo anterior, salvo que se trate de medidas de emergencia.<\/p>\n\n\n\n<p>La Secretar\u00eda de Econom\u00eda, a trav\u00e9s de la Direcci\u00f3n General de Normas, es el punto de contacto de M\u00e9xico ante la OMC responsable de notificar tales medidas al Comit\u00e9 de OTC de la OMC.<\/p>\n\n\n\n<p><\/p>\n\n\n\n<p><\/p>\n\n\n\n<p><strong>Informaci\u00f3n relacionada &gt;&nbsp;<\/strong><\/p>\n\n\n\n<p><a href=\"https:\/\/www.wto.org\/spanish\/docs_s\/legal_s\/17-tbt.pdf\" target=\"_blank\" rel=\"noreferrer noopener\">Acuerdo Sobre Obst\u00e1culos T\u00e9cnicos al Comercio<\/a><\/p>\n\n\n\n<p><a href=\"https:\/\/epingalert.org\/\" target=\"_blank\" rel=\"noreferrer noopener\">Notificaciones de la OMC<\/a><\/p>\n\n\n\n<div style=\"height:100px\" aria-hidden=\"true\" class=\"wp-block-spacer espacio-100\"><\/div>\n\n\n\n<p><strong>Te puede interesar:<\/strong><\/p>\n\n\n\n<p><a href=\"https:\/\/platiica.economia.gob.mx\/evaluacion-de-la-conformidad\/acuerdos-y-arreglos-de-reconocimiento-mutuo\/\">&gt; Acuerdos y Arreglos de Reconocimiento Mutuo y Acuerdos de equivalencia<\/a><\/p>\n\n\n\n<p><a href=\"https:\/\/platiica.economia.gob.mx\/normalizacion\/organismos-internacionales-de-normalizacion\/\">&gt; Organismos internacionales de normalizaci\u00f3n<\/a><\/p>\n\n\n\n<p><a href=\"https:\/\/platiica.economia.gob.mx\/normalizacion\/comites-mexicanos-de-atencion-a-organismos-internacionales\/\">&gt; Comit\u00e9s Mexicanos de atenci\u00f3n a organismos internacionales<\/a><\/p>\n<\/div>\n","protected":false},"excerpt":{"rendered":"<p>Es el convenio que establece medidas para asegurar que los reglamentos t\u00e9cnicos, normas y procedimientos de evaluaci\u00f3n de la conformidad no sean discriminatorios u obstaculicen el comercio.\u00a0<\/p>\n","protected":false},"author":1,"featured_media":0,"parent":0,"menu_order":0,"comment_status":"closed","ping_status":"closed","template":"","meta":{"_links_to":"","_links_to_target":""},"yoast_head":"<!-- This site is optimized with the Yoast SEO plugin v21.5 - https:\/\/yoast.com\/wordpress\/plugins\/seo\/ -->\n<title>Acuerdo sobre Obst\u00e1culos T\u00e9cnicos al Comercio de la Organizaci\u00f3n Mundial de Comercio - Evaluaci\u00f3n de la conformidad<\/title>\n<meta name=\"description\" content=\"Descarga el documento del Acuerdo sobre Obst\u00e1culos T\u00e9cnicos al comercio de la Organizaci\u00f3n Mundial de Comercio que facilita el comercio internacional.\" \/>\n<meta name=\"robots\" content=\"index, follow, max-snippet:-1, max-image-preview:large, max-video-preview:-1\" \/>\n<link rel=\"canonical\" href=\"http:\/\/10.100.20.231\/evaluacion-de-la-conformidad\/acuerdo-sobre-obstaculos-tecnicos-al-comercio-de-la-organizacion-mundial-de-comercio\/\" \/>\n<meta property=\"og:locale\" content=\"es_MX\" \/>\n<meta property=\"og:type\" content=\"article\" \/>\n<meta property=\"og:title\" content=\"Acuerdo sobre Obst\u00e1culos T\u00e9cnicos al Comercio de la Organizaci\u00f3n Mundial de Comercio - Evaluaci\u00f3n de la conformidad\" \/>\n<meta property=\"og:description\" content=\"Descarga el documento del Acuerdo sobre Obst\u00e1culos T\u00e9cnicos al comercio de la Organizaci\u00f3n Mundial de Comercio que facilita el comercio internacional.\" \/>\n<meta property=\"og:url\" content=\"http:\/\/10.100.20.231\/evaluacion-de-la-conformidad\/acuerdo-sobre-obstaculos-tecnicos-al-comercio-de-la-organizacion-mundial-de-comercio\/\" \/>\n<meta property=\"og:site_name\" content=\"Evaluaci\u00f3n de la conformidad\" \/>\n<meta property=\"article:modified_time\" content=\"2023-10-25T17:07:21+00:00\" \/>\n<meta property=\"og:image\" content=\"http:\/\/10.100.20.231\/evaluacion-de-la-conformidad\/wp-content\/uploads\/sites\/5\/2024\/05\/platiica-economia.jpg\" \/>\n\t<meta property=\"og:image:width\" content=\"1200\" \/>\n\t<meta property=\"og:image:height\" content=\"675\" \/>\n\t<meta property=\"og:image:type\" content=\"image\/jpeg\" \/>\n<meta name=\"twitter:card\" content=\"summary_large_image\" \/>\n<meta name=\"twitter:label1\" content=\"Tiempo de lectura\" \/>\n\t<meta name=\"twitter:data1\" content=\"1 minuto\" \/>\n<script type=\"application\/ld+json\" class=\"yoast-schema-graph\">{\"@context\":\"https:\/\/schema.org\",\"@graph\":[{\"@type\":\"WebPage\",\"@id\":\"http:\/\/10.100.20.231\/evaluacion-de-la-conformidad\/acuerdo-sobre-obstaculos-tecnicos-al-comercio-de-la-organizacion-mundial-de-comercio\/\",\"url\":\"http:\/\/10.100.20.231\/evaluacion-de-la-conformidad\/acuerdo-sobre-obstaculos-tecnicos-al-comercio-de-la-organizacion-mundial-de-comercio\/\",\"name\":\"Acuerdo sobre Obst\u00e1culos T\u00e9cnicos al Comercio de la Organizaci\u00f3n Mundial de Comercio - Evaluaci\u00f3n de la conformidad\",\"isPartOf\":{\"@id\":\"http:\/\/10.100.20.231\/evaluacion-de-la-conformidad\/#website\"},\"datePublished\":\"2022-08-30T00:32:11+00:00\",\"dateModified\":\"2023-10-25T17:07:21+00:00\",\"description\":\"Descarga el documento del Acuerdo sobre Obst\u00e1culos T\u00e9cnicos al comercio de la Organizaci\u00f3n Mundial de Comercio que facilita el comercio internacional.\",\"breadcrumb\":{\"@id\":\"http:\/\/10.100.20.231\/evaluacion-de-la-conformidad\/acuerdo-sobre-obstaculos-tecnicos-al-comercio-de-la-organizacion-mundial-de-comercio\/#breadcrumb\"},\"inLanguage\":\"es-MX\",\"potentialAction\":[{\"@type\":\"ReadAction\",\"target\":[\"http:\/\/10.100.20.231\/evaluacion-de-la-conformidad\/acuerdo-sobre-obstaculos-tecnicos-al-comercio-de-la-organizacion-mundial-de-comercio\/\"]}]},{\"@type\":\"BreadcrumbList\",\"@id\":\"http:\/\/10.100.20.231\/evaluacion-de-la-conformidad\/acuerdo-sobre-obstaculos-tecnicos-al-comercio-de-la-organizacion-mundial-de-comercio\/#breadcrumb\",\"itemListElement\":[{\"@type\":\"ListItem\",\"position\":1,\"name\":\"Inicio\",\"item\":\"http:\/\/10.100.20.231\/evaluacion-de-la-conformidad\/\"},{\"@type\":\"ListItem\",\"position\":2,\"name\":\"Acuerdo sobre Obst\u00e1culos T\u00e9cnicos al Comercio de la Organizaci\u00f3n Mundial de Comercio\"}]},{\"@type\":\"WebSite\",\"@id\":\"http:\/\/10.100.20.231\/evaluacion-de-la-conformidad\/#website\",\"url\":\"http:\/\/10.100.20.231\/evaluacion-de-la-conformidad\/\",\"name\":\"Evaluaci\u00f3n de la conformidad\",\"description\":\"\",\"publisher\":{\"@id\":\"http:\/\/10.100.20.231\/evaluacion-de-la-conformidad\/#organization\"},\"potentialAction\":[{\"@type\":\"SearchAction\",\"target\":{\"@type\":\"EntryPoint\",\"urlTemplate\":\"http:\/\/10.100.20.231\/evaluacion-de-la-conformidad\/?s={search_term_string}\"},\"query-input\":\"required name=search_term_string\"}],\"inLanguage\":\"es-MX\"},{\"@type\":\"Organization\",\"@id\":\"http:\/\/10.100.20.231\/evaluacion-de-la-conformidad\/#organization\",\"name\":\"Evaluaci\u00f3n de la conformidad\",\"url\":\"http:\/\/10.100.20.231\/evaluacion-de-la-conformidad\/\",\"logo\":{\"@type\":\"ImageObject\",\"inLanguage\":\"es-MX\",\"@id\":\"http:\/\/10.100.20.231\/evaluacion-de-la-conformidad\/#\/schema\/logo\/image\/\",\"url\":\"http:\/\/10.100.20.231\/evaluacion-de-la-conformidad\/wp-content\/uploads\/sites\/5\/2021\/10\/logo-gobierno-mexico.svg\",\"contentUrl\":\"http:\/\/10.100.20.231\/evaluacion-de-la-conformidad\/wp-content\/uploads\/sites\/5\/2021\/10\/logo-gobierno-mexico.svg\",\"width\":123,\"height\":36,\"caption\":\"Evaluaci\u00f3n de la conformidad\"},\"image\":{\"@id\":\"http:\/\/10.100.20.231\/evaluacion-de-la-conformidad\/#\/schema\/logo\/image\/\"}}]}<\/script>\n<!-- \/ Yoast SEO plugin. -->","yoast_head_json":{"title":"Acuerdo sobre Obst\u00e1culos T\u00e9cnicos al Comercio de la Organizaci\u00f3n Mundial de Comercio - Evaluaci\u00f3n de la conformidad","description":"Descarga el documento del Acuerdo sobre Obst\u00e1culos T\u00e9cnicos al comercio de la Organizaci\u00f3n Mundial de Comercio que facilita el comercio internacional.","robots":{"index":"index","follow":"follow","max-snippet":"max-snippet:-1","max-image-preview":"max-image-preview:large","max-video-preview":"max-video-preview:-1"},"canonical":"http:\/\/10.100.20.231\/evaluacion-de-la-conformidad\/acuerdo-sobre-obstaculos-tecnicos-al-comercio-de-la-organizacion-mundial-de-comercio\/","og_locale":"es_MX","og_type":"article","og_title":"Acuerdo sobre Obst\u00e1culos T\u00e9cnicos al Comercio de la Organizaci\u00f3n Mundial de Comercio - Evaluaci\u00f3n de la conformidad","og_description":"Descarga el documento del Acuerdo sobre Obst\u00e1culos T\u00e9cnicos al comercio de la Organizaci\u00f3n Mundial de Comercio que facilita el comercio internacional.","og_url":"http:\/\/10.100.20.231\/evaluacion-de-la-conformidad\/acuerdo-sobre-obstaculos-tecnicos-al-comercio-de-la-organizacion-mundial-de-comercio\/","og_site_name":"Evaluaci\u00f3n de la conformidad","article_modified_time":"2023-10-25T17:07:21+00:00","og_image":[{"width":1200,"height":675,"url":"http:\/\/10.100.20.231\/evaluacion-de-la-conformidad\/wp-content\/uploads\/sites\/5\/2024\/05\/platiica-economia.jpg","type":"image\/jpeg"}],"twitter_card":"summary_large_image","twitter_misc":{"Tiempo de lectura":"1 minuto"},"schema":{"@context":"https:\/\/schema.org","@graph":[{"@type":"WebPage","@id":"http:\/\/10.100.20.231\/evaluacion-de-la-conformidad\/acuerdo-sobre-obstaculos-tecnicos-al-comercio-de-la-organizacion-mundial-de-comercio\/","url":"http:\/\/10.100.20.231\/evaluacion-de-la-conformidad\/acuerdo-sobre-obstaculos-tecnicos-al-comercio-de-la-organizacion-mundial-de-comercio\/","name":"Acuerdo sobre Obst\u00e1culos T\u00e9cnicos al Comercio de la Organizaci\u00f3n Mundial de Comercio - Evaluaci\u00f3n de la conformidad","isPartOf":{"@id":"http:\/\/10.100.20.231\/evaluacion-de-la-conformidad\/#website"},"datePublished":"2022-08-30T00:32:11+00:00","dateModified":"2023-10-25T17:07:21+00:00","description":"Descarga el documento del Acuerdo sobre Obst\u00e1culos T\u00e9cnicos al comercio de la Organizaci\u00f3n Mundial de Comercio que facilita el comercio internacional.","breadcrumb":{"@id":"http:\/\/10.100.20.231\/evaluacion-de-la-conformidad\/acuerdo-sobre-obstaculos-tecnicos-al-comercio-de-la-organizacion-mundial-de-comercio\/#breadcrumb"},"inLanguage":"es-MX","potentialAction":[{"@type":"ReadAction","target":["http:\/\/10.100.20.231\/evaluacion-de-la-conformidad\/acuerdo-sobre-obstaculos-tecnicos-al-comercio-de-la-organizacion-mundial-de-comercio\/"]}]},{"@type":"BreadcrumbList","@id":"http:\/\/10.100.20.231\/evaluacion-de-la-conformidad\/acuerdo-sobre-obstaculos-tecnicos-al-comercio-de-la-organizacion-mundial-de-comercio\/#breadcrumb","itemListElement":[{"@type":"ListItem","position":1,"name":"Inicio","item":"http:\/\/10.100.20.231\/evaluacion-de-la-conformidad\/"},{"@type":"ListItem","position":2,"name":"Acuerdo sobre Obst\u00e1culos T\u00e9cnicos al Comercio de la Organizaci\u00f3n Mundial de Comercio"}]},{"@type":"WebSite","@id":"http:\/\/10.100.20.231\/evaluacion-de-la-conformidad\/#website","url":"http:\/\/10.100.20.231\/evaluacion-de-la-conformidad\/","name":"Evaluaci\u00f3n de la conformidad","description":"","publisher":{"@id":"http:\/\/10.100.20.231\/evaluacion-de-la-conformidad\/#organization"},"potentialAction":[{"@type":"SearchAction","target":{"@type":"EntryPoint","urlTemplate":"http:\/\/10.100.20.231\/evaluacion-de-la-conformidad\/?s={search_term_string}"},"query-input":"required name=search_term_string"}],"inLanguage":"es-MX"},{"@type":"Organization","@id":"http:\/\/10.100.20.231\/evaluacion-de-la-conformidad\/#organization","name":"Evaluaci\u00f3n de la conformidad","url":"http:\/\/10.100.20.231\/evaluacion-de-la-conformidad\/","logo":{"@type":"ImageObject","inLanguage":"es-MX","@id":"http:\/\/10.100.20.231\/evaluacion-de-la-conformidad\/#\/schema\/logo\/image\/","url":"http:\/\/10.100.20.231\/evaluacion-de-la-conformidad\/wp-content\/uploads\/sites\/5\/2021\/10\/logo-gobierno-mexico.svg","contentUrl":"http:\/\/10.100.20.231\/evaluacion-de-la-conformidad\/wp-content\/uploads\/sites\/5\/2021\/10\/logo-gobierno-mexico.svg","width":123,"height":36,"caption":"Evaluaci\u00f3n de la conformidad"},"image":{"@id":"http:\/\/10.100.20.231\/evaluacion-de-la-conformidad\/#\/schema\/logo\/image\/"}}]}},"_links":{"self":[{"href":"http:\/\/10.100.20.231\/evaluacion-de-la-conformidad\/wp-json\/wp\/v2\/pages\/60703"}],"collection":[{"href":"http:\/\/10.100.20.231\/evaluacion-de-la-conformidad\/wp-json\/wp\/v2\/pages"}],"about":[{"href":"http:\/\/10.100.20.231\/evaluacion-de-la-conformidad\/wp-json\/wp\/v2\/types\/page"}],"author":[{"embeddable":true,"href":"http:\/\/10.100.20.231\/evaluacion-de-la-conformidad\/wp-json\/wp\/v2\/users\/1"}],"replies":[{"embeddable":true,"href":"http:\/\/10.100.20.231\/evaluacion-de-la-conformidad\/wp-json\/wp\/v2\/comments?post=60703"}],"version-history":[{"count":0,"href":"http:\/\/10.100.20.231\/evaluacion-de-la-conformidad\/wp-json\/wp\/v2\/pages\/60703\/revisions"}],"wp:attachment":[{"href":"http:\/\/10.100.20.231\/evaluacion-de-la-conformidad\/wp-json\/wp\/v2\/media?parent=60703"}],"curies":[{"name":"wp","href":"https:\/\/api.w.org\/{rel}","templated":true}]}}