{"id":65991,"date":"2022-08-30T14:31:53","date_gmt":"2022-08-30T19:31:53","guid":{"rendered":"http:\/\/10.100.20.231\/evaluacion-de-la-conformidad-de-normas-oficiales-mexicanas-estandares-y-normas-internacionales\/?page_id=65991"},"modified":"2026-04-13T16:03:34","modified_gmt":"2026-04-13T22:03:34","slug":"proyectos-de-acuerdos-y-arreglos-de-reconocimiento-mutuo-y-acuerdos-de-equivalencia","status":"publish","type":"page","link":"http:\/\/10.100.20.231\/evaluacion-de-la-conformidad\/proyectos-de-acuerdos-y-arreglos-de-reconocimiento-mutuo-y-acuerdos-de-equivalencia\/","title":{"rendered":"Proyectos de acuerdos y arreglos de reconocimiento mutuo y acuerdos de equivalencia"},"content":{"rendered":"\n<div class=\"wp-container-1 wp-block-group alignfull barra intro-interior\">\n<div class=\"wp-block-columns\">\n<div class=\"wp-block-column\" style=\"flex-basis:66.66%\"><div class=\"yoast-breadcrumbs\"><span><span><a href=\"https:\/\/platiica.economia.gob.mx\/evaluacion-de-la-conformidad\/\">Inicio<\/a><\/span> &gt; <span class=\"breadcrumb_last\" aria-current=\"page\">Proyectos de acuerdos y arreglos de reconocimiento mutuo y acuerdos de equivalencia<\/span><\/span><\/div>\n\n\n<h1 id=\"noticias\">Proyectos de Acuerdos y Arreglos de Reconocimiento Mutuo y Acuerdos de Equivalencia<\/h1>\n\n\n\n<p class=\"regresar\"><a href=\"https:\/\/e.economia.gob.mx\/estructura\/#organismos-administrativos-desconcentrados\">Regresar<\/a><\/p>\n<\/div>\n\n\n\n<div class=\"wp-block-column\" style=\"flex-basis:33.33%\"><\/div>\n<\/div>\n<\/div>\n\n\n\n<div class=\"wp-container-2 wp-block-group alignfull barra\">\n<div class=\"wp-block-columns\">\n<div class=\"wp-block-column\" style=\"flex-basis:66.7%\">\n<p><p style=\"text-align: justify;\">De conformidad con el Art\u00edculo 72 de la Ley de Infraestructura de la Calidad. Los proyectos de acuerdos de reconocimiento mutuo, acuerdos de equivalencia y arreglos de reconocimiento mutuo, se pondr\u00e1n a disposici\u00f3n de cualquier interesado para consulta p\u00fablica en la Plataforma Tecnol\u00f3gica Integral de Infraestructura de la Calidad, y una vez suscritos, ser\u00e1n publicados \u00edntegramente en la misma Plataforma, y un extracto de los mismos en el Diario Oficial de la Federaci\u00f3n.<\/p><\/p>\n\n\n\n<p><\/p>\n<\/div>\n<\/div>\n\n\n\n<div class=\"wp-block-columns\">\n<div class=\"wp-block-column\" style=\"flex-basis:66.7%\">\n<ul>\n<details>\n<summary>Arreglo de Reconocimiento Mutuo<\/summary>\n<p style=\"text-align: justify;\">Proyecto de Norma Oficial Mexicana <strong><a href=\"https:\/\/platiica.economia.gob.mx\/wp-content\/uploads\/sites\/2\/historialdocumental\/PROY-NOM-011-SICT2-2025.pdf?_t=1770736632\"> PROY-NOM-011-SICT2\/2025<\/a><\/strong>, Condiciones para el transporte de mercanc\u00edas peligrosas embaladas\/envasadas en cantidades limitadas.<\/p>\n<p style=\"text-align: justify;\"><strong>AVISO de consulta p\u00fablica del PROY-NOM-011-SICT2\/2025: <\/strong> <\/p>\n<p><a href=\"https:\/\/www.dof.gob.mx\/nota_detalle.php?codigo=5779726&amp;fecha=10\/02\/2026#gsc.tab=0\"> Enlace al DOF<\/a><\/p>\n<p style=\"text-align: justify;\"><strong>V\u00edas para la presentaci\u00f3n de comentarios ante el CNN-TT<\/strong>: Los interesados en presentar comentarios deber\u00e1n emplear el formato Word disponible en el enlace https:\/\/platiica.economia.gob.mx\/proyectos-de-nom\/ y remitirlo de forma editable al Comit\u00e9 Consultivo Nacional de Normalizaci\u00f3n de Transporte Terrestre, ubicado en Calzada de las Bombas 411, piso 2, Colonia Los Girasoles, Alcald\u00eda Coyoac\u00e1n, C\u00f3digo Postal 04920, Ciudad de M\u00e9xico, tel\u00e9fono 55-5723-9300 extensi\u00f3n 20115 o al correo electr\u00f3nico joshua.cruz@sict.gob.mx.<\/p>\n<p><strong>Fin de plazo para consulta p\u00fablica<\/strong>: 11 de abril de 2026<\/p>\n<\/details>\n<\/ul>\n\n\n\n<p><\/p>\n<\/div>\n<\/div>\n<\/div>\n\n\n\n<div class=\"wp-container-3 wp-block-buttons\"><\/div>\n","protected":false},"excerpt":{"rendered":"<p>Conoce los convenios para la aceptaci\u00f3n multilateral de los resultados de evaluaci\u00f3n de la conformidad que se encuentran en proceso de aprobaci\u00f3n.<\/p>\n","protected":false},"author":1,"featured_media":0,"parent":0,"menu_order":0,"comment_status":"closed","ping_status":"closed","template":"","meta":{"_links_to":"","_links_to_target":""},"yoast_head":"<!-- This site is optimized with the Yoast SEO plugin v21.5 - https:\/\/yoast.com\/wordpress\/plugins\/seo\/ -->\n<title>Proyectos de acuerdos y arreglos de reconocimiento mutuo y acuerdos de equivalencia - Evaluaci\u00f3n de la conformidad<\/title>\n<meta name=\"description\" content=\"Lee las publicaciones de proyectos de acuerdos y arreglos de reconocimiento mutuo y acuerdos de equivalencia que se encuentran en proceso de aprobaci\u00f3n.\" \/>\n<meta name=\"robots\" content=\"index, follow, max-snippet:-1, max-image-preview:large, max-video-preview:-1\" \/>\n<link rel=\"canonical\" href=\"http:\/\/10.100.20.231\/evaluacion-de-la-conformidad\/proyectos-de-acuerdos-y-arreglos-de-reconocimiento-mutuo-y-acuerdos-de-equivalencia\/\" \/>\n<meta property=\"og:locale\" content=\"es_MX\" \/>\n<meta property=\"og:type\" content=\"article\" \/>\n<meta property=\"og:title\" content=\"Proyectos de acuerdos y arreglos de reconocimiento mutuo y acuerdos de equivalencia - Evaluaci\u00f3n de la conformidad\" \/>\n<meta property=\"og:description\" content=\"Lee las publicaciones de proyectos de acuerdos y arreglos de reconocimiento mutuo y acuerdos de equivalencia que se encuentran en proceso de aprobaci\u00f3n.\" \/>\n<meta property=\"og:url\" content=\"http:\/\/10.100.20.231\/evaluacion-de-la-conformidad\/proyectos-de-acuerdos-y-arreglos-de-reconocimiento-mutuo-y-acuerdos-de-equivalencia\/\" \/>\n<meta property=\"og:site_name\" content=\"Evaluaci\u00f3n de la conformidad\" \/>\n<meta property=\"article:modified_time\" content=\"2026-04-13T22:03:34+00:00\" \/>\n<meta property=\"og:image\" content=\"http:\/\/10.100.20.231\/evaluacion-de-la-conformidad\/wp-content\/uploads\/sites\/5\/2024\/05\/platiica-economia.jpg\" \/>\n\t<meta property=\"og:image:width\" content=\"1200\" \/>\n\t<meta property=\"og:image:height\" content=\"675\" \/>\n\t<meta property=\"og:image:type\" content=\"image\/jpeg\" \/>\n<meta name=\"twitter:card\" content=\"summary_large_image\" \/>\n<meta name=\"twitter:label1\" content=\"Tiempo de lectura\" \/>\n\t<meta name=\"twitter:data1\" content=\"1 minuto\" \/>\n<script type=\"application\/ld+json\" class=\"yoast-schema-graph\">{\"@context\":\"https:\/\/schema.org\",\"@graph\":[{\"@type\":\"WebPage\",\"@id\":\"http:\/\/10.100.20.231\/evaluacion-de-la-conformidad\/proyectos-de-acuerdos-y-arreglos-de-reconocimiento-mutuo-y-acuerdos-de-equivalencia\/\",\"url\":\"http:\/\/10.100.20.231\/evaluacion-de-la-conformidad\/proyectos-de-acuerdos-y-arreglos-de-reconocimiento-mutuo-y-acuerdos-de-equivalencia\/\",\"name\":\"Proyectos de acuerdos y arreglos de reconocimiento mutuo y acuerdos de equivalencia - Evaluaci\u00f3n de la conformidad\",\"isPartOf\":{\"@id\":\"http:\/\/10.100.20.231\/evaluacion-de-la-conformidad\/#website\"},\"datePublished\":\"2022-08-30T19:31:53+00:00\",\"dateModified\":\"2026-04-13T22:03:34+00:00\",\"description\":\"Lee las publicaciones de proyectos de acuerdos y arreglos de reconocimiento mutuo y acuerdos de equivalencia que se encuentran en proceso de aprobaci\u00f3n.\",\"breadcrumb\":{\"@id\":\"http:\/\/10.100.20.231\/evaluacion-de-la-conformidad\/proyectos-de-acuerdos-y-arreglos-de-reconocimiento-mutuo-y-acuerdos-de-equivalencia\/#breadcrumb\"},\"inLanguage\":\"es-MX\",\"potentialAction\":[{\"@type\":\"ReadAction\",\"target\":[\"http:\/\/10.100.20.231\/evaluacion-de-la-conformidad\/proyectos-de-acuerdos-y-arreglos-de-reconocimiento-mutuo-y-acuerdos-de-equivalencia\/\"]}]},{\"@type\":\"BreadcrumbList\",\"@id\":\"http:\/\/10.100.20.231\/evaluacion-de-la-conformidad\/proyectos-de-acuerdos-y-arreglos-de-reconocimiento-mutuo-y-acuerdos-de-equivalencia\/#breadcrumb\",\"itemListElement\":[{\"@type\":\"ListItem\",\"position\":1,\"name\":\"Inicio\",\"item\":\"http:\/\/10.100.20.231\/evaluacion-de-la-conformidad\/\"},{\"@type\":\"ListItem\",\"position\":2,\"name\":\"Proyectos de acuerdos y arreglos de reconocimiento mutuo y acuerdos de equivalencia\"}]},{\"@type\":\"WebSite\",\"@id\":\"http:\/\/10.100.20.231\/evaluacion-de-la-conformidad\/#website\",\"url\":\"http:\/\/10.100.20.231\/evaluacion-de-la-conformidad\/\",\"name\":\"Evaluaci\u00f3n de la conformidad\",\"description\":\"\",\"publisher\":{\"@id\":\"http:\/\/10.100.20.231\/evaluacion-de-la-conformidad\/#organization\"},\"potentialAction\":[{\"@type\":\"SearchAction\",\"target\":{\"@type\":\"EntryPoint\",\"urlTemplate\":\"http:\/\/10.100.20.231\/evaluacion-de-la-conformidad\/?s={search_term_string}\"},\"query-input\":\"required name=search_term_string\"}],\"inLanguage\":\"es-MX\"},{\"@type\":\"Organization\",\"@id\":\"http:\/\/10.100.20.231\/evaluacion-de-la-conformidad\/#organization\",\"name\":\"Evaluaci\u00f3n de la conformidad\",\"url\":\"http:\/\/10.100.20.231\/evaluacion-de-la-conformidad\/\",\"logo\":{\"@type\":\"ImageObject\",\"inLanguage\":\"es-MX\",\"@id\":\"http:\/\/10.100.20.231\/evaluacion-de-la-conformidad\/#\/schema\/logo\/image\/\",\"url\":\"http:\/\/10.100.20.231\/evaluacion-de-la-conformidad\/wp-content\/uploads\/sites\/5\/2021\/10\/logo-gobierno-mexico.svg\",\"contentUrl\":\"http:\/\/10.100.20.231\/evaluacion-de-la-conformidad\/wp-content\/uploads\/sites\/5\/2021\/10\/logo-gobierno-mexico.svg\",\"width\":123,\"height\":36,\"caption\":\"Evaluaci\u00f3n de la conformidad\"},\"image\":{\"@id\":\"http:\/\/10.100.20.231\/evaluacion-de-la-conformidad\/#\/schema\/logo\/image\/\"}}]}<\/script>\n<!-- \/ Yoast SEO plugin. -->","yoast_head_json":{"title":"Proyectos de acuerdos y arreglos de reconocimiento mutuo y acuerdos de equivalencia - Evaluaci\u00f3n de la conformidad","description":"Lee las publicaciones de proyectos de acuerdos y arreglos de reconocimiento mutuo y acuerdos de equivalencia que se encuentran en proceso de aprobaci\u00f3n.","robots":{"index":"index","follow":"follow","max-snippet":"max-snippet:-1","max-image-preview":"max-image-preview:large","max-video-preview":"max-video-preview:-1"},"canonical":"http:\/\/10.100.20.231\/evaluacion-de-la-conformidad\/proyectos-de-acuerdos-y-arreglos-de-reconocimiento-mutuo-y-acuerdos-de-equivalencia\/","og_locale":"es_MX","og_type":"article","og_title":"Proyectos de acuerdos y arreglos de reconocimiento mutuo y acuerdos de equivalencia - Evaluaci\u00f3n de la conformidad","og_description":"Lee las publicaciones de proyectos de acuerdos y arreglos de reconocimiento mutuo y acuerdos de equivalencia que se encuentran en proceso de aprobaci\u00f3n.","og_url":"http:\/\/10.100.20.231\/evaluacion-de-la-conformidad\/proyectos-de-acuerdos-y-arreglos-de-reconocimiento-mutuo-y-acuerdos-de-equivalencia\/","og_site_name":"Evaluaci\u00f3n de la conformidad","article_modified_time":"2026-04-13T22:03:34+00:00","og_image":[{"width":1200,"height":675,"url":"http:\/\/10.100.20.231\/evaluacion-de-la-conformidad\/wp-content\/uploads\/sites\/5\/2024\/05\/platiica-economia.jpg","type":"image\/jpeg"}],"twitter_card":"summary_large_image","twitter_misc":{"Tiempo de lectura":"1 minuto"},"schema":{"@context":"https:\/\/schema.org","@graph":[{"@type":"WebPage","@id":"http:\/\/10.100.20.231\/evaluacion-de-la-conformidad\/proyectos-de-acuerdos-y-arreglos-de-reconocimiento-mutuo-y-acuerdos-de-equivalencia\/","url":"http:\/\/10.100.20.231\/evaluacion-de-la-conformidad\/proyectos-de-acuerdos-y-arreglos-de-reconocimiento-mutuo-y-acuerdos-de-equivalencia\/","name":"Proyectos de acuerdos y arreglos de reconocimiento mutuo y acuerdos de equivalencia - Evaluaci\u00f3n de la conformidad","isPartOf":{"@id":"http:\/\/10.100.20.231\/evaluacion-de-la-conformidad\/#website"},"datePublished":"2022-08-30T19:31:53+00:00","dateModified":"2026-04-13T22:03:34+00:00","description":"Lee las publicaciones de proyectos de acuerdos y arreglos de reconocimiento mutuo y acuerdos de equivalencia que se encuentran en proceso de aprobaci\u00f3n.","breadcrumb":{"@id":"http:\/\/10.100.20.231\/evaluacion-de-la-conformidad\/proyectos-de-acuerdos-y-arreglos-de-reconocimiento-mutuo-y-acuerdos-de-equivalencia\/#breadcrumb"},"inLanguage":"es-MX","potentialAction":[{"@type":"ReadAction","target":["http:\/\/10.100.20.231\/evaluacion-de-la-conformidad\/proyectos-de-acuerdos-y-arreglos-de-reconocimiento-mutuo-y-acuerdos-de-equivalencia\/"]}]},{"@type":"BreadcrumbList","@id":"http:\/\/10.100.20.231\/evaluacion-de-la-conformidad\/proyectos-de-acuerdos-y-arreglos-de-reconocimiento-mutuo-y-acuerdos-de-equivalencia\/#breadcrumb","itemListElement":[{"@type":"ListItem","position":1,"name":"Inicio","item":"http:\/\/10.100.20.231\/evaluacion-de-la-conformidad\/"},{"@type":"ListItem","position":2,"name":"Proyectos de acuerdos y arreglos de reconocimiento mutuo y acuerdos de equivalencia"}]},{"@type":"WebSite","@id":"http:\/\/10.100.20.231\/evaluacion-de-la-conformidad\/#website","url":"http:\/\/10.100.20.231\/evaluacion-de-la-conformidad\/","name":"Evaluaci\u00f3n de la conformidad","description":"","publisher":{"@id":"http:\/\/10.100.20.231\/evaluacion-de-la-conformidad\/#organization"},"potentialAction":[{"@type":"SearchAction","target":{"@type":"EntryPoint","urlTemplate":"http:\/\/10.100.20.231\/evaluacion-de-la-conformidad\/?s={search_term_string}"},"query-input":"required name=search_term_string"}],"inLanguage":"es-MX"},{"@type":"Organization","@id":"http:\/\/10.100.20.231\/evaluacion-de-la-conformidad\/#organization","name":"Evaluaci\u00f3n de la conformidad","url":"http:\/\/10.100.20.231\/evaluacion-de-la-conformidad\/","logo":{"@type":"ImageObject","inLanguage":"es-MX","@id":"http:\/\/10.100.20.231\/evaluacion-de-la-conformidad\/#\/schema\/logo\/image\/","url":"http:\/\/10.100.20.231\/evaluacion-de-la-conformidad\/wp-content\/uploads\/sites\/5\/2021\/10\/logo-gobierno-mexico.svg","contentUrl":"http:\/\/10.100.20.231\/evaluacion-de-la-conformidad\/wp-content\/uploads\/sites\/5\/2021\/10\/logo-gobierno-mexico.svg","width":123,"height":36,"caption":"Evaluaci\u00f3n de la conformidad"},"image":{"@id":"http:\/\/10.100.20.231\/evaluacion-de-la-conformidad\/#\/schema\/logo\/image\/"}}]}},"_links":{"self":[{"href":"http:\/\/10.100.20.231\/evaluacion-de-la-conformidad\/wp-json\/wp\/v2\/pages\/65991"}],"collection":[{"href":"http:\/\/10.100.20.231\/evaluacion-de-la-conformidad\/wp-json\/wp\/v2\/pages"}],"about":[{"href":"http:\/\/10.100.20.231\/evaluacion-de-la-conformidad\/wp-json\/wp\/v2\/types\/page"}],"author":[{"embeddable":true,"href":"http:\/\/10.100.20.231\/evaluacion-de-la-conformidad\/wp-json\/wp\/v2\/users\/1"}],"replies":[{"embeddable":true,"href":"http:\/\/10.100.20.231\/evaluacion-de-la-conformidad\/wp-json\/wp\/v2\/comments?post=65991"}],"version-history":[{"count":0,"href":"http:\/\/10.100.20.231\/evaluacion-de-la-conformidad\/wp-json\/wp\/v2\/pages\/65991\/revisions"}],"wp:attachment":[{"href":"http:\/\/10.100.20.231\/evaluacion-de-la-conformidad\/wp-json\/wp\/v2\/media?parent=65991"}],"curies":[{"name":"wp","href":"https:\/\/api.w.org\/{rel}","templated":true}]}}