{"id":65994,"date":"2022-08-30T14:33:43","date_gmt":"2022-08-30T19:33:43","guid":{"rendered":"http:\/\/10.100.20.231\/evaluacion-de-la-conformidad-de-normas-oficiales-mexicanas-estandares-y-normas-internacionales\/?page_id=65994"},"modified":"2023-10-25T11:08:39","modified_gmt":"2023-10-25T17:08:39","slug":"organizacion-mundial-del-comercio-omc","status":"publish","type":"page","link":"http:\/\/10.100.20.231\/evaluacion-de-la-conformidad\/organizacion-mundial-del-comercio-omc\/","title":{"rendered":"Organizaci\u00f3n Mundial del Comercio (OMC)"},"content":{"rendered":"\n<div class=\"wp-container-2 wp-block-group alignfull barra contenido-principal max-dos-tercios informativa\" id=\"filtrable\">\n<div class=\"wp-container-1 wp-block-group yoast-breadcrumbs\">\n<p><a href=\"https:\/\/platiica.economia.gob.mx\/\">Inicio<\/a> &gt; <a href=\"https:\/\/platiica.economia.gob.mx\/evaluacion-de-la-conformidad\/\">Evaluaci\u00f3n de la conformidad<\/a> &gt; <strong><strong><strong><strong><strong><strong><a href=\"https:\/\/platiica.economia.gob.mx\/evaluacion-de-la-conformidad\/acuerdo-sobre-obstaculos-tecnicos-al-comercio-de-la-organizacion-mundial-de-comercio\/\" data-type=\"page\" data-id=\"60703\">Acuerdo sobre Obst\u00e1culos T\u00e9cnicos al Comercio de la Organizaci\u00f3n Mundial de Comercio<\/a><\/strong><\/strong><\/strong><\/strong><\/strong><\/strong> &gt; <strong><strong>Organizaci\u00f3n Mundial del Comercio (OMC)<\/strong><\/strong><\/p>\n<\/div>\n\n\n\n<h1><strong><strong>Organizaci\u00f3n Mundial del Comercio (OMC)<\/strong><\/strong><\/h1>\n\n\n\n<p>La Organizaci\u00f3n Mundial del Comercio (OMC) es la \u00fanica entidad internacional con la facultad para elaborar Normas de alcance global que regulen el comercio. Su objetivo es garantizar que los consumidores y los productores se beneficien de un suministro seguro, permitiendo la variedad de productos, componentes, materias primas y servicios. La OMC vela porque el flujo comercial circule con la mayor naturalidad, previsibilidad y libertad posibles.<\/p>\n\n\n\n<p><a href=\"https:\/\/www.wto.org\/spanish\/thewto_s\/whatis_s\/inbrief_s\/inbr_s.htm#:~:text=En%20pocas%20palabras%2C%20la%20Organizaci%C3%B3n,fluidez%2C%20previsibilidad%20y%20libertad%20posibles\" target=\"_blank\" rel=\"noreferrer noopener\">Sitio web de la OMC<\/a><\/p>\n<\/div>\n","protected":false},"excerpt":{"rendered":"<p>La Organizaci\u00f3n Mundial del Comercio (OMC) es la \u00fanica entidad internacional con la facultad para elaborar normas de alcance global que regulen el comercio.<\/p>\n","protected":false},"author":1,"featured_media":0,"parent":0,"menu_order":0,"comment_status":"closed","ping_status":"closed","template":"","meta":{"_links_to":"","_links_to_target":""},"yoast_head":"<!-- This site is optimized with the Yoast SEO plugin v21.5 - https:\/\/yoast.com\/wordpress\/plugins\/seo\/ -->\n<title>Organizaci\u00f3n Mundial del Comercio (OMC) - Evaluaci\u00f3n de la conformidad<\/title>\n<meta name=\"description\" content=\"Inf\u00f3rmate acerca de las actividades que desarrolla la Organizaci\u00f3n Mundial del Comercio (OMC) para la normalizaci\u00f3n del comercio global.\" \/>\n<meta name=\"robots\" content=\"index, follow, max-snippet:-1, max-image-preview:large, max-video-preview:-1\" \/>\n<link rel=\"canonical\" href=\"http:\/\/10.100.20.231\/evaluacion-de-la-conformidad\/organizacion-mundial-del-comercio-omc\/\" \/>\n<meta property=\"og:locale\" content=\"es_MX\" \/>\n<meta property=\"og:type\" content=\"article\" \/>\n<meta property=\"og:title\" content=\"Organizaci\u00f3n Mundial del Comercio (OMC) - Evaluaci\u00f3n de la conformidad\" \/>\n<meta property=\"og:description\" content=\"Inf\u00f3rmate acerca de las actividades que desarrolla la Organizaci\u00f3n Mundial del Comercio (OMC) para la normalizaci\u00f3n del comercio global.\" \/>\n<meta property=\"og:url\" content=\"http:\/\/10.100.20.231\/evaluacion-de-la-conformidad\/organizacion-mundial-del-comercio-omc\/\" \/>\n<meta property=\"og:site_name\" content=\"Evaluaci\u00f3n de la conformidad\" \/>\n<meta property=\"article:modified_time\" content=\"2023-10-25T17:08:39+00:00\" \/>\n<meta property=\"og:image\" content=\"http:\/\/10.100.20.231\/evaluacion-de-la-conformidad\/wp-content\/uploads\/sites\/5\/2024\/05\/platiica-economia.jpg\" \/>\n\t<meta property=\"og:image:width\" content=\"1200\" \/>\n\t<meta property=\"og:image:height\" content=\"675\" \/>\n\t<meta property=\"og:image:type\" content=\"image\/jpeg\" \/>\n<meta name=\"twitter:card\" content=\"summary_large_image\" \/>\n<meta name=\"twitter:label1\" content=\"Tiempo de lectura\" \/>\n\t<meta name=\"twitter:data1\" content=\"1 minuto\" \/>\n<script type=\"application\/ld+json\" class=\"yoast-schema-graph\">{\"@context\":\"https:\/\/schema.org\",\"@graph\":[{\"@type\":\"WebPage\",\"@id\":\"http:\/\/10.100.20.231\/evaluacion-de-la-conformidad\/organizacion-mundial-del-comercio-omc\/\",\"url\":\"http:\/\/10.100.20.231\/evaluacion-de-la-conformidad\/organizacion-mundial-del-comercio-omc\/\",\"name\":\"Organizaci\u00f3n Mundial del Comercio (OMC) - Evaluaci\u00f3n de la conformidad\",\"isPartOf\":{\"@id\":\"http:\/\/10.100.20.231\/evaluacion-de-la-conformidad\/#website\"},\"datePublished\":\"2022-08-30T19:33:43+00:00\",\"dateModified\":\"2023-10-25T17:08:39+00:00\",\"description\":\"Inf\u00f3rmate acerca de las actividades que desarrolla la Organizaci\u00f3n Mundial del Comercio (OMC) para la normalizaci\u00f3n del comercio global.\",\"breadcrumb\":{\"@id\":\"http:\/\/10.100.20.231\/evaluacion-de-la-conformidad\/organizacion-mundial-del-comercio-omc\/#breadcrumb\"},\"inLanguage\":\"es-MX\",\"potentialAction\":[{\"@type\":\"ReadAction\",\"target\":[\"http:\/\/10.100.20.231\/evaluacion-de-la-conformidad\/organizacion-mundial-del-comercio-omc\/\"]}]},{\"@type\":\"BreadcrumbList\",\"@id\":\"http:\/\/10.100.20.231\/evaluacion-de-la-conformidad\/organizacion-mundial-del-comercio-omc\/#breadcrumb\",\"itemListElement\":[{\"@type\":\"ListItem\",\"position\":1,\"name\":\"Inicio\",\"item\":\"http:\/\/10.100.20.231\/evaluacion-de-la-conformidad\/\"},{\"@type\":\"ListItem\",\"position\":2,\"name\":\"Organizaci\u00f3n Mundial del Comercio (OMC)\"}]},{\"@type\":\"WebSite\",\"@id\":\"http:\/\/10.100.20.231\/evaluacion-de-la-conformidad\/#website\",\"url\":\"http:\/\/10.100.20.231\/evaluacion-de-la-conformidad\/\",\"name\":\"Evaluaci\u00f3n de la conformidad\",\"description\":\"\",\"publisher\":{\"@id\":\"http:\/\/10.100.20.231\/evaluacion-de-la-conformidad\/#organization\"},\"potentialAction\":[{\"@type\":\"SearchAction\",\"target\":{\"@type\":\"EntryPoint\",\"urlTemplate\":\"http:\/\/10.100.20.231\/evaluacion-de-la-conformidad\/?s={search_term_string}\"},\"query-input\":\"required name=search_term_string\"}],\"inLanguage\":\"es-MX\"},{\"@type\":\"Organization\",\"@id\":\"http:\/\/10.100.20.231\/evaluacion-de-la-conformidad\/#organization\",\"name\":\"Evaluaci\u00f3n de la conformidad\",\"url\":\"http:\/\/10.100.20.231\/evaluacion-de-la-conformidad\/\",\"logo\":{\"@type\":\"ImageObject\",\"inLanguage\":\"es-MX\",\"@id\":\"http:\/\/10.100.20.231\/evaluacion-de-la-conformidad\/#\/schema\/logo\/image\/\",\"url\":\"http:\/\/10.100.20.231\/evaluacion-de-la-conformidad\/wp-content\/uploads\/sites\/5\/2021\/10\/logo-gobierno-mexico.svg\",\"contentUrl\":\"http:\/\/10.100.20.231\/evaluacion-de-la-conformidad\/wp-content\/uploads\/sites\/5\/2021\/10\/logo-gobierno-mexico.svg\",\"width\":123,\"height\":36,\"caption\":\"Evaluaci\u00f3n de la conformidad\"},\"image\":{\"@id\":\"http:\/\/10.100.20.231\/evaluacion-de-la-conformidad\/#\/schema\/logo\/image\/\"}}]}<\/script>\n<!-- \/ Yoast SEO plugin. -->","yoast_head_json":{"title":"Organizaci\u00f3n Mundial del Comercio (OMC) - Evaluaci\u00f3n de la conformidad","description":"Inf\u00f3rmate acerca de las actividades que desarrolla la Organizaci\u00f3n Mundial del Comercio (OMC) para la normalizaci\u00f3n del comercio global.","robots":{"index":"index","follow":"follow","max-snippet":"max-snippet:-1","max-image-preview":"max-image-preview:large","max-video-preview":"max-video-preview:-1"},"canonical":"http:\/\/10.100.20.231\/evaluacion-de-la-conformidad\/organizacion-mundial-del-comercio-omc\/","og_locale":"es_MX","og_type":"article","og_title":"Organizaci\u00f3n Mundial del Comercio (OMC) - Evaluaci\u00f3n de la conformidad","og_description":"Inf\u00f3rmate acerca de las actividades que desarrolla la Organizaci\u00f3n Mundial del Comercio (OMC) para la normalizaci\u00f3n del comercio global.","og_url":"http:\/\/10.100.20.231\/evaluacion-de-la-conformidad\/organizacion-mundial-del-comercio-omc\/","og_site_name":"Evaluaci\u00f3n de la conformidad","article_modified_time":"2023-10-25T17:08:39+00:00","og_image":[{"width":1200,"height":675,"url":"http:\/\/10.100.20.231\/evaluacion-de-la-conformidad\/wp-content\/uploads\/sites\/5\/2024\/05\/platiica-economia.jpg","type":"image\/jpeg"}],"twitter_card":"summary_large_image","twitter_misc":{"Tiempo de lectura":"1 minuto"},"schema":{"@context":"https:\/\/schema.org","@graph":[{"@type":"WebPage","@id":"http:\/\/10.100.20.231\/evaluacion-de-la-conformidad\/organizacion-mundial-del-comercio-omc\/","url":"http:\/\/10.100.20.231\/evaluacion-de-la-conformidad\/organizacion-mundial-del-comercio-omc\/","name":"Organizaci\u00f3n Mundial del Comercio (OMC) - Evaluaci\u00f3n de la conformidad","isPartOf":{"@id":"http:\/\/10.100.20.231\/evaluacion-de-la-conformidad\/#website"},"datePublished":"2022-08-30T19:33:43+00:00","dateModified":"2023-10-25T17:08:39+00:00","description":"Inf\u00f3rmate acerca de las actividades que desarrolla la Organizaci\u00f3n Mundial del Comercio (OMC) para la normalizaci\u00f3n del comercio global.","breadcrumb":{"@id":"http:\/\/10.100.20.231\/evaluacion-de-la-conformidad\/organizacion-mundial-del-comercio-omc\/#breadcrumb"},"inLanguage":"es-MX","potentialAction":[{"@type":"ReadAction","target":["http:\/\/10.100.20.231\/evaluacion-de-la-conformidad\/organizacion-mundial-del-comercio-omc\/"]}]},{"@type":"BreadcrumbList","@id":"http:\/\/10.100.20.231\/evaluacion-de-la-conformidad\/organizacion-mundial-del-comercio-omc\/#breadcrumb","itemListElement":[{"@type":"ListItem","position":1,"name":"Inicio","item":"http:\/\/10.100.20.231\/evaluacion-de-la-conformidad\/"},{"@type":"ListItem","position":2,"name":"Organizaci\u00f3n Mundial del Comercio (OMC)"}]},{"@type":"WebSite","@id":"http:\/\/10.100.20.231\/evaluacion-de-la-conformidad\/#website","url":"http:\/\/10.100.20.231\/evaluacion-de-la-conformidad\/","name":"Evaluaci\u00f3n de la conformidad","description":"","publisher":{"@id":"http:\/\/10.100.20.231\/evaluacion-de-la-conformidad\/#organization"},"potentialAction":[{"@type":"SearchAction","target":{"@type":"EntryPoint","urlTemplate":"http:\/\/10.100.20.231\/evaluacion-de-la-conformidad\/?s={search_term_string}"},"query-input":"required name=search_term_string"}],"inLanguage":"es-MX"},{"@type":"Organization","@id":"http:\/\/10.100.20.231\/evaluacion-de-la-conformidad\/#organization","name":"Evaluaci\u00f3n de la conformidad","url":"http:\/\/10.100.20.231\/evaluacion-de-la-conformidad\/","logo":{"@type":"ImageObject","inLanguage":"es-MX","@id":"http:\/\/10.100.20.231\/evaluacion-de-la-conformidad\/#\/schema\/logo\/image\/","url":"http:\/\/10.100.20.231\/evaluacion-de-la-conformidad\/wp-content\/uploads\/sites\/5\/2021\/10\/logo-gobierno-mexico.svg","contentUrl":"http:\/\/10.100.20.231\/evaluacion-de-la-conformidad\/wp-content\/uploads\/sites\/5\/2021\/10\/logo-gobierno-mexico.svg","width":123,"height":36,"caption":"Evaluaci\u00f3n de la conformidad"},"image":{"@id":"http:\/\/10.100.20.231\/evaluacion-de-la-conformidad\/#\/schema\/logo\/image\/"}}]}},"_links":{"self":[{"href":"http:\/\/10.100.20.231\/evaluacion-de-la-conformidad\/wp-json\/wp\/v2\/pages\/65994"}],"collection":[{"href":"http:\/\/10.100.20.231\/evaluacion-de-la-conformidad\/wp-json\/wp\/v2\/pages"}],"about":[{"href":"http:\/\/10.100.20.231\/evaluacion-de-la-conformidad\/wp-json\/wp\/v2\/types\/page"}],"author":[{"embeddable":true,"href":"http:\/\/10.100.20.231\/evaluacion-de-la-conformidad\/wp-json\/wp\/v2\/users\/1"}],"replies":[{"embeddable":true,"href":"http:\/\/10.100.20.231\/evaluacion-de-la-conformidad\/wp-json\/wp\/v2\/comments?post=65994"}],"version-history":[{"count":0,"href":"http:\/\/10.100.20.231\/evaluacion-de-la-conformidad\/wp-json\/wp\/v2\/pages\/65994\/revisions"}],"wp:attachment":[{"href":"http:\/\/10.100.20.231\/evaluacion-de-la-conformidad\/wp-json\/wp\/v2\/media?parent=65994"}],"curies":[{"name":"wp","href":"https:\/\/api.w.org\/{rel}","templated":true}]}}