{"id":71625,"date":"2023-06-28T13:12:09","date_gmt":"2023-06-28T19:12:09","guid":{"rendered":"http:\/\/10.100.20.231\/evaluacion-de-la-conformidad-de-normas-oficiales-mexicanas-estandares-y-normas-internacionales\/?page_id=71625"},"modified":"2023-12-14T14:54:01","modified_gmt":"2023-12-14T20:54:01","slug":"acuerdos-de-equivalencia","status":"publish","type":"page","link":"http:\/\/10.100.20.231\/evaluacion-de-la-conformidad\/acuerdos-de-equivalencia\/","title":{"rendered":"Acuerdos de equivalencia"},"content":{"rendered":"\n<div class=\"wp-container-3 wp-block-group alignfull barra contenido-principal max-dos-tercios informativa\" id=\"filtrable\">\n<div class=\"wp-container-1 wp-block-group yoast-breadcrumbs\">\n<p><a href=\"https:\/\/platiica.economia.gob.mx\/\">Inicio<\/a> &gt; <a href=\"https:\/\/platiica.economia.gob.mx\/evaluacion-de-la-conformidad\/\">Evaluaci\u00f3n de la conformidad<\/a> &gt; <strong><strong><strong><strong>Acuerdos de equivalencia<\/strong><\/strong><\/strong><\/strong><\/p>\n<\/div>\n\n\n\n<h1><strong><strong>Acuerdos de equivalencia<\/strong><\/strong><\/h1>\n\n\n\n<p>Los acuerdos de equivalencia son las resoluciones por las cuales la Secretar\u00eda, por s\u00ed o a solicitud de una parte interesada, reconoce o acepta unilateral o rec\u00edprocamente los reglamentos t\u00e9cnicos extranjeros, o los resultados de la Evaluaci\u00f3n de la Conformidad que lleven a cabo las entidades internacionales o extranjeras.<\/p>\n\n\n\n<p>Estas resoluciones deber\u00e1n contemplar cuando menos, el mismo grado de conformidad para lograr los objetivos leg\u00edtimos perseguidos, as\u00ed como las normas internacionales de pruebas, inspecci\u00f3n, certificaci\u00f3n y acreditaci\u00f3n, previa opini\u00f3n favorable, en su caso, de la Autoridad Normalizadora competente.<\/p>\n\n\n\n<p>En el caso de las medidas sanitarias y fitosanitarias, la equivalencia ser\u00e1 reconocida por las Autoridades Normalizadoras competentes, contemplando cuando menos el mismo grado de conformidad para lograr los objetivos leg\u00edtimos perseguidos por las Normas Oficiales Mexicanas que correspondan.<\/p>\n\n\n\n<h2>\u00bfCu\u00e1les son los Acuerdos de Equivalencia vigentes?<\/h2>\n\n\n\n<p>Actualmente existen acuerdos de equivalencia otorgados a los organismos de certificaci\u00f3n acreditados en los Estados Unidos de Am\u00e9rica y Canad\u00e1 al amparo de los Acuerdos por los cuales se aceptan como equivalentes a las Normas Oficiales Mexicanas NOM-016-SCFI-1993 y NOM-019-SCFI-1998, los cuales fueron publicados en el Diario Oficial de la Federaci\u00f3n el 17 de agosto de 2010.<\/p>\n\n\n\n<p><\/p>\n\n\n\n<h3>Consulta los OC&#8217;s acreditados y registrados:<\/h3>\n\n\n\n<figure class=\"wp-block-table\"><table><tbody><tr><td><strong>Estados Unidos<\/strong><\/td><td><strong>Canad\u00e1<\/strong><\/td><\/tr><tr><td><a href=\"https:\/\/www.snice.gob.mx\/~oracle\/SNICE_DOCS\/1ITSUSApdf-1-ITS-USA-pdf_20190529-20190529.pdf\">Intertek Testing Services, NA, INC<\/a><\/td><td><a href=\"https:\/\/www.snice.gob.mx\/~oracle\/SNICE_DOCS\/2ITSCANpdf-2-ITS-CAN-pdf_20190529-20190529.pdf\">Intertek Testing Services, NA, LTD<\/a><\/td><\/tr><tr><td><a href=\"https:\/\/www.snice.gob.mx\/~oracle\/SNICE_DOCS\/3TUVUSApdf-3-TUV-USA-pdf_20190529-20190529.pdf\">TUV Rheinland North America, INC<\/a><\/td><td><a href=\"https:\/\/www.snice.gob.mx\/~oracle\/SNICE_DOCS\/4CSApdf-4-CSA-pdf_20190529-20190529.pdf\">CSA Group Testing &amp; Certification Inc<\/a> <a href=\"https:\/\/www.snice.gob.mx\/~oracle\/SNICE_DOCS\/CSA_GROUP_CANADA_25062019-NOMS_20190625-20190625.pdf\">CSA Group Testing &amp; Certification Inc (Alcance)<\/a><\/td><\/tr><tr><td><a href=\"https:\/\/www.snice.gob.mx\/~oracle\/SNICE_DOCS\/5ULMUSApdf-5-ULM-USA-pdf_20190529-20190529.pdf\">Underwriters Laboratories Inc (UL LLC)<\/a> <a href=\"https:\/\/www.snice.gob.mx\/~oracle\/SNICE_DOCS\/UL_EU-NOMS_20190705-20190705.2338%20SIN%20VOL.%20EEUU.pdf\">Underwriters Laboratories Inc (UL LLC) (Alcance)<\/a><\/td><td><a href=\"https:\/\/www.snice.gob.mx\/~oracle\/SNICE_DOCS\/6ULMCANpdf-6-ULM-CAN-pdf_20190529-20190529.pdf\">Underwriters Laboratories of Canada Inc<\/a> <a href=\"https:\/\/www.snice.gob.mx\/~oracle\/SNICE_DOCS\/UL_ADICION-NOMS_20190705-20190705.2339%20SIN%20VOL.%20CANADA.pdf\">Underwriters Laboratories of Canada Inc (Alcance)<\/a><\/td><\/tr><\/tbody><\/table><\/figure>\n\n\n\n<h3>Requisitos para obtener el registro ante la Direcci\u00f3n General de Normas<\/h3>\n\n\n\n<ul><li>Escrito libre solicitando el registro.<\/li><li>Gu\u00eda ISO\/IEC 65 o la norma vigente.<\/li><li>Ocupational Safety &amp; Healt Administration (OSHA)&nbsp;<\/li><\/ul>\n\n\n\n<div style=\"height:30px\" aria-hidden=\"true\" class=\"wp-block-spacer\"><\/div>\n\n\n\n<p><strong>Tr\u00e1mite relacionado<\/strong><\/p>\n\n\n\n<p>Aprobaci\u00f3n de acuerdos y arreglos de reconocimiento mutuo y acuerdos de equivalencia<\/p>\n\n\n\n<p><a href=\"https:\/\/platiica.economia.gob.mx\/listado-de-tramites\/\">> Ir a Tr\u00e1mites<\/a><\/p>\n\n\n\n<div class=\"wp-container-2 wp-block-group adicional\">\n<p><strong>Te puede interesar:<\/strong><\/p>\n\n\n\n<p><a href=\"https:\/\/platiica.economia.gob.mx\/evaluacion-de-la-conformidad\/acuerdo-sobre-obstaculos-tecnicos-al-comercio-de-la-organizacion-mundial-de-comercio\">&gt; Acuerdo Sobre Obst\u00e1culos T\u00e9cnicos al Comercio<\/a><\/p>\n\n\n\n<p><a href=\"https:\/\/platiica.economia.gob.mx\/normalizacion\/organismos-internacionales-de-normalizacion\/\">&gt; Organismos Internacionales de Normalizaci\u00f3n<\/a><\/p>\n\n\n\n<p><a href=\"https:\/\/platiica.economia.gob.mx\/normalizacion\/comites-mexicanos-de-atencion-a-organismos-internacionales\/\">&gt; Comit\u00e9s Mexicanos de Atenci\u00f3n a Organismos Internacionales<\/a><\/p>\n\n\n\n<p><\/p>\n<\/div>\n<\/div>\n","protected":false},"excerpt":{"rendered":"<p>La Ley de Infraestructura de la Calidad promueve la celebraci\u00f3n de convenios entre autoridades normalizadoras, entidades de acreditaci\u00f3n y organismos de evaluaci\u00f3n mexicanos con sus pares en el extranjero que faciliten la aprobaci\u00f3n bilateral o multilateral de los resultados obtenidos en los procedimientos de evaluaci\u00f3n de la conformidad.<\/p>\n","protected":false},"author":5,"featured_media":0,"parent":0,"menu_order":0,"comment_status":"closed","ping_status":"closed","template":"","meta":{"_links_to":"","_links_to_target":""},"yoast_head":"<!-- This site is optimized with the Yoast SEO plugin v21.5 - https:\/\/yoast.com\/wordpress\/plugins\/seo\/ -->\n<title>Acuerdos de equivalencia - Evaluaci\u00f3n de la conformidad<\/title>\n<meta name=\"description\" content=\"Conoce los acuerdos y arreglos de reconocimiento mutuo y acuerdos de equivalencia que facilitan la aprobaci\u00f3n de los resultados de evaluaci\u00f3n de la conformidad.\" \/>\n<meta name=\"robots\" content=\"index, follow, max-snippet:-1, max-image-preview:large, max-video-preview:-1\" \/>\n<link rel=\"canonical\" href=\"http:\/\/10.100.20.231\/evaluacion-de-la-conformidad\/acuerdos-de-equivalencia\/\" \/>\n<meta property=\"og:locale\" content=\"es_MX\" \/>\n<meta property=\"og:type\" content=\"article\" \/>\n<meta property=\"og:title\" content=\"Acuerdos de equivalencia - Evaluaci\u00f3n de la conformidad\" \/>\n<meta property=\"og:description\" content=\"Conoce los acuerdos y arreglos de reconocimiento mutuo y acuerdos de equivalencia que facilitan la aprobaci\u00f3n de los resultados de evaluaci\u00f3n de la conformidad.\" \/>\n<meta property=\"og:url\" content=\"http:\/\/10.100.20.231\/evaluacion-de-la-conformidad\/acuerdos-de-equivalencia\/\" \/>\n<meta property=\"og:site_name\" content=\"Evaluaci\u00f3n de la conformidad\" \/>\n<meta property=\"article:modified_time\" content=\"2023-12-14T20:54:01+00:00\" \/>\n<meta property=\"og:image\" content=\"http:\/\/10.100.20.231\/evaluacion-de-la-conformidad\/wp-content\/uploads\/sites\/5\/2024\/05\/platiica-economia.jpg\" \/>\n\t<meta property=\"og:image:width\" content=\"1200\" \/>\n\t<meta property=\"og:image:height\" content=\"675\" \/>\n\t<meta property=\"og:image:type\" content=\"image\/jpeg\" \/>\n<meta name=\"twitter:card\" content=\"summary_large_image\" \/>\n<meta name=\"twitter:label1\" content=\"Tiempo de lectura\" \/>\n\t<meta name=\"twitter:data1\" content=\"2 minutos\" \/>\n<script type=\"application\/ld+json\" class=\"yoast-schema-graph\">{\"@context\":\"https:\/\/schema.org\",\"@graph\":[{\"@type\":\"WebPage\",\"@id\":\"http:\/\/10.100.20.231\/evaluacion-de-la-conformidad\/acuerdos-de-equivalencia\/\",\"url\":\"http:\/\/10.100.20.231\/evaluacion-de-la-conformidad\/acuerdos-de-equivalencia\/\",\"name\":\"Acuerdos de equivalencia - Evaluaci\u00f3n de la conformidad\",\"isPartOf\":{\"@id\":\"http:\/\/10.100.20.231\/evaluacion-de-la-conformidad\/#website\"},\"datePublished\":\"2023-06-28T19:12:09+00:00\",\"dateModified\":\"2023-12-14T20:54:01+00:00\",\"description\":\"Conoce los acuerdos y arreglos de reconocimiento mutuo y acuerdos de equivalencia que facilitan la aprobaci\u00f3n de los resultados de evaluaci\u00f3n de la conformidad.\",\"breadcrumb\":{\"@id\":\"http:\/\/10.100.20.231\/evaluacion-de-la-conformidad\/acuerdos-de-equivalencia\/#breadcrumb\"},\"inLanguage\":\"es-MX\",\"potentialAction\":[{\"@type\":\"ReadAction\",\"target\":[\"http:\/\/10.100.20.231\/evaluacion-de-la-conformidad\/acuerdos-de-equivalencia\/\"]}]},{\"@type\":\"BreadcrumbList\",\"@id\":\"http:\/\/10.100.20.231\/evaluacion-de-la-conformidad\/acuerdos-de-equivalencia\/#breadcrumb\",\"itemListElement\":[{\"@type\":\"ListItem\",\"position\":1,\"name\":\"Inicio\",\"item\":\"http:\/\/10.100.20.231\/evaluacion-de-la-conformidad\/\"},{\"@type\":\"ListItem\",\"position\":2,\"name\":\"Acuerdos de equivalencia\"}]},{\"@type\":\"WebSite\",\"@id\":\"http:\/\/10.100.20.231\/evaluacion-de-la-conformidad\/#website\",\"url\":\"http:\/\/10.100.20.231\/evaluacion-de-la-conformidad\/\",\"name\":\"Evaluaci\u00f3n de la conformidad\",\"description\":\"\",\"publisher\":{\"@id\":\"http:\/\/10.100.20.231\/evaluacion-de-la-conformidad\/#organization\"},\"potentialAction\":[{\"@type\":\"SearchAction\",\"target\":{\"@type\":\"EntryPoint\",\"urlTemplate\":\"http:\/\/10.100.20.231\/evaluacion-de-la-conformidad\/?s={search_term_string}\"},\"query-input\":\"required name=search_term_string\"}],\"inLanguage\":\"es-MX\"},{\"@type\":\"Organization\",\"@id\":\"http:\/\/10.100.20.231\/evaluacion-de-la-conformidad\/#organization\",\"name\":\"Evaluaci\u00f3n de la conformidad\",\"url\":\"http:\/\/10.100.20.231\/evaluacion-de-la-conformidad\/\",\"logo\":{\"@type\":\"ImageObject\",\"inLanguage\":\"es-MX\",\"@id\":\"http:\/\/10.100.20.231\/evaluacion-de-la-conformidad\/#\/schema\/logo\/image\/\",\"url\":\"http:\/\/10.100.20.231\/evaluacion-de-la-conformidad\/wp-content\/uploads\/sites\/5\/2021\/10\/logo-gobierno-mexico.svg\",\"contentUrl\":\"http:\/\/10.100.20.231\/evaluacion-de-la-conformidad\/wp-content\/uploads\/sites\/5\/2021\/10\/logo-gobierno-mexico.svg\",\"width\":123,\"height\":36,\"caption\":\"Evaluaci\u00f3n de la conformidad\"},\"image\":{\"@id\":\"http:\/\/10.100.20.231\/evaluacion-de-la-conformidad\/#\/schema\/logo\/image\/\"}}]}<\/script>\n<!-- \/ Yoast SEO plugin. -->","yoast_head_json":{"title":"Acuerdos de equivalencia - Evaluaci\u00f3n de la conformidad","description":"Conoce los acuerdos y arreglos de reconocimiento mutuo y acuerdos de equivalencia que facilitan la aprobaci\u00f3n de los resultados de evaluaci\u00f3n de la conformidad.","robots":{"index":"index","follow":"follow","max-snippet":"max-snippet:-1","max-image-preview":"max-image-preview:large","max-video-preview":"max-video-preview:-1"},"canonical":"http:\/\/10.100.20.231\/evaluacion-de-la-conformidad\/acuerdos-de-equivalencia\/","og_locale":"es_MX","og_type":"article","og_title":"Acuerdos de equivalencia - Evaluaci\u00f3n de la conformidad","og_description":"Conoce los acuerdos y arreglos de reconocimiento mutuo y acuerdos de equivalencia que facilitan la aprobaci\u00f3n de los resultados de evaluaci\u00f3n de la conformidad.","og_url":"http:\/\/10.100.20.231\/evaluacion-de-la-conformidad\/acuerdos-de-equivalencia\/","og_site_name":"Evaluaci\u00f3n de la conformidad","article_modified_time":"2023-12-14T20:54:01+00:00","og_image":[{"width":1200,"height":675,"url":"http:\/\/10.100.20.231\/evaluacion-de-la-conformidad\/wp-content\/uploads\/sites\/5\/2024\/05\/platiica-economia.jpg","type":"image\/jpeg"}],"twitter_card":"summary_large_image","twitter_misc":{"Tiempo de lectura":"2 minutos"},"schema":{"@context":"https:\/\/schema.org","@graph":[{"@type":"WebPage","@id":"http:\/\/10.100.20.231\/evaluacion-de-la-conformidad\/acuerdos-de-equivalencia\/","url":"http:\/\/10.100.20.231\/evaluacion-de-la-conformidad\/acuerdos-de-equivalencia\/","name":"Acuerdos de equivalencia - Evaluaci\u00f3n de la conformidad","isPartOf":{"@id":"http:\/\/10.100.20.231\/evaluacion-de-la-conformidad\/#website"},"datePublished":"2023-06-28T19:12:09+00:00","dateModified":"2023-12-14T20:54:01+00:00","description":"Conoce los acuerdos y arreglos de reconocimiento mutuo y acuerdos de equivalencia que facilitan la aprobaci\u00f3n de los resultados de evaluaci\u00f3n de la conformidad.","breadcrumb":{"@id":"http:\/\/10.100.20.231\/evaluacion-de-la-conformidad\/acuerdos-de-equivalencia\/#breadcrumb"},"inLanguage":"es-MX","potentialAction":[{"@type":"ReadAction","target":["http:\/\/10.100.20.231\/evaluacion-de-la-conformidad\/acuerdos-de-equivalencia\/"]}]},{"@type":"BreadcrumbList","@id":"http:\/\/10.100.20.231\/evaluacion-de-la-conformidad\/acuerdos-de-equivalencia\/#breadcrumb","itemListElement":[{"@type":"ListItem","position":1,"name":"Inicio","item":"http:\/\/10.100.20.231\/evaluacion-de-la-conformidad\/"},{"@type":"ListItem","position":2,"name":"Acuerdos de equivalencia"}]},{"@type":"WebSite","@id":"http:\/\/10.100.20.231\/evaluacion-de-la-conformidad\/#website","url":"http:\/\/10.100.20.231\/evaluacion-de-la-conformidad\/","name":"Evaluaci\u00f3n de la conformidad","description":"","publisher":{"@id":"http:\/\/10.100.20.231\/evaluacion-de-la-conformidad\/#organization"},"potentialAction":[{"@type":"SearchAction","target":{"@type":"EntryPoint","urlTemplate":"http:\/\/10.100.20.231\/evaluacion-de-la-conformidad\/?s={search_term_string}"},"query-input":"required name=search_term_string"}],"inLanguage":"es-MX"},{"@type":"Organization","@id":"http:\/\/10.100.20.231\/evaluacion-de-la-conformidad\/#organization","name":"Evaluaci\u00f3n de la conformidad","url":"http:\/\/10.100.20.231\/evaluacion-de-la-conformidad\/","logo":{"@type":"ImageObject","inLanguage":"es-MX","@id":"http:\/\/10.100.20.231\/evaluacion-de-la-conformidad\/#\/schema\/logo\/image\/","url":"http:\/\/10.100.20.231\/evaluacion-de-la-conformidad\/wp-content\/uploads\/sites\/5\/2021\/10\/logo-gobierno-mexico.svg","contentUrl":"http:\/\/10.100.20.231\/evaluacion-de-la-conformidad\/wp-content\/uploads\/sites\/5\/2021\/10\/logo-gobierno-mexico.svg","width":123,"height":36,"caption":"Evaluaci\u00f3n de la conformidad"},"image":{"@id":"http:\/\/10.100.20.231\/evaluacion-de-la-conformidad\/#\/schema\/logo\/image\/"}}]}},"_links":{"self":[{"href":"http:\/\/10.100.20.231\/evaluacion-de-la-conformidad\/wp-json\/wp\/v2\/pages\/71625"}],"collection":[{"href":"http:\/\/10.100.20.231\/evaluacion-de-la-conformidad\/wp-json\/wp\/v2\/pages"}],"about":[{"href":"http:\/\/10.100.20.231\/evaluacion-de-la-conformidad\/wp-json\/wp\/v2\/types\/page"}],"author":[{"embeddable":true,"href":"http:\/\/10.100.20.231\/evaluacion-de-la-conformidad\/wp-json\/wp\/v2\/users\/5"}],"replies":[{"embeddable":true,"href":"http:\/\/10.100.20.231\/evaluacion-de-la-conformidad\/wp-json\/wp\/v2\/comments?post=71625"}],"version-history":[{"count":0,"href":"http:\/\/10.100.20.231\/evaluacion-de-la-conformidad\/wp-json\/wp\/v2\/pages\/71625\/revisions"}],"wp:attachment":[{"href":"http:\/\/10.100.20.231\/evaluacion-de-la-conformidad\/wp-json\/wp\/v2\/media?parent=71625"}],"curies":[{"name":"wp","href":"https:\/\/api.w.org\/{rel}","templated":true}]}}