{"id":71673,"date":"2023-07-17T12:33:30","date_gmt":"2023-07-17T18:33:30","guid":{"rendered":"http:\/\/10.100.20.231\/evaluacion-de-la-conformidad-de-normas-oficiales-mexicanas-estandares-y-normas-internacionales\/?page_id=71673"},"modified":"2023-10-26T17:35:50","modified_gmt":"2023-10-26T23:35:50","slug":"convenios-de-colaboracion-y-concertacion","status":"publish","type":"page","link":"http:\/\/10.100.20.231\/evaluacion-de-la-conformidad\/convenios-de-colaboracion-y-concertacion\/","title":{"rendered":"Convenios de colaboraci\u00f3n y concertaci\u00f3n"},"content":{"rendered":"\n<div class=\"wp-container-3 wp-block-group alignfull barra contenido-principal max-dos-tercios informativa\" id=\"filtrable\">\n<div class=\"wp-container-1 wp-block-group yoast-breadcrumbs\">\n<p><a href=\"https:\/\/platiica.economia.gob.mx\/\">Inicio<\/a> &gt; <a href=\"https:\/\/platiica.economia.gob.mx\/evaluacion-de-la-conformidad\/\">Evaluaci\u00f3n de la conformidad<\/a> &gt; <strong><strong><strong><strong><strong><strong><strong><strong>Convenios de colaboraci\u00f3n y concertaci\u00f3n<\/strong><\/strong><\/strong><\/strong><\/strong><\/strong><\/strong><\/strong><\/p>\n<\/div>\n\n\n\n<h1><strong><strong>Convenios de colaboraci\u00f3n y concertaci\u00f3n<\/strong><\/strong><\/h1>\n\n\n\n<p>La Secretar\u00eda, las dem\u00e1s Autoridades Normalizadoras, el Centro Nacional de Metrolog\u00eda y los Institutos Designados de Metrolog\u00eda, podr\u00e1n celebrar convenios de colaboraci\u00f3n y concertaci\u00f3n con instituciones de ense\u00f1anza superior y asociaciones o colegios de profesionales, para constituir programas de estudio y capacitaci\u00f3n con el objeto de formar t\u00e9cnicos calificados y promover las actividades a que se refiere la Ley de Infraestructura de la Calidad.<\/p>\n\n\n\n<div class=\"wp-container-2 wp-block-group adicional\">\n<p><strong>Te puede interesar:<\/strong><\/p>\n\n\n\n<p><a href=\"https:\/\/platiica.economia.gob.mx\/evaluacion-de-la-conformidad\/entidades-de-acreditacion\/\">&gt; Entidades de acreditaci\u00f3n<\/a><\/p>\n\n\n\n<p><a href=\"https:\/\/platiica.economia.gob.mx\/evaluacion-de-la-conformidad\/organismos-de-evaluacion-de-la-conformidad\/\">&gt; Organismos de Evaluaci\u00f3n de la Conformidad<\/a><\/p>\n\n\n\n<p><a href=\"https:\/\/platiica.economia.gob.mx\/evaluacion-de-la-conformidad\/sistemas-internacionales-de-evaluacion-de-la-conformidad\/\">&gt; Sistemas internacionales de evaluaci\u00f3n de la conformidad<\/a><\/p>\n<\/div>\n<\/div>\n","protected":false},"excerpt":{"rendered":"<p>Son sistemas que facilitan el reconocimiento voluntario o la aceptaci\u00f3n de los resultados de los organismos de evaluaci\u00f3n de la conformidad o las entidades de acreditaci\u00f3n por parte de las autoridades competentes<\/p>\n","protected":false},"author":5,"featured_media":0,"parent":0,"menu_order":0,"comment_status":"closed","ping_status":"closed","template":"","meta":{"_links_to":"","_links_to_target":""},"yoast_head":"<!-- This site is optimized with the Yoast SEO plugin v21.5 - https:\/\/yoast.com\/wordpress\/plugins\/seo\/ -->\n<title>Convenios de colaboraci\u00f3n y concertaci\u00f3n - Evaluaci\u00f3n de la conformidad<\/title>\n<meta name=\"description\" content=\"Revisa los sistemas internacionales de evaluaci\u00f3n de la conformidad que facilitan el reconocimiento de los resultados sobre el cumplimiento de normas.\" \/>\n<meta name=\"robots\" content=\"index, follow, max-snippet:-1, max-image-preview:large, max-video-preview:-1\" \/>\n<link rel=\"canonical\" href=\"http:\/\/10.100.20.231\/evaluacion-de-la-conformidad\/convenios-de-colaboracion-y-concertacion\/\" \/>\n<meta property=\"og:locale\" content=\"es_MX\" \/>\n<meta property=\"og:type\" content=\"article\" \/>\n<meta property=\"og:title\" content=\"Convenios de colaboraci\u00f3n y concertaci\u00f3n - Evaluaci\u00f3n de la conformidad\" \/>\n<meta property=\"og:description\" content=\"Revisa los sistemas internacionales de evaluaci\u00f3n de la conformidad que facilitan el reconocimiento de los resultados sobre el cumplimiento de normas.\" \/>\n<meta property=\"og:url\" content=\"http:\/\/10.100.20.231\/evaluacion-de-la-conformidad\/convenios-de-colaboracion-y-concertacion\/\" \/>\n<meta property=\"og:site_name\" content=\"Evaluaci\u00f3n de la conformidad\" \/>\n<meta property=\"article:modified_time\" content=\"2023-10-26T23:35:50+00:00\" \/>\n<meta property=\"og:image\" content=\"http:\/\/10.100.20.231\/evaluacion-de-la-conformidad\/wp-content\/uploads\/sites\/5\/2024\/05\/platiica-economia.jpg\" \/>\n\t<meta property=\"og:image:width\" content=\"1200\" \/>\n\t<meta property=\"og:image:height\" content=\"675\" \/>\n\t<meta property=\"og:image:type\" content=\"image\/jpeg\" \/>\n<meta name=\"twitter:card\" content=\"summary_large_image\" \/>\n<meta name=\"twitter:label1\" content=\"Tiempo de lectura\" \/>\n\t<meta name=\"twitter:data1\" content=\"1 minuto\" \/>\n<script type=\"application\/ld+json\" class=\"yoast-schema-graph\">{\"@context\":\"https:\/\/schema.org\",\"@graph\":[{\"@type\":\"WebPage\",\"@id\":\"http:\/\/10.100.20.231\/evaluacion-de-la-conformidad\/convenios-de-colaboracion-y-concertacion\/\",\"url\":\"http:\/\/10.100.20.231\/evaluacion-de-la-conformidad\/convenios-de-colaboracion-y-concertacion\/\",\"name\":\"Convenios de colaboraci\u00f3n y concertaci\u00f3n - Evaluaci\u00f3n de la conformidad\",\"isPartOf\":{\"@id\":\"http:\/\/10.100.20.231\/evaluacion-de-la-conformidad\/#website\"},\"datePublished\":\"2023-07-17T18:33:30+00:00\",\"dateModified\":\"2023-10-26T23:35:50+00:00\",\"description\":\"Revisa los sistemas internacionales de evaluaci\u00f3n de la conformidad que facilitan el reconocimiento de los resultados sobre el cumplimiento de normas.\",\"breadcrumb\":{\"@id\":\"http:\/\/10.100.20.231\/evaluacion-de-la-conformidad\/convenios-de-colaboracion-y-concertacion\/#breadcrumb\"},\"inLanguage\":\"es-MX\",\"potentialAction\":[{\"@type\":\"ReadAction\",\"target\":[\"http:\/\/10.100.20.231\/evaluacion-de-la-conformidad\/convenios-de-colaboracion-y-concertacion\/\"]}]},{\"@type\":\"BreadcrumbList\",\"@id\":\"http:\/\/10.100.20.231\/evaluacion-de-la-conformidad\/convenios-de-colaboracion-y-concertacion\/#breadcrumb\",\"itemListElement\":[{\"@type\":\"ListItem\",\"position\":1,\"name\":\"Inicio\",\"item\":\"http:\/\/10.100.20.231\/evaluacion-de-la-conformidad\/\"},{\"@type\":\"ListItem\",\"position\":2,\"name\":\"Convenios de colaboraci\u00f3n y concertaci\u00f3n\"}]},{\"@type\":\"WebSite\",\"@id\":\"http:\/\/10.100.20.231\/evaluacion-de-la-conformidad\/#website\",\"url\":\"http:\/\/10.100.20.231\/evaluacion-de-la-conformidad\/\",\"name\":\"Evaluaci\u00f3n de la conformidad\",\"description\":\"\",\"publisher\":{\"@id\":\"http:\/\/10.100.20.231\/evaluacion-de-la-conformidad\/#organization\"},\"potentialAction\":[{\"@type\":\"SearchAction\",\"target\":{\"@type\":\"EntryPoint\",\"urlTemplate\":\"http:\/\/10.100.20.231\/evaluacion-de-la-conformidad\/?s={search_term_string}\"},\"query-input\":\"required name=search_term_string\"}],\"inLanguage\":\"es-MX\"},{\"@type\":\"Organization\",\"@id\":\"http:\/\/10.100.20.231\/evaluacion-de-la-conformidad\/#organization\",\"name\":\"Evaluaci\u00f3n de la conformidad\",\"url\":\"http:\/\/10.100.20.231\/evaluacion-de-la-conformidad\/\",\"logo\":{\"@type\":\"ImageObject\",\"inLanguage\":\"es-MX\",\"@id\":\"http:\/\/10.100.20.231\/evaluacion-de-la-conformidad\/#\/schema\/logo\/image\/\",\"url\":\"http:\/\/10.100.20.231\/evaluacion-de-la-conformidad\/wp-content\/uploads\/sites\/5\/2021\/10\/logo-gobierno-mexico.svg\",\"contentUrl\":\"http:\/\/10.100.20.231\/evaluacion-de-la-conformidad\/wp-content\/uploads\/sites\/5\/2021\/10\/logo-gobierno-mexico.svg\",\"width\":123,\"height\":36,\"caption\":\"Evaluaci\u00f3n de la conformidad\"},\"image\":{\"@id\":\"http:\/\/10.100.20.231\/evaluacion-de-la-conformidad\/#\/schema\/logo\/image\/\"}}]}<\/script>\n<!-- \/ Yoast SEO plugin. -->","yoast_head_json":{"title":"Convenios de colaboraci\u00f3n y concertaci\u00f3n - Evaluaci\u00f3n de la conformidad","description":"Revisa los sistemas internacionales de evaluaci\u00f3n de la conformidad que facilitan el reconocimiento de los resultados sobre el cumplimiento de normas.","robots":{"index":"index","follow":"follow","max-snippet":"max-snippet:-1","max-image-preview":"max-image-preview:large","max-video-preview":"max-video-preview:-1"},"canonical":"http:\/\/10.100.20.231\/evaluacion-de-la-conformidad\/convenios-de-colaboracion-y-concertacion\/","og_locale":"es_MX","og_type":"article","og_title":"Convenios de colaboraci\u00f3n y concertaci\u00f3n - Evaluaci\u00f3n de la conformidad","og_description":"Revisa los sistemas internacionales de evaluaci\u00f3n de la conformidad que facilitan el reconocimiento de los resultados sobre el cumplimiento de normas.","og_url":"http:\/\/10.100.20.231\/evaluacion-de-la-conformidad\/convenios-de-colaboracion-y-concertacion\/","og_site_name":"Evaluaci\u00f3n de la conformidad","article_modified_time":"2023-10-26T23:35:50+00:00","og_image":[{"width":1200,"height":675,"url":"http:\/\/10.100.20.231\/evaluacion-de-la-conformidad\/wp-content\/uploads\/sites\/5\/2024\/05\/platiica-economia.jpg","type":"image\/jpeg"}],"twitter_card":"summary_large_image","twitter_misc":{"Tiempo de lectura":"1 minuto"},"schema":{"@context":"https:\/\/schema.org","@graph":[{"@type":"WebPage","@id":"http:\/\/10.100.20.231\/evaluacion-de-la-conformidad\/convenios-de-colaboracion-y-concertacion\/","url":"http:\/\/10.100.20.231\/evaluacion-de-la-conformidad\/convenios-de-colaboracion-y-concertacion\/","name":"Convenios de colaboraci\u00f3n y concertaci\u00f3n - Evaluaci\u00f3n de la conformidad","isPartOf":{"@id":"http:\/\/10.100.20.231\/evaluacion-de-la-conformidad\/#website"},"datePublished":"2023-07-17T18:33:30+00:00","dateModified":"2023-10-26T23:35:50+00:00","description":"Revisa los sistemas internacionales de evaluaci\u00f3n de la conformidad que facilitan el reconocimiento de los resultados sobre el cumplimiento de normas.","breadcrumb":{"@id":"http:\/\/10.100.20.231\/evaluacion-de-la-conformidad\/convenios-de-colaboracion-y-concertacion\/#breadcrumb"},"inLanguage":"es-MX","potentialAction":[{"@type":"ReadAction","target":["http:\/\/10.100.20.231\/evaluacion-de-la-conformidad\/convenios-de-colaboracion-y-concertacion\/"]}]},{"@type":"BreadcrumbList","@id":"http:\/\/10.100.20.231\/evaluacion-de-la-conformidad\/convenios-de-colaboracion-y-concertacion\/#breadcrumb","itemListElement":[{"@type":"ListItem","position":1,"name":"Inicio","item":"http:\/\/10.100.20.231\/evaluacion-de-la-conformidad\/"},{"@type":"ListItem","position":2,"name":"Convenios de colaboraci\u00f3n y concertaci\u00f3n"}]},{"@type":"WebSite","@id":"http:\/\/10.100.20.231\/evaluacion-de-la-conformidad\/#website","url":"http:\/\/10.100.20.231\/evaluacion-de-la-conformidad\/","name":"Evaluaci\u00f3n de la conformidad","description":"","publisher":{"@id":"http:\/\/10.100.20.231\/evaluacion-de-la-conformidad\/#organization"},"potentialAction":[{"@type":"SearchAction","target":{"@type":"EntryPoint","urlTemplate":"http:\/\/10.100.20.231\/evaluacion-de-la-conformidad\/?s={search_term_string}"},"query-input":"required name=search_term_string"}],"inLanguage":"es-MX"},{"@type":"Organization","@id":"http:\/\/10.100.20.231\/evaluacion-de-la-conformidad\/#organization","name":"Evaluaci\u00f3n de la conformidad","url":"http:\/\/10.100.20.231\/evaluacion-de-la-conformidad\/","logo":{"@type":"ImageObject","inLanguage":"es-MX","@id":"http:\/\/10.100.20.231\/evaluacion-de-la-conformidad\/#\/schema\/logo\/image\/","url":"http:\/\/10.100.20.231\/evaluacion-de-la-conformidad\/wp-content\/uploads\/sites\/5\/2021\/10\/logo-gobierno-mexico.svg","contentUrl":"http:\/\/10.100.20.231\/evaluacion-de-la-conformidad\/wp-content\/uploads\/sites\/5\/2021\/10\/logo-gobierno-mexico.svg","width":123,"height":36,"caption":"Evaluaci\u00f3n de la conformidad"},"image":{"@id":"http:\/\/10.100.20.231\/evaluacion-de-la-conformidad\/#\/schema\/logo\/image\/"}}]}},"_links":{"self":[{"href":"http:\/\/10.100.20.231\/evaluacion-de-la-conformidad\/wp-json\/wp\/v2\/pages\/71673"}],"collection":[{"href":"http:\/\/10.100.20.231\/evaluacion-de-la-conformidad\/wp-json\/wp\/v2\/pages"}],"about":[{"href":"http:\/\/10.100.20.231\/evaluacion-de-la-conformidad\/wp-json\/wp\/v2\/types\/page"}],"author":[{"embeddable":true,"href":"http:\/\/10.100.20.231\/evaluacion-de-la-conformidad\/wp-json\/wp\/v2\/users\/5"}],"replies":[{"embeddable":true,"href":"http:\/\/10.100.20.231\/evaluacion-de-la-conformidad\/wp-json\/wp\/v2\/comments?post=71673"}],"version-history":[{"count":0,"href":"http:\/\/10.100.20.231\/evaluacion-de-la-conformidad\/wp-json\/wp\/v2\/pages\/71673\/revisions"}],"wp:attachment":[{"href":"http:\/\/10.100.20.231\/evaluacion-de-la-conformidad\/wp-json\/wp\/v2\/media?parent=71673"}],"curies":[{"name":"wp","href":"https:\/\/api.w.org\/{rel}","templated":true}]}}