{"id":71707,"date":"2023-08-10T17:05:34","date_gmt":"2023-08-10T23:05:34","guid":{"rendered":"http:\/\/10.100.20.231\/evaluacion-de-la-conformidad-de-normas-oficiales-mexicanas-estandares-y-normas-internacionales\/?page_id=71707"},"modified":"2023-10-25T10:56:42","modified_gmt":"2023-10-25T16:56:42","slug":"comision-de-comercio-exterior","status":"publish","type":"page","link":"http:\/\/10.100.20.231\/evaluacion-de-la-conformidad\/comision-de-comercio-exterior\/","title":{"rendered":"Comisi\u00f3n de Comercio Exterior"},"content":{"rendered":"\n<div class=\"wp-container-2 wp-block-group alignfull barra contenido-principal max-dos-tercios informativa\" id=\"filtrable\">\n<div style=\"height:50px\" aria-hidden=\"true\" class=\"wp-block-spacer espacio-50\"><\/div>\n\n\n\n<div class=\"wp-container-1 wp-block-group yoast-breadcrumbs\">\n<p><a href=\"https:\/\/platiica.economia.gob.mx\/\">Inicio<\/a> &gt; <a href=\"https:\/\/platiica.economia.gob.mx\/evaluacion-de-la-conformidad\/\">Evaluaci\u00f3n de la conformidad<\/a> &gt; <strong><strong><strong><strong><strong><strong><strong><strong><strong><strong><strong><strong><strong><strong>Comisi\u00f3n de Comercio Exterior<\/strong><\/strong><\/strong><\/strong><\/strong><\/strong><\/strong><\/strong><\/strong><\/strong><\/strong><\/strong><\/strong><\/strong><\/p>\n<\/div>\n\n\n\n<div style=\"height:50px\" aria-hidden=\"true\" class=\"wp-block-spacer espacio-50\"><\/div>\n\n\n\n<h1><strong><strong>Comisi\u00f3n de Comercio Exterior<\/strong><\/strong><\/h1>\n\n\n\n<p>La Comisi\u00f3n de Comercio Exterior estar\u00e1 integrada por representantes de cada una de las siguientes dependencias:<\/p>\n\n\n\n<p><\/p>\n\n\n\n<ul><li>Secretar\u00eda de Relaciones Exteriores;<\/li><li>Secretar\u00eda de Hacienda y Cr\u00e9dito P\u00fablico;<\/li><li>Secretar\u00eda de Medio Ambiente y Recursos Naturales;<\/li><li>Secretar\u00eda de Econom\u00eda;<\/li><li>Secretar\u00eda de Agricultura, Ganader\u00eda, Desarrollo Rural, Pesca y Alimentaci\u00f3n, y<\/li><li>Secretar\u00eda de Salud.<\/li><\/ul>\n\n\n\n<p><\/p>\n\n\n\n<p>La persona titular de la Secretar\u00eda de Econom\u00eda invitar\u00e1 a que formen parte de esta Comisi\u00f3n a representantes de los \u00f3rganos constitucionales aut\u00f3nomos Banco de M\u00e9xico y Comisi\u00f3n Federal de Competencia Econ\u00f3mica.<\/p>\n\n\n\n<p><\/p>\n\n\n\n<p>Estos representantes deber\u00e1n ser designados por los presidentes de dichos \u00f3rganos y tener un nivel jer\u00e1rquico inmediato inferior. Contar\u00e1n con los mismos derechos y obligaciones que los integrantes se\u00f1alados en el primer p\u00e1rrafo de este art\u00edculo.<\/p>\n\n\n\n<h4>Marco jur\u00eddico<\/h4>\n\n\n\n<p><\/p>\n\n\n\n<p><a href=\"https:\/\/www.diputados.gob.mx\/LeyesBiblio\/pdf\/28.pdf\" data-type=\"URL\" data-id=\"https:\/\/www.diputados.gob.mx\/LeyesBiblio\/pdf\/28.pdf\">Ley de Comercio Exterior<\/a>: Art. 3<\/p>\n\n\n\n<p><a href=\"https:\/\/www.diputados.gob.mx\/LeyesBiblio\/regley\/Reg_LCE.pdf\" data-type=\"URL\" data-id=\"https:\/\/www.diputados.gob.mx\/LeyesBiblio\/regley\/Reg_LCE.pdf\">Reglamento de la Ley de Comercio Exterior<\/a>: Art. 1<\/p>\n\n\n\n<div style=\"height:100px\" aria-hidden=\"true\" class=\"wp-block-spacer espacio-100\"><\/div>\n\n\n\n<p><strong>Te puede interesar:<\/strong><\/p>\n\n\n\n<p><a href=\"https:\/\/platiica.economia.gob.mx\/evaluacion-de-la-conformidad\/entidades-de-acreditacion\/\">&gt; Entidades de Acreditaci\u00f3n<\/a><\/p>\n\n\n\n<p><a href=\"https:\/\/platiica.economia.gob.mx\/evaluacion-de-la-conformidad\/organismos-de-evaluacion-de-la-conformidad\/\">&gt; Organismos de Evaluaci\u00f3n de la Conformidad<\/a><\/p>\n<\/div>\n","protected":false},"excerpt":{"rendered":"<p>Es el convenio que establece medidas para asegurar que los reglamentos t\u00e9cnicos, normas y procedimientos de evaluaci\u00f3n de la conformidad no sean discriminatorios u obstaculicen el comercio.\u00a0<\/p>\n","protected":false},"author":5,"featured_media":0,"parent":0,"menu_order":0,"comment_status":"closed","ping_status":"closed","template":"","meta":{"_links_to":"","_links_to_target":""},"yoast_head":"<!-- This site is optimized with the Yoast SEO plugin v21.5 - https:\/\/yoast.com\/wordpress\/plugins\/seo\/ -->\n<title>Comisi\u00f3n de Comercio Exterior - Evaluaci\u00f3n de la conformidad<\/title>\n<meta name=\"description\" content=\"Descarga el documento del Acuerdo sobre Obst\u00e1culos T\u00e9cnicos al comercio de la Organizaci\u00f3n Mundial de Comercio que facilita el comercio internacional.\" \/>\n<meta name=\"robots\" content=\"index, follow, max-snippet:-1, max-image-preview:large, max-video-preview:-1\" \/>\n<link rel=\"canonical\" href=\"http:\/\/10.100.20.231\/evaluacion-de-la-conformidad\/comision-de-comercio-exterior\/\" \/>\n<meta property=\"og:locale\" content=\"es_MX\" \/>\n<meta property=\"og:type\" content=\"article\" \/>\n<meta property=\"og:title\" content=\"Comisi\u00f3n de Comercio Exterior - Evaluaci\u00f3n de la conformidad\" \/>\n<meta property=\"og:description\" content=\"Descarga el documento del Acuerdo sobre Obst\u00e1culos T\u00e9cnicos al comercio de la Organizaci\u00f3n Mundial de Comercio que facilita el comercio internacional.\" \/>\n<meta property=\"og:url\" content=\"http:\/\/10.100.20.231\/evaluacion-de-la-conformidad\/comision-de-comercio-exterior\/\" \/>\n<meta property=\"og:site_name\" content=\"Evaluaci\u00f3n de la conformidad\" \/>\n<meta property=\"article:modified_time\" content=\"2023-10-25T16:56:42+00:00\" \/>\n<meta property=\"og:image\" content=\"http:\/\/10.100.20.231\/evaluacion-de-la-conformidad\/wp-content\/uploads\/sites\/5\/2024\/05\/platiica-economia.jpg\" \/>\n\t<meta property=\"og:image:width\" content=\"1200\" \/>\n\t<meta property=\"og:image:height\" content=\"675\" \/>\n\t<meta property=\"og:image:type\" content=\"image\/jpeg\" \/>\n<meta name=\"twitter:card\" content=\"summary_large_image\" \/>\n<meta name=\"twitter:label1\" content=\"Tiempo de lectura\" \/>\n\t<meta name=\"twitter:data1\" content=\"1 minuto\" \/>\n<script type=\"application\/ld+json\" class=\"yoast-schema-graph\">{\"@context\":\"https:\/\/schema.org\",\"@graph\":[{\"@type\":\"WebPage\",\"@id\":\"http:\/\/10.100.20.231\/evaluacion-de-la-conformidad\/comision-de-comercio-exterior\/\",\"url\":\"http:\/\/10.100.20.231\/evaluacion-de-la-conformidad\/comision-de-comercio-exterior\/\",\"name\":\"Comisi\u00f3n de Comercio Exterior - Evaluaci\u00f3n de la conformidad\",\"isPartOf\":{\"@id\":\"http:\/\/10.100.20.231\/evaluacion-de-la-conformidad\/#website\"},\"datePublished\":\"2023-08-10T23:05:34+00:00\",\"dateModified\":\"2023-10-25T16:56:42+00:00\",\"description\":\"Descarga el documento del Acuerdo sobre Obst\u00e1culos T\u00e9cnicos al comercio de la Organizaci\u00f3n Mundial de Comercio que facilita el comercio internacional.\",\"breadcrumb\":{\"@id\":\"http:\/\/10.100.20.231\/evaluacion-de-la-conformidad\/comision-de-comercio-exterior\/#breadcrumb\"},\"inLanguage\":\"es-MX\",\"potentialAction\":[{\"@type\":\"ReadAction\",\"target\":[\"http:\/\/10.100.20.231\/evaluacion-de-la-conformidad\/comision-de-comercio-exterior\/\"]}]},{\"@type\":\"BreadcrumbList\",\"@id\":\"http:\/\/10.100.20.231\/evaluacion-de-la-conformidad\/comision-de-comercio-exterior\/#breadcrumb\",\"itemListElement\":[{\"@type\":\"ListItem\",\"position\":1,\"name\":\"Inicio\",\"item\":\"http:\/\/10.100.20.231\/evaluacion-de-la-conformidad\/\"},{\"@type\":\"ListItem\",\"position\":2,\"name\":\"Comisi\u00f3n de Comercio Exterior\"}]},{\"@type\":\"WebSite\",\"@id\":\"http:\/\/10.100.20.231\/evaluacion-de-la-conformidad\/#website\",\"url\":\"http:\/\/10.100.20.231\/evaluacion-de-la-conformidad\/\",\"name\":\"Evaluaci\u00f3n de la conformidad\",\"description\":\"\",\"publisher\":{\"@id\":\"http:\/\/10.100.20.231\/evaluacion-de-la-conformidad\/#organization\"},\"potentialAction\":[{\"@type\":\"SearchAction\",\"target\":{\"@type\":\"EntryPoint\",\"urlTemplate\":\"http:\/\/10.100.20.231\/evaluacion-de-la-conformidad\/?s={search_term_string}\"},\"query-input\":\"required name=search_term_string\"}],\"inLanguage\":\"es-MX\"},{\"@type\":\"Organization\",\"@id\":\"http:\/\/10.100.20.231\/evaluacion-de-la-conformidad\/#organization\",\"name\":\"Evaluaci\u00f3n de la conformidad\",\"url\":\"http:\/\/10.100.20.231\/evaluacion-de-la-conformidad\/\",\"logo\":{\"@type\":\"ImageObject\",\"inLanguage\":\"es-MX\",\"@id\":\"http:\/\/10.100.20.231\/evaluacion-de-la-conformidad\/#\/schema\/logo\/image\/\",\"url\":\"http:\/\/10.100.20.231\/evaluacion-de-la-conformidad\/wp-content\/uploads\/sites\/5\/2021\/10\/logo-gobierno-mexico.svg\",\"contentUrl\":\"http:\/\/10.100.20.231\/evaluacion-de-la-conformidad\/wp-content\/uploads\/sites\/5\/2021\/10\/logo-gobierno-mexico.svg\",\"width\":123,\"height\":36,\"caption\":\"Evaluaci\u00f3n de la conformidad\"},\"image\":{\"@id\":\"http:\/\/10.100.20.231\/evaluacion-de-la-conformidad\/#\/schema\/logo\/image\/\"}}]}<\/script>\n<!-- \/ Yoast SEO plugin. -->","yoast_head_json":{"title":"Comisi\u00f3n de Comercio Exterior - Evaluaci\u00f3n de la conformidad","description":"Descarga el documento del Acuerdo sobre Obst\u00e1culos T\u00e9cnicos al comercio de la Organizaci\u00f3n Mundial de Comercio que facilita el comercio internacional.","robots":{"index":"index","follow":"follow","max-snippet":"max-snippet:-1","max-image-preview":"max-image-preview:large","max-video-preview":"max-video-preview:-1"},"canonical":"http:\/\/10.100.20.231\/evaluacion-de-la-conformidad\/comision-de-comercio-exterior\/","og_locale":"es_MX","og_type":"article","og_title":"Comisi\u00f3n de Comercio Exterior - Evaluaci\u00f3n de la conformidad","og_description":"Descarga el documento del Acuerdo sobre Obst\u00e1culos T\u00e9cnicos al comercio de la Organizaci\u00f3n Mundial de Comercio que facilita el comercio internacional.","og_url":"http:\/\/10.100.20.231\/evaluacion-de-la-conformidad\/comision-de-comercio-exterior\/","og_site_name":"Evaluaci\u00f3n de la conformidad","article_modified_time":"2023-10-25T16:56:42+00:00","og_image":[{"width":1200,"height":675,"url":"http:\/\/10.100.20.231\/evaluacion-de-la-conformidad\/wp-content\/uploads\/sites\/5\/2024\/05\/platiica-economia.jpg","type":"image\/jpeg"}],"twitter_card":"summary_large_image","twitter_misc":{"Tiempo de lectura":"1 minuto"},"schema":{"@context":"https:\/\/schema.org","@graph":[{"@type":"WebPage","@id":"http:\/\/10.100.20.231\/evaluacion-de-la-conformidad\/comision-de-comercio-exterior\/","url":"http:\/\/10.100.20.231\/evaluacion-de-la-conformidad\/comision-de-comercio-exterior\/","name":"Comisi\u00f3n de Comercio Exterior - Evaluaci\u00f3n de la conformidad","isPartOf":{"@id":"http:\/\/10.100.20.231\/evaluacion-de-la-conformidad\/#website"},"datePublished":"2023-08-10T23:05:34+00:00","dateModified":"2023-10-25T16:56:42+00:00","description":"Descarga el documento del Acuerdo sobre Obst\u00e1culos T\u00e9cnicos al comercio de la Organizaci\u00f3n Mundial de Comercio que facilita el comercio internacional.","breadcrumb":{"@id":"http:\/\/10.100.20.231\/evaluacion-de-la-conformidad\/comision-de-comercio-exterior\/#breadcrumb"},"inLanguage":"es-MX","potentialAction":[{"@type":"ReadAction","target":["http:\/\/10.100.20.231\/evaluacion-de-la-conformidad\/comision-de-comercio-exterior\/"]}]},{"@type":"BreadcrumbList","@id":"http:\/\/10.100.20.231\/evaluacion-de-la-conformidad\/comision-de-comercio-exterior\/#breadcrumb","itemListElement":[{"@type":"ListItem","position":1,"name":"Inicio","item":"http:\/\/10.100.20.231\/evaluacion-de-la-conformidad\/"},{"@type":"ListItem","position":2,"name":"Comisi\u00f3n de Comercio Exterior"}]},{"@type":"WebSite","@id":"http:\/\/10.100.20.231\/evaluacion-de-la-conformidad\/#website","url":"http:\/\/10.100.20.231\/evaluacion-de-la-conformidad\/","name":"Evaluaci\u00f3n de la conformidad","description":"","publisher":{"@id":"http:\/\/10.100.20.231\/evaluacion-de-la-conformidad\/#organization"},"potentialAction":[{"@type":"SearchAction","target":{"@type":"EntryPoint","urlTemplate":"http:\/\/10.100.20.231\/evaluacion-de-la-conformidad\/?s={search_term_string}"},"query-input":"required name=search_term_string"}],"inLanguage":"es-MX"},{"@type":"Organization","@id":"http:\/\/10.100.20.231\/evaluacion-de-la-conformidad\/#organization","name":"Evaluaci\u00f3n de la conformidad","url":"http:\/\/10.100.20.231\/evaluacion-de-la-conformidad\/","logo":{"@type":"ImageObject","inLanguage":"es-MX","@id":"http:\/\/10.100.20.231\/evaluacion-de-la-conformidad\/#\/schema\/logo\/image\/","url":"http:\/\/10.100.20.231\/evaluacion-de-la-conformidad\/wp-content\/uploads\/sites\/5\/2021\/10\/logo-gobierno-mexico.svg","contentUrl":"http:\/\/10.100.20.231\/evaluacion-de-la-conformidad\/wp-content\/uploads\/sites\/5\/2021\/10\/logo-gobierno-mexico.svg","width":123,"height":36,"caption":"Evaluaci\u00f3n de la conformidad"},"image":{"@id":"http:\/\/10.100.20.231\/evaluacion-de-la-conformidad\/#\/schema\/logo\/image\/"}}]}},"_links":{"self":[{"href":"http:\/\/10.100.20.231\/evaluacion-de-la-conformidad\/wp-json\/wp\/v2\/pages\/71707"}],"collection":[{"href":"http:\/\/10.100.20.231\/evaluacion-de-la-conformidad\/wp-json\/wp\/v2\/pages"}],"about":[{"href":"http:\/\/10.100.20.231\/evaluacion-de-la-conformidad\/wp-json\/wp\/v2\/types\/page"}],"author":[{"embeddable":true,"href":"http:\/\/10.100.20.231\/evaluacion-de-la-conformidad\/wp-json\/wp\/v2\/users\/5"}],"replies":[{"embeddable":true,"href":"http:\/\/10.100.20.231\/evaluacion-de-la-conformidad\/wp-json\/wp\/v2\/comments?post=71707"}],"version-history":[{"count":0,"href":"http:\/\/10.100.20.231\/evaluacion-de-la-conformidad\/wp-json\/wp\/v2\/pages\/71707\/revisions"}],"wp:attachment":[{"href":"http:\/\/10.100.20.231\/evaluacion-de-la-conformidad\/wp-json\/wp\/v2\/media?parent=71707"}],"curies":[{"name":"wp","href":"https:\/\/api.w.org\/{rel}","templated":true}]}}