{"id":71713,"date":"2023-08-10T17:17:55","date_gmt":"2023-08-10T23:17:55","guid":{"rendered":"http:\/\/10.100.20.231\/evaluacion-de-la-conformidad-de-normas-oficiales-mexicanas-estandares-y-normas-internacionales\/?page_id=71713"},"modified":"2023-10-25T10:57:25","modified_gmt":"2023-10-25T16:57:25","slug":"servicio-nacional-de-informacion-de-comercio-exterior-snice","status":"publish","type":"page","link":"http:\/\/10.100.20.231\/evaluacion-de-la-conformidad\/servicio-nacional-de-informacion-de-comercio-exterior-snice\/","title":{"rendered":"Servicio Nacional de Informaci\u00f3n de Comercio Exterior (SNICE)"},"content":{"rendered":"\n<div class=\"wp-container-2 wp-block-group alignfull barra contenido-principal max-dos-tercios informativa\" id=\"filtrable\">\n<div style=\"height:50px\" aria-hidden=\"true\" class=\"wp-block-spacer espacio-50\"><\/div>\n\n\n\n<div class=\"wp-container-1 wp-block-group yoast-breadcrumbs\">\n<p><a href=\"https:\/\/platiica.economia.gob.mx\/\">Inicio<\/a> &gt; <a href=\"https:\/\/platiica.economia.gob.mx\/evaluacion-de-la-conformidad\/\">Evaluaci\u00f3n de la conformidad<\/a> &gt; <strong><strong><strong><strong><strong><strong><strong><strong><strong><strong><strong><strong><strong><strong><strong><strong>Servicio Nacional de Informaci\u00f3n de Comercio Exterior (SNICE)<\/strong><\/strong><\/strong><\/strong><\/strong><\/strong><\/strong><\/strong><\/strong><\/strong><\/strong><\/strong><\/strong><\/strong><\/strong><\/strong><\/p>\n<\/div>\n\n\n\n<div style=\"height:50px\" aria-hidden=\"true\" class=\"wp-block-spacer espacio-50\"><\/div>\n\n\n\n<h1><strong><strong>Servicio Nacional de Informaci\u00f3n de Comercio Exterior (SNICE)<\/strong><\/strong><\/h1>\n\n\n\n<p>El <a href=\"https:\/\/www.snice.gob.mx\/AdminSNICE\/faces\/oracle\/webcenter\/portalapp\/pages\/paginasPublicas\/publicHome.jspx;jsessionid=lw2lkVjcGsc01TM4N23JbGpC48vJKjf2zZ4Szb6qBYznfzRFv5qK!669675034?_afrLoop=1723804669566185&amp;_afrWindowMode=0&amp;_afrWindowId=null#%40%3F_afrWindowId%3Dnull%26_afrLoop%3D1723804669566185%26_afrWindowMode%3D0%26_adf.ctrl-state%3D16b6ukmk22_4\" target=\"_blank\" rel=\"noreferrer noopener\">Servicio Nacional de Informaci\u00f3n de Comercio Exterior (SNICE)<\/a> es el portal \u00fanico de consulta del Gobierno de la Rep\u00fablica que proporciona informaci\u00f3n para participar en el comercio exterior.&nbsp;<\/p>\n\n\n\n<p><\/p>\n\n\n\n<p>Este es operado por la Direcci\u00f3n General de Facilitaci\u00f3n Comercial y de Comercio Exterior y en \u00e9l se integran los instrumentos, programas y pol\u00edticas de comercio exterior, control de exportaciones, facilitaci\u00f3n comercial y ventanilla digital mexicana de comercio exterior.<\/p>\n\n\n\n<div style=\"height:100px\" aria-hidden=\"true\" class=\"wp-block-spacer espacio-100\"><\/div>\n\n\n\n<p><strong>Te puede interesar:<\/strong><\/p>\n\n\n\n<p><a href=\"https:\/\/platiica.economia.gob.mx\/evaluacion-de-la-conformidad\/entidades-de-acreditacion\/\">&gt; Entidades de Acreditaci\u00f3n<\/a><\/p>\n\n\n\n<p><a href=\"https:\/\/platiica.economia.gob.mx\/evaluacion-de-la-conformidad\/organismos-de-evaluacion-de-la-conformidad\/\">&gt; Organismos de Evaluaci\u00f3n de la Conformidad<\/a><\/p>\n<\/div>\n","protected":false},"excerpt":{"rendered":"<p>Es el convenio que establece medidas para asegurar que los reglamentos t\u00e9cnicos, normas y procedimientos de evaluaci\u00f3n de la conformidad no sean discriminatorios u obstaculicen el comercio.\u00a0<\/p>\n","protected":false},"author":5,"featured_media":0,"parent":0,"menu_order":0,"comment_status":"closed","ping_status":"closed","template":"","meta":{"_links_to":"","_links_to_target":""},"yoast_head":"<!-- This site is optimized with the Yoast SEO plugin v21.5 - https:\/\/yoast.com\/wordpress\/plugins\/seo\/ -->\n<title>Servicio Nacional de Informaci\u00f3n de Comercio Exterior (SNICE) - Evaluaci\u00f3n de la conformidad<\/title>\n<meta name=\"description\" content=\"Descarga el documento del Acuerdo sobre Obst\u00e1culos T\u00e9cnicos al comercio de la Organizaci\u00f3n Mundial de Comercio que facilita el comercio internacional.\" \/>\n<meta name=\"robots\" content=\"index, follow, max-snippet:-1, max-image-preview:large, max-video-preview:-1\" \/>\n<link rel=\"canonical\" href=\"http:\/\/10.100.20.231\/evaluacion-de-la-conformidad\/servicio-nacional-de-informacion-de-comercio-exterior-snice\/\" \/>\n<meta property=\"og:locale\" content=\"es_MX\" \/>\n<meta property=\"og:type\" content=\"article\" \/>\n<meta property=\"og:title\" content=\"Servicio Nacional de Informaci\u00f3n de Comercio Exterior (SNICE) - Evaluaci\u00f3n de la conformidad\" \/>\n<meta property=\"og:description\" content=\"Descarga el documento del Acuerdo sobre Obst\u00e1culos T\u00e9cnicos al comercio de la Organizaci\u00f3n Mundial de Comercio que facilita el comercio internacional.\" \/>\n<meta property=\"og:url\" content=\"http:\/\/10.100.20.231\/evaluacion-de-la-conformidad\/servicio-nacional-de-informacion-de-comercio-exterior-snice\/\" \/>\n<meta property=\"og:site_name\" content=\"Evaluaci\u00f3n de la conformidad\" \/>\n<meta property=\"article:modified_time\" content=\"2023-10-25T16:57:25+00:00\" \/>\n<meta property=\"og:image\" content=\"http:\/\/10.100.20.231\/evaluacion-de-la-conformidad\/wp-content\/uploads\/sites\/5\/2024\/05\/platiica-economia.jpg\" \/>\n\t<meta property=\"og:image:width\" content=\"1200\" \/>\n\t<meta property=\"og:image:height\" content=\"675\" \/>\n\t<meta property=\"og:image:type\" content=\"image\/jpeg\" \/>\n<meta name=\"twitter:card\" content=\"summary_large_image\" \/>\n<meta name=\"twitter:label1\" content=\"Tiempo de lectura\" \/>\n\t<meta name=\"twitter:data1\" content=\"1 minuto\" \/>\n<script type=\"application\/ld+json\" class=\"yoast-schema-graph\">{\"@context\":\"https:\/\/schema.org\",\"@graph\":[{\"@type\":\"WebPage\",\"@id\":\"http:\/\/10.100.20.231\/evaluacion-de-la-conformidad\/servicio-nacional-de-informacion-de-comercio-exterior-snice\/\",\"url\":\"http:\/\/10.100.20.231\/evaluacion-de-la-conformidad\/servicio-nacional-de-informacion-de-comercio-exterior-snice\/\",\"name\":\"Servicio Nacional de Informaci\u00f3n de Comercio Exterior (SNICE) - Evaluaci\u00f3n de la conformidad\",\"isPartOf\":{\"@id\":\"http:\/\/10.100.20.231\/evaluacion-de-la-conformidad\/#website\"},\"datePublished\":\"2023-08-10T23:17:55+00:00\",\"dateModified\":\"2023-10-25T16:57:25+00:00\",\"description\":\"Descarga el documento del Acuerdo sobre Obst\u00e1culos T\u00e9cnicos al comercio de la Organizaci\u00f3n Mundial de Comercio que facilita el comercio internacional.\",\"breadcrumb\":{\"@id\":\"http:\/\/10.100.20.231\/evaluacion-de-la-conformidad\/servicio-nacional-de-informacion-de-comercio-exterior-snice\/#breadcrumb\"},\"inLanguage\":\"es-MX\",\"potentialAction\":[{\"@type\":\"ReadAction\",\"target\":[\"http:\/\/10.100.20.231\/evaluacion-de-la-conformidad\/servicio-nacional-de-informacion-de-comercio-exterior-snice\/\"]}]},{\"@type\":\"BreadcrumbList\",\"@id\":\"http:\/\/10.100.20.231\/evaluacion-de-la-conformidad\/servicio-nacional-de-informacion-de-comercio-exterior-snice\/#breadcrumb\",\"itemListElement\":[{\"@type\":\"ListItem\",\"position\":1,\"name\":\"Inicio\",\"item\":\"http:\/\/10.100.20.231\/evaluacion-de-la-conformidad\/\"},{\"@type\":\"ListItem\",\"position\":2,\"name\":\"Servicio Nacional de Informaci\u00f3n de Comercio Exterior (SNICE)\"}]},{\"@type\":\"WebSite\",\"@id\":\"http:\/\/10.100.20.231\/evaluacion-de-la-conformidad\/#website\",\"url\":\"http:\/\/10.100.20.231\/evaluacion-de-la-conformidad\/\",\"name\":\"Evaluaci\u00f3n de la conformidad\",\"description\":\"\",\"publisher\":{\"@id\":\"http:\/\/10.100.20.231\/evaluacion-de-la-conformidad\/#organization\"},\"potentialAction\":[{\"@type\":\"SearchAction\",\"target\":{\"@type\":\"EntryPoint\",\"urlTemplate\":\"http:\/\/10.100.20.231\/evaluacion-de-la-conformidad\/?s={search_term_string}\"},\"query-input\":\"required name=search_term_string\"}],\"inLanguage\":\"es-MX\"},{\"@type\":\"Organization\",\"@id\":\"http:\/\/10.100.20.231\/evaluacion-de-la-conformidad\/#organization\",\"name\":\"Evaluaci\u00f3n de la conformidad\",\"url\":\"http:\/\/10.100.20.231\/evaluacion-de-la-conformidad\/\",\"logo\":{\"@type\":\"ImageObject\",\"inLanguage\":\"es-MX\",\"@id\":\"http:\/\/10.100.20.231\/evaluacion-de-la-conformidad\/#\/schema\/logo\/image\/\",\"url\":\"http:\/\/10.100.20.231\/evaluacion-de-la-conformidad\/wp-content\/uploads\/sites\/5\/2021\/10\/logo-gobierno-mexico.svg\",\"contentUrl\":\"http:\/\/10.100.20.231\/evaluacion-de-la-conformidad\/wp-content\/uploads\/sites\/5\/2021\/10\/logo-gobierno-mexico.svg\",\"width\":123,\"height\":36,\"caption\":\"Evaluaci\u00f3n de la conformidad\"},\"image\":{\"@id\":\"http:\/\/10.100.20.231\/evaluacion-de-la-conformidad\/#\/schema\/logo\/image\/\"}}]}<\/script>\n<!-- \/ Yoast SEO plugin. -->","yoast_head_json":{"title":"Servicio Nacional de Informaci\u00f3n de Comercio Exterior (SNICE) - Evaluaci\u00f3n de la conformidad","description":"Descarga el documento del Acuerdo sobre Obst\u00e1culos T\u00e9cnicos al comercio de la Organizaci\u00f3n Mundial de Comercio que facilita el comercio internacional.","robots":{"index":"index","follow":"follow","max-snippet":"max-snippet:-1","max-image-preview":"max-image-preview:large","max-video-preview":"max-video-preview:-1"},"canonical":"http:\/\/10.100.20.231\/evaluacion-de-la-conformidad\/servicio-nacional-de-informacion-de-comercio-exterior-snice\/","og_locale":"es_MX","og_type":"article","og_title":"Servicio Nacional de Informaci\u00f3n de Comercio Exterior (SNICE) - Evaluaci\u00f3n de la conformidad","og_description":"Descarga el documento del Acuerdo sobre Obst\u00e1culos T\u00e9cnicos al comercio de la Organizaci\u00f3n Mundial de Comercio que facilita el comercio internacional.","og_url":"http:\/\/10.100.20.231\/evaluacion-de-la-conformidad\/servicio-nacional-de-informacion-de-comercio-exterior-snice\/","og_site_name":"Evaluaci\u00f3n de la conformidad","article_modified_time":"2023-10-25T16:57:25+00:00","og_image":[{"width":1200,"height":675,"url":"http:\/\/10.100.20.231\/evaluacion-de-la-conformidad\/wp-content\/uploads\/sites\/5\/2024\/05\/platiica-economia.jpg","type":"image\/jpeg"}],"twitter_card":"summary_large_image","twitter_misc":{"Tiempo de lectura":"1 minuto"},"schema":{"@context":"https:\/\/schema.org","@graph":[{"@type":"WebPage","@id":"http:\/\/10.100.20.231\/evaluacion-de-la-conformidad\/servicio-nacional-de-informacion-de-comercio-exterior-snice\/","url":"http:\/\/10.100.20.231\/evaluacion-de-la-conformidad\/servicio-nacional-de-informacion-de-comercio-exterior-snice\/","name":"Servicio Nacional de Informaci\u00f3n de Comercio Exterior (SNICE) - Evaluaci\u00f3n de la conformidad","isPartOf":{"@id":"http:\/\/10.100.20.231\/evaluacion-de-la-conformidad\/#website"},"datePublished":"2023-08-10T23:17:55+00:00","dateModified":"2023-10-25T16:57:25+00:00","description":"Descarga el documento del Acuerdo sobre Obst\u00e1culos T\u00e9cnicos al comercio de la Organizaci\u00f3n Mundial de Comercio que facilita el comercio internacional.","breadcrumb":{"@id":"http:\/\/10.100.20.231\/evaluacion-de-la-conformidad\/servicio-nacional-de-informacion-de-comercio-exterior-snice\/#breadcrumb"},"inLanguage":"es-MX","potentialAction":[{"@type":"ReadAction","target":["http:\/\/10.100.20.231\/evaluacion-de-la-conformidad\/servicio-nacional-de-informacion-de-comercio-exterior-snice\/"]}]},{"@type":"BreadcrumbList","@id":"http:\/\/10.100.20.231\/evaluacion-de-la-conformidad\/servicio-nacional-de-informacion-de-comercio-exterior-snice\/#breadcrumb","itemListElement":[{"@type":"ListItem","position":1,"name":"Inicio","item":"http:\/\/10.100.20.231\/evaluacion-de-la-conformidad\/"},{"@type":"ListItem","position":2,"name":"Servicio Nacional de Informaci\u00f3n de Comercio Exterior (SNICE)"}]},{"@type":"WebSite","@id":"http:\/\/10.100.20.231\/evaluacion-de-la-conformidad\/#website","url":"http:\/\/10.100.20.231\/evaluacion-de-la-conformidad\/","name":"Evaluaci\u00f3n de la conformidad","description":"","publisher":{"@id":"http:\/\/10.100.20.231\/evaluacion-de-la-conformidad\/#organization"},"potentialAction":[{"@type":"SearchAction","target":{"@type":"EntryPoint","urlTemplate":"http:\/\/10.100.20.231\/evaluacion-de-la-conformidad\/?s={search_term_string}"},"query-input":"required name=search_term_string"}],"inLanguage":"es-MX"},{"@type":"Organization","@id":"http:\/\/10.100.20.231\/evaluacion-de-la-conformidad\/#organization","name":"Evaluaci\u00f3n de la conformidad","url":"http:\/\/10.100.20.231\/evaluacion-de-la-conformidad\/","logo":{"@type":"ImageObject","inLanguage":"es-MX","@id":"http:\/\/10.100.20.231\/evaluacion-de-la-conformidad\/#\/schema\/logo\/image\/","url":"http:\/\/10.100.20.231\/evaluacion-de-la-conformidad\/wp-content\/uploads\/sites\/5\/2021\/10\/logo-gobierno-mexico.svg","contentUrl":"http:\/\/10.100.20.231\/evaluacion-de-la-conformidad\/wp-content\/uploads\/sites\/5\/2021\/10\/logo-gobierno-mexico.svg","width":123,"height":36,"caption":"Evaluaci\u00f3n de la conformidad"},"image":{"@id":"http:\/\/10.100.20.231\/evaluacion-de-la-conformidad\/#\/schema\/logo\/image\/"}}]}},"_links":{"self":[{"href":"http:\/\/10.100.20.231\/evaluacion-de-la-conformidad\/wp-json\/wp\/v2\/pages\/71713"}],"collection":[{"href":"http:\/\/10.100.20.231\/evaluacion-de-la-conformidad\/wp-json\/wp\/v2\/pages"}],"about":[{"href":"http:\/\/10.100.20.231\/evaluacion-de-la-conformidad\/wp-json\/wp\/v2\/types\/page"}],"author":[{"embeddable":true,"href":"http:\/\/10.100.20.231\/evaluacion-de-la-conformidad\/wp-json\/wp\/v2\/users\/5"}],"replies":[{"embeddable":true,"href":"http:\/\/10.100.20.231\/evaluacion-de-la-conformidad\/wp-json\/wp\/v2\/comments?post=71713"}],"version-history":[{"count":0,"href":"http:\/\/10.100.20.231\/evaluacion-de-la-conformidad\/wp-json\/wp\/v2\/pages\/71713\/revisions"}],"wp:attachment":[{"href":"http:\/\/10.100.20.231\/evaluacion-de-la-conformidad\/wp-json\/wp\/v2\/media?parent=71713"}],"curies":[{"name":"wp","href":"https:\/\/api.w.org\/{rel}","templated":true}]}}