{"id":71722,"date":"2023-08-10T17:27:11","date_gmt":"2023-08-10T23:27:11","guid":{"rendered":"http:\/\/10.100.20.231\/evaluacion-de-la-conformidad-de-normas-oficiales-mexicanas-estandares-y-normas-internacionales\/?page_id=71722"},"modified":"2023-10-25T10:58:40","modified_gmt":"2023-10-25T16:58:40","slug":"requisitos-para-solicitar-bajo-la-regla-247","status":"publish","type":"page","link":"http:\/\/10.100.20.231\/evaluacion-de-la-conformidad\/requisitos-para-solicitar-bajo-la-regla-247\/","title":{"rendered":"Requisitos para solicitar bajo la Regla 2.4.7"},"content":{"rendered":"\n<div class=\"wp-container-3 wp-block-group alignfull barra contenido-principal max-dos-tercios informativa\" id=\"filtrable\">\n<div class=\"wp-container-1 wp-block-group yoast-breadcrumbs\">\n<p><a href=\"https:\/\/platiica.economia.gob.mx\/\">Inicio<\/a> &gt; <a href=\"https:\/\/platiica.economia.gob.mx\/evaluacion-de-la-conformidad\/\">Evaluaci\u00f3n de la conformidad<\/a> &gt; <strong><strong><strong><strong><strong><strong><strong><strong><strong><strong><strong><strong><strong><strong><strong><strong><strong><strong><strong><strong>Requisitos para solicitar bajo la Regla 2.4.7<\/strong><\/strong><\/strong><\/strong><\/strong><\/strong><\/strong><\/strong><\/strong><\/strong><\/strong><\/strong><\/strong><\/strong><\/strong><\/strong><\/strong><\/strong><\/strong><\/strong><\/p>\n<\/div>\n\n\n\n<h1><strong><strong>Requisitos para solicitar bajo la Regla 2.4.7<\/strong><\/strong><\/h1>\n\n\n\n<p>La Regla 2.4.7 del Acuerdo por el que la Secretar\u00eda de Econom\u00eda emite Reglas y criterios de car\u00e1cter general en materia de comercio exterior, publicado en el Diario Oficial de la Federaci\u00f3n el 9 de mayo de 2022 (Acuerdo de Reglas de la SE), establece:<\/p>\n\n\n\n<p><\/p>\n\n\n\n<p>\u201c2.4.7 Los importadores de las mercanc\u00edas listadas en los numerales 1 y 5 del Anexo 2.4.1 del presente ordenamiento, que por sus condiciones f\u00edsicas y\/o caracter\u00edsticas no sean susceptibles de certificarse en lo individual, deber\u00e1n obtener la resoluci\u00f3n correspondiente emitida por la Autoridad Normalizadora competente, en la que se indiquen las razones por las cuales no es factible realizar las pruebas descritas en una NOM y por lo tanto, resulte imposible que un organismo de certificaci\u00f3n emita el certificado de conformidad correspondiente. La resoluci\u00f3n correspondiente incluir\u00e1 a las NOMs de informaci\u00f3n comercial, listadas en el numeral 3 del referido Anexo, aplicables a dicha mercanc\u00eda&#8221;.&nbsp;<\/p>\n\n\n\n<p><\/p>\n\n\n\n<p>La documentaci\u00f3n requerida para la emisi\u00f3n de una resoluci\u00f3n 2.4.7 es la siguiente:<\/p>\n\n\n\n<p><\/p>\n\n\n\n<ol><li>Escrito libre dirigido a la Direcci\u00f3n General de Normas, Calle Pachuca n\u00famero 189, Colonia Condesa, Demarcaci\u00f3n Territorial Cuauht\u00e9moc, C\u00f3digo Postal 06140, en la Ciudad de M\u00e9xico, debiendo contener la justificaci\u00f3n del por qu\u00e9 se considera que la mercanc\u00eda no es susceptible de certificarse o enviar mediante correo electr\u00f3nico dicha documentaci\u00f3n al correo controlgestiondgn@10.100.20.231.<\/li><li>Instructivos, ficha t\u00e9cnica en espa\u00f1ol en donde se indiquen las caracter\u00edsticas f\u00edsicas y\/o el\u00e9ctricas de la mercanc\u00eda que se pretende importar y, en su caso, fotograf\u00edas y\/o muestras.<\/li><li>Fracci\u00f3n arancelaria que se aplica espec\u00edficamente a la mercanc\u00eda que se pretende importar.<\/li><li>En su caso, documentaci\u00f3n comprobatoria de que la mercanc\u00eda ya fue sometida a pruebas de laboratorio conforme a las normas o reglamentos t\u00e9cnicos en el pa\u00eds de origen.<\/li><li>En su caso, informaci\u00f3n por parte del Organismo de Evaluaci\u00f3n de la Conformidad en M\u00e9xico en donde se indique que por las caracter\u00edsticas f\u00edsicas y\/o el\u00e9ctricas de la mercanc\u00eda no es posible llevar a cabo las pruebas.<\/li><li>Nombre y firma de la persona f\u00edsica que representa a la persona moral en cita, as\u00ed como el car\u00e1cter de dicha representaci\u00f3n;<\/li><li>Documento vigente que avale la representaci\u00f3n, e<\/li><li>Identificaci\u00f3n Oficial Vigente de la persona f\u00edsica que represente a la mencionada persona moral.<\/li><\/ol>\n\n\n\n<div style=\"height:100px\" aria-hidden=\"true\" class=\"wp-block-spacer\"><\/div>\n\n\n\n<div class=\"wp-container-2 wp-block-group adicional\">\n<p><strong>Te puede interesar:<\/strong><\/p>\n\n\n\n<p><a href=\"https:\/\/platiica.economia.gob.mx\/evaluacion-de-la-conformidad\/entidades-de-acreditacion\/\">&gt; Entidades de Acreditaci\u00f3n<\/a><\/p>\n\n\n\n<p><a href=\"https:\/\/platiica.economia.gob.mx\/evaluacion-de-la-conformidad\/organismos-de-evaluacion-de-la-conformidad\/\">&gt; Organismos de Evaluaci\u00f3n de la Conformidad<\/a><\/p>\n<\/div>\n<\/div>\n","protected":false},"excerpt":{"rendered":"<p>Son sistemas que facilitan el reconocimiento voluntario o la aceptaci\u00f3n de los resultados de los organismos de evaluaci\u00f3n de la conformidad o las entidades de acreditaci\u00f3n por parte de las autoridades competentes<\/p>\n","protected":false},"author":5,"featured_media":0,"parent":0,"menu_order":0,"comment_status":"closed","ping_status":"closed","template":"","meta":{"_links_to":"","_links_to_target":""},"yoast_head":"<!-- This site is optimized with the Yoast SEO plugin v21.5 - https:\/\/yoast.com\/wordpress\/plugins\/seo\/ -->\n<title>Requisitos para solicitar bajo la Regla 2.4.7 - Evaluaci\u00f3n de la conformidad<\/title>\n<meta name=\"description\" content=\"Revisa los sistemas internacionales de evaluaci\u00f3n de la conformidad que facilitan el reconocimiento de los resultados sobre el cumplimiento de normas.\" \/>\n<meta name=\"robots\" content=\"index, follow, max-snippet:-1, max-image-preview:large, max-video-preview:-1\" \/>\n<link rel=\"canonical\" href=\"http:\/\/10.100.20.231\/evaluacion-de-la-conformidad\/requisitos-para-solicitar-bajo-la-regla-247\/\" \/>\n<meta property=\"og:locale\" content=\"es_MX\" \/>\n<meta property=\"og:type\" content=\"article\" \/>\n<meta property=\"og:title\" content=\"Requisitos para solicitar bajo la Regla 2.4.7 - Evaluaci\u00f3n de la conformidad\" \/>\n<meta property=\"og:description\" content=\"Revisa los sistemas internacionales de evaluaci\u00f3n de la conformidad que facilitan el reconocimiento de los resultados sobre el cumplimiento de normas.\" \/>\n<meta property=\"og:url\" content=\"http:\/\/10.100.20.231\/evaluacion-de-la-conformidad\/requisitos-para-solicitar-bajo-la-regla-247\/\" \/>\n<meta property=\"og:site_name\" content=\"Evaluaci\u00f3n de la conformidad\" \/>\n<meta property=\"article:modified_time\" content=\"2023-10-25T16:58:40+00:00\" \/>\n<meta property=\"og:image\" content=\"http:\/\/10.100.20.231\/evaluacion-de-la-conformidad\/wp-content\/uploads\/sites\/5\/2024\/05\/platiica-economia.jpg\" \/>\n\t<meta property=\"og:image:width\" content=\"1200\" \/>\n\t<meta property=\"og:image:height\" content=\"675\" \/>\n\t<meta property=\"og:image:type\" content=\"image\/jpeg\" \/>\n<meta name=\"twitter:card\" content=\"summary_large_image\" \/>\n<meta name=\"twitter:label1\" content=\"Tiempo de lectura\" \/>\n\t<meta name=\"twitter:data1\" content=\"2 minutos\" \/>\n<script type=\"application\/ld+json\" class=\"yoast-schema-graph\">{\"@context\":\"https:\/\/schema.org\",\"@graph\":[{\"@type\":\"WebPage\",\"@id\":\"http:\/\/10.100.20.231\/evaluacion-de-la-conformidad\/requisitos-para-solicitar-bajo-la-regla-247\/\",\"url\":\"http:\/\/10.100.20.231\/evaluacion-de-la-conformidad\/requisitos-para-solicitar-bajo-la-regla-247\/\",\"name\":\"Requisitos para solicitar bajo la Regla 2.4.7 - Evaluaci\u00f3n de la conformidad\",\"isPartOf\":{\"@id\":\"http:\/\/10.100.20.231\/evaluacion-de-la-conformidad\/#website\"},\"datePublished\":\"2023-08-10T23:27:11+00:00\",\"dateModified\":\"2023-10-25T16:58:40+00:00\",\"description\":\"Revisa los sistemas internacionales de evaluaci\u00f3n de la conformidad que facilitan el reconocimiento de los resultados sobre el cumplimiento de normas.\",\"breadcrumb\":{\"@id\":\"http:\/\/10.100.20.231\/evaluacion-de-la-conformidad\/requisitos-para-solicitar-bajo-la-regla-247\/#breadcrumb\"},\"inLanguage\":\"es-MX\",\"potentialAction\":[{\"@type\":\"ReadAction\",\"target\":[\"http:\/\/10.100.20.231\/evaluacion-de-la-conformidad\/requisitos-para-solicitar-bajo-la-regla-247\/\"]}]},{\"@type\":\"BreadcrumbList\",\"@id\":\"http:\/\/10.100.20.231\/evaluacion-de-la-conformidad\/requisitos-para-solicitar-bajo-la-regla-247\/#breadcrumb\",\"itemListElement\":[{\"@type\":\"ListItem\",\"position\":1,\"name\":\"Inicio\",\"item\":\"http:\/\/10.100.20.231\/evaluacion-de-la-conformidad\/\"},{\"@type\":\"ListItem\",\"position\":2,\"name\":\"Requisitos para solicitar bajo la Regla 2.4.7\"}]},{\"@type\":\"WebSite\",\"@id\":\"http:\/\/10.100.20.231\/evaluacion-de-la-conformidad\/#website\",\"url\":\"http:\/\/10.100.20.231\/evaluacion-de-la-conformidad\/\",\"name\":\"Evaluaci\u00f3n de la conformidad\",\"description\":\"\",\"publisher\":{\"@id\":\"http:\/\/10.100.20.231\/evaluacion-de-la-conformidad\/#organization\"},\"potentialAction\":[{\"@type\":\"SearchAction\",\"target\":{\"@type\":\"EntryPoint\",\"urlTemplate\":\"http:\/\/10.100.20.231\/evaluacion-de-la-conformidad\/?s={search_term_string}\"},\"query-input\":\"required name=search_term_string\"}],\"inLanguage\":\"es-MX\"},{\"@type\":\"Organization\",\"@id\":\"http:\/\/10.100.20.231\/evaluacion-de-la-conformidad\/#organization\",\"name\":\"Evaluaci\u00f3n de la conformidad\",\"url\":\"http:\/\/10.100.20.231\/evaluacion-de-la-conformidad\/\",\"logo\":{\"@type\":\"ImageObject\",\"inLanguage\":\"es-MX\",\"@id\":\"http:\/\/10.100.20.231\/evaluacion-de-la-conformidad\/#\/schema\/logo\/image\/\",\"url\":\"http:\/\/10.100.20.231\/evaluacion-de-la-conformidad\/wp-content\/uploads\/sites\/5\/2021\/10\/logo-gobierno-mexico.svg\",\"contentUrl\":\"http:\/\/10.100.20.231\/evaluacion-de-la-conformidad\/wp-content\/uploads\/sites\/5\/2021\/10\/logo-gobierno-mexico.svg\",\"width\":123,\"height\":36,\"caption\":\"Evaluaci\u00f3n de la conformidad\"},\"image\":{\"@id\":\"http:\/\/10.100.20.231\/evaluacion-de-la-conformidad\/#\/schema\/logo\/image\/\"}}]}<\/script>\n<!-- \/ Yoast SEO plugin. -->","yoast_head_json":{"title":"Requisitos para solicitar bajo la Regla 2.4.7 - Evaluaci\u00f3n de la conformidad","description":"Revisa los sistemas internacionales de evaluaci\u00f3n de la conformidad que facilitan el reconocimiento de los resultados sobre el cumplimiento de normas.","robots":{"index":"index","follow":"follow","max-snippet":"max-snippet:-1","max-image-preview":"max-image-preview:large","max-video-preview":"max-video-preview:-1"},"canonical":"http:\/\/10.100.20.231\/evaluacion-de-la-conformidad\/requisitos-para-solicitar-bajo-la-regla-247\/","og_locale":"es_MX","og_type":"article","og_title":"Requisitos para solicitar bajo la Regla 2.4.7 - Evaluaci\u00f3n de la conformidad","og_description":"Revisa los sistemas internacionales de evaluaci\u00f3n de la conformidad que facilitan el reconocimiento de los resultados sobre el cumplimiento de normas.","og_url":"http:\/\/10.100.20.231\/evaluacion-de-la-conformidad\/requisitos-para-solicitar-bajo-la-regla-247\/","og_site_name":"Evaluaci\u00f3n de la conformidad","article_modified_time":"2023-10-25T16:58:40+00:00","og_image":[{"width":1200,"height":675,"url":"http:\/\/10.100.20.231\/evaluacion-de-la-conformidad\/wp-content\/uploads\/sites\/5\/2024\/05\/platiica-economia.jpg","type":"image\/jpeg"}],"twitter_card":"summary_large_image","twitter_misc":{"Tiempo de lectura":"2 minutos"},"schema":{"@context":"https:\/\/schema.org","@graph":[{"@type":"WebPage","@id":"http:\/\/10.100.20.231\/evaluacion-de-la-conformidad\/requisitos-para-solicitar-bajo-la-regla-247\/","url":"http:\/\/10.100.20.231\/evaluacion-de-la-conformidad\/requisitos-para-solicitar-bajo-la-regla-247\/","name":"Requisitos para solicitar bajo la Regla 2.4.7 - Evaluaci\u00f3n de la conformidad","isPartOf":{"@id":"http:\/\/10.100.20.231\/evaluacion-de-la-conformidad\/#website"},"datePublished":"2023-08-10T23:27:11+00:00","dateModified":"2023-10-25T16:58:40+00:00","description":"Revisa los sistemas internacionales de evaluaci\u00f3n de la conformidad que facilitan el reconocimiento de los resultados sobre el cumplimiento de normas.","breadcrumb":{"@id":"http:\/\/10.100.20.231\/evaluacion-de-la-conformidad\/requisitos-para-solicitar-bajo-la-regla-247\/#breadcrumb"},"inLanguage":"es-MX","potentialAction":[{"@type":"ReadAction","target":["http:\/\/10.100.20.231\/evaluacion-de-la-conformidad\/requisitos-para-solicitar-bajo-la-regla-247\/"]}]},{"@type":"BreadcrumbList","@id":"http:\/\/10.100.20.231\/evaluacion-de-la-conformidad\/requisitos-para-solicitar-bajo-la-regla-247\/#breadcrumb","itemListElement":[{"@type":"ListItem","position":1,"name":"Inicio","item":"http:\/\/10.100.20.231\/evaluacion-de-la-conformidad\/"},{"@type":"ListItem","position":2,"name":"Requisitos para solicitar bajo la Regla 2.4.7"}]},{"@type":"WebSite","@id":"http:\/\/10.100.20.231\/evaluacion-de-la-conformidad\/#website","url":"http:\/\/10.100.20.231\/evaluacion-de-la-conformidad\/","name":"Evaluaci\u00f3n de la conformidad","description":"","publisher":{"@id":"http:\/\/10.100.20.231\/evaluacion-de-la-conformidad\/#organization"},"potentialAction":[{"@type":"SearchAction","target":{"@type":"EntryPoint","urlTemplate":"http:\/\/10.100.20.231\/evaluacion-de-la-conformidad\/?s={search_term_string}"},"query-input":"required name=search_term_string"}],"inLanguage":"es-MX"},{"@type":"Organization","@id":"http:\/\/10.100.20.231\/evaluacion-de-la-conformidad\/#organization","name":"Evaluaci\u00f3n de la conformidad","url":"http:\/\/10.100.20.231\/evaluacion-de-la-conformidad\/","logo":{"@type":"ImageObject","inLanguage":"es-MX","@id":"http:\/\/10.100.20.231\/evaluacion-de-la-conformidad\/#\/schema\/logo\/image\/","url":"http:\/\/10.100.20.231\/evaluacion-de-la-conformidad\/wp-content\/uploads\/sites\/5\/2021\/10\/logo-gobierno-mexico.svg","contentUrl":"http:\/\/10.100.20.231\/evaluacion-de-la-conformidad\/wp-content\/uploads\/sites\/5\/2021\/10\/logo-gobierno-mexico.svg","width":123,"height":36,"caption":"Evaluaci\u00f3n de la conformidad"},"image":{"@id":"http:\/\/10.100.20.231\/evaluacion-de-la-conformidad\/#\/schema\/logo\/image\/"}}]}},"_links":{"self":[{"href":"http:\/\/10.100.20.231\/evaluacion-de-la-conformidad\/wp-json\/wp\/v2\/pages\/71722"}],"collection":[{"href":"http:\/\/10.100.20.231\/evaluacion-de-la-conformidad\/wp-json\/wp\/v2\/pages"}],"about":[{"href":"http:\/\/10.100.20.231\/evaluacion-de-la-conformidad\/wp-json\/wp\/v2\/types\/page"}],"author":[{"embeddable":true,"href":"http:\/\/10.100.20.231\/evaluacion-de-la-conformidad\/wp-json\/wp\/v2\/users\/5"}],"replies":[{"embeddable":true,"href":"http:\/\/10.100.20.231\/evaluacion-de-la-conformidad\/wp-json\/wp\/v2\/comments?post=71722"}],"version-history":[{"count":0,"href":"http:\/\/10.100.20.231\/evaluacion-de-la-conformidad\/wp-json\/wp\/v2\/pages\/71722\/revisions"}],"wp:attachment":[{"href":"http:\/\/10.100.20.231\/evaluacion-de-la-conformidad\/wp-json\/wp\/v2\/media?parent=71722"}],"curies":[{"name":"wp","href":"https:\/\/api.w.org\/{rel}","templated":true}]}}