{"id":116,"date":"2021-10-18T10:06:26","date_gmt":"2021-10-18T15:06:26","guid":{"rendered":"http:\/\/10.100.20.231\/?page_id=116"},"modified":"2023-12-15T12:32:40","modified_gmt":"2023-12-15T18:32:40","slug":"inicio","status":"publish","type":"page","link":"http:\/\/10.100.20.231\/metrologia\/","title":{"rendered":"Sistema de Metrolog\u00eda"},"content":{"rendered":"\n<div class=\"wp-container-2 wp-block-group alignfull intro has-background-background-color has-background\" id=\"intro-inicio\">\n<div class=\"wp-block-columns\">\n<div class=\"wp-block-column\" style=\"flex-basis:66.66%\">\n<h1 id=\"e-economia-gob-mx\">Sistema de Metrolog\u00eda<\/h1>\n<\/div>\n<\/div>\n\n\n\n<div class=\"wp-block-columns\">\n<div class=\"wp-block-column\" style=\"flex-basis:58%\" id=\"intro-buscador\">\n<p>El sistema de metrolog\u00eda forma parte del Sistema Nacional de Infraestructura de la Calidad, su objetivo es procurar la uniformidad y confiabilidad de las mediciones que se realizan en el pa\u00eds y asegurar la comparabilidad de las mismas respecto de las realizadas en otros pa\u00edses, a trav\u00e9s de la <a href=\"https:\/\/platiica.economia.gob.mx\/metrologia\/metrologia-cientifica\/\">metrolog\u00eda cient\u00edfica<\/a>, la <a href=\"https:\/\/platiica.economia.gob.mx\/metrologia\/metrologia-legal\/\">metrolog\u00eda legal<\/a> y la <a href=\"https:\/\/platiica.economia.gob.mx\/metrologia\/metrologia-industrial\/\">metrolog\u00eda industrial<\/a>.<\/p>\n\n\n\n<p class=\"has-text-align-left\">La metrolog\u00eda proporciona los elementos t\u00e9cnicos necesarios para demostrar el cumplimiento de las Normas Oficiales Mexicanas y Est\u00e1ndares a trav\u00e9s de la Evaluaci\u00f3n de la Conformidad; as\u00ed como para establecer la equivalencia de las mediciones realizadas en M\u00e9xico y otros pa\u00edses, lo cual permite una operaci\u00f3n robusta del Sistema Nacional de Infraestructura de la Calidad. <\/p>\n<\/div>\n\n\n\n<div class=\"wp-block-column\" style=\"flex-basis:33.33%\">\n<div class=\"wp-container-1 wp-block-group\"><\/div>\n<\/div>\n<\/div>\n<\/div>\n\n\n\n<section class=\"wp-container-4 wp-block-group alignfull ancho-completo has-background\" style=\"background-color:#f4f4f4;padding-top:80px;padding-bottom:60px\">\n<div class=\"wp-container-3 wp-block-group contenido\">\n<h2 class=\"max-dos-tercios\" style=\"margin-bottom:92px\">Campos de aplicaci\u00f3n de la metrolog\u00eda<\/h2>\n\n\n\n<div class=\"wp-block-columns ancho-completo-dos-columnas\">\n<div class=\"wp-block-column\">\n<h3>Metrolog\u00eda cient\u00edfica<\/h3>\n\n\n\n<p>La metrolog\u00eda cient\u00edfica es la ciencia de la medici\u00f3n precisa y confiable, fundamental para la investigaci\u00f3n y el desarrollo tecnol\u00f3gico.<\/p>\n\n\n\n<p class=\"ver-mas\"><a href=\"https:\/\/platiica.economia.gob.mx\/metrologia\/metrologia-cientifica\/\">M\u00e1s informaci\u00f3n<\/a><\/p>\n<\/div>\n\n\n\n<div class=\"wp-block-column\">\n<h3>Metrolog\u00eda industrial<\/h3>\n\n\n\n<p>La metrolog\u00eda industrial se enfoca en la medici\u00f3n y control de procesos y productos en la industria, asegurando la calidad y eficiencia en la producci\u00f3n.<\/p>\n\n\n\n<p class=\"ver-mas\"><a href=\"https:\/\/platiica.economia.gob.mx\/metrologia\/metrologia-industrial\/\">M\u00e1s informaci\u00f3n<\/a><\/p>\n<\/div>\n<\/div>\n\n\n\n<div class=\"wp-block-columns ancho-completo-dos-columnas\">\n<div class=\"wp-block-column\">\n<h3>Metrolog\u00eda legal<\/h3>\n\n\n\n<p>La metrolog\u00eda legal establece las normas y reglamentos para garantizar la exactitud y la confiabilidad de las mediciones en transacciones comerciales y legales.<\/p>\n\n\n\n<p class=\"ver-mas\"><a href=\"https:\/\/platiica.economia.gob.mx\/metrologia\/metrologia-legal\/\">M\u00e1s informaci\u00f3n<\/a><\/p>\n<\/div>\n\n\n\n<div class=\"wp-block-column\"><\/div>\n<\/div>\n<\/div>\n<\/section>\n\n\n\n<section class=\"wp-container-6 wp-block-group alignfull ancho-completo\" style=\"padding-top:80px;padding-bottom:60px\">\n<div class=\"wp-container-5 wp-block-group contenido\">\n<h2 class=\"max-dos-tercios\" style=\"margin-bottom:92px\">Elementos clave de la metrolog\u00eda<\/h2>\n\n\n\n<div class=\"wp-block-columns ancho-completo-dos-columnas\">\n<div class=\"wp-block-column\">\n<h3>Sistema General de Unidades de Medida<\/h3>\n\n\n\n<p>Unidades y s\u00edmbolos que de forma estandarizada y obligatoria deben emplearse en transacciones comerciales, prestaci\u00f3n de servicios y documentaci\u00f3n relevante para la operaci\u00f3n uniforme del Sistema Nacional Infraestructura de la Calidad, entre otros.&nbsp;&nbsp;&nbsp;&nbsp;<\/p>\n\n\n\n<p class=\"ver-mas\"><a href=\"https:\/\/platiica.economia.gob.mx\/metrologia\/sistema-general-de-unidades-de-medida\/\">M\u00e1s informaci\u00f3n<\/a><\/p>\n<\/div>\n\n\n\n<div class=\"wp-block-column\">\n<h3>Patrones nacionales de medida<\/h3>\n\n\n\n<p>Referencias nacionales para asegurar la uniformidad, equivalencia y estandarizaci\u00f3n de las mediciones en los servicios de calibraci\u00f3n y medici\u00f3n en cualquier \u00e1rea de la actividad productiva, comercial o socioecon\u00f3mica del pa\u00eds.<\/p>\n\n\n\n<p class=\"ver-mas\"><a href=\"https:\/\/platiica.economia.gob.mx\/metrologia\/patrones-nacionales-de-medida\/\">M\u00e1s informaci\u00f3n<\/a><\/p>\n<\/div>\n<\/div>\n\n\n\n<div class=\"wp-block-columns ancho-completo-dos-columnas\">\n<div class=\"wp-block-column\">\n<h3>Materiales de referencia certificados<\/h3>\n\n\n\n<p>Patrones de referencia confiables para estandarizar las mediciones realizadas por los laboratorios de prueba, ensayos o medici\u00f3n en el pa\u00eds; siendo un elemento clave para asegurar la validez de los resultados obtenidos por un Organismo de Evaluaci\u00f3n de la Conformidad.<\/p>\n\n\n\n<p class=\"ver-mas\"><a href=\"https:\/\/platiica.economia.gob.mx\/metrologia\/materiales-de-referencia-certificados\/\">M\u00e1s informaci\u00f3n<\/a><\/p>\n<\/div>\n\n\n\n<div class=\"wp-block-column\">\n<h3>Instrumentos para medir que cuentan con aprobaci\u00f3n de modelo<\/h3>\n\n\n\n<p>Estos cumplen y establecen las medidas base obligatorias en servicios de control metrol\u00f3gico relacionados con la evaluaci\u00f3n de la conformidad.<\/p>\n\n\n\n<p class=\"ver-mas\"><a href=\"https:\/\/platiica.economia.gob.mx\/metrologia\/instrumentos-para-medir-que-cuentan-con-aprobacion-de-modelo\/\">M\u00e1s informaci\u00f3n<\/a><\/p>\n<\/div>\n<\/div>\n<\/div>\n<\/section>\n\n\n\n<section class=\"wp-container-9 wp-block-group alignfull ancho-completo has-background\" id=\"coordinadoras\" style=\"background-color:#f4f4f4;padding-top:80px;padding-bottom:60px\">\n<div class=\"wp-container-8 wp-block-group contenido\">\n<div class=\"wp-container-7 wp-block-group ancho-completo-dos-columnas encabezado-ancho\">\n<h2>Entidades que conforman el Sistema de Metrolog\u00eda<\/h2>\n\n\n\n<div class=\"wp-block-columns ancho-completo-dos-columnas\">\n<div class=\"wp-block-column\">\n<h3>Centro Nacional de Metrolog\u00eda<\/h3>\n\n\n\n<p>Instituci\u00f3n del Estado Mexicano l\u00edder en la ciencia de las mediciones que contribuye al bienestar de la poblaci\u00f3n y al desarrollo econ\u00f3mico incluyente. M\u00e1xima instituci\u00f3n en el pa\u00eds en materia de investigaci\u00f3n y desarrollo tecnol\u00f3gico en el campo de la metrolog\u00eda y sus aplicaciones; ofrece soluciones innovadoras y servicios basados en el conocimiento cient\u00edfico y el desarrollo tecnol\u00f3gico que inciden positivamente en el comercio, la competitividad industrial y la calidad de vida.<\/p>\n\n\n\n<p class=\"ver-mas\"><a href=\"https:\/\/platiica.economia.gob.mx\/metrologia\/centro-nacional-de-metrologia-cenam\/\">M\u00e1s informaci\u00f3n<\/a><\/p>\n<\/div>\n\n\n\n<div class=\"wp-block-column\">\n<h3>Institutos Designados de Metrolog\u00eda<\/h3>\n\n\n\n<p>Entes p\u00fablicos autorizados por la Secretar\u00eda de Econom\u00eda para participar en el Arreglo de Reconocimiento Mutuo del Comit\u00e9 Internacional de Pesas y Medidas.<\/p>\n\n\n\n<p class=\"ver-mas\"><a href=\"https:\/\/platiica.economia.gob.mx\/metrologia\/institutos-designados-de-metrologia\/\">M\u00e1s informaci\u00f3n<\/a><\/p>\n<\/div>\n<\/div>\n\n\n\n<div class=\"wp-block-columns ancho-completo-dos-columnas\">\n<div class=\"wp-block-column\">\n<h3>Entidades de Acreditaci\u00f3n<\/h3>\n\n\n\n<p>Personas morales autorizadas por la Secretar\u00eda de Econom\u00eda para resolver, conocer y tramitar sobre las solicitudes de Acreditaci\u00f3n de las personas morales que pretendan operar como Organismos de Evaluaci\u00f3n de la Conformidad.<\/p>\n\n\n\n<p class=\"ver-mas\"><a href=\"https:\/\/platiica.economia.gob.mx\/evaluacion-de-la-conformidad\/entidades-de-acreditacion\/\">M\u00e1s informaci\u00f3n<\/a><\/p>\n\n\n\n<h3>Entidades p\u00fablicas y privadas que la Secretar\u00eda determine<\/h3>\n\n\n\n<p>Las determinadas por la Secretar\u00eda de Econom\u00eda con la opini\u00f3n favorable del <a href=\"https:\/\/platiica.economia.gob.mx\/metrologia\/centro-nacional-de-metrologia-cenam\/\">Centro Nacional de Metrolog\u00eda<\/a> o de los<a href=\"https:\/\/platiica.economia.gob.mx\/metrologia\/institutos-designados-de-metrologia\/\"> Institutos Designados de Metrolog\u00eda<\/a><\/p>\n<\/div>\n\n\n\n<div class=\"wp-block-column\">\n<h3>Organismos de Evaluaci\u00f3n de la Conformidad<\/h3>\n\n\n\n<p>Personas que cuentan con Acreditaci\u00f3n otorgada por las Entidades de Acreditaci\u00f3n y aprobadas por las autoridades competentes para comprobar que los productos, procesos o servicios, cumplen con una Norma Oficial Mexicana, Norma Mexicana o Est\u00e1ndar o Normas Internacionales.<\/p>\n\n\n\n<p class=\"ver-mas\"><a href=\"https:\/\/platiica.economia.gob.mx\/evaluacion-de-la-conformidad\/organismos-de-evaluacion-de-la-conformidad\/\">M\u00e1s informaci\u00f3n<\/a><\/p>\n<\/div>\n<\/div>\n<\/div>\n<\/div>\n<\/section>\n\n\n\n<section class=\"wp-container-12 wp-block-group alignfull ancho-completo\" style=\"padding-top:10px;padding-bottom:60px\">\n<div class=\"wp-container-11 wp-block-group contenido\">\n<h4>Tr\u00e1mites relacionados<\/h4>\n\n\n\n<ul class=\"max-dos-tecios\"><li>Autorizaci\u00f3n para el uso de unidades de medida previstas en otros sistemas de unidades de medida<\/li><li>Autorizaci\u00f3n de uso de materiales de referencia<\/li><li>Autorizaci\u00f3n para utilizar o aplicar materiales, equipos, procesos, m\u00e9todos de prueba, mecanismos, procedimientos o tecnolog\u00edas alternativas en las Normas Oficiales Mexicanas competencia de la Secretar\u00eda de Econom\u00eda<\/li><\/ul>\n\n\n\n<div class=\"wp-container-10 wp-block-buttons\">\n<div class=\"wp-block-button has-custom-font-size has-normal-font-size\"><a class=\"wp-block-button__link has-background\" href=\"https:\/\/platiica.economia.gob.mx\/listado-de-tramites\" style=\"border-radius:3px;background-color:#691c32\">Tr\u00e1mites<\/a><\/div>\n<\/div>\n<\/div>\n<\/section>\n\n\n\n<section class=\"wp-container-14 wp-block-group alignfull ancho-completo has-background\" id=\"metrologia-internacional\" style=\"background-color:#f4f4f4;padding-top:80px;padding-bottom:60px\">\n<div class=\"wp-container-13 wp-block-group contenido\">\n<div class=\"wp-block-columns\">\n<div class=\"wp-block-column\" style=\"flex-basis:66.6%\">\n<h2>Metrolog\u00eda en el \u00e1mbito internacional<\/h2>\n\n\n\n<p>Contempla las unidades est\u00e1ndar de medici\u00f3n y la documentaci\u00f3n t\u00e9cnica para su adopci\u00f3n global y las entidades que las establecen.<\/p>\n\n\n\n<ul><li><a href=\"https:\/\/platiica.economia.gob.mx\/metrologia\/trazabilidad-de-las-medidas-a-patrones-internacionales-o-extranjeros-de-medida\/\">Trazabilidad de las medidas a patrones internacionales o extranjeros de medida<\/a><\/li><li><a href=\"https:\/\/platiica.economia.gob.mx\/metrologia\/comite-internacional-de-pesos-y-medidas-cipm\/\">Comit\u00e9 Internacional de Pesas y Medidas (CIPM)<\/a><ul><li><a href=\"https:\/\/platiica.economia.gob.mx\/metrologia\/sistema-internacional-de-unidades\/\">Sistema Internacional de Unidades<\/a><\/li><li><a href=\"https:\/\/platiica.economia.gob.mx\/metrologia\/arreglo-de-reconocimiento-mutuo-del-comite-internacional-de-pesas-y-medidas\/\">Arreglo de Reconocimiento Mutuo del Comit\u00e9 Internacional de Pesas y Medidas<\/a><\/li><\/ul><\/li><li><a href=\"https:\/\/platiica.economia.gob.mx\/metrologia\/organizacion-internacional-de-metrologia-legal-oiml\/\">Organizaci\u00f3n Internacional de Metrolog\u00eda Legal (OIML)<\/a><\/li><\/ul>\n<\/div>\n\n\n\n<div class=\"wp-block-column\" style=\"flex-basis:33.3%\"><\/div>\n<\/div>\n<\/div>\n<\/section>\n\n\n\n<div class=\"wp-container-16 wp-block-group alignfull\" id=\"contacto-footer\">\n<div class=\"wp-block-columns\">\n<div class=\"wp-block-column\" style=\"flex-basis:67%\">\n<h2 id=\"contacto\">Contacto<\/h2>\n\n\n\n<p>Pachuca 189 Col. Condesa, Demarcaci\u00f3n Territorial Cuauht\u00e9moc 06140 Ciudad de M\u00e9xico<br>Conmutador: <a href=\"tel:5557299100\">(55) 5729-9100<\/a> Ext. 13218<br>Atenci\u00f3n Ciudadana: <a href=\"tel:5552296260\">(55)5229-6260<\/a> y <a href=\"tel:5552296264\">(55)5229-6264<\/a><br><a href=\"mailto:platiica@economia.gob.mx\">platiica@economia.gob.mx<\/a><br><a href=\"mailto:contacto.ciudadano@economia.gob.mx\"><\/a><a href=\"mailto:contacto.ciudadano@economia.gob.mx\">contacto.ciudadano@economia.gob.mx<\/a><br>Secretar\u00eda de Econom\u00eda.<\/p>\n<\/div>\n\n\n\n<div class=\"wp-block-column\">\n<h3 id=\"contacto\">S\u00edguenos en<\/h3>\n\n\n\n<div class=\"wp-container-15 wp-block-group\" style=\"padding-top:0px;padding-right:0px;padding-bottom:0px;padding-left:0px\">\n<figure class=\"wp-block-image size-full is-resized\"><a href=\"https:\/\/twitter.com\/SE_mx\" target=\"_blank\" rel=\"Twitter Secretar\u00eda de Econom\u00eda noopener\"><img loading=\"lazy\" src=\"https:\/\/platiica.economia.gob.mx\/metrologia\/wp-content\/uploads\/2023\/12\/x-logo.svg\" alt=\"\" class=\"wp-image-228509\" width=\"27\" height=\"27\"\/><\/a><\/figure>\n\n\n\n<figure class=\"wp-block-image size-large is-resized\"><a href=\"https:\/\/es-la.facebook.com\/SE.Economia\/\" target=\"_blank\" rel=\"Facebook Secretar\u00eda de Econom\u00eda noopener\"><img loading=\"lazy\" src=\"https:\/\/platiica.economia.gob.mx\/metrologia\/wp-content\/uploads\/2023\/12\/fb-logo.svg\" alt=\"\" class=\"wp-image-228510\" width=\"27\" height=\"27\"\/><\/a><\/figure>\n\n\n\n<figure class=\"wp-block-image size-large is-resized\"><a href=\"https:\/\/www.instagram.com\/secretariaeconomia\/\" target=\"_blank\" rel=\"Instagram Secretar\u00eda de Economia noopener\"><img loading=\"lazy\" src=\"https:\/\/platiica.economia.gob.mx\/metrologia\/wp-content\/uploads\/2023\/12\/ig-logo.svg\" alt=\"\" class=\"wp-image-228511\" width=\"27\" height=\"27\"\/><\/a><\/figure>\n\n\n\n<figure class=\"wp-block-image size-large is-resized\"><a href=\"https:\/\/www.youtube.com\/channel\/UCBFqO4hPZ1rKgjf_CqqbS6g\" target=\"_blank\" rel=\"YouTube Secretar\u00eda de Econom\u00eda noopener\"><img loading=\"lazy\" src=\"https:\/\/platiica.economia.gob.mx\/metrologia\/wp-content\/uploads\/2023\/12\/yt-logo.svg\" alt=\"\" class=\"wp-image-228512\" width=\"27\" height=\"27\"\/><\/a><\/figure>\n<\/div>\n<\/div>\n<\/div>\n<\/div>\n","protected":false},"excerpt":{"rendered":"<p>El objetivo del sistema de metrolog\u00eda es procurar la uniformidad y confiabilidad de las mediciones que se realizan en el pa\u00eds y asegurar la comparabilidad de las mismas respecto de las realizadas en otros pa\u00edses<\/p>\n","protected":false},"author":4,"featured_media":0,"parent":0,"menu_order":0,"comment_status":"closed","ping_status":"closed","template":"","meta":{"_links_to":"","_links_to_target":""},"yoast_head":"<!-- This site is optimized with the Yoast SEO plugin v21.5 - https:\/\/yoast.com\/wordpress\/plugins\/seo\/ -->\n<title>Sistema de metrolog\u00eda - Secretar\u00eda de Econom\u00eda<\/title>\n<meta name=\"description\" content=\"Accede a informaci\u00f3n sobre los trabajos de metrolog\u00eda en M\u00e9xico, sus elementos clave y las entidades coordinadoras del sistema de metrolog\u00eda nacional.\" \/>\n<meta name=\"robots\" content=\"index, follow, max-snippet:-1, max-image-preview:large, max-video-preview:-1\" \/>\n<link rel=\"canonical\" href=\"http:\/\/10.100.20.231\/metrologia\/\" \/>\n<meta property=\"og:locale\" content=\"es_MX\" \/>\n<meta property=\"og:type\" content=\"article\" \/>\n<meta property=\"og:title\" content=\"Sistema de metrolog\u00eda - Secretar\u00eda de Econom\u00eda\" \/>\n<meta property=\"og:description\" content=\"Accede a informaci\u00f3n sobre los trabajos de metrolog\u00eda en M\u00e9xico, sus elementos clave y las entidades coordinadoras del sistema de metrolog\u00eda nacional.\" \/>\n<meta property=\"og:url\" content=\"http:\/\/10.100.20.231\/metrologia\/\" \/>\n<meta property=\"og:site_name\" content=\"Sistema de metrolog\u00eda\" \/>\n<meta property=\"article:modified_time\" content=\"2023-12-15T18:32:40+00:00\" \/>\n<meta property=\"og:image\" content=\"http:\/\/10.100.20.231\/metrologia\/wp-content\/uploads\/2023\/12\/x-logo.svg\" \/>\n<meta name=\"twitter:card\" content=\"summary_large_image\" \/>\n<meta name=\"twitter:label1\" content=\"Tiempo de lectura\" \/>\n\t<meta name=\"twitter:data1\" content=\"4 minutos\" \/>\n<script type=\"application\/ld+json\" class=\"yoast-schema-graph\">{\"@context\":\"https:\/\/schema.org\",\"@graph\":[{\"@type\":\"WebPage\",\"@id\":\"http:\/\/10.100.20.231\/metrologia\/\",\"url\":\"http:\/\/10.100.20.231\/metrologia\/\",\"name\":\"Sistema de metrolog\u00eda - Secretar\u00eda de Econom\u00eda\",\"isPartOf\":{\"@id\":\"http:\/\/10.100.20.231\/metrologia\/#website\"},\"datePublished\":\"2021-10-18T15:06:26+00:00\",\"dateModified\":\"2023-12-15T18:32:40+00:00\",\"description\":\"Accede a informaci\u00f3n sobre los trabajos de metrolog\u00eda en M\u00e9xico, sus elementos clave y las entidades coordinadoras del sistema de metrolog\u00eda nacional.\",\"breadcrumb\":{\"@id\":\"http:\/\/10.100.20.231\/metrologia\/#breadcrumb\"},\"inLanguage\":\"es-MX\",\"potentialAction\":[{\"@type\":\"ReadAction\",\"target\":[\"http:\/\/10.100.20.231\/metrologia\/\"]}]},{\"@type\":\"BreadcrumbList\",\"@id\":\"http:\/\/10.100.20.231\/metrologia\/#breadcrumb\",\"itemListElement\":[{\"@type\":\"ListItem\",\"position\":1,\"name\":\"Inicio\",\"item\":\"http:\/\/10.100.20.231\/metrologia\/\"},{\"@type\":\"ListItem\",\"position\":2,\"name\":\"Sistema de Metrolog\u00eda\"}]},{\"@type\":\"WebSite\",\"@id\":\"http:\/\/10.100.20.231\/metrologia\/#website\",\"url\":\"http:\/\/10.100.20.231\/metrologia\/\",\"name\":\"Sistema de metrolog\u00eda\",\"description\":\"\",\"publisher\":{\"@id\":\"http:\/\/10.100.20.231\/metrologia\/#organization\"},\"potentialAction\":[{\"@type\":\"SearchAction\",\"target\":{\"@type\":\"EntryPoint\",\"urlTemplate\":\"http:\/\/10.100.20.231\/metrologia\/?s={search_term_string}\"},\"query-input\":\"required name=search_term_string\"}],\"inLanguage\":\"es-MX\"},{\"@type\":\"Organization\",\"@id\":\"http:\/\/10.100.20.231\/metrologia\/#organization\",\"name\":\"Sistema de metrolog\u00eda\",\"url\":\"http:\/\/10.100.20.231\/metrologia\/\",\"logo\":{\"@type\":\"ImageObject\",\"inLanguage\":\"es-MX\",\"@id\":\"http:\/\/10.100.20.231\/metrologia\/#\/schema\/logo\/image\/\",\"url\":\"http:\/\/10.100.20.231\/metrologia\/wp-content\/uploads\/sites\/4\/2021\/10\/logo-gobierno-mexico.svg\",\"contentUrl\":\"http:\/\/10.100.20.231\/metrologia\/wp-content\/uploads\/sites\/4\/2021\/10\/logo-gobierno-mexico.svg\",\"width\":123,\"height\":36,\"caption\":\"Sistema de metrolog\u00eda\"},\"image\":{\"@id\":\"http:\/\/10.100.20.231\/metrologia\/#\/schema\/logo\/image\/\"}}]}<\/script>\n<!-- \/ Yoast SEO plugin. -->","yoast_head_json":{"title":"Sistema de metrolog\u00eda - Secretar\u00eda de Econom\u00eda","description":"Accede a informaci\u00f3n sobre los trabajos de metrolog\u00eda en M\u00e9xico, sus elementos clave y las entidades coordinadoras del sistema de metrolog\u00eda nacional.","robots":{"index":"index","follow":"follow","max-snippet":"max-snippet:-1","max-image-preview":"max-image-preview:large","max-video-preview":"max-video-preview:-1"},"canonical":"http:\/\/10.100.20.231\/metrologia\/","og_locale":"es_MX","og_type":"article","og_title":"Sistema de metrolog\u00eda - Secretar\u00eda de Econom\u00eda","og_description":"Accede a informaci\u00f3n sobre los trabajos de metrolog\u00eda en M\u00e9xico, sus elementos clave y las entidades coordinadoras del sistema de metrolog\u00eda nacional.","og_url":"http:\/\/10.100.20.231\/metrologia\/","og_site_name":"Sistema de metrolog\u00eda","article_modified_time":"2023-12-15T18:32:40+00:00","og_image":[{"url":"http:\/\/10.100.20.231\/metrologia\/wp-content\/uploads\/2023\/12\/x-logo.svg"}],"twitter_card":"summary_large_image","twitter_misc":{"Tiempo de lectura":"4 minutos"},"schema":{"@context":"https:\/\/schema.org","@graph":[{"@type":"WebPage","@id":"http:\/\/10.100.20.231\/metrologia\/","url":"http:\/\/10.100.20.231\/metrologia\/","name":"Sistema de metrolog\u00eda - Secretar\u00eda de Econom\u00eda","isPartOf":{"@id":"http:\/\/10.100.20.231\/metrologia\/#website"},"datePublished":"2021-10-18T15:06:26+00:00","dateModified":"2023-12-15T18:32:40+00:00","description":"Accede a informaci\u00f3n sobre los trabajos de metrolog\u00eda en M\u00e9xico, sus elementos clave y las entidades coordinadoras del sistema de metrolog\u00eda nacional.","breadcrumb":{"@id":"http:\/\/10.100.20.231\/metrologia\/#breadcrumb"},"inLanguage":"es-MX","potentialAction":[{"@type":"ReadAction","target":["http:\/\/10.100.20.231\/metrologia\/"]}]},{"@type":"BreadcrumbList","@id":"http:\/\/10.100.20.231\/metrologia\/#breadcrumb","itemListElement":[{"@type":"ListItem","position":1,"name":"Inicio","item":"http:\/\/10.100.20.231\/metrologia\/"},{"@type":"ListItem","position":2,"name":"Sistema de Metrolog\u00eda"}]},{"@type":"WebSite","@id":"http:\/\/10.100.20.231\/metrologia\/#website","url":"http:\/\/10.100.20.231\/metrologia\/","name":"Sistema de metrolog\u00eda","description":"","publisher":{"@id":"http:\/\/10.100.20.231\/metrologia\/#organization"},"potentialAction":[{"@type":"SearchAction","target":{"@type":"EntryPoint","urlTemplate":"http:\/\/10.100.20.231\/metrologia\/?s={search_term_string}"},"query-input":"required name=search_term_string"}],"inLanguage":"es-MX"},{"@type":"Organization","@id":"http:\/\/10.100.20.231\/metrologia\/#organization","name":"Sistema de metrolog\u00eda","url":"http:\/\/10.100.20.231\/metrologia\/","logo":{"@type":"ImageObject","inLanguage":"es-MX","@id":"http:\/\/10.100.20.231\/metrologia\/#\/schema\/logo\/image\/","url":"http:\/\/10.100.20.231\/metrologia\/wp-content\/uploads\/sites\/4\/2021\/10\/logo-gobierno-mexico.svg","contentUrl":"http:\/\/10.100.20.231\/metrologia\/wp-content\/uploads\/sites\/4\/2021\/10\/logo-gobierno-mexico.svg","width":123,"height":36,"caption":"Sistema de metrolog\u00eda"},"image":{"@id":"http:\/\/10.100.20.231\/metrologia\/#\/schema\/logo\/image\/"}}]}},"_links":{"self":[{"href":"http:\/\/10.100.20.231\/metrologia\/wp-json\/wp\/v2\/pages\/116"}],"collection":[{"href":"http:\/\/10.100.20.231\/metrologia\/wp-json\/wp\/v2\/pages"}],"about":[{"href":"http:\/\/10.100.20.231\/metrologia\/wp-json\/wp\/v2\/types\/page"}],"author":[{"embeddable":true,"href":"http:\/\/10.100.20.231\/metrologia\/wp-json\/wp\/v2\/users\/4"}],"replies":[{"embeddable":true,"href":"http:\/\/10.100.20.231\/metrologia\/wp-json\/wp\/v2\/comments?post=116"}],"version-history":[{"count":0,"href":"http:\/\/10.100.20.231\/metrologia\/wp-json\/wp\/v2\/pages\/116\/revisions"}],"wp:attachment":[{"href":"http:\/\/10.100.20.231\/metrologia\/wp-json\/wp\/v2\/media?parent=116"}],"curies":[{"name":"wp","href":"https:\/\/api.w.org\/{rel}","templated":true}]}}