{"id":60691,"date":"2022-08-29T18:03:09","date_gmt":"2022-08-29T23:03:09","guid":{"rendered":"http:\/\/10.100.20.231\/metrologia\/?page_id=60691"},"modified":"2023-12-14T14:57:27","modified_gmt":"2023-12-14T20:57:27","slug":"sistema-general-de-unidades-de-medida","status":"publish","type":"page","link":"http:\/\/10.100.20.231\/metrologia\/sistema-general-de-unidades-de-medida\/","title":{"rendered":"Sistema General de Unidades de Medida"},"content":{"rendered":"\n<div class=\"wp-container-3 wp-block-group alignfull barra contenido-principal max-dos-tercios informativa\" id=\"filtrable\">\n<div class=\"wp-container-1 wp-block-group yoast-breadcrumbs\">\n<p><a href=\"https:\/\/platiica.economia.gob.mx\/\">Inicio<\/a> &gt; <a href=\"https:\/\/platiica.economia.gob.mx\/metrologia\/\">Sistema de metrolog\u00eda<\/a> &gt; Sistema General de Unidades de Medida<\/p>\n<\/div>\n\n\n\n<h1><strong><strong>Sistema General de Unidades de Medida<\/strong><\/strong><\/h1>\n\n\n\n<div class=\"wp-block-columns\">\n<div class=\"wp-block-column\" style=\"padding-top:0px;padding-right:0px;padding-bottom:0px;padding-left:0px;flex-basis:60%\">\n<p>El Sistema General de Unidades de Medida integra las unidades, nombres y s\u00edmbolos oficiales y de uso obligatorio que se consideran para el cumplimiento de las <a href=\"https:\/\/platiica.economia.gob.mx\/glosario\/norma-oficial-mexicana-nom\/\">Normas Oficiales Mexicanas<\/a> y los <a href=\"https:\/\/platiica.economia.gob.mx\/glosario\/estandar\/\">Est\u00e1ndares<\/a>.&nbsp;<\/p>\n\n\n\n<p>Las unidades del sistema son elaboradas y actualizadas por la Secretar\u00eda de Econom\u00eda en coordinaci\u00f3n con el <a href=\"https:\/\/platiica.economia.gob.mx\/metrologia\/centro-nacional-de-metrologia-cenam\/\">Centro Nacional de Metrolog\u00eda<\/a>. Adem\u00e1s, integra las unidades del <a href=\"https:\/\/platiica.economia.gob.mx\/metrologia\/sistema-internacional-de-unidades\/\">Sistema Internacional de Unidades<\/a>, junto con reglas para su uso.<\/p>\n<\/div>\n\n\n\n<div class=\"wp-block-column\" style=\"padding-top:15px;padding-right:15px;padding-bottom:15px;padding-left:15px;flex-basis:40%\">\n<div class=\"wp-block-image\"><figure class=\"aligncenter size-full is-resized\"><img loading=\"lazy\" src=\"https:\/\/platiica.economia.gob.mx\/metrologia\/wp-content\/uploads\/sites\/4\/2023\/10\/platiica-SI-sistema-internacional-unidades.png\" alt=\"\" class=\"wp-image-61324\" width=\"216\" height=\"216\" srcset=\"https:\/\/platiica.economia.gob.mx\/metrologia\/wp-content\/uploads\/sites\/4\/2023\/10\/platiica-SI-sistema-internacional-unidades.png 600w, https:\/\/platiica.economia.gob.mx\/metrologia\/wp-content\/uploads\/sites\/4\/2023\/10\/platiica-SI-sistema-internacional-unidades-300x300.png 300w, https:\/\/platiica.economia.gob.mx\/metrologia\/wp-content\/uploads\/sites\/4\/2023\/10\/platiica-SI-sistema-internacional-unidades-150x150.png 150w\" sizes=\"(max-width: 216px) 100vw, 216px\" \/><\/figure><\/div>\n<\/div>\n<\/div>\n\n\n\n<h2>El Sistema General de Unidades de Medida en las Normas Oficiales Mexicanas<\/h2>\n\n\n\n<p>La <a href=\"https:\/\/dof.gob.mx\/nota_detalle.php?codigo=718870&amp;fecha=27\/11\/20\">NOM-008-SCFI-2002<\/a> establece las definiciones, s\u00edmbolos y reglas de escritura de las unidades del Sistema Internacional de Unidades (SI) y otras unidades fuera de este sistema que, en conjunto, constituyen el Sistema General de Unidades de Medida, utilizado en los diferentes campos de la ciencia, la tecnolog\u00eda, la industria, la educaci\u00f3n y el comercio.<\/p>\n\n\n\n<p><a href=\"https:\/\/platiica.economia.gob.mx\/metrologia\/patrones-nacionales-de-medida\/\">&gt;<\/a><a href=\"https:\/\/platiica.economia.gob.mx\/normalizacion\/nom-008-scfi-2002\/\"> Referencia a informaci\u00f3n de la NOM-008-SCFI-2002<\/a> <\/p>\n\n\n\n<div class=\"wp-container-2 wp-block-group adicional\">\n<p><strong>Tr\u00e1mite relacionado<\/strong><\/p>\n\n\n\n<ul><li>Autorizaci\u00f3n para el uso de unidades de medida previstas en otros sistemas de unidades de medida<\/li><\/ul>\n\n\n\n<p><a href=\"https:\/\/platiica.economia.gob.mx\/listado-de-tramites\/\">&gt; Ir a Tr\u00e1mites<\/a><\/p>\n\n\n\n<div style=\"height:30px\" aria-hidden=\"true\" class=\"wp-block-spacer espacio-100\"><\/div>\n\n\n\n<p><strong>Te puede interesar:<\/strong><\/p>\n\n\n\n<p><a href=\"https:\/\/platiica.economia.gob.mx\/metrologia\/patrones-nacionales-de-medida\/\">&gt; Patrones nacionales de medida<\/a><\/p>\n\n\n\n<p><a href=\"https:\/\/platiica.economia.gob.mx\/metrologia\/materiales-de-referencia-certificados\/\">&gt; Materiales de referencia certificados<\/a><\/p>\n\n\n\n<p><a href=\"https:\/\/platiica.economia.gob.mx\/metrologia\/instrumentos-para-medir-que-cuentan-con-aprobacion-de-modelo\/\">&gt; Instrumentos para medir que cuentan con aprobaci\u00f3n de modelo<\/a><\/p>\n<\/div>\n<\/div>\n","protected":false},"excerpt":{"rendered":"<p>El Sistema General de Unidades de Medida integra las unidades, nombres y s\u00edmbolos oficiales y de uso obligatorio que se consideran para el cumplimiento de las Normas Oficiales Mexicanas y los est\u00e1ndares.\u00a0<\/p>\n","protected":false},"author":1,"featured_media":0,"parent":0,"menu_order":0,"comment_status":"closed","ping_status":"closed","template":"","meta":{"_links_to":"","_links_to_target":""},"yoast_head":"<!-- This site is optimized with the Yoast SEO plugin v21.5 - https:\/\/yoast.com\/wordpress\/plugins\/seo\/ -->\n<title>Sistema General de Unidades de Medida - Sistema de metrolog\u00eda<\/title>\n<meta name=\"description\" content=\"Consulta la norma que integra las unidades, nombres y s\u00edmbolos oficiales del Sistema General de Unidades de Medida para el cumplimiento de NOMs y est\u00e1ndares.\" \/>\n<meta name=\"robots\" content=\"index, follow, max-snippet:-1, max-image-preview:large, max-video-preview:-1\" \/>\n<link rel=\"canonical\" href=\"http:\/\/10.100.20.231\/metrologia\/sistema-general-de-unidades-de-medida\/\" \/>\n<meta property=\"og:locale\" content=\"es_MX\" \/>\n<meta property=\"og:type\" content=\"article\" \/>\n<meta property=\"og:title\" content=\"Sistema General de Unidades de Medida - Sistema de metrolog\u00eda\" \/>\n<meta property=\"og:description\" content=\"Consulta la norma que integra las unidades, nombres y s\u00edmbolos oficiales del Sistema General de Unidades de Medida para el cumplimiento de NOMs y est\u00e1ndares.\" \/>\n<meta property=\"og:url\" content=\"http:\/\/10.100.20.231\/metrologia\/sistema-general-de-unidades-de-medida\/\" \/>\n<meta property=\"og:site_name\" content=\"Sistema de metrolog\u00eda\" \/>\n<meta property=\"article:modified_time\" content=\"2023-12-14T20:57:27+00:00\" \/>\n<meta property=\"og:image\" content=\"http:\/\/10.100.20.231\/metrologia\/wp-content\/uploads\/sites\/4\/2023\/10\/platiica-SI-sistema-internacional-unidades.png\" \/>\n<meta name=\"twitter:card\" content=\"summary_large_image\" \/>\n<meta name=\"twitter:label1\" content=\"Tiempo de lectura\" \/>\n\t<meta name=\"twitter:data1\" content=\"1 minuto\" \/>\n<script type=\"application\/ld+json\" class=\"yoast-schema-graph\">{\"@context\":\"https:\/\/schema.org\",\"@graph\":[{\"@type\":\"WebPage\",\"@id\":\"http:\/\/10.100.20.231\/metrologia\/sistema-general-de-unidades-de-medida\/\",\"url\":\"http:\/\/10.100.20.231\/metrologia\/sistema-general-de-unidades-de-medida\/\",\"name\":\"Sistema General de Unidades de Medida - Sistema de metrolog\u00eda\",\"isPartOf\":{\"@id\":\"http:\/\/10.100.20.231\/metrologia\/#website\"},\"datePublished\":\"2022-08-29T23:03:09+00:00\",\"dateModified\":\"2023-12-14T20:57:27+00:00\",\"description\":\"Consulta la norma que integra las unidades, nombres y s\u00edmbolos oficiales del Sistema General de Unidades de Medida para el cumplimiento de NOMs y est\u00e1ndares.\",\"breadcrumb\":{\"@id\":\"http:\/\/10.100.20.231\/metrologia\/sistema-general-de-unidades-de-medida\/#breadcrumb\"},\"inLanguage\":\"es-MX\",\"potentialAction\":[{\"@type\":\"ReadAction\",\"target\":[\"http:\/\/10.100.20.231\/metrologia\/sistema-general-de-unidades-de-medida\/\"]}]},{\"@type\":\"BreadcrumbList\",\"@id\":\"http:\/\/10.100.20.231\/metrologia\/sistema-general-de-unidades-de-medida\/#breadcrumb\",\"itemListElement\":[{\"@type\":\"ListItem\",\"position\":1,\"name\":\"Inicio\",\"item\":\"http:\/\/10.100.20.231\/metrologia\/\"},{\"@type\":\"ListItem\",\"position\":2,\"name\":\"Sistema General de Unidades de Medida\"}]},{\"@type\":\"WebSite\",\"@id\":\"http:\/\/10.100.20.231\/metrologia\/#website\",\"url\":\"http:\/\/10.100.20.231\/metrologia\/\",\"name\":\"Sistema de metrolog\u00eda\",\"description\":\"\",\"publisher\":{\"@id\":\"http:\/\/10.100.20.231\/metrologia\/#organization\"},\"potentialAction\":[{\"@type\":\"SearchAction\",\"target\":{\"@type\":\"EntryPoint\",\"urlTemplate\":\"http:\/\/10.100.20.231\/metrologia\/?s={search_term_string}\"},\"query-input\":\"required name=search_term_string\"}],\"inLanguage\":\"es-MX\"},{\"@type\":\"Organization\",\"@id\":\"http:\/\/10.100.20.231\/metrologia\/#organization\",\"name\":\"Sistema de metrolog\u00eda\",\"url\":\"http:\/\/10.100.20.231\/metrologia\/\",\"logo\":{\"@type\":\"ImageObject\",\"inLanguage\":\"es-MX\",\"@id\":\"http:\/\/10.100.20.231\/metrologia\/#\/schema\/logo\/image\/\",\"url\":\"http:\/\/10.100.20.231\/metrologia\/wp-content\/uploads\/sites\/4\/2021\/10\/logo-gobierno-mexico.svg\",\"contentUrl\":\"http:\/\/10.100.20.231\/metrologia\/wp-content\/uploads\/sites\/4\/2021\/10\/logo-gobierno-mexico.svg\",\"width\":123,\"height\":36,\"caption\":\"Sistema de metrolog\u00eda\"},\"image\":{\"@id\":\"http:\/\/10.100.20.231\/metrologia\/#\/schema\/logo\/image\/\"}}]}<\/script>\n<!-- \/ Yoast SEO plugin. -->","yoast_head_json":{"title":"Sistema General de Unidades de Medida - Sistema de metrolog\u00eda","description":"Consulta la norma que integra las unidades, nombres y s\u00edmbolos oficiales del Sistema General de Unidades de Medida para el cumplimiento de NOMs y est\u00e1ndares.","robots":{"index":"index","follow":"follow","max-snippet":"max-snippet:-1","max-image-preview":"max-image-preview:large","max-video-preview":"max-video-preview:-1"},"canonical":"http:\/\/10.100.20.231\/metrologia\/sistema-general-de-unidades-de-medida\/","og_locale":"es_MX","og_type":"article","og_title":"Sistema General de Unidades de Medida - Sistema de metrolog\u00eda","og_description":"Consulta la norma que integra las unidades, nombres y s\u00edmbolos oficiales del Sistema General de Unidades de Medida para el cumplimiento de NOMs y est\u00e1ndares.","og_url":"http:\/\/10.100.20.231\/metrologia\/sistema-general-de-unidades-de-medida\/","og_site_name":"Sistema de metrolog\u00eda","article_modified_time":"2023-12-14T20:57:27+00:00","og_image":[{"url":"http:\/\/10.100.20.231\/metrologia\/wp-content\/uploads\/sites\/4\/2023\/10\/platiica-SI-sistema-internacional-unidades.png"}],"twitter_card":"summary_large_image","twitter_misc":{"Tiempo de lectura":"1 minuto"},"schema":{"@context":"https:\/\/schema.org","@graph":[{"@type":"WebPage","@id":"http:\/\/10.100.20.231\/metrologia\/sistema-general-de-unidades-de-medida\/","url":"http:\/\/10.100.20.231\/metrologia\/sistema-general-de-unidades-de-medida\/","name":"Sistema General de Unidades de Medida - Sistema de metrolog\u00eda","isPartOf":{"@id":"http:\/\/10.100.20.231\/metrologia\/#website"},"datePublished":"2022-08-29T23:03:09+00:00","dateModified":"2023-12-14T20:57:27+00:00","description":"Consulta la norma que integra las unidades, nombres y s\u00edmbolos oficiales del Sistema General de Unidades de Medida para el cumplimiento de NOMs y est\u00e1ndares.","breadcrumb":{"@id":"http:\/\/10.100.20.231\/metrologia\/sistema-general-de-unidades-de-medida\/#breadcrumb"},"inLanguage":"es-MX","potentialAction":[{"@type":"ReadAction","target":["http:\/\/10.100.20.231\/metrologia\/sistema-general-de-unidades-de-medida\/"]}]},{"@type":"BreadcrumbList","@id":"http:\/\/10.100.20.231\/metrologia\/sistema-general-de-unidades-de-medida\/#breadcrumb","itemListElement":[{"@type":"ListItem","position":1,"name":"Inicio","item":"http:\/\/10.100.20.231\/metrologia\/"},{"@type":"ListItem","position":2,"name":"Sistema General de Unidades de Medida"}]},{"@type":"WebSite","@id":"http:\/\/10.100.20.231\/metrologia\/#website","url":"http:\/\/10.100.20.231\/metrologia\/","name":"Sistema de metrolog\u00eda","description":"","publisher":{"@id":"http:\/\/10.100.20.231\/metrologia\/#organization"},"potentialAction":[{"@type":"SearchAction","target":{"@type":"EntryPoint","urlTemplate":"http:\/\/10.100.20.231\/metrologia\/?s={search_term_string}"},"query-input":"required name=search_term_string"}],"inLanguage":"es-MX"},{"@type":"Organization","@id":"http:\/\/10.100.20.231\/metrologia\/#organization","name":"Sistema de metrolog\u00eda","url":"http:\/\/10.100.20.231\/metrologia\/","logo":{"@type":"ImageObject","inLanguage":"es-MX","@id":"http:\/\/10.100.20.231\/metrologia\/#\/schema\/logo\/image\/","url":"http:\/\/10.100.20.231\/metrologia\/wp-content\/uploads\/sites\/4\/2021\/10\/logo-gobierno-mexico.svg","contentUrl":"http:\/\/10.100.20.231\/metrologia\/wp-content\/uploads\/sites\/4\/2021\/10\/logo-gobierno-mexico.svg","width":123,"height":36,"caption":"Sistema de metrolog\u00eda"},"image":{"@id":"http:\/\/10.100.20.231\/metrologia\/#\/schema\/logo\/image\/"}}]}},"_links":{"self":[{"href":"http:\/\/10.100.20.231\/metrologia\/wp-json\/wp\/v2\/pages\/60691"}],"collection":[{"href":"http:\/\/10.100.20.231\/metrologia\/wp-json\/wp\/v2\/pages"}],"about":[{"href":"http:\/\/10.100.20.231\/metrologia\/wp-json\/wp\/v2\/types\/page"}],"author":[{"embeddable":true,"href":"http:\/\/10.100.20.231\/metrologia\/wp-json\/wp\/v2\/users\/1"}],"replies":[{"embeddable":true,"href":"http:\/\/10.100.20.231\/metrologia\/wp-json\/wp\/v2\/comments?post=60691"}],"version-history":[{"count":0,"href":"http:\/\/10.100.20.231\/metrologia\/wp-json\/wp\/v2\/pages\/60691\/revisions"}],"wp:attachment":[{"href":"http:\/\/10.100.20.231\/metrologia\/wp-json\/wp\/v2\/media?parent=60691"}],"curies":[{"name":"wp","href":"https:\/\/api.w.org\/{rel}","templated":true}]}}