{"id":60705,"date":"2022-08-29T18:14:37","date_gmt":"2022-08-29T23:14:37","guid":{"rendered":"http:\/\/10.100.20.231\/metrologia\/?page_id=60705"},"modified":"2026-05-07T12:11:51","modified_gmt":"2026-05-07T18:11:51","slug":"materiales-de-referencia-certificados","status":"publish","type":"page","link":"http:\/\/10.100.20.231\/metrologia\/materiales-de-referencia-certificados\/","title":{"rendered":"Materiales de referencia certificados"},"content":{"rendered":"\n<div class=\"wp-container-3 wp-block-group alignfull barra contenido-principal max-dos-tercios informativa\" id=\"filtrable\">\n<div class=\"wp-container-1 wp-block-group yoast-breadcrumbs\">\n<p><a href=\"https:\/\/platiica.economia.gob.mx\/\">Inicio<\/a> &gt; <a href=\"https:\/\/platiica.economia.gob.mx\/metrologia\/\">Sistema de metrolog\u00eda<\/a> &gt; Materiales de referencia certificados<\/p>\n<\/div>\n\n\n\n<h1><strong><strong>Materiales de referencia certificados<\/strong><\/strong><\/h1>\n\n\n\n<div class=\"wp-block-columns\">\n<div class=\"wp-block-column\" style=\"padding-top:0px;padding-right:0px;padding-bottom:0px;padding-left:0px;flex-basis:60%\">\n<p><p style=\"text-align: justify;\">Los materiales de referencia certificados, son materiales acompa\u00f1ados por la documentaci\u00f3n emitida por un organismo autorizado, que proporciona uno o varios valores de propiedades especificadas, con incertidumbres y trazabilidades asociadas, empleando procedimientos v\u00e1lidos.<\/p><\/p>\n\n\n\n<p><p style=\"text-align: justify;\">Los materiales de referencia certificados (MRC) se utilizan para prop\u00f3sitos de calibraci\u00f3n, control de calidad y validaci\u00f3n de m\u00e9todos, as\u00ed como para la asignaci\u00f3n de valores a otros materiales, que a su vez pueden ser tambi\u00e9n MRC. Adem\u00e1s, los MRC se utilizan para mantener o establecer trazabilidad a escalas convencionales, por ejemplo, el n\u00famero de octano, las escalas de dureza y pH.<\/p><\/p>\n<\/div>\n\n\n\n<div class=\"wp-block-column\" style=\"padding-top:15px;padding-right:15px;padding-bottom:15px;padding-left:15px;flex-basis:40%\">\n<div class=\"wp-block-image\"><figure class=\"aligncenter size-large is-resized\"><img loading=\"lazy\" src=\"https:\/\/platiica.economia.gob.mx\/metrologia\/wp-content\/uploads\/sites\/4\/2023\/10\/platiica-metrologia-materials-referencia.svg\" alt=\"\" class=\"wp-image-61310\" width=\"269\" height=\"310\"\/><\/figure><\/div>\n<\/div>\n<\/div>\n\n\n\n<p><p style=\"text-align: justify;\">Por \u00faltimo se seleccionan sustancias puras para mantener la escala internacional de temperatura. Los MRC son utilizados como item de ensayo en la organizaci\u00f3n de ensayos de aptitud con los cuales se conoce, de manera objetiva la competencia t\u00e9cnica de los laboratorios de prueba o laboratorios de servicios anal\u00edticos.<\/p><\/p>\n\n\n\n<p><p style=\"text-align: justify;\">Son referencias confiables que regulan la calidad de las mediciones que realizan los laboratorios de prueba como parte de sus labores como <a href=\"https:\/\/platiica.economia.gob.mx\/evaluacion-de-la-conformidad\/organismos-de-evaluacion-de-la-conformidad\/\">Organismos de Evaluaci\u00f3n de la Conformidad.<\/a><\/p><\/p>\n\n\n\n<p class=\"has-text-align-left\"><p style=\"text-align: justify;\">El&nbsp; <a href=\"https:\/\/platiica.economia.gob.mx\/metrologia\/centro-nacional-de-metrologia-cenam\/\">Centro Nacional de Metrolog\u00eda<\/a> y los <a href=\"https:\/\/platiica.economia.gob.mx\/metrologia\/institutos-designados-de-metrologia\/\">Institutos Designados de Metrolog\u00eda<\/a> son las autoridades reconocidas por la Secretar\u00eda de Econom\u00eda para emitir la documentaci\u00f3n t\u00e9cnica y certificar los materiales de referencia cuando estos cumplen con la Norma Mexicana <a href=\"https:\/\/platiica.economia.gob.mx\/normalizacion\/nmx-ch-161-imnc-2006\/\">NMX-CH-161-IMNC-Materiales de referencia-contenido de certificados y etiquetas<\/a>.<\/p><\/p>\n\n\n\n<div style=\"height:30px\" aria-hidden=\"true\" class=\"wp-block-spacer\"><\/div>\n\n\n\n<p>&gt; <a href=\"https:\/\/www.cenam.mx\/crdgn\/platiica\/mrc\">Lista de materiales de referencia certificados del Centro Nacional de Metrolog\u00eda.<\/a><\/p>\n\n\n\n<p>&gt; <a href=\"https:\/\/www.cenam.mx\/materiales\/\">Materiales de referencia para venta del CENAM<\/a><\/p>\n\n\n\n<h2>Materiales de referencia certificados en las Normas Mexicanas<\/h2>\n\n\n\n<p>Consulta las Normas Mexicanas (NMX) que especifican los materiales de referencia para diversos procesos en una amplia variedad de sectores productivos.&nbsp;<\/p>\n\n\n\n<p><a href=\"https:\/\/platiica.economia.gob.mx\/normalizacion\/catalogo-mexicano-de-normas\/?asp_s=materiales+de+referencia\">&gt; Materiales de referencia en el Cat\u00e1logo Mexicano de Normas<\/a><\/p>\n\n\n\n<div style=\"height:30px\" aria-hidden=\"true\" class=\"wp-block-spacer\"><\/div>\n\n\n\n<div class=\"wp-container-2 wp-block-group adicional\">\n<p><strong>Tr\u00e1mite relacionado<\/strong><\/p>\n\n\n\n<ul><li>Autorizaci\u00f3n de uso de materiales de referencia<\/li><\/ul>\n\n\n\n<p><a href=\"https:\/\/platiica.economia.gob.mx\/listado-de-tramites\/\">&gt; Ir a Tr\u00e1mites<\/a><\/p>\n\n\n\n<div style=\"height:30px\" aria-hidden=\"true\" class=\"wp-block-spacer espacio-100\"><\/div>\n\n\n\n<p><strong>Te puede interesar:<\/strong><\/p>\n\n\n\n<p><a href=\"https:\/\/platiica.economia.gob.mx\/metrologia\/sistema-general-de-unidades-de-medida\/\">&gt; Sistema General de Unidades de Medida<\/a><\/p>\n\n\n\n<p><a href=\"https:\/\/platiica.economia.gob.mx\/metrologia\/patrones-nacionales-de-medida\/\">&gt; Patrones nacionales de medida<\/a><\/p>\n\n\n\n<p><a href=\"https:\/\/platiica.economia.gob.mx\/metrologia\/instrumentos-para-medir-que-cuentan-con-aprobacion-de-modelo\/\">&gt; Instrumentos para medir que cuentan con aprobaci\u00f3n de modelo<\/a><\/p>\n<\/div>\n<\/div>\n","protected":false},"excerpt":{"rendered":"<p>Los materiales de referencia certificados sirven de base para asignar valores que aseguren la trazabilidad de las mediciones empleando procedimientos v\u00e1lidos.<\/p>\n","protected":false},"author":1,"featured_media":0,"parent":0,"menu_order":0,"comment_status":"closed","ping_status":"closed","template":"","meta":{"_links_to":"","_links_to_target":""},"yoast_head":"<!-- This site is optimized with the Yoast SEO plugin v21.5 - https:\/\/yoast.com\/wordpress\/plugins\/seo\/ -->\n<title>Materiales de referencia certificados - Sistema de metrolog\u00eda<\/title>\n<meta name=\"description\" content=\"Revisa el listado de patrones nacionales de medida autorizados por el Centro Nacional de Metrolog\u00eda y otras autoridades para la trazabilidad metrol\u00f3gica.\" \/>\n<meta name=\"robots\" content=\"index, follow, max-snippet:-1, max-image-preview:large, max-video-preview:-1\" \/>\n<link rel=\"canonical\" href=\"http:\/\/10.100.20.231\/metrologia\/materiales-de-referencia-certificados\/\" \/>\n<meta property=\"og:locale\" content=\"es_MX\" \/>\n<meta property=\"og:type\" content=\"article\" \/>\n<meta property=\"og:title\" content=\"Materiales de referencia certificados - Sistema de metrolog\u00eda\" \/>\n<meta property=\"og:description\" content=\"Revisa el listado de patrones nacionales de medida autorizados por el Centro Nacional de Metrolog\u00eda y otras autoridades para la trazabilidad metrol\u00f3gica.\" \/>\n<meta property=\"og:url\" content=\"http:\/\/10.100.20.231\/metrologia\/materiales-de-referencia-certificados\/\" \/>\n<meta property=\"og:site_name\" content=\"Sistema de metrolog\u00eda\" \/>\n<meta property=\"article:modified_time\" content=\"2026-05-07T18:11:51+00:00\" \/>\n<meta property=\"og:image\" content=\"http:\/\/10.100.20.231\/metrologia\/wp-content\/uploads\/sites\/4\/2023\/10\/platiica-metrologia-materials-referencia.svg\" \/>\n<meta name=\"twitter:card\" content=\"summary_large_image\" \/>\n<meta name=\"twitter:label1\" content=\"Tiempo de lectura\" \/>\n\t<meta name=\"twitter:data1\" content=\"2 minutos\" \/>\n<script type=\"application\/ld+json\" class=\"yoast-schema-graph\">{\"@context\":\"https:\/\/schema.org\",\"@graph\":[{\"@type\":\"WebPage\",\"@id\":\"http:\/\/10.100.20.231\/metrologia\/materiales-de-referencia-certificados\/\",\"url\":\"http:\/\/10.100.20.231\/metrologia\/materiales-de-referencia-certificados\/\",\"name\":\"Materiales de referencia certificados - Sistema de metrolog\u00eda\",\"isPartOf\":{\"@id\":\"http:\/\/10.100.20.231\/metrologia\/#website\"},\"datePublished\":\"2022-08-29T23:14:37+00:00\",\"dateModified\":\"2026-05-07T18:11:51+00:00\",\"description\":\"Revisa el listado de patrones nacionales de medida autorizados por el Centro Nacional de Metrolog\u00eda y otras autoridades para la trazabilidad metrol\u00f3gica.\",\"breadcrumb\":{\"@id\":\"http:\/\/10.100.20.231\/metrologia\/materiales-de-referencia-certificados\/#breadcrumb\"},\"inLanguage\":\"es-MX\",\"potentialAction\":[{\"@type\":\"ReadAction\",\"target\":[\"http:\/\/10.100.20.231\/metrologia\/materiales-de-referencia-certificados\/\"]}]},{\"@type\":\"BreadcrumbList\",\"@id\":\"http:\/\/10.100.20.231\/metrologia\/materiales-de-referencia-certificados\/#breadcrumb\",\"itemListElement\":[{\"@type\":\"ListItem\",\"position\":1,\"name\":\"Inicio\",\"item\":\"http:\/\/10.100.20.231\/metrologia\/\"},{\"@type\":\"ListItem\",\"position\":2,\"name\":\"Materiales de referencia certificados\"}]},{\"@type\":\"WebSite\",\"@id\":\"http:\/\/10.100.20.231\/metrologia\/#website\",\"url\":\"http:\/\/10.100.20.231\/metrologia\/\",\"name\":\"Sistema de metrolog\u00eda\",\"description\":\"\",\"publisher\":{\"@id\":\"http:\/\/10.100.20.231\/metrologia\/#organization\"},\"potentialAction\":[{\"@type\":\"SearchAction\",\"target\":{\"@type\":\"EntryPoint\",\"urlTemplate\":\"http:\/\/10.100.20.231\/metrologia\/?s={search_term_string}\"},\"query-input\":\"required name=search_term_string\"}],\"inLanguage\":\"es-MX\"},{\"@type\":\"Organization\",\"@id\":\"http:\/\/10.100.20.231\/metrologia\/#organization\",\"name\":\"Sistema de metrolog\u00eda\",\"url\":\"http:\/\/10.100.20.231\/metrologia\/\",\"logo\":{\"@type\":\"ImageObject\",\"inLanguage\":\"es-MX\",\"@id\":\"http:\/\/10.100.20.231\/metrologia\/#\/schema\/logo\/image\/\",\"url\":\"http:\/\/10.100.20.231\/metrologia\/wp-content\/uploads\/sites\/4\/2021\/10\/logo-gobierno-mexico.svg\",\"contentUrl\":\"http:\/\/10.100.20.231\/metrologia\/wp-content\/uploads\/sites\/4\/2021\/10\/logo-gobierno-mexico.svg\",\"width\":123,\"height\":36,\"caption\":\"Sistema de metrolog\u00eda\"},\"image\":{\"@id\":\"http:\/\/10.100.20.231\/metrologia\/#\/schema\/logo\/image\/\"}}]}<\/script>\n<!-- \/ Yoast SEO plugin. -->","yoast_head_json":{"title":"Materiales de referencia certificados - Sistema de metrolog\u00eda","description":"Revisa el listado de patrones nacionales de medida autorizados por el Centro Nacional de Metrolog\u00eda y otras autoridades para la trazabilidad metrol\u00f3gica.","robots":{"index":"index","follow":"follow","max-snippet":"max-snippet:-1","max-image-preview":"max-image-preview:large","max-video-preview":"max-video-preview:-1"},"canonical":"http:\/\/10.100.20.231\/metrologia\/materiales-de-referencia-certificados\/","og_locale":"es_MX","og_type":"article","og_title":"Materiales de referencia certificados - Sistema de metrolog\u00eda","og_description":"Revisa el listado de patrones nacionales de medida autorizados por el Centro Nacional de Metrolog\u00eda y otras autoridades para la trazabilidad metrol\u00f3gica.","og_url":"http:\/\/10.100.20.231\/metrologia\/materiales-de-referencia-certificados\/","og_site_name":"Sistema de metrolog\u00eda","article_modified_time":"2026-05-07T18:11:51+00:00","og_image":[{"url":"http:\/\/10.100.20.231\/metrologia\/wp-content\/uploads\/sites\/4\/2023\/10\/platiica-metrologia-materials-referencia.svg"}],"twitter_card":"summary_large_image","twitter_misc":{"Tiempo de lectura":"2 minutos"},"schema":{"@context":"https:\/\/schema.org","@graph":[{"@type":"WebPage","@id":"http:\/\/10.100.20.231\/metrologia\/materiales-de-referencia-certificados\/","url":"http:\/\/10.100.20.231\/metrologia\/materiales-de-referencia-certificados\/","name":"Materiales de referencia certificados - Sistema de metrolog\u00eda","isPartOf":{"@id":"http:\/\/10.100.20.231\/metrologia\/#website"},"datePublished":"2022-08-29T23:14:37+00:00","dateModified":"2026-05-07T18:11:51+00:00","description":"Revisa el listado de patrones nacionales de medida autorizados por el Centro Nacional de Metrolog\u00eda y otras autoridades para la trazabilidad metrol\u00f3gica.","breadcrumb":{"@id":"http:\/\/10.100.20.231\/metrologia\/materiales-de-referencia-certificados\/#breadcrumb"},"inLanguage":"es-MX","potentialAction":[{"@type":"ReadAction","target":["http:\/\/10.100.20.231\/metrologia\/materiales-de-referencia-certificados\/"]}]},{"@type":"BreadcrumbList","@id":"http:\/\/10.100.20.231\/metrologia\/materiales-de-referencia-certificados\/#breadcrumb","itemListElement":[{"@type":"ListItem","position":1,"name":"Inicio","item":"http:\/\/10.100.20.231\/metrologia\/"},{"@type":"ListItem","position":2,"name":"Materiales de referencia certificados"}]},{"@type":"WebSite","@id":"http:\/\/10.100.20.231\/metrologia\/#website","url":"http:\/\/10.100.20.231\/metrologia\/","name":"Sistema de metrolog\u00eda","description":"","publisher":{"@id":"http:\/\/10.100.20.231\/metrologia\/#organization"},"potentialAction":[{"@type":"SearchAction","target":{"@type":"EntryPoint","urlTemplate":"http:\/\/10.100.20.231\/metrologia\/?s={search_term_string}"},"query-input":"required name=search_term_string"}],"inLanguage":"es-MX"},{"@type":"Organization","@id":"http:\/\/10.100.20.231\/metrologia\/#organization","name":"Sistema de metrolog\u00eda","url":"http:\/\/10.100.20.231\/metrologia\/","logo":{"@type":"ImageObject","inLanguage":"es-MX","@id":"http:\/\/10.100.20.231\/metrologia\/#\/schema\/logo\/image\/","url":"http:\/\/10.100.20.231\/metrologia\/wp-content\/uploads\/sites\/4\/2021\/10\/logo-gobierno-mexico.svg","contentUrl":"http:\/\/10.100.20.231\/metrologia\/wp-content\/uploads\/sites\/4\/2021\/10\/logo-gobierno-mexico.svg","width":123,"height":36,"caption":"Sistema de metrolog\u00eda"},"image":{"@id":"http:\/\/10.100.20.231\/metrologia\/#\/schema\/logo\/image\/"}}]}},"_links":{"self":[{"href":"http:\/\/10.100.20.231\/metrologia\/wp-json\/wp\/v2\/pages\/60705"}],"collection":[{"href":"http:\/\/10.100.20.231\/metrologia\/wp-json\/wp\/v2\/pages"}],"about":[{"href":"http:\/\/10.100.20.231\/metrologia\/wp-json\/wp\/v2\/types\/page"}],"author":[{"embeddable":true,"href":"http:\/\/10.100.20.231\/metrologia\/wp-json\/wp\/v2\/users\/1"}],"replies":[{"embeddable":true,"href":"http:\/\/10.100.20.231\/metrologia\/wp-json\/wp\/v2\/comments?post=60705"}],"version-history":[{"count":0,"href":"http:\/\/10.100.20.231\/metrologia\/wp-json\/wp\/v2\/pages\/60705\/revisions"}],"wp:attachment":[{"href":"http:\/\/10.100.20.231\/metrologia\/wp-json\/wp\/v2\/media?parent=60705"}],"curies":[{"name":"wp","href":"https:\/\/api.w.org\/{rel}","templated":true}]}}