{"id":60710,"date":"2022-08-29T18:16:46","date_gmt":"2022-08-29T23:16:46","guid":{"rendered":"http:\/\/10.100.20.231\/metrologia\/?page_id=60710"},"modified":"2024-01-18T14:12:40","modified_gmt":"2024-01-18T20:12:40","slug":"centro-nacional-de-metrologia-cenam","status":"publish","type":"page","link":"http:\/\/10.100.20.231\/metrologia\/centro-nacional-de-metrologia-cenam\/","title":{"rendered":"Centro Nacional de Metrolog\u00eda (CENAM)"},"content":{"rendered":"\n<div class=\"wp-container-3 wp-block-group alignfull barra contenido-principal max-dos-tercios informativa\" id=\"filtrable\">\n<div class=\"wp-container-1 wp-block-group yoast-breadcrumbs\">\n<p><a href=\"https:\/\/platiica.economia.gob.mx\/\">Inicio<\/a> &gt; <a href=\"https:\/\/platiica.economia.gob.mx\/metrologia\/\">Sistema de metrolog\u00eda<\/a> &gt; Centro Nacional de Metrolog\u00eda<\/p>\n<\/div>\n\n\n\n<h1><strong><strong>Centro Nacional de Metrolog\u00eda (CENAM)<\/strong><\/strong><\/h1>\n\n\n\n<p>El CENAM junto con los Institutos Desginados de Metrolog\u00eda, son los responsables del desarrollo, conservaci\u00f3n y mejora de los patrones nacionales de medida que constituyen el origen de la trazabilidad de las mediciones con base en el <a href=\"https:\/\/platiica.economia.gob.mx\/metrologia\/sistema-general-de-unidades-de-medida\/\">Sistema General de Unidades de Medida<\/a> (SGUM), asi como su relaci\u00f3n con el Sistema Internacional (SI) en M\u00e9xico y su correspondiente simbolog\u00eda. <\/p>\n\n\n\n<p><\/p>\n\n\n\n<p>El CENAM lleva a cabo investigaci\u00f3n cient\u00edfica, desarrollo tecnol\u00f3gico e innovaci\u00f3n en metrolog\u00eda, mediante diversas aplicaciones en los procesos de metrolog\u00eda, normalizaci\u00f3n y evaluaci\u00f3n de la conformidad contribuye al bienestar de la sociedad y al desarrollo econ\u00f3mico&nbsp;incluyente.<\/p>\n\n\n\n<p><\/p>\n\n\n\n<p>La Ley de Infraestructrua de la Calidad, en su art\u00edculo 105, da al CENAM las siguientes atribuciones :<\/p>\n\n\n\n<ul><li>Fungir como Instituto Nacional de Metrolog\u00eda y coordinador, en conjunto con la Secretar\u00eda de Econom\u00eda, del sistema de metrolog\u00eda.<\/li><li>Establecer, aprobar y difundir <a href=\"https:\/\/platiica.economia.gob.mx\/metrologia\/patrones-nacionales-de-medida\/\">patrones nacionales de medida<\/a> y <a href=\"https:\/\/platiica.economia.gob.mx\/metrologia\/materiales-de-referencia-certificados\/\">materiales de referencia certificados<\/a> para la trazabilidad de las mediciones.<\/li><li>Proporcionar <a href=\"https:\/\/www.cenam.mx\/calibracion\/Default.aspx\">servicios de medici\u00f3n y de calibraci\u00f3n<\/a> de <a href=\"https:\/\/platiica.economia.gob.mx\/metrologia\/patrones-nacionales-de-medida\/\">patrones de medida<\/a> e <a href=\"https:\/\/platiica.economia.gob.mx\/metrologia\/instrumentos-para-medir-que-cuentan-con-aprobacion-de-modelo\/\">instrumentos para medir<\/a>.<\/li><li>Autorizar la <a href=\"https:\/\/platiica.economia.gob.mx\/metrologia\/trazabilidad-de-las-medidas-a-patrones-internacionales-o-extranjeros-de-medida\/\">trazabilidad de las medidas a patrones nacionales internacionales o extranjeros de medida<\/a>. <\/li><li>Certificar y proveer <a href=\"https:\/\/platiica.economia.gob.mx\/metrologia\/materiales-de-referencia-certificados\/\">materiales de referencia<\/a>.<\/li><li>Prestar servicios de <a href=\"https:\/\/www.cenam.mx\/servicios\/asesorias\/\">asesor\u00eda<\/a> y realizar proyectos de desarrollo tecnol\u00f3gico para los sectores usuarios.<\/li><li>Realizar peritajes de tercer\u00eda y efectuar mediciones o pruebas de <a href=\"https:\/\/platiica.economia.gob.mx\/glosario\/evaluacion-de-la-conformidad\/\">evaluaci\u00f3n de la conformidad<\/a>.<\/li><li>Participar en la elaboraci\u00f3n de <a href=\"https:\/\/platiica.economia.gob.mx\/glosario\/norma-oficial-mexicana-nom\/\">Normas Oficiales Mexicanas<\/a> y <a href=\"https:\/\/platiica.economia.gob.mx\/glosario\/estandar\/\">Est\u00e1ndares<\/a>.\u00a0<\/li><li>Realizar estudios de viabilidad t\u00e9cnica sobre metrolog\u00eda para establecer el control legal de instrumentos para medir considerados para la <a href=\"https:\/\/www.cenam.mx\/servicios\/econformidad\/\">evaluaci\u00f3n de la conformidad<\/a>.<\/li><li><a href=\"https:\/\/www.cenam.mx\/servicios\/amodelo\/\">Aprobar los modelos de instrumentos para medir<\/a><\/li><\/ul>\n\n\n\n<p><a rel=\"noreferrer noopener\" href=\"https:\/\/www.gob.mx\/cenam\/\" target=\"_blank\">&gt; Ir al sitio<\/a><\/p>\n\n\n\n<p><\/p>\n\n\n\n<h2>Comit\u00e9 Consultivo T\u00e9cnico del CENAM<\/h2>\n\n\n\n<p>Organismo encargado de apoyar en el an\u00e1lisis y la atenci\u00f3n de los anteproyectos presentados por la comunidad ante el Centro Nacional de Metrolog\u00eda. <\/p>\n\n\n\n<p><a href=\"https:\/\/platiica.economia.gob.mx\/metrologia\/comite-consultivo-tecnico-del-cenam\/\"><strong>M\u00e1s informaci\u00f3n<\/strong><\/a><\/p>\n\n\n\n<p><\/p>\n\n\n\n<p><strong>Documentos para descarga &gt;<\/strong><\/p>\n\n\n\n<p><\/p>\n\n\n\n<ul><li><a href=\"https:\/\/www.cenam.mx\/normateca\/doctos\/EOrganicoCENAM.pdf\">Estatuto Org\u00e1nico<\/a><\/li><\/ul>\n\n\n\n<ul><li><a href=\"https:\/\/www.cenam.mx\/normateca\/doctos\/ReformaEstatutoOrg%C3%A1nico2016.pdf\">Modificaci\u00f3n al Estatuto Org\u00e1nico<\/a><\/li><li><a href=\"https:\/\/www.cenam.mx\/normateca\/doctos\/Manual%20de%20Organizaci%C3%B3n%20CENAM.pdf\">Manual de Organizaci\u00f3n (Operaci\u00f3n)<\/a><\/li><li><a href=\"https:\/\/www.cenam.mx\/servicios\/\">Precios de los servicios y bienes p\u00fablicos del Centro Nacional de Metrolog\u00eda<\/a><\/li><li><a href=\"https:\/\/www.bipm.org\/kcdb\/cmc\/quick-search?includedFilters=&amp;excludedFilters=&amp;page=0&amp;keywords=m%C3%A9xico\">Capacidades de Medici\u00f3n y Calibraci\u00f3n (CMC) reconocidas a M\u00e9xico<\/a> (sitio de la Oficina Internacional de Pesas y Medidas, BIPM, en Ingl\u00e9s). <\/li><\/ul>\n\n\n\n<ul><li><a href=\"https:\/\/www.dof.gob.mx\/nota_detalle.php?codigo=5601529&amp;fecha=30\/09\/2020\">Programa Institucional del Centro Nacional de Metrolog\u00eda 2020-2024<\/a> <\/li><\/ul>\n\n\n\n<ul><li>Servicios del Centro Nacional de Metrolog\u00eda: <a href=\"https:\/\/www.cenam.mx\/servicios\/\" data-type=\"URL\" data-id=\"https:\/\/www.cenam.mx\/servicios\/\">Listado completo en el portal del CENAM<\/a><\/li><li>Tr\u00e1mites y servicios del Centro Nacional de Metrolog\u00eda  (Buscar como CENAM) en el <a href=\"https:\/\/catalogonacional.gob.mx\/Buscador\">Cat\u00e1logo Nacional de Regulaciones, Tr\u00e1mites y Servicios<\/a><\/li><\/ul>\n\n\n\n<div class=\"wp-container-2 wp-block-group adicional\">\n<p><strong>Te puede interesar:<\/strong><\/p>\n\n\n\n<p><a href=\"https:\/\/platiica.economia.gob.mx\/metrologia\/sistema-general-de-unidades-de-medida\/\">&gt; Sistema General de Unidades de Medida<\/a><\/p>\n\n\n\n<p><a href=\"https:\/\/platiica.economia.gob.mx\/metrologia\/materiales-de-referencia-certificados\/\">&gt; Materiales de referencia certificados<\/a><\/p>\n\n\n\n<p><a href=\"https:\/\/platiica.economia.gob.mx\/metrologia\/instrumentos-para-medir-que-cuentan-con-aprobacion-de-modelo\/\">&gt; Instrumentos para medir que cuentan con aprobaci\u00f3n de modelo<\/a><\/p>\n<\/div>\n<\/div>\n","protected":false},"excerpt":{"rendered":"<p>El Centro Nacional de Metrolog\u00eda lleva a cabo investigaci\u00f3n cient\u00edfica y desarrollo tecnol\u00f3gico en metrolog\u00eda y sus aplicaciones para contribuir al bienestar de la sociedad y al desarrollo econ\u00f3mico incluyente.<\/p>\n","protected":false},"author":1,"featured_media":0,"parent":0,"menu_order":0,"comment_status":"closed","ping_status":"closed","template":"","meta":{"_links_to":"","_links_to_target":""},"yoast_head":"<!-- This site is optimized with the Yoast SEO plugin v21.5 - https:\/\/yoast.com\/wordpress\/plugins\/seo\/ -->\n<title>Centro Nacional de Metrolog\u00eda (CENAM) - Sistema de metrolog\u00eda<\/title>\n<meta name=\"description\" content=\"Ent\u00e9rate acerca de las atribuciones del Centro Nacional de Metrolog\u00eda (CENAM) para la investigaci\u00f3n cient\u00edfica y el desarrollo tecnol\u00f3gico en metrolog\u00eda.\" \/>\n<meta name=\"robots\" content=\"index, follow, max-snippet:-1, max-image-preview:large, max-video-preview:-1\" \/>\n<link rel=\"canonical\" href=\"http:\/\/10.100.20.231\/metrologia\/centro-nacional-de-metrologia-cenam\/\" \/>\n<meta property=\"og:locale\" content=\"es_MX\" \/>\n<meta property=\"og:type\" content=\"article\" \/>\n<meta property=\"og:title\" content=\"Centro Nacional de Metrolog\u00eda (CENAM) - Sistema de metrolog\u00eda\" \/>\n<meta property=\"og:description\" content=\"Ent\u00e9rate acerca de las atribuciones del Centro Nacional de Metrolog\u00eda (CENAM) para la investigaci\u00f3n cient\u00edfica y el desarrollo tecnol\u00f3gico en metrolog\u00eda.\" \/>\n<meta property=\"og:url\" content=\"http:\/\/10.100.20.231\/metrologia\/centro-nacional-de-metrologia-cenam\/\" \/>\n<meta property=\"og:site_name\" content=\"Sistema de metrolog\u00eda\" \/>\n<meta property=\"article:modified_time\" content=\"2024-01-18T20:12:40+00:00\" \/>\n<meta property=\"og:image\" content=\"http:\/\/10.100.20.231\/metrologia\/wp-content\/uploads\/sites\/4\/2024\/05\/platiica-economia.jpg\" \/>\n\t<meta property=\"og:image:width\" content=\"1200\" \/>\n\t<meta property=\"og:image:height\" content=\"675\" \/>\n\t<meta property=\"og:image:type\" content=\"image\/jpeg\" \/>\n<meta name=\"twitter:card\" content=\"summary_large_image\" \/>\n<meta name=\"twitter:label1\" content=\"Tiempo de lectura\" \/>\n\t<meta name=\"twitter:data1\" content=\"2 minutos\" \/>\n<script type=\"application\/ld+json\" class=\"yoast-schema-graph\">{\"@context\":\"https:\/\/schema.org\",\"@graph\":[{\"@type\":\"WebPage\",\"@id\":\"http:\/\/10.100.20.231\/metrologia\/centro-nacional-de-metrologia-cenam\/\",\"url\":\"http:\/\/10.100.20.231\/metrologia\/centro-nacional-de-metrologia-cenam\/\",\"name\":\"Centro Nacional de Metrolog\u00eda (CENAM) - Sistema de metrolog\u00eda\",\"isPartOf\":{\"@id\":\"http:\/\/10.100.20.231\/metrologia\/#website\"},\"datePublished\":\"2022-08-29T23:16:46+00:00\",\"dateModified\":\"2024-01-18T20:12:40+00:00\",\"description\":\"Ent\u00e9rate acerca de las atribuciones del Centro Nacional de Metrolog\u00eda (CENAM) para la investigaci\u00f3n cient\u00edfica y el desarrollo tecnol\u00f3gico en metrolog\u00eda.\",\"breadcrumb\":{\"@id\":\"http:\/\/10.100.20.231\/metrologia\/centro-nacional-de-metrologia-cenam\/#breadcrumb\"},\"inLanguage\":\"es-MX\",\"potentialAction\":[{\"@type\":\"ReadAction\",\"target\":[\"http:\/\/10.100.20.231\/metrologia\/centro-nacional-de-metrologia-cenam\/\"]}]},{\"@type\":\"BreadcrumbList\",\"@id\":\"http:\/\/10.100.20.231\/metrologia\/centro-nacional-de-metrologia-cenam\/#breadcrumb\",\"itemListElement\":[{\"@type\":\"ListItem\",\"position\":1,\"name\":\"Inicio\",\"item\":\"http:\/\/10.100.20.231\/metrologia\/\"},{\"@type\":\"ListItem\",\"position\":2,\"name\":\"Centro Nacional de Metrolog\u00eda (CENAM)\"}]},{\"@type\":\"WebSite\",\"@id\":\"http:\/\/10.100.20.231\/metrologia\/#website\",\"url\":\"http:\/\/10.100.20.231\/metrologia\/\",\"name\":\"Sistema de metrolog\u00eda\",\"description\":\"\",\"publisher\":{\"@id\":\"http:\/\/10.100.20.231\/metrologia\/#organization\"},\"potentialAction\":[{\"@type\":\"SearchAction\",\"target\":{\"@type\":\"EntryPoint\",\"urlTemplate\":\"http:\/\/10.100.20.231\/metrologia\/?s={search_term_string}\"},\"query-input\":\"required name=search_term_string\"}],\"inLanguage\":\"es-MX\"},{\"@type\":\"Organization\",\"@id\":\"http:\/\/10.100.20.231\/metrologia\/#organization\",\"name\":\"Sistema de metrolog\u00eda\",\"url\":\"http:\/\/10.100.20.231\/metrologia\/\",\"logo\":{\"@type\":\"ImageObject\",\"inLanguage\":\"es-MX\",\"@id\":\"http:\/\/10.100.20.231\/metrologia\/#\/schema\/logo\/image\/\",\"url\":\"http:\/\/10.100.20.231\/metrologia\/wp-content\/uploads\/sites\/4\/2021\/10\/logo-gobierno-mexico.svg\",\"contentUrl\":\"http:\/\/10.100.20.231\/metrologia\/wp-content\/uploads\/sites\/4\/2021\/10\/logo-gobierno-mexico.svg\",\"width\":123,\"height\":36,\"caption\":\"Sistema de metrolog\u00eda\"},\"image\":{\"@id\":\"http:\/\/10.100.20.231\/metrologia\/#\/schema\/logo\/image\/\"}}]}<\/script>\n<!-- \/ Yoast SEO plugin. -->","yoast_head_json":{"title":"Centro Nacional de Metrolog\u00eda (CENAM) - Sistema de metrolog\u00eda","description":"Ent\u00e9rate acerca de las atribuciones del Centro Nacional de Metrolog\u00eda (CENAM) para la investigaci\u00f3n cient\u00edfica y el desarrollo tecnol\u00f3gico en metrolog\u00eda.","robots":{"index":"index","follow":"follow","max-snippet":"max-snippet:-1","max-image-preview":"max-image-preview:large","max-video-preview":"max-video-preview:-1"},"canonical":"http:\/\/10.100.20.231\/metrologia\/centro-nacional-de-metrologia-cenam\/","og_locale":"es_MX","og_type":"article","og_title":"Centro Nacional de Metrolog\u00eda (CENAM) - Sistema de metrolog\u00eda","og_description":"Ent\u00e9rate acerca de las atribuciones del Centro Nacional de Metrolog\u00eda (CENAM) para la investigaci\u00f3n cient\u00edfica y el desarrollo tecnol\u00f3gico en metrolog\u00eda.","og_url":"http:\/\/10.100.20.231\/metrologia\/centro-nacional-de-metrologia-cenam\/","og_site_name":"Sistema de metrolog\u00eda","article_modified_time":"2024-01-18T20:12:40+00:00","og_image":[{"width":1200,"height":675,"url":"http:\/\/10.100.20.231\/metrologia\/wp-content\/uploads\/sites\/4\/2024\/05\/platiica-economia.jpg","type":"image\/jpeg"}],"twitter_card":"summary_large_image","twitter_misc":{"Tiempo de lectura":"2 minutos"},"schema":{"@context":"https:\/\/schema.org","@graph":[{"@type":"WebPage","@id":"http:\/\/10.100.20.231\/metrologia\/centro-nacional-de-metrologia-cenam\/","url":"http:\/\/10.100.20.231\/metrologia\/centro-nacional-de-metrologia-cenam\/","name":"Centro Nacional de Metrolog\u00eda (CENAM) - Sistema de metrolog\u00eda","isPartOf":{"@id":"http:\/\/10.100.20.231\/metrologia\/#website"},"datePublished":"2022-08-29T23:16:46+00:00","dateModified":"2024-01-18T20:12:40+00:00","description":"Ent\u00e9rate acerca de las atribuciones del Centro Nacional de Metrolog\u00eda (CENAM) para la investigaci\u00f3n cient\u00edfica y el desarrollo tecnol\u00f3gico en metrolog\u00eda.","breadcrumb":{"@id":"http:\/\/10.100.20.231\/metrologia\/centro-nacional-de-metrologia-cenam\/#breadcrumb"},"inLanguage":"es-MX","potentialAction":[{"@type":"ReadAction","target":["http:\/\/10.100.20.231\/metrologia\/centro-nacional-de-metrologia-cenam\/"]}]},{"@type":"BreadcrumbList","@id":"http:\/\/10.100.20.231\/metrologia\/centro-nacional-de-metrologia-cenam\/#breadcrumb","itemListElement":[{"@type":"ListItem","position":1,"name":"Inicio","item":"http:\/\/10.100.20.231\/metrologia\/"},{"@type":"ListItem","position":2,"name":"Centro Nacional de Metrolog\u00eda (CENAM)"}]},{"@type":"WebSite","@id":"http:\/\/10.100.20.231\/metrologia\/#website","url":"http:\/\/10.100.20.231\/metrologia\/","name":"Sistema de metrolog\u00eda","description":"","publisher":{"@id":"http:\/\/10.100.20.231\/metrologia\/#organization"},"potentialAction":[{"@type":"SearchAction","target":{"@type":"EntryPoint","urlTemplate":"http:\/\/10.100.20.231\/metrologia\/?s={search_term_string}"},"query-input":"required name=search_term_string"}],"inLanguage":"es-MX"},{"@type":"Organization","@id":"http:\/\/10.100.20.231\/metrologia\/#organization","name":"Sistema de metrolog\u00eda","url":"http:\/\/10.100.20.231\/metrologia\/","logo":{"@type":"ImageObject","inLanguage":"es-MX","@id":"http:\/\/10.100.20.231\/metrologia\/#\/schema\/logo\/image\/","url":"http:\/\/10.100.20.231\/metrologia\/wp-content\/uploads\/sites\/4\/2021\/10\/logo-gobierno-mexico.svg","contentUrl":"http:\/\/10.100.20.231\/metrologia\/wp-content\/uploads\/sites\/4\/2021\/10\/logo-gobierno-mexico.svg","width":123,"height":36,"caption":"Sistema de metrolog\u00eda"},"image":{"@id":"http:\/\/10.100.20.231\/metrologia\/#\/schema\/logo\/image\/"}}]}},"_links":{"self":[{"href":"http:\/\/10.100.20.231\/metrologia\/wp-json\/wp\/v2\/pages\/60710"}],"collection":[{"href":"http:\/\/10.100.20.231\/metrologia\/wp-json\/wp\/v2\/pages"}],"about":[{"href":"http:\/\/10.100.20.231\/metrologia\/wp-json\/wp\/v2\/types\/page"}],"author":[{"embeddable":true,"href":"http:\/\/10.100.20.231\/metrologia\/wp-json\/wp\/v2\/users\/1"}],"replies":[{"embeddable":true,"href":"http:\/\/10.100.20.231\/metrologia\/wp-json\/wp\/v2\/comments?post=60710"}],"version-history":[{"count":0,"href":"http:\/\/10.100.20.231\/metrologia\/wp-json\/wp\/v2\/pages\/60710\/revisions"}],"wp:attachment":[{"href":"http:\/\/10.100.20.231\/metrologia\/wp-json\/wp\/v2\/media?parent=60710"}],"curies":[{"name":"wp","href":"https:\/\/api.w.org\/{rel}","templated":true}]}}