{"id":60716,"date":"2022-08-29T18:29:41","date_gmt":"2022-08-29T23:29:41","guid":{"rendered":"http:\/\/10.100.20.231\/metrologia\/?page_id=60716"},"modified":"2024-01-18T14:17:00","modified_gmt":"2024-01-18T20:17:00","slug":"arreglo-de-reconocimiento-mutuo-del-comite-internacional-de-pesas-y-medidas","status":"publish","type":"page","link":"http:\/\/10.100.20.231\/metrologia\/arreglo-de-reconocimiento-mutuo-del-comite-internacional-de-pesas-y-medidas\/","title":{"rendered":"Arreglo de Reconocimiento Mutuo del Comit\u00e9 Internacional de Pesas y Medidas"},"content":{"rendered":"\n<div class=\"wp-container-3 wp-block-group alignfull barra contenido-principal max-dos-tercios informativa\" id=\"filtrable\">\n<div class=\"wp-container-1 wp-block-group yoast-breadcrumbs\">\n<p><a href=\"https:\/\/platiica.economia.gob.mx\/\">Inicio<\/a> &gt; <a href=\"https:\/\/platiica.economia.gob.mx\/metrologia\/\">Sistema de metrolog\u00eda<\/a> &gt; <strong><strong><strong><strong><strong><a href=\"https:\/\/platiica.economia.gob.mx\/metrologia\/comite-internacional-de-pesos-y-medidas-cipm\/\">Comit\u00e9 Internacional de Pesas y Medidas (CIPM)<\/a><\/strong><\/strong><\/strong><\/strong><\/strong> &gt; <strong><strong>Arreglo de Reconocimiento Mutuo del Comit\u00e9 Internacional de Pesas y Medidas<\/strong><\/strong><\/p>\n<\/div>\n\n\n\n<h1>Arreglo de Reconocimiento Mutuo del Comit\u00e9 Internacional de Pesas y Medidas<\/h1>\n\n\n\n<p>Instrumento empleado por las autoridades mexicanas como base para la autorizaci\u00f3n de la trazabilidad de las mediciones a patrones extranjeros reconocidos en actividades relacionadas con <a href=\"https:\/\/platiica.economia.gob.mx\/glosario\/evaluacion-de-la-conformidad\/\">evaluaci\u00f3n de la conformidad<\/a>.<\/p>\n\n\n\n<p>Este permite reconocer la equivalencia de los resultados de medici\u00f3n obtenidos por un laboratorio u organismo de evaluaci\u00f3n de la conformidad, sin importar d\u00f3nde se hubieren llevado a cabo.&nbsp;<\/p>\n\n\n\n<div class=\"wp-container-2 wp-block-group adicional\">\n<p><strong>Documento para descarga &gt;<\/strong><\/p>\n\n\n\n<p><a href=\"https:\/\/www.cenam.mx\/El%20ARM-CIPM_difusion.pdf\" target=\"_blank\" rel=\"noreferrer noopener\">Arreglo de Reconocimiento Mutuo del Comit\u00e9 Internacional de Pesas y Medidas<\/a><\/p>\n\n\n\n<div style=\"height:30px\" aria-hidden=\"true\" class=\"wp-block-spacer\"><\/div>\n\n\n\n<p><strong>Te puede interesar:<\/strong><\/p>\n\n\n\n<p>> <a href=\"https:\/\/platiica.economia.gob.mx\/evaluacion-de-la-conformidad\/acuerdos-y-arreglos-de-reconocimiento-mutuo\/\">Acuerdos y arreglos de reconocimiento mutuo<\/a><\/p>\n\n\n\n<p><a href=\"https:\/\/platiica.economia.gob.mx\/evaluacion-de-la-conformidad\/acuerdos-de-equivalencia\/\">> Acuerdos de equivalencia<\/a><\/p>\n\n\n\n<p><a href=\"https:\/\/platiica.economia.gob.mx\/evaluacion-de-la-conformidad\/sistemas-internacionales-de-evaluacion-de-la-conformidad\/\">&gt; Sistemas internacionales de evaluaci\u00f3n de la conformidad<\/a><\/p>\n<\/div>\n<\/div>\n","protected":false},"excerpt":{"rendered":"<p>Instrumento empleado por las autoridades mexicanas como base para la autorizaci\u00f3n de la trazabilidad de las mediciones a patrones extranjeros reconocidos en actividades relacionadas con evaluaci\u00f3n de la conformidad.<\/p>\n","protected":false},"author":1,"featured_media":0,"parent":0,"menu_order":0,"comment_status":"closed","ping_status":"closed","template":"","meta":{"_links_to":"","_links_to_target":""},"yoast_head":"<!-- This site is optimized with the Yoast SEO plugin v21.5 - https:\/\/yoast.com\/wordpress\/plugins\/seo\/ -->\n<title>Arreglo de Reconocimiento Mutuo del Comit\u00e9 Internacional de Pesas y Medidas - Sistema de metrolog\u00eda<\/title>\n<meta name=\"description\" content=\"Descarga el documento completo del Arreglo de Reconocimiento Mutuo del Comit\u00e9 Internacional de Pesas y Medidas considerado para la trazabilidad metrol\u00f3gica.\" \/>\n<meta name=\"robots\" content=\"index, follow, max-snippet:-1, max-image-preview:large, max-video-preview:-1\" \/>\n<link rel=\"canonical\" href=\"http:\/\/10.100.20.231\/metrologia\/arreglo-de-reconocimiento-mutuo-del-comite-internacional-de-pesas-y-medidas\/\" \/>\n<meta property=\"og:locale\" content=\"es_MX\" \/>\n<meta property=\"og:type\" content=\"article\" \/>\n<meta property=\"og:title\" content=\"Arreglo de Reconocimiento Mutuo del Comit\u00e9 Internacional de Pesas y Medidas - Sistema de metrolog\u00eda\" \/>\n<meta property=\"og:description\" content=\"Descarga el documento completo del Arreglo de Reconocimiento Mutuo del Comit\u00e9 Internacional de Pesas y Medidas considerado para la trazabilidad metrol\u00f3gica.\" \/>\n<meta property=\"og:url\" content=\"http:\/\/10.100.20.231\/metrologia\/arreglo-de-reconocimiento-mutuo-del-comite-internacional-de-pesas-y-medidas\/\" \/>\n<meta property=\"og:site_name\" content=\"Sistema de metrolog\u00eda\" \/>\n<meta property=\"article:modified_time\" content=\"2024-01-18T20:17:00+00:00\" \/>\n<meta property=\"og:image\" content=\"http:\/\/10.100.20.231\/metrologia\/wp-content\/uploads\/sites\/4\/2024\/05\/platiica-economia.jpg\" \/>\n\t<meta property=\"og:image:width\" content=\"1200\" \/>\n\t<meta property=\"og:image:height\" content=\"675\" \/>\n\t<meta property=\"og:image:type\" content=\"image\/jpeg\" \/>\n<meta name=\"twitter:card\" content=\"summary_large_image\" \/>\n<meta name=\"twitter:label1\" content=\"Tiempo de lectura\" \/>\n\t<meta name=\"twitter:data1\" content=\"1 minuto\" \/>\n<script type=\"application\/ld+json\" class=\"yoast-schema-graph\">{\"@context\":\"https:\/\/schema.org\",\"@graph\":[{\"@type\":\"WebPage\",\"@id\":\"http:\/\/10.100.20.231\/metrologia\/arreglo-de-reconocimiento-mutuo-del-comite-internacional-de-pesas-y-medidas\/\",\"url\":\"http:\/\/10.100.20.231\/metrologia\/arreglo-de-reconocimiento-mutuo-del-comite-internacional-de-pesas-y-medidas\/\",\"name\":\"Arreglo de Reconocimiento Mutuo del Comit\u00e9 Internacional de Pesas y Medidas - Sistema de metrolog\u00eda\",\"isPartOf\":{\"@id\":\"http:\/\/10.100.20.231\/metrologia\/#website\"},\"datePublished\":\"2022-08-29T23:29:41+00:00\",\"dateModified\":\"2024-01-18T20:17:00+00:00\",\"description\":\"Descarga el documento completo del Arreglo de Reconocimiento Mutuo del Comit\u00e9 Internacional de Pesas y Medidas considerado para la trazabilidad metrol\u00f3gica.\",\"breadcrumb\":{\"@id\":\"http:\/\/10.100.20.231\/metrologia\/arreglo-de-reconocimiento-mutuo-del-comite-internacional-de-pesas-y-medidas\/#breadcrumb\"},\"inLanguage\":\"es-MX\",\"potentialAction\":[{\"@type\":\"ReadAction\",\"target\":[\"http:\/\/10.100.20.231\/metrologia\/arreglo-de-reconocimiento-mutuo-del-comite-internacional-de-pesas-y-medidas\/\"]}]},{\"@type\":\"BreadcrumbList\",\"@id\":\"http:\/\/10.100.20.231\/metrologia\/arreglo-de-reconocimiento-mutuo-del-comite-internacional-de-pesas-y-medidas\/#breadcrumb\",\"itemListElement\":[{\"@type\":\"ListItem\",\"position\":1,\"name\":\"Inicio\",\"item\":\"http:\/\/10.100.20.231\/metrologia\/\"},{\"@type\":\"ListItem\",\"position\":2,\"name\":\"Arreglo de Reconocimiento Mutuo del Comit\u00e9 Internacional de Pesas y Medidas\"}]},{\"@type\":\"WebSite\",\"@id\":\"http:\/\/10.100.20.231\/metrologia\/#website\",\"url\":\"http:\/\/10.100.20.231\/metrologia\/\",\"name\":\"Sistema de metrolog\u00eda\",\"description\":\"\",\"publisher\":{\"@id\":\"http:\/\/10.100.20.231\/metrologia\/#organization\"},\"potentialAction\":[{\"@type\":\"SearchAction\",\"target\":{\"@type\":\"EntryPoint\",\"urlTemplate\":\"http:\/\/10.100.20.231\/metrologia\/?s={search_term_string}\"},\"query-input\":\"required name=search_term_string\"}],\"inLanguage\":\"es-MX\"},{\"@type\":\"Organization\",\"@id\":\"http:\/\/10.100.20.231\/metrologia\/#organization\",\"name\":\"Sistema de metrolog\u00eda\",\"url\":\"http:\/\/10.100.20.231\/metrologia\/\",\"logo\":{\"@type\":\"ImageObject\",\"inLanguage\":\"es-MX\",\"@id\":\"http:\/\/10.100.20.231\/metrologia\/#\/schema\/logo\/image\/\",\"url\":\"http:\/\/10.100.20.231\/metrologia\/wp-content\/uploads\/sites\/4\/2021\/10\/logo-gobierno-mexico.svg\",\"contentUrl\":\"http:\/\/10.100.20.231\/metrologia\/wp-content\/uploads\/sites\/4\/2021\/10\/logo-gobierno-mexico.svg\",\"width\":123,\"height\":36,\"caption\":\"Sistema de metrolog\u00eda\"},\"image\":{\"@id\":\"http:\/\/10.100.20.231\/metrologia\/#\/schema\/logo\/image\/\"}}]}<\/script>\n<!-- \/ Yoast SEO plugin. -->","yoast_head_json":{"title":"Arreglo de Reconocimiento Mutuo del Comit\u00e9 Internacional de Pesas y Medidas - Sistema de metrolog\u00eda","description":"Descarga el documento completo del Arreglo de Reconocimiento Mutuo del Comit\u00e9 Internacional de Pesas y Medidas considerado para la trazabilidad metrol\u00f3gica.","robots":{"index":"index","follow":"follow","max-snippet":"max-snippet:-1","max-image-preview":"max-image-preview:large","max-video-preview":"max-video-preview:-1"},"canonical":"http:\/\/10.100.20.231\/metrologia\/arreglo-de-reconocimiento-mutuo-del-comite-internacional-de-pesas-y-medidas\/","og_locale":"es_MX","og_type":"article","og_title":"Arreglo de Reconocimiento Mutuo del Comit\u00e9 Internacional de Pesas y Medidas - Sistema de metrolog\u00eda","og_description":"Descarga el documento completo del Arreglo de Reconocimiento Mutuo del Comit\u00e9 Internacional de Pesas y Medidas considerado para la trazabilidad metrol\u00f3gica.","og_url":"http:\/\/10.100.20.231\/metrologia\/arreglo-de-reconocimiento-mutuo-del-comite-internacional-de-pesas-y-medidas\/","og_site_name":"Sistema de metrolog\u00eda","article_modified_time":"2024-01-18T20:17:00+00:00","og_image":[{"width":1200,"height":675,"url":"http:\/\/10.100.20.231\/metrologia\/wp-content\/uploads\/sites\/4\/2024\/05\/platiica-economia.jpg","type":"image\/jpeg"}],"twitter_card":"summary_large_image","twitter_misc":{"Tiempo de lectura":"1 minuto"},"schema":{"@context":"https:\/\/schema.org","@graph":[{"@type":"WebPage","@id":"http:\/\/10.100.20.231\/metrologia\/arreglo-de-reconocimiento-mutuo-del-comite-internacional-de-pesas-y-medidas\/","url":"http:\/\/10.100.20.231\/metrologia\/arreglo-de-reconocimiento-mutuo-del-comite-internacional-de-pesas-y-medidas\/","name":"Arreglo de Reconocimiento Mutuo del Comit\u00e9 Internacional de Pesas y Medidas - Sistema de metrolog\u00eda","isPartOf":{"@id":"http:\/\/10.100.20.231\/metrologia\/#website"},"datePublished":"2022-08-29T23:29:41+00:00","dateModified":"2024-01-18T20:17:00+00:00","description":"Descarga el documento completo del Arreglo de Reconocimiento Mutuo del Comit\u00e9 Internacional de Pesas y Medidas considerado para la trazabilidad metrol\u00f3gica.","breadcrumb":{"@id":"http:\/\/10.100.20.231\/metrologia\/arreglo-de-reconocimiento-mutuo-del-comite-internacional-de-pesas-y-medidas\/#breadcrumb"},"inLanguage":"es-MX","potentialAction":[{"@type":"ReadAction","target":["http:\/\/10.100.20.231\/metrologia\/arreglo-de-reconocimiento-mutuo-del-comite-internacional-de-pesas-y-medidas\/"]}]},{"@type":"BreadcrumbList","@id":"http:\/\/10.100.20.231\/metrologia\/arreglo-de-reconocimiento-mutuo-del-comite-internacional-de-pesas-y-medidas\/#breadcrumb","itemListElement":[{"@type":"ListItem","position":1,"name":"Inicio","item":"http:\/\/10.100.20.231\/metrologia\/"},{"@type":"ListItem","position":2,"name":"Arreglo de Reconocimiento Mutuo del Comit\u00e9 Internacional de Pesas y Medidas"}]},{"@type":"WebSite","@id":"http:\/\/10.100.20.231\/metrologia\/#website","url":"http:\/\/10.100.20.231\/metrologia\/","name":"Sistema de metrolog\u00eda","description":"","publisher":{"@id":"http:\/\/10.100.20.231\/metrologia\/#organization"},"potentialAction":[{"@type":"SearchAction","target":{"@type":"EntryPoint","urlTemplate":"http:\/\/10.100.20.231\/metrologia\/?s={search_term_string}"},"query-input":"required name=search_term_string"}],"inLanguage":"es-MX"},{"@type":"Organization","@id":"http:\/\/10.100.20.231\/metrologia\/#organization","name":"Sistema de metrolog\u00eda","url":"http:\/\/10.100.20.231\/metrologia\/","logo":{"@type":"ImageObject","inLanguage":"es-MX","@id":"http:\/\/10.100.20.231\/metrologia\/#\/schema\/logo\/image\/","url":"http:\/\/10.100.20.231\/metrologia\/wp-content\/uploads\/sites\/4\/2021\/10\/logo-gobierno-mexico.svg","contentUrl":"http:\/\/10.100.20.231\/metrologia\/wp-content\/uploads\/sites\/4\/2021\/10\/logo-gobierno-mexico.svg","width":123,"height":36,"caption":"Sistema de metrolog\u00eda"},"image":{"@id":"http:\/\/10.100.20.231\/metrologia\/#\/schema\/logo\/image\/"}}]}},"_links":{"self":[{"href":"http:\/\/10.100.20.231\/metrologia\/wp-json\/wp\/v2\/pages\/60716"}],"collection":[{"href":"http:\/\/10.100.20.231\/metrologia\/wp-json\/wp\/v2\/pages"}],"about":[{"href":"http:\/\/10.100.20.231\/metrologia\/wp-json\/wp\/v2\/types\/page"}],"author":[{"embeddable":true,"href":"http:\/\/10.100.20.231\/metrologia\/wp-json\/wp\/v2\/users\/1"}],"replies":[{"embeddable":true,"href":"http:\/\/10.100.20.231\/metrologia\/wp-json\/wp\/v2\/comments?post=60716"}],"version-history":[{"count":0,"href":"http:\/\/10.100.20.231\/metrologia\/wp-json\/wp\/v2\/pages\/60716\/revisions"}],"wp:attachment":[{"href":"http:\/\/10.100.20.231\/metrologia\/wp-json\/wp\/v2\/media?parent=60716"}],"curies":[{"name":"wp","href":"https:\/\/api.w.org\/{rel}","templated":true}]}}