{"id":60719,"date":"2022-08-29T18:31:26","date_gmt":"2022-08-29T23:31:26","guid":{"rendered":"http:\/\/10.100.20.231\/metrologia\/?page_id=60719"},"modified":"2023-11-08T12:21:53","modified_gmt":"2023-11-08T18:21:53","slug":"organizacion-internacional-de-metrologia-legal-oiml","status":"publish","type":"page","link":"http:\/\/10.100.20.231\/metrologia\/organizacion-internacional-de-metrologia-legal-oiml\/","title":{"rendered":"Organizaci\u00f3n Internacional de Metrolog\u00eda Legal (OIML)"},"content":{"rendered":"\n<div class=\"wp-container-4 wp-block-group alignfull barra contenido-principal max-dos-tercios informativa\" id=\"filtrable\">\n<div class=\"wp-container-1 wp-block-group yoast-breadcrumbs\">\n<p><a href=\"https:\/\/platiica.economia.gob.mx\/\">Inicio<\/a> &gt; <a href=\"https:\/\/platiica.economia.gob.mx\/metrologia\/\">Sistema de metrolog\u00eda<\/a> &gt; <strong><strong><strong><strong><strong><strong><strong>Organizaci\u00f3n Internacional de Metrolog\u00eda Legal (OIML)<\/strong><\/strong><\/strong><\/strong><\/strong><\/strong><\/strong><\/p>\n<\/div>\n\n\n\n<h1><strong><strong>Organizaci\u00f3n Internacional de Metrolog\u00eda Legal (OIML)<\/strong><\/strong><\/h1>\n\n\n\n<p>Es la organizaci\u00f3n intergubernamental que desarrolla Normas modelo, <a href=\"https:\/\/platiica.economia.gob.mx\/glosario\/estandar\/\">Est\u00e1ndares<\/a> y documentos relacionados que sientan las bases para las autoridades de <a href=\"https:\/\/platiica.economia.gob.mx\/glosario\/metrologia-legal\/\">metrolog\u00eda legal<\/a> y la industria, proporcionando sistemas de reconocimiento mutuo para regular el comercio y el mercado global.<\/p>\n\n\n\n<p>La Organizaci\u00f3n Internacional de Metrolog\u00eda Legal es instituida por un tratado y constituida por Estados miembros y miembros correspondientes para unificar los procedimientos de metrolog\u00eda legal a nivel internacional.<\/p>\n\n\n\n<p><a href=\"https:\/\/www.oiml.org\/en\" target=\"_blank\" rel=\"noreferrer noopener\">&gt; Portal de la Organizaci\u00f3n Internacional de Metrolog\u00eda Legal<\/a><\/p>\n\n\n\n<div class=\"wp-container-3 wp-block-group adicional\">\n<div class=\"wp-container-2 wp-block-group adicional\">\n<p><strong>Te puede interesar:<\/strong><\/p>\n\n\n\n<p><a href=\"https:\/\/platiica.economia.gob.mx\/normalizacion\/organismos-internacionales-de-normalizacion\/\">&gt; Listado de organismos internacionales de normalizaci\u00f3n<\/a><\/p>\n\n\n\n<p><a href=\"https:\/\/platiica.economia.gob.mx\/metrologia\/sistema-internacional-de-unidades\/\">&gt; Sistema Internacional de Unidades<\/a><\/p>\n\n\n\n<p><a href=\"https:\/\/platiica.economia.gob.mx\/metrologia\/arreglo-de-reconocimiento-mutuo-del-comite-internacional-de-pesas-y-medidas\/\">&gt; Arreglo de Reconocimiento Mutuo del Comit\u00e9 Internacional de Pesas y Medidas<\/a><\/p>\n<\/div>\n<\/div>\n<\/div>\n","protected":false},"excerpt":{"rendered":"<p>Es la organizaci\u00f3n intergubernamental que desarrolla normas modelo, est\u00e1ndares y documentos relacionados que sientan las bases para las autoridades de metrolog\u00eda legal y la industria.<\/p>\n","protected":false},"author":1,"featured_media":0,"parent":0,"menu_order":0,"comment_status":"closed","ping_status":"closed","template":"","meta":{"_links_to":"","_links_to_target":""},"yoast_head":"<!-- This site is optimized with the Yoast SEO plugin v21.5 - https:\/\/yoast.com\/wordpress\/plugins\/seo\/ -->\n<title>Organizaci\u00f3n Internacional de Metrolog\u00eda Legal (OIML) - Sistema de metrolog\u00eda<\/title>\n<meta name=\"description\" content=\"Obt\u00e9n informaci\u00f3n sobre la Organizaci\u00f3n Internacional de Metrolog\u00eda Legal (OIML) encargada de establecer normas y est\u00e1ndares base para la metrolog\u00eda legal.\" \/>\n<meta name=\"robots\" content=\"index, follow, max-snippet:-1, max-image-preview:large, max-video-preview:-1\" \/>\n<link rel=\"canonical\" href=\"http:\/\/10.100.20.231\/metrologia\/organizacion-internacional-de-metrologia-legal-oiml\/\" \/>\n<meta property=\"og:locale\" content=\"es_MX\" \/>\n<meta property=\"og:type\" content=\"article\" \/>\n<meta property=\"og:title\" content=\"Organizaci\u00f3n Internacional de Metrolog\u00eda Legal (OIML) - Sistema de metrolog\u00eda\" \/>\n<meta property=\"og:description\" content=\"Obt\u00e9n informaci\u00f3n sobre la Organizaci\u00f3n Internacional de Metrolog\u00eda Legal (OIML) encargada de establecer normas y est\u00e1ndares base para la metrolog\u00eda legal.\" \/>\n<meta property=\"og:url\" content=\"http:\/\/10.100.20.231\/metrologia\/organizacion-internacional-de-metrologia-legal-oiml\/\" \/>\n<meta property=\"og:site_name\" content=\"Sistema de metrolog\u00eda\" \/>\n<meta property=\"article:modified_time\" content=\"2023-11-08T18:21:53+00:00\" \/>\n<meta property=\"og:image\" content=\"http:\/\/10.100.20.231\/metrologia\/wp-content\/uploads\/sites\/4\/2024\/05\/platiica-economia.jpg\" \/>\n\t<meta property=\"og:image:width\" content=\"1200\" \/>\n\t<meta property=\"og:image:height\" content=\"675\" \/>\n\t<meta property=\"og:image:type\" content=\"image\/jpeg\" \/>\n<meta name=\"twitter:card\" content=\"summary_large_image\" \/>\n<meta name=\"twitter:label1\" content=\"Tiempo de lectura\" \/>\n\t<meta name=\"twitter:data1\" content=\"1 minuto\" \/>\n<script type=\"application\/ld+json\" class=\"yoast-schema-graph\">{\"@context\":\"https:\/\/schema.org\",\"@graph\":[{\"@type\":\"WebPage\",\"@id\":\"http:\/\/10.100.20.231\/metrologia\/organizacion-internacional-de-metrologia-legal-oiml\/\",\"url\":\"http:\/\/10.100.20.231\/metrologia\/organizacion-internacional-de-metrologia-legal-oiml\/\",\"name\":\"Organizaci\u00f3n Internacional de Metrolog\u00eda Legal (OIML) - Sistema de metrolog\u00eda\",\"isPartOf\":{\"@id\":\"http:\/\/10.100.20.231\/metrologia\/#website\"},\"datePublished\":\"2022-08-29T23:31:26+00:00\",\"dateModified\":\"2023-11-08T18:21:53+00:00\",\"description\":\"Obt\u00e9n informaci\u00f3n sobre la Organizaci\u00f3n Internacional de Metrolog\u00eda Legal (OIML) encargada de establecer normas y est\u00e1ndares base para la metrolog\u00eda legal.\",\"breadcrumb\":{\"@id\":\"http:\/\/10.100.20.231\/metrologia\/organizacion-internacional-de-metrologia-legal-oiml\/#breadcrumb\"},\"inLanguage\":\"es-MX\",\"potentialAction\":[{\"@type\":\"ReadAction\",\"target\":[\"http:\/\/10.100.20.231\/metrologia\/organizacion-internacional-de-metrologia-legal-oiml\/\"]}]},{\"@type\":\"BreadcrumbList\",\"@id\":\"http:\/\/10.100.20.231\/metrologia\/organizacion-internacional-de-metrologia-legal-oiml\/#breadcrumb\",\"itemListElement\":[{\"@type\":\"ListItem\",\"position\":1,\"name\":\"Inicio\",\"item\":\"http:\/\/10.100.20.231\/metrologia\/\"},{\"@type\":\"ListItem\",\"position\":2,\"name\":\"Organizaci\u00f3n Internacional de Metrolog\u00eda Legal (OIML)\"}]},{\"@type\":\"WebSite\",\"@id\":\"http:\/\/10.100.20.231\/metrologia\/#website\",\"url\":\"http:\/\/10.100.20.231\/metrologia\/\",\"name\":\"Sistema de metrolog\u00eda\",\"description\":\"\",\"publisher\":{\"@id\":\"http:\/\/10.100.20.231\/metrologia\/#organization\"},\"potentialAction\":[{\"@type\":\"SearchAction\",\"target\":{\"@type\":\"EntryPoint\",\"urlTemplate\":\"http:\/\/10.100.20.231\/metrologia\/?s={search_term_string}\"},\"query-input\":\"required name=search_term_string\"}],\"inLanguage\":\"es-MX\"},{\"@type\":\"Organization\",\"@id\":\"http:\/\/10.100.20.231\/metrologia\/#organization\",\"name\":\"Sistema de metrolog\u00eda\",\"url\":\"http:\/\/10.100.20.231\/metrologia\/\",\"logo\":{\"@type\":\"ImageObject\",\"inLanguage\":\"es-MX\",\"@id\":\"http:\/\/10.100.20.231\/metrologia\/#\/schema\/logo\/image\/\",\"url\":\"http:\/\/10.100.20.231\/metrologia\/wp-content\/uploads\/sites\/4\/2021\/10\/logo-gobierno-mexico.svg\",\"contentUrl\":\"http:\/\/10.100.20.231\/metrologia\/wp-content\/uploads\/sites\/4\/2021\/10\/logo-gobierno-mexico.svg\",\"width\":123,\"height\":36,\"caption\":\"Sistema de metrolog\u00eda\"},\"image\":{\"@id\":\"http:\/\/10.100.20.231\/metrologia\/#\/schema\/logo\/image\/\"}}]}<\/script>\n<!-- \/ Yoast SEO plugin. -->","yoast_head_json":{"title":"Organizaci\u00f3n Internacional de Metrolog\u00eda Legal (OIML) - Sistema de metrolog\u00eda","description":"Obt\u00e9n informaci\u00f3n sobre la Organizaci\u00f3n Internacional de Metrolog\u00eda Legal (OIML) encargada de establecer normas y est\u00e1ndares base para la metrolog\u00eda legal.","robots":{"index":"index","follow":"follow","max-snippet":"max-snippet:-1","max-image-preview":"max-image-preview:large","max-video-preview":"max-video-preview:-1"},"canonical":"http:\/\/10.100.20.231\/metrologia\/organizacion-internacional-de-metrologia-legal-oiml\/","og_locale":"es_MX","og_type":"article","og_title":"Organizaci\u00f3n Internacional de Metrolog\u00eda Legal (OIML) - Sistema de metrolog\u00eda","og_description":"Obt\u00e9n informaci\u00f3n sobre la Organizaci\u00f3n Internacional de Metrolog\u00eda Legal (OIML) encargada de establecer normas y est\u00e1ndares base para la metrolog\u00eda legal.","og_url":"http:\/\/10.100.20.231\/metrologia\/organizacion-internacional-de-metrologia-legal-oiml\/","og_site_name":"Sistema de metrolog\u00eda","article_modified_time":"2023-11-08T18:21:53+00:00","og_image":[{"width":1200,"height":675,"url":"http:\/\/10.100.20.231\/metrologia\/wp-content\/uploads\/sites\/4\/2024\/05\/platiica-economia.jpg","type":"image\/jpeg"}],"twitter_card":"summary_large_image","twitter_misc":{"Tiempo de lectura":"1 minuto"},"schema":{"@context":"https:\/\/schema.org","@graph":[{"@type":"WebPage","@id":"http:\/\/10.100.20.231\/metrologia\/organizacion-internacional-de-metrologia-legal-oiml\/","url":"http:\/\/10.100.20.231\/metrologia\/organizacion-internacional-de-metrologia-legal-oiml\/","name":"Organizaci\u00f3n Internacional de Metrolog\u00eda Legal (OIML) - Sistema de metrolog\u00eda","isPartOf":{"@id":"http:\/\/10.100.20.231\/metrologia\/#website"},"datePublished":"2022-08-29T23:31:26+00:00","dateModified":"2023-11-08T18:21:53+00:00","description":"Obt\u00e9n informaci\u00f3n sobre la Organizaci\u00f3n Internacional de Metrolog\u00eda Legal (OIML) encargada de establecer normas y est\u00e1ndares base para la metrolog\u00eda legal.","breadcrumb":{"@id":"http:\/\/10.100.20.231\/metrologia\/organizacion-internacional-de-metrologia-legal-oiml\/#breadcrumb"},"inLanguage":"es-MX","potentialAction":[{"@type":"ReadAction","target":["http:\/\/10.100.20.231\/metrologia\/organizacion-internacional-de-metrologia-legal-oiml\/"]}]},{"@type":"BreadcrumbList","@id":"http:\/\/10.100.20.231\/metrologia\/organizacion-internacional-de-metrologia-legal-oiml\/#breadcrumb","itemListElement":[{"@type":"ListItem","position":1,"name":"Inicio","item":"http:\/\/10.100.20.231\/metrologia\/"},{"@type":"ListItem","position":2,"name":"Organizaci\u00f3n Internacional de Metrolog\u00eda Legal (OIML)"}]},{"@type":"WebSite","@id":"http:\/\/10.100.20.231\/metrologia\/#website","url":"http:\/\/10.100.20.231\/metrologia\/","name":"Sistema de metrolog\u00eda","description":"","publisher":{"@id":"http:\/\/10.100.20.231\/metrologia\/#organization"},"potentialAction":[{"@type":"SearchAction","target":{"@type":"EntryPoint","urlTemplate":"http:\/\/10.100.20.231\/metrologia\/?s={search_term_string}"},"query-input":"required name=search_term_string"}],"inLanguage":"es-MX"},{"@type":"Organization","@id":"http:\/\/10.100.20.231\/metrologia\/#organization","name":"Sistema de metrolog\u00eda","url":"http:\/\/10.100.20.231\/metrologia\/","logo":{"@type":"ImageObject","inLanguage":"es-MX","@id":"http:\/\/10.100.20.231\/metrologia\/#\/schema\/logo\/image\/","url":"http:\/\/10.100.20.231\/metrologia\/wp-content\/uploads\/sites\/4\/2021\/10\/logo-gobierno-mexico.svg","contentUrl":"http:\/\/10.100.20.231\/metrologia\/wp-content\/uploads\/sites\/4\/2021\/10\/logo-gobierno-mexico.svg","width":123,"height":36,"caption":"Sistema de metrolog\u00eda"},"image":{"@id":"http:\/\/10.100.20.231\/metrologia\/#\/schema\/logo\/image\/"}}]}},"_links":{"self":[{"href":"http:\/\/10.100.20.231\/metrologia\/wp-json\/wp\/v2\/pages\/60719"}],"collection":[{"href":"http:\/\/10.100.20.231\/metrologia\/wp-json\/wp\/v2\/pages"}],"about":[{"href":"http:\/\/10.100.20.231\/metrologia\/wp-json\/wp\/v2\/types\/page"}],"author":[{"embeddable":true,"href":"http:\/\/10.100.20.231\/metrologia\/wp-json\/wp\/v2\/users\/1"}],"replies":[{"embeddable":true,"href":"http:\/\/10.100.20.231\/metrologia\/wp-json\/wp\/v2\/comments?post=60719"}],"version-history":[{"count":0,"href":"http:\/\/10.100.20.231\/metrologia\/wp-json\/wp\/v2\/pages\/60719\/revisions"}],"wp:attachment":[{"href":"http:\/\/10.100.20.231\/metrologia\/wp-json\/wp\/v2\/media?parent=60719"}],"curies":[{"name":"wp","href":"https:\/\/api.w.org\/{rel}","templated":true}]}}