{"id":60931,"date":"2023-07-14T13:26:53","date_gmt":"2023-07-14T19:26:53","guid":{"rendered":"http:\/\/10.100.20.231\/metrologia\/?page_id=60931"},"modified":"2023-11-08T12:50:54","modified_gmt":"2023-11-08T18:50:54","slug":"trazabilidad-de-las-medidas-a-patrones-internacionales-o-extranjeros-de-medida","status":"publish","type":"page","link":"http:\/\/10.100.20.231\/metrologia\/trazabilidad-de-las-medidas-a-patrones-internacionales-o-extranjeros-de-medida\/","title":{"rendered":"Trazabilidad de las medidas a patrones internacionales o extranjeros de medida"},"content":{"rendered":"\n<div class=\"wp-container-3 wp-block-group alignfull barra contenido-principal max-dos-tercios informativa\" id=\"filtrable\">\n<div class=\"wp-container-1 wp-block-group yoast-breadcrumbs\">\n<p><a href=\"https:\/\/platiica.economia.gob.mx\/\">Inicio<\/a> &gt; <a href=\"https:\/\/platiica.economia.gob.mx\/metrologia\/\">Sistema de metrolog\u00eda<\/a> &gt; <strong><strong>Trazabilidad de las medidas a patrones internacionales o extranjeros de medida<\/strong><\/strong><\/p>\n<\/div>\n\n\n\n<h1><strong><strong>Trazabilidad de las medidas a patrones internacionales o extranjeros de medida<\/strong><\/strong><\/h1>\n\n\n\n<p><\/p>\n\n\n\n<p>Consulte las autorizaciones de trazabilidad a patrones internacional o extranjeros aqu\u00ed: <a href=\"https:\/\/platiica.economia.gob.mx\/metrologia\/wp-content\/uploads\/sites\/4\/2023\/11\/trazabilidad.pdf\">Ver lista<\/a>. <\/p>\n\n\n\n<p><\/p>\n\n\n\n<p>En caso de no existir <a href=\"https:\/\/platiica.economia.gob.mx\/metrologia\/patrones-nacionales-de-medida\/\">patr\u00f3n nacional de medida<\/a> en alguna magnitud de inter\u00e9s para el pa\u00eds, el <a href=\"https:\/\/platiica.economia.gob.mx\/metrologia\/centro-nacional-de-metrologia-cenam\/\">Centro Nacional de Metrolog\u00eda<\/a> o los <a href=\"https:\/\/platiica.economia.gob.mx\/metrologia\/institutos-designados-de-metrologia\/\">Institutos Designados de Metrolog\u00eda<\/a> podr\u00e1n autorizar la trazabilidad de las medidas a patrones internacionales o extranjeros de medida, de acuerdo con lo previsto en el Reglamento de la Ley de Infraestructura de la Calidad. Esas autorizaciones deber\u00e1n publicarse en la Plataforma Tecnol\u00f3gica Integral de Infraestructura de la Calidad.<\/p>\n\n\n\n<div style=\"height:50px\" aria-hidden=\"true\" class=\"wp-block-spacer espacio-50\"><\/div>\n\n\n\n<div class=\"wp-container-2 wp-block-group adicional\">\n<p><strong>Te puede interesar:<\/strong><\/p>\n\n\n\n<p><a href=\"https:\/\/platiica.economia.gob.mx\/metrologia\/patrones-nacionales-de-medida\/\">&gt; Patrones nacionales de medida<\/a><\/p>\n\n\n\n<p><a href=\"https:\/\/platiica.economia.gob.mx\/metrologia\/materiales-de-referencia-certificados\/\">&gt; Materiales de referencia certificados<\/a><\/p>\n\n\n\n<p><a href=\"https:\/\/platiica.economia.gob.mx\/metrologia\/sistema-general-de-unidades-de-medida\/\">&gt; Sistema General de Unidades de Medida<\/a><\/p>\n<\/div>\n<\/div>\n","protected":false},"excerpt":{"rendered":"<p>Los patrones nacionales de medida son referencias comunes para la trazabilidad metrol\u00f3gica establecidas por el Centro Nacional de Metrolog\u00eda (CENAM) con el fin de lograr consistencia en las mediciones.<\/p>\n","protected":false},"author":5,"featured_media":0,"parent":0,"menu_order":0,"comment_status":"closed","ping_status":"closed","template":"","meta":{"_links_to":"","_links_to_target":""},"yoast_head":"<!-- This site is optimized with the Yoast SEO plugin v21.5 - https:\/\/yoast.com\/wordpress\/plugins\/seo\/ -->\n<title>Trazabilidad de las medidas a patrones internacionales o extranjeros de medida - Sistema de metrolog\u00eda<\/title>\n<meta name=\"description\" content=\"Revisa el listado de patrones nacionales de medida autorizados por el Centro Nacional de Metrolog\u00eda y otras autoridades para la trazabilidad metrol\u00f3gica.\" \/>\n<meta name=\"robots\" content=\"index, follow, max-snippet:-1, max-image-preview:large, max-video-preview:-1\" \/>\n<link rel=\"canonical\" href=\"http:\/\/10.100.20.231\/metrologia\/trazabilidad-de-las-medidas-a-patrones-internacionales-o-extranjeros-de-medida\/\" \/>\n<meta property=\"og:locale\" content=\"es_MX\" \/>\n<meta property=\"og:type\" content=\"article\" \/>\n<meta property=\"og:title\" content=\"Trazabilidad de las medidas a patrones internacionales o extranjeros de medida - Sistema de metrolog\u00eda\" \/>\n<meta property=\"og:description\" content=\"Revisa el listado de patrones nacionales de medida autorizados por el Centro Nacional de Metrolog\u00eda y otras autoridades para la trazabilidad metrol\u00f3gica.\" \/>\n<meta property=\"og:url\" content=\"http:\/\/10.100.20.231\/metrologia\/trazabilidad-de-las-medidas-a-patrones-internacionales-o-extranjeros-de-medida\/\" \/>\n<meta property=\"og:site_name\" content=\"Sistema de metrolog\u00eda\" \/>\n<meta property=\"article:modified_time\" content=\"2023-11-08T18:50:54+00:00\" \/>\n<meta property=\"og:image\" content=\"http:\/\/10.100.20.231\/metrologia\/wp-content\/uploads\/sites\/4\/2024\/05\/platiica-economia.jpg\" \/>\n\t<meta property=\"og:image:width\" content=\"1200\" \/>\n\t<meta property=\"og:image:height\" content=\"675\" \/>\n\t<meta property=\"og:image:type\" content=\"image\/jpeg\" \/>\n<meta name=\"twitter:card\" content=\"summary_large_image\" \/>\n<meta name=\"twitter:label1\" content=\"Tiempo de lectura\" \/>\n\t<meta name=\"twitter:data1\" content=\"1 minuto\" \/>\n<script type=\"application\/ld+json\" class=\"yoast-schema-graph\">{\"@context\":\"https:\/\/schema.org\",\"@graph\":[{\"@type\":\"WebPage\",\"@id\":\"http:\/\/10.100.20.231\/metrologia\/trazabilidad-de-las-medidas-a-patrones-internacionales-o-extranjeros-de-medida\/\",\"url\":\"http:\/\/10.100.20.231\/metrologia\/trazabilidad-de-las-medidas-a-patrones-internacionales-o-extranjeros-de-medida\/\",\"name\":\"Trazabilidad de las medidas a patrones internacionales o extranjeros de medida - Sistema de metrolog\u00eda\",\"isPartOf\":{\"@id\":\"http:\/\/10.100.20.231\/metrologia\/#website\"},\"datePublished\":\"2023-07-14T19:26:53+00:00\",\"dateModified\":\"2023-11-08T18:50:54+00:00\",\"description\":\"Revisa el listado de patrones nacionales de medida autorizados por el Centro Nacional de Metrolog\u00eda y otras autoridades para la trazabilidad metrol\u00f3gica.\",\"breadcrumb\":{\"@id\":\"http:\/\/10.100.20.231\/metrologia\/trazabilidad-de-las-medidas-a-patrones-internacionales-o-extranjeros-de-medida\/#breadcrumb\"},\"inLanguage\":\"es-MX\",\"potentialAction\":[{\"@type\":\"ReadAction\",\"target\":[\"http:\/\/10.100.20.231\/metrologia\/trazabilidad-de-las-medidas-a-patrones-internacionales-o-extranjeros-de-medida\/\"]}]},{\"@type\":\"BreadcrumbList\",\"@id\":\"http:\/\/10.100.20.231\/metrologia\/trazabilidad-de-las-medidas-a-patrones-internacionales-o-extranjeros-de-medida\/#breadcrumb\",\"itemListElement\":[{\"@type\":\"ListItem\",\"position\":1,\"name\":\"Inicio\",\"item\":\"http:\/\/10.100.20.231\/metrologia\/\"},{\"@type\":\"ListItem\",\"position\":2,\"name\":\"Trazabilidad de las medidas a patrones internacionales o extranjeros de medida\"}]},{\"@type\":\"WebSite\",\"@id\":\"http:\/\/10.100.20.231\/metrologia\/#website\",\"url\":\"http:\/\/10.100.20.231\/metrologia\/\",\"name\":\"Sistema de metrolog\u00eda\",\"description\":\"\",\"publisher\":{\"@id\":\"http:\/\/10.100.20.231\/metrologia\/#organization\"},\"potentialAction\":[{\"@type\":\"SearchAction\",\"target\":{\"@type\":\"EntryPoint\",\"urlTemplate\":\"http:\/\/10.100.20.231\/metrologia\/?s={search_term_string}\"},\"query-input\":\"required name=search_term_string\"}],\"inLanguage\":\"es-MX\"},{\"@type\":\"Organization\",\"@id\":\"http:\/\/10.100.20.231\/metrologia\/#organization\",\"name\":\"Sistema de metrolog\u00eda\",\"url\":\"http:\/\/10.100.20.231\/metrologia\/\",\"logo\":{\"@type\":\"ImageObject\",\"inLanguage\":\"es-MX\",\"@id\":\"http:\/\/10.100.20.231\/metrologia\/#\/schema\/logo\/image\/\",\"url\":\"http:\/\/10.100.20.231\/metrologia\/wp-content\/uploads\/sites\/4\/2021\/10\/logo-gobierno-mexico.svg\",\"contentUrl\":\"http:\/\/10.100.20.231\/metrologia\/wp-content\/uploads\/sites\/4\/2021\/10\/logo-gobierno-mexico.svg\",\"width\":123,\"height\":36,\"caption\":\"Sistema de metrolog\u00eda\"},\"image\":{\"@id\":\"http:\/\/10.100.20.231\/metrologia\/#\/schema\/logo\/image\/\"}}]}<\/script>\n<!-- \/ Yoast SEO plugin. -->","yoast_head_json":{"title":"Trazabilidad de las medidas a patrones internacionales o extranjeros de medida - Sistema de metrolog\u00eda","description":"Revisa el listado de patrones nacionales de medida autorizados por el Centro Nacional de Metrolog\u00eda y otras autoridades para la trazabilidad metrol\u00f3gica.","robots":{"index":"index","follow":"follow","max-snippet":"max-snippet:-1","max-image-preview":"max-image-preview:large","max-video-preview":"max-video-preview:-1"},"canonical":"http:\/\/10.100.20.231\/metrologia\/trazabilidad-de-las-medidas-a-patrones-internacionales-o-extranjeros-de-medida\/","og_locale":"es_MX","og_type":"article","og_title":"Trazabilidad de las medidas a patrones internacionales o extranjeros de medida - Sistema de metrolog\u00eda","og_description":"Revisa el listado de patrones nacionales de medida autorizados por el Centro Nacional de Metrolog\u00eda y otras autoridades para la trazabilidad metrol\u00f3gica.","og_url":"http:\/\/10.100.20.231\/metrologia\/trazabilidad-de-las-medidas-a-patrones-internacionales-o-extranjeros-de-medida\/","og_site_name":"Sistema de metrolog\u00eda","article_modified_time":"2023-11-08T18:50:54+00:00","og_image":[{"width":1200,"height":675,"url":"http:\/\/10.100.20.231\/metrologia\/wp-content\/uploads\/sites\/4\/2024\/05\/platiica-economia.jpg","type":"image\/jpeg"}],"twitter_card":"summary_large_image","twitter_misc":{"Tiempo de lectura":"1 minuto"},"schema":{"@context":"https:\/\/schema.org","@graph":[{"@type":"WebPage","@id":"http:\/\/10.100.20.231\/metrologia\/trazabilidad-de-las-medidas-a-patrones-internacionales-o-extranjeros-de-medida\/","url":"http:\/\/10.100.20.231\/metrologia\/trazabilidad-de-las-medidas-a-patrones-internacionales-o-extranjeros-de-medida\/","name":"Trazabilidad de las medidas a patrones internacionales o extranjeros de medida - Sistema de metrolog\u00eda","isPartOf":{"@id":"http:\/\/10.100.20.231\/metrologia\/#website"},"datePublished":"2023-07-14T19:26:53+00:00","dateModified":"2023-11-08T18:50:54+00:00","description":"Revisa el listado de patrones nacionales de medida autorizados por el Centro Nacional de Metrolog\u00eda y otras autoridades para la trazabilidad metrol\u00f3gica.","breadcrumb":{"@id":"http:\/\/10.100.20.231\/metrologia\/trazabilidad-de-las-medidas-a-patrones-internacionales-o-extranjeros-de-medida\/#breadcrumb"},"inLanguage":"es-MX","potentialAction":[{"@type":"ReadAction","target":["http:\/\/10.100.20.231\/metrologia\/trazabilidad-de-las-medidas-a-patrones-internacionales-o-extranjeros-de-medida\/"]}]},{"@type":"BreadcrumbList","@id":"http:\/\/10.100.20.231\/metrologia\/trazabilidad-de-las-medidas-a-patrones-internacionales-o-extranjeros-de-medida\/#breadcrumb","itemListElement":[{"@type":"ListItem","position":1,"name":"Inicio","item":"http:\/\/10.100.20.231\/metrologia\/"},{"@type":"ListItem","position":2,"name":"Trazabilidad de las medidas a patrones internacionales o extranjeros de medida"}]},{"@type":"WebSite","@id":"http:\/\/10.100.20.231\/metrologia\/#website","url":"http:\/\/10.100.20.231\/metrologia\/","name":"Sistema de metrolog\u00eda","description":"","publisher":{"@id":"http:\/\/10.100.20.231\/metrologia\/#organization"},"potentialAction":[{"@type":"SearchAction","target":{"@type":"EntryPoint","urlTemplate":"http:\/\/10.100.20.231\/metrologia\/?s={search_term_string}"},"query-input":"required name=search_term_string"}],"inLanguage":"es-MX"},{"@type":"Organization","@id":"http:\/\/10.100.20.231\/metrologia\/#organization","name":"Sistema de metrolog\u00eda","url":"http:\/\/10.100.20.231\/metrologia\/","logo":{"@type":"ImageObject","inLanguage":"es-MX","@id":"http:\/\/10.100.20.231\/metrologia\/#\/schema\/logo\/image\/","url":"http:\/\/10.100.20.231\/metrologia\/wp-content\/uploads\/sites\/4\/2021\/10\/logo-gobierno-mexico.svg","contentUrl":"http:\/\/10.100.20.231\/metrologia\/wp-content\/uploads\/sites\/4\/2021\/10\/logo-gobierno-mexico.svg","width":123,"height":36,"caption":"Sistema de metrolog\u00eda"},"image":{"@id":"http:\/\/10.100.20.231\/metrologia\/#\/schema\/logo\/image\/"}}]}},"_links":{"self":[{"href":"http:\/\/10.100.20.231\/metrologia\/wp-json\/wp\/v2\/pages\/60931"}],"collection":[{"href":"http:\/\/10.100.20.231\/metrologia\/wp-json\/wp\/v2\/pages"}],"about":[{"href":"http:\/\/10.100.20.231\/metrologia\/wp-json\/wp\/v2\/types\/page"}],"author":[{"embeddable":true,"href":"http:\/\/10.100.20.231\/metrologia\/wp-json\/wp\/v2\/users\/5"}],"replies":[{"embeddable":true,"href":"http:\/\/10.100.20.231\/metrologia\/wp-json\/wp\/v2\/comments?post=60931"}],"version-history":[{"count":0,"href":"http:\/\/10.100.20.231\/metrologia\/wp-json\/wp\/v2\/pages\/60931\/revisions"}],"wp:attachment":[{"href":"http:\/\/10.100.20.231\/metrologia\/wp-json\/wp\/v2\/media?parent=60931"}],"curies":[{"name":"wp","href":"https:\/\/api.w.org\/{rel}","templated":true}]}}