{"id":116,"date":"2021-10-18T10:06:26","date_gmt":"2021-10-18T15:06:26","guid":{"rendered":"http:\/\/10.100.20.231\/?page_id=116"},"modified":"2026-01-27T12:18:55","modified_gmt":"2026-01-27T18:18:55","slug":"inicio","status":"publish","type":"page","link":"http:\/\/10.100.20.231\/normalizacion\/","title":{"rendered":"Normalizaci\u00f3n"},"content":{"rendered":"\n<div class=\"wp-container-2 wp-block-group alignfull intro normalizacion has-background-background-color has-background\" id=\"intro-inicio\">\n<div class=\"wp-block-columns\">\n<div class=\"wp-block-column\" style=\"flex-basis:66.66%\">\n<h1 id=\"e-economia-gob-mx\">Normalizaci\u00f3n<\/h1>\n<\/div>\n\n\n\n<div class=\"wp-block-column\" style=\"flex-basis:33.33%\"><\/div>\n<\/div>\n\n\n\n<div class=\"wp-block-columns\">\n<div class=\"wp-block-column\" style=\"flex-basis:58%\" id=\"intro-buscador\">\n<p>Procedimiento mediante el cual se regulan las actividades de los sectores p\u00fablico y privado a partir la elaboraci\u00f3n de Normas Oficiales Mexicanas. <br><\/p>\n\n\n\n<p>Con ello se pretende atender las causas de  problemas identificados as\u00ed como proteger los Objetivos Leg\u00edtimos de Inter\u00e9s P\u00fablico.<\/p>\n<\/div>\n\n\n\n<div class=\"wp-block-column\" style=\"flex-basis:33.33%\">\n<div class=\"wp-container-1 wp-block-group\"><\/div>\n<\/div>\n<\/div>\n<\/div>\n\n\n\n<section class=\"wp-container-4 wp-block-group alignfull ancho-completo has-background\" style=\"background-color:#f4f4f4;padding-top:60px;padding-bottom:60px\">\n<div class=\"wp-container-3 wp-block-group contenido\">\n<h2 class=\"max-dos-tercios\" style=\"margin-bottom:92px\">Elementos clave de la normalizaci\u00f3n<\/h2>\n\n\n\n<div class=\"wp-block-columns ancho-completo-dos-columnas\">\n<div class=\"wp-block-column\">\n<h3>Normas Oficiales Mexicanas<\/h3>\n\n\n\n<p>Regulaciones t\u00e9cnicas de car\u00e1cter obligatorio que son elaboradas por Autoridades Normalizadoras a trav\u00e9s de los Comit\u00e9s Consultivos Nacionales de Normalizaci\u00f3n.<\/p>\n\n\n\n<p class=\"ver-mas\"><a href=\"https:\/\/platiica.economia.gob.mx\/normalizacion\/normas-oficiales-mexicanas\/\">M\u00e1s informaci\u00f3n<\/a><\/p>\n<\/div>\n\n\n\n<div class=\"wp-block-column\">\n<h3>Normas Mexicanas<\/h3>\n\n\n\n<p>Ordenaciones de cumplimiento voluntario promovidas por la Secretar\u00eda de Econom\u00eda y el sector privado a trav\u00e9s de los Organismos Nacionales de Normalizaci\u00f3n, las cuales ser\u00e1n sustituidas por <a href=\"https:\/\/platiica.economia.gob.mx\/estandarizacion\/estandares\/\">Est\u00e1ndares<\/a>.<\/p>\n\n\n\n<p class=\"ver-mas\"><a href=\"https:\/\/platiica.economia.gob.mx\/normalizacion\/normas-mexicanas\/\">M\u00e1s informaci\u00f3n<\/a><\/p>\n<\/div>\n<\/div>\n<\/div>\n<\/section>\n\n\n\n<section class=\"wp-container-8 wp-block-group alignfull ancho-completo\" id=\"normas\" style=\"padding-top:60px;padding-bottom:60px\">\n<div class=\"wp-container-7 wp-block-group contenido\">\n<div class=\"wp-container-6 wp-block-group\">\n<div class=\"wp-block-columns\">\n<div class=\"wp-block-column\" style=\"flex-basis:66.6%\">\n<h2>Cat\u00e1logo Mexicano de Normas<\/h2>\n\n\n\n<p>Listado de las <a href=\"https:\/\/platiica.economia.gob.mx\/normalizacion\/normas-oficiales-mexicanas\/\">Normas Oficiales Mexicanas<\/a> y <a href=\"https:\/\/platiica.economia.gob.mx\/normalizacion\/normas-mexicanas\/\">Normas Mexicanas<\/a> con su descripci\u00f3n, datos de inter\u00e9s y antecedentes.<\/p>\n\n\n\n<h3>La ficha de cada Norma contiene:&nbsp;<\/h3>\n\n\n\n<ul><li>Clave<\/li><li>T\u00edtulo<\/li><li>Estado<\/li><li>Descripci\u00f3n<\/li><li>Documento descargable de la Norma (en su caso)<\/li><li>Historial de actualizaciones<\/li><li>Referencias normativas<\/li><li>Bibliograf\u00eda&nbsp;<\/li><li>Historial de cancelaciones&nbsp;<\/li><li>\u00daltimo informe de revisi\u00f3n sistem\u00e1tica<\/li><\/ul>\n\n\n\n<div class=\"wp-container-5 wp-block-buttons\">\n<div class=\"wp-block-button has-custom-font-size has-normal-font-size\"><a class=\"wp-block-button__link has-background\" href=\"https:\/\/platiica.economia.gob.mx\/normalizacion\/catalogo-mexicano-de-normas\/\" style=\"border-radius:3px;background-color:#691c32\">Ir al Cat\u00e1logo<\/a><\/div>\n<\/div>\n<\/div>\n\n\n\n<div class=\"wp-block-column\"><\/div>\n<\/div>\n<\/div>\n<\/div>\n<\/section>\n\n\n\n<section class=\"wp-container-11 wp-block-group alignfull ancho-completo has-background\" style=\"background-color:#f4f4f4;padding-top:60px;padding-bottom:60px\">\n<div class=\"wp-container-10 wp-block-group contenido\">\n<h2 class=\"max-dos-tercios\" style=\"margin-bottom:92px\">Tr\u00e1mites relacionados<\/h2>\n\n\n\n<ul><li>Aprobaci\u00f3n de acuerdos y arreglos de reconocimiento mutuo y acuerdos de equivalencia (Tr\u00e1mite SE-04-012)<\/li><li>Aprobaci\u00f3n para operar como organismo de evaluaci\u00f3n de la conformidad en Normas Oficiales Mexicanas, Est\u00e1ndares, Normas Internacionales competencia de la Secretar\u00eda de Econom\u00eda (Tr\u00e1mite SE-04-007)<\/li><li>Autorizaci\u00f3n para la importaci\u00f3n de muestras de mercanc\u00edas sujetas a Normas Oficiales Mexicanas competencia de la Secretar\u00eda de Econom\u00eda (Tr\u00e1mite SE-04-014)<\/li><li>Autorizaci\u00f3n para utilizar o aplicar materiales, equipos, procesos, m\u00e9todos de prueba, mecanismos, procedimientos o tecnolog\u00edas alternativas en las Normas Oficiales Mexicanas competencia de la Secretar\u00eda de Econom\u00eda (Tr\u00e1mite SE-04-020)<\/li><li>Certificaci\u00f3n a solicitud de parte de Normas Oficiales Mexicanas de la Secretar\u00eda de Econom\u00eda (Tr\u00e1mite SE-04-005)<\/li><\/ul>\n\n\n\n<div class=\"wp-container-9 wp-block-buttons\">\n<div class=\"wp-block-button has-custom-font-size has-normal-font-size\"><a class=\"wp-block-button__link has-background\" href=\"https:\/\/platiica.economia.gob.mx\/listado-de-tramites\" style=\"border-radius:3px;background-color:#691c32\">Tr\u00e1mites<\/a><\/div>\n<\/div>\n<\/div>\n<\/section>\n\n\n\n<section class=\"wp-container-13 wp-block-group alignfull ancho-completo\" id=\"normalizacion-internacional\" style=\"padding-top:60px;padding-bottom:60px\">\n<div class=\"wp-container-12 wp-block-group contenido\">\n<div class=\"wp-block-columns\">\n<div class=\"wp-block-column\" style=\"flex-basis:66.6%\">\n<h2>Normalizaci\u00f3n internacional<\/h2>\n\n\n\n<p>Los organismos internacionales de normalizaci\u00f3n establecen referencias globales para regular la calidad, la seguridad y la eficiencia de bienes, productos, procesos y servicios.<\/p>\n\n\n\n<p>Las Normas y Est\u00e1ndares Internacionales disponen niveles de homogeneidad en procesos de gesti\u00f3n, provisi\u00f3n de servicios o desarrollo de productos aceptados universalmente.<\/p>\n\n\n\n<ul><li><a href=\"https:\/\/platiica.economia.gob.mx\/normalizacion\/organismos-internacionales-de-normalizacion\/\">Organismos internacionales de normalizaci\u00f3n y sus normas, gu\u00edas o recomendaciones<\/a><\/li><li><a href=\"https:\/\/platiica.economia.gob.mx\/normalizacion\/comites-mexicanos-de-atencion-a-organismos-internacionales\/\">Comit\u00e9s Mexicanos para la atenci\u00f3n de organismos internacionales de Normalizaci\u00f3n<\/a><\/li><\/ul>\n<\/div>\n\n\n\n<div class=\"wp-block-column\" style=\"flex-basis:33.3%\"><\/div>\n<\/div>\n<\/div>\n<\/section>\n\n\n\n<div class=\"wp-container-15 wp-block-group alignfull\" id=\"contacto-footer\">\n<div class=\"wp-block-columns\">\n<div class=\"wp-block-column\" style=\"flex-basis:67%\">\n<h2 id=\"contacto\">Contacto<\/h2>\n\n\n\n<p>Pachuca 189 Col. Condesa, Demarcaci\u00f3n Territorial Cuauht\u00e9moc 06140 Ciudad de M\u00e9xico<br>Conmutador: <a href=\"tel:5557299100\">(55) 5729-9100<\/a> Ext. 13218<br>Atenci\u00f3n Ciudadana: <a href=\"tel:5552296260\">(55)5229-6260<\/a> y <a href=\"tel:5552296264\">(55)5229-6264<\/a><br><a href=\"mailto:platiica@economia.gob.mx\">platiica@economia.gob.mx<\/a><br><a href=\"mailto:contacto.ciudadano@economia.gob.mx\"><\/a><a href=\"mailto:contacto.ciudadano@economia.gob.mx\">contacto.ciudadano@economia.gob.mx<\/a><br>Secretar\u00eda de Econom\u00eda.<\/p>\n<\/div>\n\n\n\n<div class=\"wp-block-column\">\n<h3 id=\"contacto\">S\u00edguenos en<\/h3>\n\n\n\n<div class=\"wp-container-14 wp-block-group\" style=\"padding-top:0px;padding-right:0px;padding-bottom:0px;padding-left:0px\">\n<figure class=\"wp-block-image size-full is-resized\"><a href=\"https:\/\/twitter.com\/SE_mx\" target=\"_blank\" rel=\"Twitter Secretar\u00eda de Econom\u00eda noopener\"><img loading=\"lazy\" src=\"https:\/\/platiica.economia.gob.mx\/normalizacion\/wp-content\/uploads\/sites\/2\/2023\/10\/twitter-logo.svg\" alt=\"\" class=\"wp-image-228509\" width=\"27\" height=\"27\"\/><\/a><\/figure>\n\n\n\n<figure class=\"wp-block-image size-large is-resized\"><a href=\"https:\/\/es-la.facebook.com\/SE.Economia\/\" target=\"_blank\" rel=\"Facebook Secretar\u00eda de Econom\u00eda noopener\"><img loading=\"lazy\" src=\"https:\/\/platiica.economia.gob.mx\/normalizacion\/wp-content\/uploads\/sites\/2\/2023\/10\/fb-logo.svg\" alt=\"\" class=\"wp-image-228510\" width=\"27\" height=\"27\"\/><\/a><\/figure>\n\n\n\n<figure class=\"wp-block-image size-large is-resized\"><a href=\"https:\/\/www.instagram.com\/secretariaeconomia\/\" target=\"_blank\" rel=\"Instagram Secretar\u00eda de Economia noopener\"><img loading=\"lazy\" src=\"https:\/\/platiica.economia.gob.mx\/normalizacion\/wp-content\/uploads\/sites\/2\/2023\/10\/ig-logo.svg\" alt=\"\" class=\"wp-image-228511\" width=\"27\" height=\"27\"\/><\/a><\/figure>\n\n\n\n<figure class=\"wp-block-image size-large is-resized\"><a href=\"https:\/\/www.youtube.com\/channel\/UCBFqO4hPZ1rKgjf_CqqbS6g\" target=\"_blank\" rel=\"YouTube Secretar\u00eda de Econom\u00eda noopener\"><img loading=\"lazy\" src=\"https:\/\/platiica.economia.gob.mx\/normalizacion\/wp-content\/uploads\/sites\/2\/2023\/10\/yt-logo.svg\" alt=\"\" class=\"wp-image-228512\" width=\"27\" height=\"27\"\/><\/a><\/figure>\n<\/div>\n<\/div>\n<\/div>\n<\/div>\n","protected":false},"excerpt":{"rendered":"<p>Es el proceso de formulaci\u00f3n y aplicaci\u00f3n de reglas con el prop\u00f3sito de establecer un orden en una actividad espec\u00edfica.\u00a0Con ello se pretende mejorar la calidad y la competitividad de productos y servicios, y facilitar a la industria la conquista de posiciones en el mercado exterior.<\/p>\n","protected":false},"author":4,"featured_media":237572,"parent":0,"menu_order":0,"comment_status":"closed","ping_status":"closed","template":"","meta":{"_links_to":"","_links_to_target":""},"_links":{"self":[{"href":"http:\/\/10.100.20.231\/normalizacion\/wp-json\/wp\/v2\/pages\/116"}],"collection":[{"href":"http:\/\/10.100.20.231\/normalizacion\/wp-json\/wp\/v2\/pages"}],"about":[{"href":"http:\/\/10.100.20.231\/normalizacion\/wp-json\/wp\/v2\/types\/page"}],"author":[{"embeddable":true,"href":"http:\/\/10.100.20.231\/normalizacion\/wp-json\/wp\/v2\/users\/4"}],"replies":[{"embeddable":true,"href":"http:\/\/10.100.20.231\/normalizacion\/wp-json\/wp\/v2\/comments?post=116"}],"version-history":[{"count":0,"href":"http:\/\/10.100.20.231\/normalizacion\/wp-json\/wp\/v2\/pages\/116\/revisions"}],"wp:featuredmedia":[{"embeddable":true,"href":"http:\/\/10.100.20.231\/normalizacion\/wp-json\/wp\/v2\/media\/237572"}],"wp:attachment":[{"href":"http:\/\/10.100.20.231\/normalizacion\/wp-json\/wp\/v2\/media?parent=116"}],"curies":[{"name":"wp","href":"https:\/\/api.w.org\/{rel}","templated":true}]}}