{"id":246304,"date":"2025-08-15T11:57:25","date_gmt":"2025-08-15T17:57:25","guid":{"rendered":"http:\/\/10.100.20.231\/normalizacion\/?page_id=246304"},"modified":"2026-05-07T09:31:05","modified_gmt":"2026-05-07T15:31:05","slug":"respuestas-a-comentarios-de-proyectos-de-normas-oficiales-mexicanas","status":"publish","type":"page","link":"http:\/\/10.100.20.231\/normalizacion\/respuestas-a-comentarios-de-proyectos-de-normas-oficiales-mexicanas\/","title":{"rendered":"Respuestas a comentarios de proyectos de Normas Oficiales Mexicanas"},"content":{"rendered":"\n<div class=\"wp-container-3 wp-block-group alignfull intro has-background-background-color has-background\" id=\"intro-inicio\">\n<div class=\"wp-block-columns\">\n<div class=\"wp-block-column\" style=\"flex-basis:66.66%\">\n<div class=\"wp-container-1 wp-block-group yoast-breadcrumbs\"><\/div>\n\n\n\n<h1 id=\"e-economia-gob-mx\">Respuestas a comentarios de Proyectos de Normas Oficiales Mexicanas<\/h1>\n<\/div>\n\n\n\n<div class=\"wp-block-column\" style=\"flex-basis:33.33%\"><\/div>\n<\/div>\n\n\n\n<div class=\"wp-block-columns\">\n<div class=\"wp-block-column\" style=\"flex-basis:66.6%\" id=\"intro-buscador\">\n<p style=\"text-align: justify;\">En esta secci\u00f3n encontrar\u00e1 las respuestas a los comentarios recibidos durante el per\u00edodo de consulta p\u00fablica respecto de los Proyectos de Normas Oficiales Mexicanas que no han sido publicados como normas definitivas.<\/p>\n<p style=\"text-align: justify;\">Una vez publicado como Norma Oficial Mexicana, las respuestas a comentarios se encuentran disponibles en el historial documental de la NOM en el Cat\u00e1logo de Normas.<\/p>\n\n\n\n<div style=\"height:20px\" aria-hidden=\"true\" class=\"wp-block-spacer\"><\/div>\n\n\n\n<details>\n<summary>Respuesta a comentarios Proyecto de Norma Oficial Mexicana PROY-NOM-021-ASEA-2025<\/summary>\n<p style=\"text-align: justify;\"><strong><a href=\"https:\/\/platiica.economia.gob.mx\/wp-content\/uploads\/sites\/2\/historialdocumental\/RESPUESTA%20a%20los%20comentarios%20del%20PROY-NOM-021-ASEA-2025.pdf?_t=1778096886\">RESPUESTA a los comentarios del Proyecto de Norma Oficial Mexicana PROY-NOM-021-ASEA-2025<\/a><\/strong>, Prospecciones S\u00edsmicas marinas para el Reconocimiento y Exploraci\u00f3n Superficial.<\/p>\n<\/details>\n<p>&nbsp;<\/p>\n<details>\n<summary>Respuesta a comentarios Proyecto de Norma Oficial Mexicana PROY-NOM-022-ASEA-2025<\/summary>\n<p style=\"text-align: justify;\"><strong><a href=\"https:\/\/platiica.economia.gob.mx\/wp-content\/uploads\/sites\/2\/historialdocumental\/RESPUESTA%20a%20los%20comentarios%20del%20PROY-NOM-022-ASEA-2025.pdf?_t=1778096861\">RESPUESTA a los comentarios del Proyecto de Norma Oficial Mexicana PROY-NOM-022-ASEA-2025<\/a><\/strong>, Instalaciones de Compresi\u00f3n de Gas Natural para la carga de M\u00f3dulos de Almacenamiento Transportables y Estaciones de Servicio con fin Espec\u00edfico para Expendio al P\u00fablico de Gas Natural Comprimido para veh\u00edculos automotores (cancela a la NOM-010-ASEA-2016, Gas Natural Comprimido (GNC). Requisitos m\u00ednimos de seguridad para Terminales de Carga y Terminales de Descarga de M\u00f3dulos de almacenamiento transportables y Estaciones de Suministro de veh\u00edculos automotores).<\/p>\n<\/details>\n<p>&nbsp;<\/p>\n<details>\n<summary>Respuesta a comentarios Proyecto de Norma Oficial Mexicana PROY-NOM-037-SCT2-2025<\/summary>\n<p style=\"text-align: justify;\"><strong><a href=\"https:\/\/platiica.economia.gob.mx\/wp-content\/uploads\/sites\/2\/historialdocumental\/Respuestas%20a%20comentarios%20PROY-NOM-037-SICT2-2025.pdf?_t=1776215027\">RESPUESTA a los comentarios recibidos al Proyecto de Norma Oficial Mexicana PROY-NOM-037-SCT2-2025.<\/a><\/strong>, \u201cBarreras de protecci\u00f3n en carreteras y v\u00edas urbanas\u201d.<\/p>\n<\/details>\n<p>&nbsp;<\/p>\n<details>\n<summary>Respuesta a comentarios Proyecto de Norma Oficial Mexicana PROY-NOM-174-SEMARNAT-2024<\/summary>\n<p style=\"text-align: justify;\"><strong><a href=\"https:\/\/www.dof.gob.mx\/nota_detalle.php?codigo=5785840&amp;fecha=24\/04\/2026#gsc.tab=0\">RESPUESTA a los comentarios recibidos al Proyecto de Norma Oficial Mexicana PROY-NOM-174-SEMARNAT-2024<\/a><\/strong>, L\u00edmites m\u00e1ximos permisibles de emisi\u00f3n de contaminantes provenientes del escape de los motores nuevos incorporados o a ser instalados en maquinaria m\u00f3vil nueva no de carretera, que usan di\u00e9sel como combustible.<\/p>\n<\/details>\n<p>&nbsp;<\/p>\n<details>\n<summary>Respuesta a comentarios Proyecto de Norma Oficial Mexicana PROY-NOM-137-SSA1-2024<\/summary>\n<p style=\"text-align: justify;\"><strong><a href=\"https:\/\/platiica.economia.gob.mx\/wp-content\/uploads\/sites\/2\/historialdocumental\/Respuesta%20a%20comentarios%20PROY-NOM-137-SSA1-2024.pdf?_t=1775834523\">RESPUESTA a los comentarios recibidos al Proyecto de Norma Oficial Mexicana PROY-NOM-137-SSA1-2024<\/a><\/strong>, Etiquetado de dispositivos m\u00e9dicos.<\/p>\n<\/details>\n<p>&nbsp;<\/p>\n<details>\n<summary>Respuesta a comentarios Proyecto de Norma Oficial Mexicana PROY-NOM-251-SE-2025<\/summary>\n<p style=\"text-align: justify;\"><strong><a href=\"https:\/\/platiica.economia.gob.mx\/wp-content\/uploads\/sites\/2\/historialdocumental\/Respuestas%20a%20comentarios%20PROY-NOM-251-SE-2025.pdf?_t=1771003053\">RESPUESTA a los comentarios recibidos al Proyecto de Norma Oficial Mexicana PROY-NOM-251-SE-2025<\/a><\/strong>, Industria de la Construcci\u00f3n &#8211; Productos de Hierro y Acero &#8211; Especificaciones, M\u00e9todos de Prueba e Informaci\u00f3n Comercial (Cancela el PROY-NOM-251-SE-2021).<\/p>\n<\/details>\n<p>&nbsp;<\/p>\n<details>\n<summary>Respuesta a comentarios Proyecto de Norma Oficial Mexicana PROY-NOM-022-ENER\/SE-2024<\/summary>\n<p style=\"text-align: justify;\"><strong><a href=\"https:\/\/platiica.economia.gob.mx\/wp-content\/uploads\/sites\/2\/historialdocumental\/Respuesta%20PROY-NOM-022-ENERSE-2024.pdf?_t=1769705607\">RESPUESTA a los comentarios recibidos al PROYECTO DE NORMA OFICIAL MEXICANA PROY-NOM-022-ENER\/SE-2024<\/a><\/strong>, Eficiencia energ\u00e9tica y requisitos de seguridad al usuario para aparatos de refrigeraci\u00f3n comercial autocontenidos. L\u00edmites, m\u00e9todos de prueba y etiquetado .<\/p>\n<\/details>\n<p>&nbsp;<\/p>\n<details>\n<summary>Respuesta a comentarios Proyecto de Norma Oficial Mexicana PROY-NOM-031-NUCL-2024<\/summary>\n<p style=\"text-align: justify;\"><strong><a href=\"https:\/\/platiica.economia.gob.mx\/wp-content\/uploads\/sites\/2\/historialdocumental\/Respuesta%20Proy-nom-031-nucl-2024.pdf?_t=1764690176\">RESPUESTA a los comentarios recibidos durante el proceso de consulta p\u00fablica del Proyecto de Norma Oficial Mexicana PROY-NOM-031-NUCL-2024<\/a><\/strong>, Requisitos para la capacitaci\u00f3n de personal ocupacionalmente expuesto a radiaciones ionizantes.<\/p>\n<\/details>\n<p>&nbsp;<\/p>\n<details>\n<summary>Respuesta a comentarios Proyecto de Norma Oficial Mexicana PROY-NOM-042-NUCL-2024<\/summary>\n<p style=\"text-align: justify;\"><strong><a href=\"https:\/\/platiica.economia.gob.mx\/wp-content\/uploads\/sites\/2\/historialdocumental\/Respuesta%20Proy-nom-042-nucl-2024.pdf?_t=1764690176\">RESPUESTA a los comentarios recibidos durante el proceso de consulta p\u00fablica del Proyecto de Norma Oficial Mexicana PROY-NOM-042-NUCL-2024<\/a><\/strong>, Categorizaci\u00f3n de sustancias fisionables y otros materiales radioactivos y requisitos de seguridad f\u00edsica n\u00faclear para su transporte.<\/p>\n<\/details>\n<p>&nbsp;<\/p>\n<details>\n<summary>Respuesta a comentarios Proyecto de modificaci\u00f3n NOM-157-SEMARNAT-2009<\/summary>\n<p style=\"text-align: justify;\"><strong><a href=\"https:\/\/platiica.economia.gob.mx\/wp-content\/uploads\/sites\/2\/historialdocumental\/Respuestas%20a%20comentarios%20PROY-NOM-157.pdf?_t=1755278611\">RESPUESTA a los comentarios recibidos al Proyecto de Modificaci\u00f3n de la Norma Oficial Mexicana NOM-157-SEMARNAT-2009<\/a><\/strong>, Que establece los elementos y procedimientos para instrumentar planes de manejo de residuos mineros, para quedar como Proyecto de Norma Oficial Mexicana PROY-NOM-157-SEMARNAT-2023, Que establece los elementos y procedimientos para instrumentar planes de manejo de residuos mineros, publicado en el Diario Oficial de la Federaci\u00f3n el 22 de diciembre de 2023.<\/p>\n<\/details>\n\n\n\n<div class=\"wp-block-column\" style=\"flex-basis:33.33%\">\n<div class=\"wp-container-2 wp-block-group\"><\/div>\n<\/div>\n<\/div>\n<\/div>\n\n\n\n<p><\/p>\n<\/div>\n","protected":false},"excerpt":{"rendered":"<p>Respuestas a comentarios de Proyectos de Normas Oficiales Mexicanas En esta secci\u00f3n encontrar\u00e1 las respuestas a los comentarios recibidos durante el per\u00edodo de consulta p\u00fablica respecto de los Proyectos de Normas Oficiales Mexicanas que no han sido publicados como normas definitivas. Una vez publicado como Norma Oficial Mexicana, las respuestas a comentarios se encuentran disponibles [&hellip;]<\/p>\n","protected":false},"author":40,"featured_media":0,"parent":0,"menu_order":0,"comment_status":"closed","ping_status":"closed","template":"","meta":{"_links_to":"","_links_to_target":""},"_links":{"self":[{"href":"http:\/\/10.100.20.231\/normalizacion\/wp-json\/wp\/v2\/pages\/246304"}],"collection":[{"href":"http:\/\/10.100.20.231\/normalizacion\/wp-json\/wp\/v2\/pages"}],"about":[{"href":"http:\/\/10.100.20.231\/normalizacion\/wp-json\/wp\/v2\/types\/page"}],"author":[{"embeddable":true,"href":"http:\/\/10.100.20.231\/normalizacion\/wp-json\/wp\/v2\/users\/40"}],"replies":[{"embeddable":true,"href":"http:\/\/10.100.20.231\/normalizacion\/wp-json\/wp\/v2\/comments?post=246304"}],"version-history":[{"count":0,"href":"http:\/\/10.100.20.231\/normalizacion\/wp-json\/wp\/v2\/pages\/246304\/revisions"}],"wp:attachment":[{"href":"http:\/\/10.100.20.231\/normalizacion\/wp-json\/wp\/v2\/media?parent=246304"}],"curies":[{"name":"wp","href":"https:\/\/api.w.org\/{rel}","templated":true}]}}