{"id":47750,"date":"2022-08-09T10:46:11","date_gmt":"2022-08-09T15:46:11","guid":{"rendered":"http:\/\/10.100.20.231\/normalizacion\/?page_id=47750"},"modified":"2023-10-19T12:06:50","modified_gmt":"2023-10-19T18:06:50","slug":"procedimiento-de-elaboracion-y-expedicion-de-las-normas-oficiales-mexicanas","status":"publish","type":"page","link":"http:\/\/10.100.20.231\/normalizacion\/procedimiento-de-elaboracion-y-expedicion-de-las-normas-oficiales-mexicanas\/","title":{"rendered":"Procedimiento de elaboraci\u00f3n y expedici\u00f3n de las Normas Oficiales Mexicanas"},"content":{"rendered":"\n<div class=\"wp-container-3 wp-block-group alignfull barra contenido-principal max-dos-tercios informativa\" id=\"filtrable\">\n<div class=\"wp-container-1 wp-block-group yoast-breadcrumbs\">\n<p><a href=\"https:\/\/platiica.economia.gob.mx\/\">Inicio<\/a> &gt; <a href=\"https:\/\/platiica.economia.gob.mx\/normalizacion\/\">Normalizaci\u00f3n<\/a> &gt; <a href=\"https:\/\/platiica.economia.gob.mx\/normalizacion\/normas-oficiales-mexicanas\/\">Normas Oficiales Mexicanas<\/a> &gt; Procedimiento de elaboraci\u00f3n y expedici\u00f3n de las Normas Oficiales Mexicanas<\/p>\n<\/div>\n\n\n\n<h1><strong>Procedimiento de elaboraci\u00f3n y expedici\u00f3n de las Normas Oficiales Mexicanas<\/strong><\/h1>\n\n\n\n<p><\/p>\n\n\n\n<p><\/p>\n\n\n\n<div class=\"wp-block-image is-style-default\"><figure class=\"aligncenter size-full\"><img loading=\"lazy\" width=\"2512\" height=\"1207\" src=\"https:\/\/platiica.economia.gob.mx\/normalizacion\/wp-content\/uploads\/sites\/2\/2023\/06\/ProcesoNorrmalizacio\u0301n.jpeg\" alt=\"Proceso de elaboraci\u00f3n y expedici\u00f3n de las Normas Oficiales Mexicanas. \" class=\"wp-image-178027\" srcset=\"https:\/\/platiica.economia.gob.mx\/normalizacion\/wp-content\/uploads\/sites\/2\/2023\/06\/ProcesoNorrmalizacio\u0301n.jpeg 2512w, https:\/\/platiica.economia.gob.mx\/normalizacion\/wp-content\/uploads\/sites\/2\/2023\/06\/ProcesoNorrmalizacio\u0301n-300x144.jpeg 300w, https:\/\/platiica.economia.gob.mx\/normalizacion\/wp-content\/uploads\/sites\/2\/2023\/06\/ProcesoNorrmalizacio\u0301n-1024x492.jpeg 1024w, https:\/\/platiica.economia.gob.mx\/normalizacion\/wp-content\/uploads\/sites\/2\/2023\/06\/ProcesoNorrmalizacio\u0301n-768x369.jpeg 768w, https:\/\/platiica.economia.gob.mx\/normalizacion\/wp-content\/uploads\/sites\/2\/2023\/06\/ProcesoNorrmalizacio\u0301n-1536x738.jpeg 1536w, https:\/\/platiica.economia.gob.mx\/normalizacion\/wp-content\/uploads\/sites\/2\/2023\/06\/ProcesoNorrmalizacio\u0301n-2048x984.jpeg 2048w, https:\/\/platiica.economia.gob.mx\/normalizacion\/wp-content\/uploads\/sites\/2\/2023\/06\/ProcesoNorrmalizacio\u0301n-1600x769.jpeg 1600w\" sizes=\"(max-width: 2512px) 100vw, 2512px\" \/><\/figure><\/div>\n\n\n\n<p>El proceso de normalizaci\u00f3n consta de las siguientes etapas, que son progresivas y sucesivas:<\/p>\n\n\n\n<p><\/p>\n\n\n\n<ol><li>Elaboraci\u00f3n o aceptaci\u00f3n de la propuesta por la <a href=\"https:\/\/platiica.economia.gob.mx\/normalizacion\/autoridades-normalizadoras-y-comites-consultivos-nacionales-de-normalizacion\/\">Autoridad Normalizadora<\/a>;<\/li><li>Presentaci\u00f3n de la propuesta al Comit\u00e9 Consultivo Nacional de Normalizaci\u00f3n correspondiente para su an\u00e1lisis y revisi\u00f3n, en cuyo momento, se considerar\u00e1 como un anteproyecto de <a href=\"https:\/\/platiica.economia.gob.mx\/normalizacion\/normas-oficiales-mexicanas\/\">Norma Oficial Mexicana<\/a>; <\/li><li>En caso de que el Comit\u00e9 Consultivo Nacional de Normalizaci\u00f3n lo considere conveniente, constituci\u00f3n del grupo de trabajo correspondiente, para el estudio y la discusi\u00f3n del anteproyecto correspondiente. En su caso, presentaci\u00f3n de los resultados del estudio y discusi\u00f3n del anteproyecto por parte del grupo de trabajo ante el Comit\u00e9 Consultivo Nacional de Normalizaci\u00f3n;<\/li><li>Deliberaci\u00f3n por parte del Comit\u00e9 Consultivo Nacional de Normalizaci\u00f3n que podr\u00e1 ser afirmativa, con modificaciones o negativa, resultado que comunicar\u00e1 a la Autoridad Normalizadora;<\/li><li>En caso de que el resultado de la deliberaci\u00f3n sea afirmativo, la Autoridad Normalizadora ordenar\u00e1 la publicaci\u00f3n en el Diario Oficial de la Federaci\u00f3n de un Aviso del proyecto de la Norma Oficial Mexicana que contenga un extracto de \u00e9ste, mismo que estar\u00e1 disponible en su totalidad en la Plataforma Tecnol\u00f3gica Integral de Infraestructura de la Calidad, para su consulta p\u00fablica. En caso de que el resultado de la deliberaci\u00f3n resulte en modificaciones, la Autoridad Normalizadora tendr\u00e1 un plazo de treinta d\u00edas naturales para atenderlas y presentar al Comit\u00e9 Consultivo Nacional de Normalizaci\u00f3n un anteproyecto modificado, en cuyo caso, se reiniciar\u00e1 el procedimiento previsto en el art\u00edculo 35 de la Ley de Infraestructura de la Calidad a partir de la fracci\u00f3n tercera. En el momento que el resultado de la deliberaci\u00f3n sea negativo, concluir\u00e1 el procedimiento de normalizaci\u00f3n respectivo;<\/li><li>Recepci\u00f3n de los comentarios de la consulta p\u00fablica por el Comit\u00e9 Consultivo Nacional de Normalizaci\u00f3n, a trav\u00e9s de los formatos y los medios previstos en la Plataforma Tecnol\u00f3gica Integral de Infraestructura de la Calidad;<\/li><li>Constituci\u00f3n por el Comit\u00e9 Consultivo Nacional de Normalizaci\u00f3n del grupo de trabajo para el estudio y discusi\u00f3n de los comentarios recibidos a trav\u00e9s de la consulta p\u00fablica y, en su caso, propuesta de ajustes al proyecto de Norma Oficial Mexicana;<\/li><li>Presentaci\u00f3n, por el grupo de trabajo, ante el Comit\u00e9 Consultivo Nacional de Normalizaci\u00f3n de la propuesta de respuesta a los comentarios recibidos durante la consulta p\u00fablica y, como consecuencia, la propuesta de ajustes al proyecto de Norma Oficial Mexicana, para su resoluci\u00f3n definitiva. La resoluci\u00f3n definitiva del Comit\u00e9 Consultivo Nacional de Normalizaci\u00f3n deber\u00e1 ser comunicada a la Autoridad Normalizadora;<\/li><li>Notificada la resoluci\u00f3n definitiva a la Autoridad Normalizadora, \u00e9sta solicitar\u00e1 a la Secretar\u00eda la publicaci\u00f3n en la Plataforma Tecnol\u00f3gica Integral de Infraestructura de la Calidad de las respuestas a los comentarios recibidos durante la consulta p\u00fablica, y<\/li><li>En caso de que el Comit\u00e9 Consultivo Nacional de Normalizaci\u00f3n apruebe el proyecto de Norma Oficial Mexicana objeto de resoluci\u00f3n definitiva, la Autoridad Normalizadora deber\u00e1 expedir la Norma Oficial Mexicana y ordenar su publicaci\u00f3n en el Diario Oficial de la Federaci\u00f3n, as\u00ed como solicitar su publicaci\u00f3n en la Plataforma Tecnol\u00f3gica Integral de Infraestructura de la Calidad.<\/li><\/ol>\n\n\n\n<h2>\u00bfQu\u00e9 es una propuesta de Norma Oficial Mexicana (NOM)?<\/h2>\n\n\n\n<p>Una propuesta de NOM es el documento preliminar elaborado o aceptado por las Autoridades Normalizadoras, en la que se recomiendan las caracter\u00edsticas de un bien, producto, proceso, servicio y, en su caso, m\u00e9todos de producci\u00f3n relacionados con ellos.<\/p>\n\n\n\n<div class=\"wp-container-2 wp-block-group adicional\">\n<p><strong>Te puede interesar:<\/strong><\/p>\n\n\n\n<p><a href=\"https:\/\/platiica.economia.gob.mx\/normalizacion\/catalogo-mexicano-de-normas\/\">&gt; Normas Oficiales Mexicanas en Cat\u00e1logo Mexicano de Normas<\/a><\/p>\n\n\n\n<p><a href=\"https:\/\/platiica.economia.gob.mx\/normalizacion\/autoridades-normalizadoras-y-comites-consultivos-nacionales-de-normalizacion\/\">&gt; Autoridades Normalizadoras y Comit\u00e9s Consultivos Nacionales de Normalizaci\u00f3n&nbsp;<\/a><\/p>\n\n\n\n<p><a href=\"https:\/\/platiica.economia.gob.mx\/normalizacion\/procedimiento-de-modificacion-y-cancelacion-de-las-normas-oficiales-mexicanas\/\">&gt; Procedimiento de modificaci\u00f3n y cancelaci\u00f3n de Normas Oficiales Mexicanas<\/a><\/p>\n<\/div>\n<\/div>\n\n\n\n<p><\/p>\n","protected":false},"excerpt":{"rendered":"<p>El proceso de normalizaci\u00f3n consta de las siguientes etapas, que son progresivas y sucesivas: 1. Elaboraci\u00f3n o aceptaci\u00f3n de la propuesta por la autoridad normalizadora; entre otras.<\/p>\n","protected":false},"author":1,"featured_media":0,"parent":0,"menu_order":0,"comment_status":"closed","ping_status":"closed","template":"","meta":{"_links_to":"","_links_to_target":""},"_links":{"self":[{"href":"http:\/\/10.100.20.231\/normalizacion\/wp-json\/wp\/v2\/pages\/47750"}],"collection":[{"href":"http:\/\/10.100.20.231\/normalizacion\/wp-json\/wp\/v2\/pages"}],"about":[{"href":"http:\/\/10.100.20.231\/normalizacion\/wp-json\/wp\/v2\/types\/page"}],"author":[{"embeddable":true,"href":"http:\/\/10.100.20.231\/normalizacion\/wp-json\/wp\/v2\/users\/1"}],"replies":[{"embeddable":true,"href":"http:\/\/10.100.20.231\/normalizacion\/wp-json\/wp\/v2\/comments?post=47750"}],"version-history":[{"count":0,"href":"http:\/\/10.100.20.231\/normalizacion\/wp-json\/wp\/v2\/pages\/47750\/revisions"}],"wp:attachment":[{"href":"http:\/\/10.100.20.231\/normalizacion\/wp-json\/wp\/v2\/media?parent=47750"}],"curies":[{"name":"wp","href":"https:\/\/api.w.org\/{rel}","templated":true}]}}