{"id":47753,"date":"2022-08-09T10:49:23","date_gmt":"2022-08-09T15:49:23","guid":{"rendered":"http:\/\/10.100.20.231\/normalizacion\/?page_id=47753"},"modified":"2023-10-19T12:07:35","modified_gmt":"2023-10-19T18:07:35","slug":"procedimiento-de-modificacion-y-cancelacion-de-las-normas-oficiales-mexicanas","status":"publish","type":"page","link":"http:\/\/10.100.20.231\/normalizacion\/procedimiento-de-modificacion-y-cancelacion-de-las-normas-oficiales-mexicanas\/","title":{"rendered":"Procedimiento de modificaci\u00f3n y cancelaci\u00f3n de las Normas Oficiales Mexicanas"},"content":{"rendered":"\n<div class=\"wp-container-3 wp-block-group alignfull barra contenido-principal max-dos-tercios informativa\" id=\"filtrable\">\n<div class=\"wp-container-1 wp-block-group yoast-breadcrumbs\">\n<p><a href=\"https:\/\/platiica.economia.gob.mx\/\">Inicio<\/a> &gt; <a href=\"https:\/\/platiica.economia.gob.mx\/normalizacion\/\">Normalizaci\u00f3n<\/a> &gt; <a href=\"https:\/\/platiica.economia.gob.mx\/normalizacion\/normas-oficiales-mexicanas\/\">Normas Oficiales Mexicanas<\/a> &gt; Procedimiento de modificaci\u00f3n y cancelaci\u00f3n de las Normas Oficiales Mexicanas<\/p>\n<\/div>\n\n\n\n<h1><strong>Procedimiento de modificaci\u00f3n y cancelaci\u00f3n de las Normas Oficiales Mexicanas<\/strong><\/h1>\n\n\n\n<p>El procedimiento de modificaci\u00f3n de una <a href=\"https:\/\/platiica.economia.gob.mx\/normalizacion\/normas-oficiales-mexicanas\/\">Norma Oficial Mexicana<\/a> se ajustar\u00e1 a lo previsto<br>en el art\u00edculo 35 de la Ley de Infraestructura de la Calidad. El Reglamento de la Ley podr\u00e1 establecer procedimientos simplificados de modificaci\u00f3n y cancelaci\u00f3n de Normas Oficiales Mexicanas.<\/p>\n\n\n\n<p>El procedimiento de modificaci\u00f3n o cancelaci\u00f3n de las Normas Oficiales Mexicanas podr\u00e1 iniciarse en cualquier momento, siempre que la Norma Oficial Mexicana haya entrado en vigor, por cualquiera de los siguientes motivos seg\u00fan resulten aplicables al supuesto de que se trate:<\/p>\n\n\n\n<ol><li>La modificaci\u00f3n a las Normas Internacionales tomadas como base para la elaboraci\u00f3n de la Norma Oficial Mexicana, o la expedici\u00f3n de nuevas Normas Internacionales que incidan en la misma;<\/li><li>Que la Norma Oficial Mexicana no atienda adecuadamente los objetivos leg\u00edtimos de inter\u00e9s p\u00fablico que persigue, resulte obsoleta o la tecnolog\u00eda la haya superado;<\/li><li>Que se requieran modificar los procedimientos de Evaluaci\u00f3n de la Conformidad ah\u00ed previstos o reflejar los criterios generales existentes en la materia;<\/li><li>Cuando la Autoridad Normalizadora que expidi\u00f3 la Norma Oficial Mexicana, advierta que las causas que motivaron su expedici\u00f3n ya no subsisten o son obsoletas, o<\/li><li>Cuando la Autoridad Normalizadora as\u00ed lo considere conveniente, siempre que exista una justificaci\u00f3n para ello.<\/li><\/ol>\n\n\n\n<p>La Comisi\u00f3n podr\u00e1 ordenar a las Autoridades Normalizadoras la cancelaci\u00f3n de Normas<br>Oficiales Mexicanas sin sujetarse a lo previsto en el art\u00edculo 41 de la Ley de Infraestructura de la Calidad, cuando se cumpla alguno de los siguientes supuestos:<\/p>\n\n\n\n<ol><li>Cuando el informe que contenga el resultado de la revisi\u00f3n sistem\u00e1tica que se haya realizado a una Norma Oficial Mexicana proponga su cancelaci\u00f3n, o<\/li><li>Cuando la Autoridad Normalizadora correspondiente que haya expedido la Norma Oficial Mexicana se quede sin facultades en la materia, sin que \u00e9stas hayan sido asumidas por otra Autoridad Normalizadora.<\/li><\/ol>\n\n\n\n<p>La Autoridad Normalizadora competente deber\u00e1 cancelar y ordenar la publicaci\u00f3n de dicha cancelaci\u00f3n en el Diario Oficial de la Federaci\u00f3n dentro de los 30 d\u00edas siguientes a que la Comisi\u00f3n se lo ordene. En caso de que la Autoridad Normalizadora no lleve a cabo esa cancelaci\u00f3n y publicaci\u00f3n dentro del plazo se\u00f1alado, la Comisi\u00f3n podr\u00e1 cancelar y ordenar esa publicaci\u00f3n directamente.&nbsp;<\/p>\n\n\n\n<p>Las Normas Oficiales Mexicanas continuar\u00e1n surtiendo efectos hasta que se publique su cancelaci\u00f3n en el Diario Oficial de la Federaci\u00f3n.<\/p>\n\n\n\n<p><\/p>\n\n\n\n<div class=\"wp-container-2 wp-block-group adicional\">\n<p><strong>Te puede interesar:<\/strong><\/p>\n\n\n\n<p><a href=\"https:\/\/platiica.economia.gob.mx\/normalizacion\/catalogo-mexicano-de-normas\/\">&gt; Normas Oficiales Mexicanas en Cat\u00e1logo Mexicano de Normas<\/a><\/p>\n\n\n\n<p><a href=\"https:\/\/platiica.economia.gob.mx\/normalizacion\/procedimiento-de-elaboracion-y-expedicion-de-las-normas-oficiales-mexicanas\/\">&gt; Procedimiento de elaboraci\u00f3n y expedici\u00f3n de las Normas Oficiales Mexicanas<\/a><\/p>\n\n\n\n<p><a href=\"https:\/\/platiica.economia.gob.mx\/normalizacion\/autoridades-normalizadoras-y-comites-consultivos-nacionales-de-normalizacion\/\">&gt; Autoridades Normalizadoras y Comit\u00e9s Consultivos&nbsp;<\/a><\/p>\n<\/div>\n<\/div>\n","protected":false},"excerpt":{"rendered":"<p>El procedimiento de modificaci\u00f3n o cancelaci\u00f3n de una Norma Oficial Mexicana puede iniciarse en cualquier momento despu\u00e9s de que esta entra en vigor, por cualquiera de los siguientes motivos:<\/p>\n","protected":false},"author":1,"featured_media":0,"parent":0,"menu_order":0,"comment_status":"closed","ping_status":"closed","template":"","meta":{"_links_to":"","_links_to_target":""},"_links":{"self":[{"href":"http:\/\/10.100.20.231\/normalizacion\/wp-json\/wp\/v2\/pages\/47753"}],"collection":[{"href":"http:\/\/10.100.20.231\/normalizacion\/wp-json\/wp\/v2\/pages"}],"about":[{"href":"http:\/\/10.100.20.231\/normalizacion\/wp-json\/wp\/v2\/types\/page"}],"author":[{"embeddable":true,"href":"http:\/\/10.100.20.231\/normalizacion\/wp-json\/wp\/v2\/users\/1"}],"replies":[{"embeddable":true,"href":"http:\/\/10.100.20.231\/normalizacion\/wp-json\/wp\/v2\/comments?post=47753"}],"version-history":[{"count":0,"href":"http:\/\/10.100.20.231\/normalizacion\/wp-json\/wp\/v2\/pages\/47753\/revisions"}],"wp:attachment":[{"href":"http:\/\/10.100.20.231\/normalizacion\/wp-json\/wp\/v2\/media?parent=47753"}],"curies":[{"name":"wp","href":"https:\/\/api.w.org\/{rel}","templated":true}]}}