{"id":47768,"date":"2022-08-09T11:25:14","date_gmt":"2022-08-09T16:25:14","guid":{"rendered":"http:\/\/10.100.20.231\/normalizacion\/?page_id=47768"},"modified":"2023-10-19T12:26:05","modified_gmt":"2023-10-19T18:26:05","slug":"comites-tecnicos-de-normalizacion-nacional","status":"publish","type":"page","link":"http:\/\/10.100.20.231\/normalizacion\/comites-tecnicos-de-normalizacion-nacional\/","title":{"rendered":"Comit\u00e9s t\u00e9cnicos de normalizaci\u00f3n nacional"},"content":{"rendered":"\n<div class=\"wp-container-3 wp-block-group alignfull barra contenido-principal max-dos-tercios informativa\" id=\"filtrable\">\n<div class=\"wp-container-1 wp-block-group yoast-breadcrumbs\">\n<p><a href=\"https:\/\/platiica.economia.gob.mx\/\">Inicio<\/a> &gt; <a href=\"https:\/\/platiica.economia.gob.mx\/normalizacion\/\">Normalizaci\u00f3n<\/a> &gt; <a href=\"https:\/\/platiica.economia.gob.mx\/normalizacion\/normas-mexicanas\/\">Normas Mexicanas<\/a> &gt; Comit\u00e9s t\u00e9cnicos de normalizaci\u00f3n nacional<\/p>\n<\/div>\n\n\n\n<h1><strong>Comit\u00e9s T\u00e9cnicos de Normalizaci\u00f3n Nacional<\/strong> (CTNN)<\/h1>\n\n\n\n<p>Los Comit\u00e9s T\u00e9cnicos de Normalizaci\u00f3n Nacional (CTNN) son coordinados por los <a href=\"https:\/\/platiica.economia.gob.mx\/normalizacion\/organismos-nacionales-de-normalizacion\/\">Organismos Nacionales de Normalizaci\u00f3n<\/a> (ONN), por otros organismos, c\u00e1maras, colegios de profesionistas, asociaciones, empresas, dependencias o entidades de la Administraci\u00f3n P\u00fablica Federal como la Secretar\u00eda de Econom\u00eda, quien es la encargada de la publicaci\u00f3n de las declaratorias de vigencia en el Diario Oficial de la Federaci\u00f3n y se encargan de la elaboraci\u00f3n de las <a href=\"https:\/\/platiica.economia.gob.mx\/normalizacion\/normas-mexicanas\/\">Normas Mexicanas<\/a> (NMX) en aquellas \u00e1reas de la industria en las que no exista un Organismo Nacional de Normalizaci\u00f3n registrado. Con la entrada en vigor de la LIC, se crean los Comit\u00e9s T\u00e9cnicos de Estandarizaci\u00f3n, los cuales sustituyen a los Comit\u00e9s T\u00e9cnicos de Normalizaci\u00f3n Nacional.<\/p>\n\n\n\n<h3>Listado de Comit\u00e9s T\u00e9cnicos de Normalizaci\u00f3n Nacional<\/h3>\n\n\n\n<h4>Pertenecientes al Sector Gobierno<\/h4>\n\n\n\n<p><\/p>\n\n\n\n<p><strong>Secretar\u00eda de Econom\u00eda (SE)<\/strong><\/p>\n\n\n\n<ul><li>Comit\u00e9 T\u00e9cnico de Normalizaci\u00f3n Nacional de Industrias Diversas (CTNNID)<\/li><li>Comit\u00e9 T\u00e9cnico de Normalizaci\u00f3n Nacional de Materiales, Equipos e Instalaciones para el Manejo y Uso de Gas Natural y L.P. (COTENNGAS)<\/li><li>Comit\u00e9 T\u00e9cnico de Normalizaci\u00f3n Nacional de Sistemas y Equipos de Riego (COTENNSER)<\/li><\/ul>\n\n\n\n<p><\/p>\n\n\n\n<p><strong>Agencia Espacial Mexicana (AEM)<\/strong><\/p>\n\n\n\n<ul><li>Comit\u00e9 T\u00e9cnico de Normalizaci\u00f3n Nacional del Espacio&nbsp;<\/li><\/ul>\n\n\n\n<p><\/p>\n\n\n\n<p><strong>Agencia de Seguridad, Energ\u00eda y Ambiente (ASEA)<\/strong><\/p>\n\n\n\n<ul><li>Comit\u00e9 T\u00e9cnico de Normalizaci\u00f3n Nacional de Seguridad Industrial y Operativa y de Protecci\u00f3n al Medio Ambiente del Sector Hidrocarburos COTASEA<\/li><\/ul>\n\n\n\n<p><\/p>\n\n\n\n<p><strong>Centro Nacional de Metrolog\u00eda (CENAM)<\/strong><\/p>\n\n\n\n<ul><li>Comit\u00e9 T\u00e9cnico de Normalizaci\u00f3n Nacional de Nanotecnolog\u00eda<\/li><\/ul>\n\n\n\n<p><\/p>\n\n\n\n<p><strong>Secretar\u00eda de Agricultura y Desarrollo Rural (SADER)<\/strong><\/p>\n\n\n\n<p><strong>Instituto Nacional de Investigaciones Forestales, Agr\u00edcolas y Pecuarias (INIFAD)<\/strong><\/p>\n\n\n\n<ul><li>Comit\u00e9 T\u00e9cnico de Normalizaci\u00f3n Nacional de Maquinaria y Equipo Agr\u00edcola<\/li><li>Comit\u00e9 T\u00e9cnico de Normalizaci\u00f3n Nacional para Productos Agr\u00edcolas y Pecuarios (CTNNPAP)<\/li><\/ul>\n\n\n\n<p><strong>Direcci\u00f3n General de Fomento a la Agricultura<\/strong><\/p>\n\n\n\n<ul><li>Comit\u00e9 T\u00e9cnico de Normalizaci\u00f3n Nacional para Caf\u00e9 y sus Productos (CTNNCP)<\/li><\/ul>\n\n\n\n<p><strong>Secretar\u00eda de Medio Ambiente y Recursos Naturales (SEMARNAT)<\/strong><\/p>\n\n\n\n<ul><li>Comit\u00e9 T\u00e9cnico de Normalizaci\u00f3n Nacional de Medio Ambiente y Recursos Naturales (COTEMARNAT)<\/li><\/ul>\n\n\n\n<p><\/p>\n\n\n\n<h4>Pertenecientes al Sector Privado<\/h4>\n\n\n\n<p><\/p>\n\n\n\n<p><strong>Underwriters Laboratories de M\u00e9xico S.A. de C.V. (UL)<\/strong><\/p>\n\n\n\n<ul><li>Comit\u00e9 T\u00e9cnico de Normalizaci\u00f3n Nacional de Seguridad Contra Incendios y Dispositivos Salvavidas&nbsp;<\/li><\/ul>\n\n\n\n<p><\/p>\n\n\n\n<p><strong>Asociaci\u00f3n Interdisciplinaria de Salud Ocupacional e Higiene de M\u00e9xico (AISOHMEX)<\/strong><\/p>\n\n\n\n<ul><li>Comit\u00e9 T\u00e9cnico de Normalizaci\u00f3n Nacional de Productos de Protecci\u00f3n y Seguridad Humana<\/li><\/ul>\n\n\n\n<p><\/p>\n\n\n\n<p><strong>Asociaci\u00f3n Nacional de Fabricantes de Pinturas y Tintas A.C. (ANAFAPYT)<\/strong><\/p>\n\n\n\n<ul><li>Comit\u00e9 T\u00e9cnico de Normalizaci\u00f3n Nacional de Pinturas, Barnices y Recubrimientos<\/li><\/ul>\n\n\n\n<p><\/p>\n\n\n\n<p><strong>Asociaci\u00f3n de Normalizaci\u00f3n y Certificaci\u00f3n, A.C. (ANCE)<\/strong><\/p>\n\n\n\n<ul><li>Comit\u00e9 de Normalizaci\u00f3n de la Asociaci\u00f3n de Normalizaci\u00f3n del Certificaci\u00f3n, S.C (CONANCE)<\/li><\/ul>\n\n\n\n<p><\/p>\n\n\n\n<p><strong>Asociaci\u00f3n Nacional de Industriales de Aceites y Mantecas Comestibles (ANIAME)<\/strong><\/p>\n\n\n\n<ul><li>Comit\u00e9 T\u00e9cnico de Normalizaci\u00f3n Nacional de la Industria de Aceites y Grasas Comestibles y Similares<\/li><\/ul>\n\n\n\n<p><\/p>\n\n\n\n<p><strong>Asociaci\u00f3n Mexicana de Parques Industriales Privados, A.C. (AMPIP)<\/strong><\/p>\n\n\n\n<ul><li>Comit\u00e9 T\u00e9cnico de Normalizaci\u00f3n Nacional de Parques Industriales<\/li><\/ul>\n\n\n\n<p><\/p>\n\n\n\n<p><strong>C\u00e1mara Nacional de la Industria del Hierro y del Acero (CANACERO)<\/strong><\/p>\n\n\n\n<ul><li>Comit\u00e9 T\u00e9cnico de Normalizaci\u00f3n Nacional de la Industria Sider\u00fargica&nbsp;<\/li><\/ul>\n\n\n\n<p><\/p>\n\n\n\n<p><strong>C\u00e1mara Nacional de la Industria de Az\u00facar (CNIAA)<\/strong><\/p>\n\n\n\n<ul><li>Comit\u00e9 T\u00e9cnico de Normalizaci\u00f3n Nacional Industria Azucarera y Alcoholera (COTENNIAA)<\/li><\/ul>\n\n\n\n<p><\/p>\n\n\n\n<p><strong>C\u00e1mara Nacional de la Industria Hulera (CNIH)<\/strong><\/p>\n\n\n\n<ul><li>Comit\u00e9 T\u00e9cnico de Normalizaci\u00f3n Nacional de la Industria Hulera<\/li><\/ul>\n\n\n\n<p><\/p>\n\n\n\n<p><strong>C\u00e1mara Nacional de las Industrias del Papel y la Celulosa (CNIPC)<\/strong><\/p>\n\n\n\n<ul><li>Comit\u00e9 T\u00e9cnico de Normalizaci\u00f3n Nacional de la Industria de la Celulosa y Papel<\/li><\/ul>\n\n\n\n<p><\/p>\n\n\n\n<p><strong>Consejo Nacional de Fabricantes de Alimentos Balanceados y de la Nutrici\u00f3n Animal, A.C.<\/strong><\/p>\n\n\n\n<ul><li>Comit\u00e9 T\u00e9cnico de Normalizaci\u00f3n Nacional de Alimentos Balanceados para Animales (CONAFAB)<\/li><\/ul>\n\n\n\n<p><\/p>\n\n\n\n<p><strong>Consejo para el Fomento de la Calidad de la Leche y sus Derivados, A.C. (COFOCALEC)<\/strong><\/p>\n\n\n\n<ul><li>Comit\u00e9 T\u00e9cnico Nacional de Normalizaci\u00f3n del Sistema Producto Leche<\/li><\/ul>\n\n\n\n<p><\/p>\n\n\n\n<p><strong>Instituto Latinoamericano de la Comunicaci\u00f3n Educativa (ILCE)<\/strong><\/p>\n\n\n\n<ul><li>Comit\u00e9 T\u00e9cnico de Normalizaci\u00f3n Nacional de Documentaci\u00f3n&nbsp;<\/li><\/ul>\n\n\n\n<p><\/p>\n\n\n\n<p><strong>Instituto Mexicano del Aluminio (IMEDAL)<\/strong><\/p>\n\n\n\n<ul><li>Comit\u00e9 T\u00e9cnico de Normalizaci\u00f3n Nacional de Aluminio y sus Aleaciones<\/li><\/ul>\n\n\n\n<p><\/p>\n\n\n\n<p><strong>Instituto Mexicano de Normalizaci\u00f3n y Certificaci\u00f3n, A. C. (IMNC)<\/strong><\/p>\n\n\n\n<ul><li>Comit\u00e9 T\u00e9cnico de Normalizaci\u00f3n Nacional de Sistemas de Administraci\u00f3n Ambiental COTENNSAAM<\/li><li>Comit\u00e9 T\u00e9cnico de Normalizaci\u00f3n Nacional de Gr\u00faas y Dispositivos de Elevaci\u00f3n<\/li><li>Comit\u00e9 T\u00e9cnico de Normalizaci\u00f3n Nacional de Autopartes<\/li><li>Comit\u00e9 T\u00e9cnico de Normalizaci\u00f3n Nacional de Seguridad y Salud en el Trabajo<\/li><li>Comit\u00e9 T\u00e9cnicos de Normalizaci\u00f3n Nacional del IMNC (Privado)<\/li><\/ul>\n\n\n\n<p><\/p>\n\n\n\n<p><strong>Instituto Nacional de Normalizaci\u00f3n Textil A.C. (INNTEX)<\/strong><\/p>\n\n\n\n<ul><li>Comit\u00e9 T\u00e9cnico de Normalizaci\u00f3n Nacional de la Industria textil<\/li><\/ul>\n\n\n\n<p><\/p>\n\n\n\n<p><strong>Nacional de Cobre S.A. DE C.V. (NACOBRE)<\/strong><\/p>\n\n\n\n<ul><li>Comit\u00e9 T\u00e9cnico de Normalizaci\u00f3n Nacional de Productos de Cobre y sus Aleaciones<\/li><\/ul>\n\n\n\n<p><\/p>\n\n\n\n<p><strong>Sociedad Mexicana de Normalizaci\u00f3n y Certificaci\u00f3n S.C. (NORMEX)<\/strong><\/p>\n\n\n\n<ul><li>Comit\u00e9 T\u00e9cnico de Normalizaci\u00f3n Nacional para Bebidas Alcoh\u00f3licas (NBAL-02)<\/li><li>Comit\u00e9 T\u00e9cnico de Normalizaci\u00f3n Nacional para la Industria Alimentaria (NALI-10)<\/li><li>Comit\u00e9 T\u00e9cnico de Normalizaci\u00f3n Nacional para Envase y Embalaje (NEYE 09)<\/li><li>Comit\u00e9 T\u00e9cnico de Normalizaci\u00f3n Nacional de la Industria Juguetera<\/li><li>Comit\u00e9 T\u00e9cnico de Normalizaci\u00f3n Nacional de productos higi\u00e9nicos institucionales e industriales y seguridad y salud en el trabajo<\/li><li>Comit\u00e9 T\u00e9cnico de Normalizaci\u00f3n Nacional para Gases Comprimidos<\/li><li>Comit\u00e9 T\u00e9cnico de Normalizaci\u00f3n Nacional para para Energ\u00eda Solar<\/li><\/ul>\n\n\n\n<p><\/p>\n\n\n\n<p><strong>Normalizaci\u00f3n y Certificaci\u00f3n NYCE, S.C.<\/strong><\/p>\n\n\n\n<ul><li>Comit\u00e9 T\u00e9cnico de Normalizaci\u00f3n Nacional de Pl\u00e1sticos e Industria Qu\u00edmica<\/li><li>Comit\u00e9 T\u00e9cnico de Normalizaci\u00f3n Nacional de Electr\u00f3nica y Tecnolog\u00edas de la Informaci\u00f3n y Comunicaci\u00f3n COTENNETIC<\/li><\/ul>\n\n\n\n<p><\/p>\n\n\n\n<p><strong>Organismo Nacional de Normalizaci\u00f3n y Certificaci\u00f3n de la Construcci\u00f3n y Edificaci\u00f3n, S.C. (ONNCCE)<\/strong><\/p>\n\n\n\n<ul><li>Comit\u00e9 T\u00e9cnico de Normalizaci\u00f3n Nacional de la Industria de la Construcci\u00f3n<\/li><\/ul>\n\n\n\n<div class=\"wp-container-2 wp-block-group adicional\">\n<p><strong>Te puede interesar:<\/strong><\/p>\n\n\n\n<p><a href=\"https:\/\/platiica.economia.gob.mx\/normalizacion\/catalogo-mexicano-de-normas\/\">&gt; Normas Mexicanas en el Cat\u00e1logo Mexicano de Normas<\/a><\/p>\n\n\n\n<p><a href=\"https:\/\/platiica.economia.gob.mx\/normalizacion\/organismos-nacionales-de-normalizacion\/\">&gt; Organismos Nacionales de Normalizaci\u00f3n <\/a><\/p>\n\n\n\n<p><a href=\"https:\/\/platiica.economia.gob.mx\/normalizacion\/proyectos-de-normas-oficiales-mexicanas\/\">&gt; Proyectos de Normas Oficiales Mexicanas<\/a><\/p>\n<\/div>\n<\/div>\n","protected":false},"excerpt":{"rendered":"<p>Los comit\u00e9s t\u00e9cnicos de normalizaci\u00f3n nacional (CTNN) son coordinados por la Secretar\u00eda de Econom\u00eda y se encargan de la elaboraci\u00f3n de las Normas Mexicanas (NMX) en aquellas \u00e1reas de la industria en las que no exista un organismo nacional de normalizaci\u00f3n registrado.<\/p>\n","protected":false},"author":1,"featured_media":0,"parent":0,"menu_order":0,"comment_status":"closed","ping_status":"closed","template":"","meta":{"_links_to":"","_links_to_target":""},"_links":{"self":[{"href":"http:\/\/10.100.20.231\/normalizacion\/wp-json\/wp\/v2\/pages\/47768"}],"collection":[{"href":"http:\/\/10.100.20.231\/normalizacion\/wp-json\/wp\/v2\/pages"}],"about":[{"href":"http:\/\/10.100.20.231\/normalizacion\/wp-json\/wp\/v2\/types\/page"}],"author":[{"embeddable":true,"href":"http:\/\/10.100.20.231\/normalizacion\/wp-json\/wp\/v2\/users\/1"}],"replies":[{"embeddable":true,"href":"http:\/\/10.100.20.231\/normalizacion\/wp-json\/wp\/v2\/comments?post=47768"}],"version-history":[{"count":0,"href":"http:\/\/10.100.20.231\/normalizacion\/wp-json\/wp\/v2\/pages\/47768\/revisions"}],"wp:attachment":[{"href":"http:\/\/10.100.20.231\/normalizacion\/wp-json\/wp\/v2\/media?parent=47768"}],"curies":[{"name":"wp","href":"https:\/\/api.w.org\/{rel}","templated":true}]}}