{"id":47771,"date":"2022-08-09T11:26:33","date_gmt":"2022-08-09T16:26:33","guid":{"rendered":"http:\/\/10.100.20.231\/normalizacion\/?page_id=47771"},"modified":"2022-08-29T12:37:15","modified_gmt":"2022-08-29T17:37:15","slug":"procedimiento-de-elaboracion-de-estandares","status":"publish","type":"page","link":"http:\/\/10.100.20.231\/normalizacion\/procedimiento-de-elaboracion-de-estandares\/","title":{"rendered":"Procedimiento de elaboraci\u00f3n de est\u00e1ndares"},"content":{"rendered":"\n<div class=\"wp-container-2 wp-block-group alignfull barra contenido-principal max-dos-tercios informativa\" id=\"filtrable\">\n\n\n<h1><strong>Procedimiento de elaboraci\u00f3n de est\u00e1ndares<\/strong><\/h1>\n\n\n\n<p>En el proceso de elaboraci\u00f3n de est\u00e1ndares deben participar todos los sectores interesados, y este se desarrolla a trav\u00e9s de las siguientes etapas:<\/p>\n\n\n\n<ol><li>Elaboraci\u00f3n de la propuesta de est\u00e1ndar por los organismos nacionales de estandarizaci\u00f3n, los dem\u00e1s sujetos facultados para estandarizar o, por excepci\u00f3n, por las autoridades normalizadoras;&nbsp;<\/li><li>presentaci\u00f3n de la propuesta de est\u00e1ndar al comit\u00e9 t\u00e9cnico de estandarizaci\u00f3n correspondiente para su an\u00e1lisis, revisi\u00f3n y deliberaci\u00f3n;<\/li><li>en caso de ser conveniente, constituci\u00f3n del grupo de trabajo para el an\u00e1lisis y revisi\u00f3n del anteproyecto de est\u00e1ndar;<\/li><li>en su caso, presentaci\u00f3n de los resultados del an\u00e1lisis y revisi\u00f3n del anteproyecto de est\u00e1ndar por parte del grupo de trabajo ante el comit\u00e9 t\u00e9cnico de estandarizaci\u00f3n, para su deliberaci\u00f3n;<\/li><li>en caso de que el comit\u00e9 t\u00e9cnico apruebe el proyecto, los encargados de su elaboraci\u00f3n lo enviar\u00e1n a la Secretar\u00eda de Econom\u00eda para la publicaci\u00f3n de su consulta p\u00fablica;<\/li><li>recepci\u00f3n, an\u00e1lisis, revisi\u00f3n y respuestas de los comentarios de la consulta p\u00fablica por el comit\u00e9 t\u00e9cnico de estandarizaci\u00f3n o el grupo de trabajo correspondiente;&nbsp;<\/li><li>las personas cuyos comentarios al proyecto de est\u00e1ndar sean recibidos, pero no sean incluidos en el proyecto, ser\u00e1n invitadas a participar en el comit\u00e9 encargado de la elaboraci\u00f3n del est\u00e1ndar, con el fin de conocer las razones por las cuales no fueron incluidos sus comentarios y, en su caso, aportar elementos adicionales que permitan su inclusi\u00f3n;&nbsp;<\/li><li>deliberaci\u00f3n por parte del comit\u00e9 t\u00e9cnico de estandarizaci\u00f3n respectivo de la resoluci\u00f3n de los comentarios recibidos al proyecto de est\u00e1ndar, y&nbsp;<\/li><li>en caso de que la \u00faltima deliberaci\u00f3n sea afirmativa, quien haya elaborado la propuesta emitir\u00e1 el nuevo est\u00e1ndar.<\/li><\/ol>\n\n\n\n<div class=\"wp-container-1 wp-block-group adicional\">\n<p><strong>Te puede servir:<\/strong><\/p>\n\n\n\n<p><a href=\"https:\/\/platiica.economia.gob.mx\/normalizacion\/organismos-nacionales-de-estandarizacion-y-sujetos-facultados-para-estandarizar\/\">&gt; Ir al listado de organismos nacionales de estandarizaci\u00f3n y sujetos facultados para estandarizar<\/a><\/p>\n\n\n\n<p>&gt; Consultar los est\u00e1ndares en Cat\u00e1logo Mexicano de Est\u00e1ndares<\/p>\n<\/div>\n<\/div>\n","protected":false},"excerpt":{"rendered":"<p>Procedimiento de elaboraci\u00f3n de est\u00e1ndares En el proceso de elaboraci\u00f3n de est\u00e1ndares deben participar todos los sectores interesados, y este se desarrolla a trav\u00e9s de las siguientes etapas: Elaboraci\u00f3n de la propuesta de est\u00e1ndar por los organismos nacionales de estandarizaci\u00f3n, los dem\u00e1s sujetos facultados para estandarizar o, por excepci\u00f3n, por las autoridades normalizadoras;&nbsp; presentaci\u00f3n de [&hellip;]<\/p>\n","protected":false},"author":1,"featured_media":0,"parent":0,"menu_order":0,"comment_status":"closed","ping_status":"closed","template":"","meta":{"_links_to":"","_links_to_target":""},"_links":{"self":[{"href":"http:\/\/10.100.20.231\/normalizacion\/wp-json\/wp\/v2\/pages\/47771"}],"collection":[{"href":"http:\/\/10.100.20.231\/normalizacion\/wp-json\/wp\/v2\/pages"}],"about":[{"href":"http:\/\/10.100.20.231\/normalizacion\/wp-json\/wp\/v2\/types\/page"}],"author":[{"embeddable":true,"href":"http:\/\/10.100.20.231\/normalizacion\/wp-json\/wp\/v2\/users\/1"}],"replies":[{"embeddable":true,"href":"http:\/\/10.100.20.231\/normalizacion\/wp-json\/wp\/v2\/comments?post=47771"}],"version-history":[{"count":0,"href":"http:\/\/10.100.20.231\/normalizacion\/wp-json\/wp\/v2\/pages\/47771\/revisions"}],"wp:attachment":[{"href":"http:\/\/10.100.20.231\/normalizacion\/wp-json\/wp\/v2\/media?parent=47771"}],"curies":[{"name":"wp","href":"https:\/\/api.w.org\/{rel}","templated":true}]}}