{"id":47774,"date":"2022-08-09T11:28:08","date_gmt":"2022-08-09T16:28:08","guid":{"rendered":"http:\/\/10.100.20.231\/normalizacion\/?page_id=47774"},"modified":"2023-12-14T14:48:53","modified_gmt":"2023-12-14T20:48:53","slug":"organismos-nacionales-de-estandarizacion-y-sujetos-facultados-para-estandarizar","status":"publish","type":"page","link":"http:\/\/10.100.20.231\/normalizacion\/organismos-nacionales-de-estandarizacion-y-sujetos-facultados-para-estandarizar\/","title":{"rendered":"Organismos nacionales de estandarizaci\u00f3n y sujetos facultados para estandarizar"},"content":{"rendered":"\n<div class=\"wp-container-2 wp-block-group alignfull barra contenido-principal max-dos-tercios informativa\" id=\"filtrable\">\n\n\n<h1><strong>Organismos nacionales de estandarizaci\u00f3n y sujetos facultados para estandarizar<\/strong><\/h1>\n\n\n\n<p>Los organismos nacionales de estandarizaci\u00f3n tienen a su cargo elaborar, modificar y cancelar est\u00e1ndares.&nbsp;<\/p>\n\n\n\n<p>Las personas morales que deseen registrarse como organismo nacional de estandarizaci\u00f3n deber\u00e1n:<\/p>\n\n\n\n<ol><li>Presentar la solicitud ante la Secretar\u00eda de Econom\u00eda con copia a la autoridad normalizadora competente;&nbsp;<\/li><li>tener cobertura nacional e identificar la materia, rama o sector econ\u00f3mico sobre la cual pretende llevar a cabo labores de estandarizaci\u00f3n;&nbsp;<\/li><li>acreditar que tiene como objeto social la actividad de estandarizar y la capacidad t\u00e9cnica en la materia, administrativa, financiera y humana, as\u00ed como facultad para participar en las actividades de estandarizaci\u00f3n internacional;&nbsp;<\/li><li>detallar su estructura organizacional; y<\/li><li>detallar la metodolog\u00eda que utilizar\u00e1 para llevar a cabo labores de estandarizaci\u00f3n.&nbsp;<\/li><\/ol>\n\n\n\n<h2>Sujetos facultados para estandarizar<\/h2>\n\n\n\n<p>Los sujetos facultados para estandarizar son personas morales constituidas legalmente que est\u00e1n interesadas en la elaboraci\u00f3n, la modificaci\u00f3n y la cancelaci\u00f3n de est\u00e1ndares.<\/p>\n\n\n\n<p><\/p>\n\n\n\n<p><strong>Tr\u00e1mites relacionados<\/strong><\/p>\n\n\n\n<ul><li>Registro como Organismo Nacional de Estandarizaci\u00f3n<\/li><li>Autorizaci\u00f3n como Sujeto Facultado para Estandarizar<\/li><\/ul>\n\n\n\n<p><a href=\"https:\/\/platiica.economia.gob.mx\/listado-de-tramites\/\">> Ir a Tr\u00e1mites<\/a><\/p>\n\n\n\n<div class=\"wp-container-1 wp-block-group adicional\">\n<p><strong>Te pueden servir:<\/strong><\/p>\n\n\n\n<p><a href=\"https:\/\/platiica.economia.gob.mx\/normalizacion\/procedimiento-de-elaboracion-de-estandares\/\">&gt; Conocer el procedimiento de elaboraci\u00f3n de est\u00e1ndares<\/a><\/p>\n\n\n\n<p>&gt; Consultar el Cat\u00e1logo Mexicano de Est\u00e1ndares<\/p>\n<\/div>\n<\/div>\n","protected":false},"excerpt":{"rendered":"<p>Organismos nacionales de estandarizaci\u00f3n y sujetos facultados para estandarizar Los organismos nacionales de estandarizaci\u00f3n tienen a su cargo elaborar, modificar y cancelar est\u00e1ndares.&nbsp; Las personas morales que deseen registrarse como organismo nacional de estandarizaci\u00f3n deber\u00e1n: Presentar la solicitud ante la Secretar\u00eda de Econom\u00eda con copia a la autoridad normalizadora competente;&nbsp; tener cobertura nacional e identificar [&hellip;]<\/p>\n","protected":false},"author":1,"featured_media":0,"parent":0,"menu_order":0,"comment_status":"closed","ping_status":"closed","template":"","meta":{"_links_to":"","_links_to_target":""},"_links":{"self":[{"href":"http:\/\/10.100.20.231\/normalizacion\/wp-json\/wp\/v2\/pages\/47774"}],"collection":[{"href":"http:\/\/10.100.20.231\/normalizacion\/wp-json\/wp\/v2\/pages"}],"about":[{"href":"http:\/\/10.100.20.231\/normalizacion\/wp-json\/wp\/v2\/types\/page"}],"author":[{"embeddable":true,"href":"http:\/\/10.100.20.231\/normalizacion\/wp-json\/wp\/v2\/users\/1"}],"replies":[{"embeddable":true,"href":"http:\/\/10.100.20.231\/normalizacion\/wp-json\/wp\/v2\/comments?post=47774"}],"version-history":[{"count":0,"href":"http:\/\/10.100.20.231\/normalizacion\/wp-json\/wp\/v2\/pages\/47774\/revisions"}],"wp:attachment":[{"href":"http:\/\/10.100.20.231\/normalizacion\/wp-json\/wp\/v2\/media?parent=47774"}],"curies":[{"name":"wp","href":"https:\/\/api.w.org\/{rel}","templated":true}]}}