{"id":47893,"date":"2022-08-29T18:34:11","date_gmt":"2022-08-29T23:34:11","guid":{"rendered":"http:\/\/10.100.20.231\/normalizacion\/?page_id=47893"},"modified":"2023-11-09T14:34:19","modified_gmt":"2023-11-09T20:34:19","slug":"organismos-internacionales-de-normalizacion","status":"publish","type":"page","link":"http:\/\/10.100.20.231\/normalizacion\/organismos-internacionales-de-normalizacion\/","title":{"rendered":"Organismos internacionales de normalizaci\u00f3n"},"content":{"rendered":"\n<div class=\"wp-container-3 wp-block-group alignfull barra contenido-principal max-dos-tercios informativa\" id=\"filtrable\">\n<div style=\"height:50px\" aria-hidden=\"true\" class=\"wp-block-spacer espacio-50\"><\/div>\n\n\n\n<div class=\"wp-container-1 wp-block-group yoast-breadcrumbs\">\n<p><a href=\"https:\/\/platiica.economia.gob.mx\/\">Inicio<\/a> &gt; <a href=\"https:\/\/platiica.economia.gob.mx\/normalizacion\/\">Normalizaci\u00f3n<\/a> &gt; Organismos Internacionales de normalizaci\u00f3n<\/p>\n<\/div>\n\n\n\n<h1><strong><strong>Organismos Internacionales de Normalizaci\u00f3n<\/strong><\/strong><\/h1>\n\n\n\n<p>Entidades destinadas a la elaboraci\u00f3n de Normas T\u00e9cnicas en el \u00e1mbito internacional, teniendo reconocido este car\u00e1cter por la <a href=\"https:\/\/www.dof.gob.mx\/nota_detalle.php?codigo=5487350&amp;fecha=19\/06\/2017#gsc.tab=0\" data-type=\"URL\" data-id=\"https:\/\/www.dof.gob.mx\/nota_detalle.php?codigo=5487350&amp;fecha=19\/06\/2017#gsc.tab=0\">normativa mexicana<\/a> vigente, la Organizaci\u00f3n Internacional de Normalizaci\u00f3n (ISO), la Comisi\u00f3n Electrot\u00e9cnica Internacional (IEC) y la Uni\u00f3n Internacional de Telecomunicaciones (ITU).<\/p>\n\n\n\n<h2>Listado de organismos internacionales de normalizaci\u00f3n y sus normas<\/h2>\n\n\n\n<ul><li><strong><a rel=\"noreferrer noopener\" href=\"https:\/\/www.fao.org\/fao-who-codexalimentarius\/en\/\" target=\"_blank\">Comisi\u00f3n del Codex Alim<\/a><a href=\"http:\/\/www.codexalimentarius.org\/codex-home\/es\/\">entarius de la Organizaci\u00f3n de las Nacionales Unidas para la Alimentaci\u00f3n<\/a><a rel=\"noreferrer noopener\" href=\"https:\/\/www.fao.org\/fao-who-codexalimentarius\/en\/\" target=\"_blank\"> <\/a><a rel=\"noreferrer noopener\" href=\"https:\/\/www.fao.org\/fao-who-codexalimentarius\/codex-texts\/list-standards\/es\/\" target=\"_blank\">y la Agricultura (FAO) y la Organizaci\u00f3n Mundial de la Salud (OMS) <\/a><\/strong><\/li><li><strong><a rel=\"noreferrer noopener\" href=\"http:\/\/www.iec.ch\/\" target=\"_blank\">Comisi\u00f3n Electrot\u00e9cnica Internacional (IEC)<\/a> <\/strong><br>> <a rel=\"noreferrer noopener\" href=\"https:\/\/webstore.iec.ch\/\" target=\"_blank\">Adquiere las Normas<\/a><\/li><li><strong><a rel=\"noreferrer noopener\" href=\"http:\/\/www.icold-cigb.net\/\" target=\"_blank\">Comisi\u00f3n Internacional de Grandes Presas (CIGB-ICOLD)<\/a> <\/strong><br>> <a href=\"https:\/\/www.icold-cigb.org\/GB\/publications\/publications.asp\">Adquiere las Normas<\/a><\/li><li><a href=\"https:\/\/www.ippc.int\/es\/\" data-type=\"URL\" data-id=\"https:\/\/www.ippc.int\/es\/\"><strong>Comisi\u00f3n de Medidas Fitosanitarias de la Convenci\u00f3n Internacional de Protecci\u00f3n Fitosanitaria (CIPF)<\/strong><\/a><a rel=\"noreferrer noopener\" href=\"https:\/\/webstore.iec.ch\/\" target=\"_blank\"><strong> <\/strong><\/a><br>> <a rel=\"noreferrer noopener\" href=\"https:\/\/webstore.iec.ch\/\" target=\"_blank\">Adquiere las Normas<\/a><\/li><li><strong><a href=\"http:\/\/www.citac.cc\/\">Cooperaci\u00f3n Internacional para la Trazabilidad en la Qu\u00edmica Anal\u00edtica (CITAC)<\/a> <\/strong><br>> <a rel=\"noreferrer noopener\" href=\"https:\/\/www.ippc.int\/es\/core-activities\/standards-setting\/ispms\/\" target=\"_blank\">Adquiere las Norma<\/a><a href=\"https:\/\/www.citac.cc\/guides\/\">s<\/a><\/li><li><strong><a href=\"https:\/\/www.woah.org\/es\/inicio\/\">Organizaci\u00f3n Mundial de Sanidad Animal (OIE)<\/a> <\/strong><br>> <a href=\"https:\/\/www.woah.org\/es\/ebookshop\/?swoof=1&amp;product_cat=normas&amp;paged=1\">Adquiere las Normas<\/a><\/li><li><strong><a href=\"http:\/\/www.iho.int\">Organizaci\u00f3n Hidrogr\u00e1fica Internacional (OHI)<\/a> <\/strong><br>> <a href=\"https:\/\/iho.int\/en\/standards-and-specifications\">Adquiere las Normas<\/a><\/li><li><strong><a href=\"http:\/\/www.iaea.org\/\">Organismo Internacional de Energ\u00eda At\u00f3mica (OIEA)<\/a> <\/strong><br>> <a href=\"https:\/\/www.iaea.org\/publications\">Adquiere las Normas<\/a><\/li><li><strong><a rel=\"noreferrer noopener\" href=\"http:\/\/www.icao.int\/Pages\/default.aspx\" target=\"_blank\">Organizaci\u00f3n de Aviaci\u00f3n Civil Internacional (OACI)<\/a> <\/strong><br>> <a href=\"https:\/\/elibrary.icao.int\/explore;mainSearch=1\">Adquiere las Normas<\/a><\/li><li><strong><a href=\"https:\/\/www.bipm.org\/fr\/\" data-type=\"URL\" data-id=\"https:\/\/www.bipm.org\/fr\/\">Oficina Internacional de Pesas y Medidas (BIPM)<\/a> <\/strong><br>> <a href=\"https:\/\/www.bipm.org\/en\/committees\/ci\/cipm\/publications\">Adquiere las Normas<\/a><\/li><li><strong><a rel=\"noreferrer noopener\" href=\"https:\/\/www.oiml.org\/en\" data-type=\"URL\" data-id=\"https:\/\/www.oiml.org\/en\" target=\"_blank\">Organizaci\u00f3n Internacional de Metrolog\u00eda Legal (OIML)<\/a> <\/strong><br>> <a rel=\"noreferrer noopener\" href=\"https:\/\/www.oiml.org\/en\/publications\/recommendations\/publication_view?p_type=1&amp;p_status=1\" target=\"_blank\">Adquiere las Normas<\/a><\/li><li><strong><a href=\"https:\/\/www.imo.org\/\" data-type=\"URL\" data-id=\"https:\/\/www.imo.org\/\">Organizaci\u00f3n Mar\u00edtima Internacional (OMI)<\/a> <\/strong><br>> <a href=\"\/\/www.imo.org\/en\/publications\/Pages\/Home.aspx\">Adquiere las Normas<\/a><\/li><li><strong><a href=\"https:\/\/www.wcoomd.org\/\">Organizaci\u00f3n Mundial de Aduanas (OMA)<\/a> <\/strong><br>> <a href=\"https:\/\/www.wcotradetools.org\/\">Adquiere las Normas<\/a><\/li><li><strong><a href=\"http:\/\/www.who.int\/es\/\">Organizaci\u00f3n Mundial de la Salud (OMS)<\/a> <\/strong><br>> <a href=\"https:\/\/www.who.int\/publications\">Adquiere las Normas<\/a><\/li><li><strong><a rel=\"noreferrer noopener\" href=\"https:\/\/www.iso.org\/home.html\" target=\"_blank\">Organizaci\u00f3n Internacional de Normalizaci\u00f3n (ISO)<\/a> <\/strong><br>> <a href=\"https:\/\/www.iso.org\/store.html\">Adquiere las Normas<\/a><\/li><li><strong><a href=\"http:\/\/www.itu.int\/es\/Pages\/default.aspx\">Uni\u00f3n Internacional de Telecomunicaciones (UIT)<\/a> <\/strong><br>> <a href=\"https:\/\/www.itu.int\/en\/ITU-T\/publications\/Pages\/recs.aspx\">Adquiere las Normas<\/a><\/li><li><strong><a href=\"http:\/\/www.upu.int\/\">Uni\u00f3n Postal Universal (UPU)<\/a> <\/strong><br>> <a href=\"https:\/\/www.upu.int\/en\/Universal-Postal-Union\/Activities\/Research-Publications\/All-publications\">Adquiere las Normas<\/a><\/li><\/ul>\n\n\n\n<p><\/p>\n\n\n\n<p><\/p>\n\n\n\n<div class=\"wp-container-2 wp-block-group adicional\">\n<p><strong>Te puede interesar:<\/strong><\/p>\n\n\n\n<p><a href=\"https:\/\/platiica.economia.gob.mx\/normalizacion\/comites-mexicanos-de-atencion-a-organismos-internacionales\/\">&gt; Comit\u00e9s Mexicanos de atenci\u00f3n a organismos internacionales<\/a><\/p>\n\n\n\n<p><a href=\"https:\/\/platiica.economia.gob.mx\/normalizacion\/organismos-nacionales-de-normalizacion\/\">&gt; Organismos Nacionales de Normalizaci\u00f3n<\/a><\/p>\n\n\n\n<p><a href=\"https:\/\/platiica.economia.gob.mx\/normalizacion\/comites-tecnicos-de-normalizacion-nacional\/\">&gt; Comit\u00e9s T\u00e9cnicos de Normalizaci\u00f3n Nacional<\/a><\/p>\n<\/div>\n<\/div>\n","protected":false},"excerpt":{"rendered":"<p>Son entidades globales facultadas para establecer normas que regulan la actividad comercial internacional a fin de reducir las barreras t\u00e9cnicas y la competencia injusta.<\/p>\n","protected":false},"author":1,"featured_media":0,"parent":0,"menu_order":0,"comment_status":"closed","ping_status":"closed","template":"","meta":{"_links_to":"","_links_to_target":""},"_links":{"self":[{"href":"http:\/\/10.100.20.231\/normalizacion\/wp-json\/wp\/v2\/pages\/47893"}],"collection":[{"href":"http:\/\/10.100.20.231\/normalizacion\/wp-json\/wp\/v2\/pages"}],"about":[{"href":"http:\/\/10.100.20.231\/normalizacion\/wp-json\/wp\/v2\/types\/page"}],"author":[{"embeddable":true,"href":"http:\/\/10.100.20.231\/normalizacion\/wp-json\/wp\/v2\/users\/1"}],"replies":[{"embeddable":true,"href":"http:\/\/10.100.20.231\/normalizacion\/wp-json\/wp\/v2\/comments?post=47893"}],"version-history":[{"count":0,"href":"http:\/\/10.100.20.231\/normalizacion\/wp-json\/wp\/v2\/pages\/47893\/revisions"}],"wp:attachment":[{"href":"http:\/\/10.100.20.231\/normalizacion\/wp-json\/wp\/v2\/media?parent=47893"}],"curies":[{"name":"wp","href":"https:\/\/api.w.org\/{rel}","templated":true}]}}