{"id":47895,"date":"2022-08-29T18:41:49","date_gmt":"2022-08-29T23:41:49","guid":{"rendered":"http:\/\/10.100.20.231\/normalizacion\/?page_id=47895"},"modified":"2023-03-22T13:46:13","modified_gmt":"2023-03-22T19:46:13","slug":"organizacion-internacional-para-la-normalizacion-iso","status":"publish","type":"page","link":"http:\/\/10.100.20.231\/normalizacion\/organizacion-internacional-para-la-normalizacion-iso\/","title":{"rendered":"Organizaci\u00f3n Internacional para la Normalizaci\u00f3n (ISO)"},"content":{"rendered":"\n<div class=\"wp-container-2 wp-block-group alignfull barra contenido-principal max-dos-tercios informativa\" id=\"filtrable\">\n<div class=\"wp-container-1 wp-block-group yoast-breadcrumbs\">\n<p><a href=\"https:\/\/platiica.economia.gob.mx\/normalizacion\/\">Inicio<\/a> &gt; <a href=\"https:\/\/platiica.economia.gob.mx\/normalizacion\/organismos-internacionales-de-normalizacion\/\">Organismos internacionales de normalizaci\u00f3n<\/a> &gt; <strong>Organizaci\u00f3n Internacional para la Normalizaci\u00f3n (ISO)<\/strong><\/p>\n<\/div>\n\n\n\n<h1><strong>Organizaci\u00f3n Internacional para la Normalizaci\u00f3n (ISO)<\/strong><\/h1>\n\n\n\n<p>La Organizaci\u00f3n Internacional para la Normalizaci\u00f3n (ISO, por su siglas en ingl\u00e9s) es una referencia clave en su campo y se define como una red mundial que identifica cu\u00e1les <a href=\"https:\/\/platiica.economia.gob.mx\/glosario\/norma-internacional\/\">Normas Internacionales<\/a> son requeridas para el comercio, los gobiernos y la sociedad; las desarrolla conjuntamente con los sectores que las van a utilizar; las adopta por medio de procedimientos transparentes basados en contribuciones nacionales provenientes de m\u00faltiples partes interesadas, y las ofrece para ser utilizadas a nivel mundial.<\/p>\n\n\n\n<p><a href=\"https:\/\/www.iso.org\/home.html\" target=\"_blank\" rel=\"noreferrer noopener\">Visita el sitio de la ISO<\/a><\/p>\n\n\n\n<p><a href=\"https:\/\/www.iso.org\/store.html\" target=\"_blank\" rel=\"noreferrer noopener\">Adquiere los Est\u00e1ndares de la ISO<\/a><\/p>\n<\/div>\n","protected":false},"excerpt":{"rendered":"<p>La Organizaci\u00f3n Internacional para la Normalizaci\u00f3n (ISO, por su siglas en ingl\u00e9s) es una referencia clave en su campo y se define como una red mundial que identifica cu\u00e1les normas internacionales son requeridas para el comercio, los gobiernos y la sociedad;<\/p>\n","protected":false},"author":1,"featured_media":0,"parent":0,"menu_order":0,"comment_status":"closed","ping_status":"closed","template":"","meta":{"_links_to":"","_links_to_target":""},"_links":{"self":[{"href":"http:\/\/10.100.20.231\/normalizacion\/wp-json\/wp\/v2\/pages\/47895"}],"collection":[{"href":"http:\/\/10.100.20.231\/normalizacion\/wp-json\/wp\/v2\/pages"}],"about":[{"href":"http:\/\/10.100.20.231\/normalizacion\/wp-json\/wp\/v2\/types\/page"}],"author":[{"embeddable":true,"href":"http:\/\/10.100.20.231\/normalizacion\/wp-json\/wp\/v2\/users\/1"}],"replies":[{"embeddable":true,"href":"http:\/\/10.100.20.231\/normalizacion\/wp-json\/wp\/v2\/comments?post=47895"}],"version-history":[{"count":0,"href":"http:\/\/10.100.20.231\/normalizacion\/wp-json\/wp\/v2\/pages\/47895\/revisions"}],"wp:attachment":[{"href":"http:\/\/10.100.20.231\/normalizacion\/wp-json\/wp\/v2\/media?parent=47895"}],"curies":[{"name":"wp","href":"https:\/\/api.w.org\/{rel}","templated":true}]}}