{"id":47897,"date":"2022-08-29T18:43:51","date_gmt":"2022-08-29T23:43:51","guid":{"rendered":"http:\/\/10.100.20.231\/normalizacion\/?page_id=47897"},"modified":"2023-03-22T13:46:40","modified_gmt":"2023-03-22T19:46:40","slug":"comision-electrotecnica-internacional-iec","status":"publish","type":"page","link":"http:\/\/10.100.20.231\/normalizacion\/comision-electrotecnica-internacional-iec\/","title":{"rendered":"Comisi\u00f3n Electrot\u00e9cnica Internacional (IEC)"},"content":{"rendered":"\n<div class=\"wp-container-2 wp-block-group alignfull barra contenido-principal max-dos-tercios informativa\" id=\"filtrable\">\n<div style=\"height:50px\" aria-hidden=\"true\" class=\"wp-block-spacer espacio-50\"><\/div>\n\n\n\n<div class=\"wp-container-1 wp-block-group yoast-breadcrumbs\">\n<p><a href=\"https:\/\/platiica.economia.gob.mx\/normalizacion\/\">Inicio<\/a> &gt; <a href=\"https:\/\/platiica.economia.gob.mx\/normalizacion\/organismos-internacionales-de-normalizacion\/\">Organismos internacionales de normalizaci\u00f3n<\/a> &gt; <strong>Comisi\u00f3n Electrot\u00e9cnica Internacional (IEC)<\/strong><\/p>\n<\/div>\n\n\n\n<h1><strong><strong><strong>Comisi\u00f3n Electrot\u00e9cnica Internacional (IEC)<\/strong><\/strong><\/strong><\/h1>\n\n\n\n<p>La Comisi\u00f3n Electrot\u00e9cnica Internacional (IEC, por sus siglas en ingl\u00e9s) es una organizaci\u00f3n no gubernamental que encabeza los trabajos de normalizaci\u00f3n para el comercio internacional de productos y servicios vinculados con las tecnolog\u00edas el\u00e9ctricas, electr\u00f3nicas y relacionadas. Los pa\u00edses que participan en esta comisi\u00f3n informan sobre sus intereses nacionales, permitiendo regular las actividades comerciales relacionadas con estos productos y servicios.<\/p>\n\n\n\n<p><a href=\"https:\/\/www.iec.ch\/homepage\" target=\"_blank\" rel=\"noreferrer noopener\">Visita el sitio de la IEC<\/a><\/p>\n\n\n\n<p><a href=\"https:\/\/webstore.iec.ch\/\" target=\"_blank\" rel=\"noreferrer noopener\">Adquiere los Est\u00e1ndares de la IEC<\/a><\/p>\n<\/div>\n","protected":false},"excerpt":{"rendered":"<p>La Comisi\u00f3n Electrot\u00e9cnica Internacional (IEC, por sus siglas en ingl\u00e9s) es una organizaci\u00f3n no gubernamental que encabeza los trabajos de normalizaci\u00f3n para el comercio internacional de productos y servicios vinculados con las tecnolog\u00edas el\u00e9ctricas, electr\u00f3nicas y relacionadas.<\/p>\n","protected":false},"author":1,"featured_media":0,"parent":0,"menu_order":0,"comment_status":"closed","ping_status":"closed","template":"","meta":{"_links_to":"","_links_to_target":""},"_links":{"self":[{"href":"http:\/\/10.100.20.231\/normalizacion\/wp-json\/wp\/v2\/pages\/47897"}],"collection":[{"href":"http:\/\/10.100.20.231\/normalizacion\/wp-json\/wp\/v2\/pages"}],"about":[{"href":"http:\/\/10.100.20.231\/normalizacion\/wp-json\/wp\/v2\/types\/page"}],"author":[{"embeddable":true,"href":"http:\/\/10.100.20.231\/normalizacion\/wp-json\/wp\/v2\/users\/1"}],"replies":[{"embeddable":true,"href":"http:\/\/10.100.20.231\/normalizacion\/wp-json\/wp\/v2\/comments?post=47897"}],"version-history":[{"count":0,"href":"http:\/\/10.100.20.231\/normalizacion\/wp-json\/wp\/v2\/pages\/47897\/revisions"}],"wp:attachment":[{"href":"http:\/\/10.100.20.231\/normalizacion\/wp-json\/wp\/v2\/media?parent=47897"}],"curies":[{"name":"wp","href":"https:\/\/api.w.org\/{rel}","templated":true}]}}