{"id":47899,"date":"2022-08-29T18:45:28","date_gmt":"2022-08-29T23:45:28","guid":{"rendered":"http:\/\/10.100.20.231\/normalizacion\/?page_id=47899"},"modified":"2023-10-18T13:27:59","modified_gmt":"2023-10-18T19:27:59","slug":"comision-del-codex-alimentarius","status":"publish","type":"page","link":"http:\/\/10.100.20.231\/normalizacion\/comision-del-codex-alimentarius\/","title":{"rendered":"Comisi\u00f3n del C\u00f3dex Alimentarius"},"content":{"rendered":"\n<div class=\"wp-container-2 wp-block-group alignfull barra contenido-principal max-dos-tercios informativa\" id=\"filtrable\">\n<div class=\"wp-container-1 wp-block-group yoast-breadcrumbs\">\n<p><a href=\"https:\/\/platiica.economia.gob.mx\/normalizacion\/\">Normalizaci\u00f3n<\/a> &gt; Cat\u00e1logo Mexicano de Normas<\/p>\n<\/div>\n\n\n\n<h1><strong>Comisi\u00f3n del C\u00f3dex Alimentarius<\/strong> (CAC)<\/h1>\n\n\n\n<p>La Comisi\u00f3n del Codex Alimentarius (CAC, por sus siglas en ingl\u00e9s) se encarga de la aprobaci\u00f3n de las Normas, las directrices y los c\u00f3digos de pr\u00e1cticas que conforman el Codex Alimentarius o C\u00f3digo Alimentario.&nbsp;<\/p>\n\n\n\n<p>Constituye el elemento central del Programa Conjunto FAO\/OMS sobre Normas y fue establecida por esta organizaciones con la finalidad de proteger la salud de los consumidores y promover pr\u00e1cticas leales en el comercio alimentario internacional.&nbsp;<\/p>\n\n\n\n<p><\/p>\n\n\n\n<p><a href=\"https:\/\/www.fao.org\/fao-who-codexalimentarius\/home\/es\/\" target=\"_blank\" rel=\"noreferrer noopener\">Visita el sitio del C\u00f3dex Alimentarius<\/a><\/p>\n\n\n\n<p><a href=\"https:\/\/www.fao.org\/fao-who-codexalimentarius\/codex-texts\/list-standards\/es\/\" target=\"_blank\" rel=\"noreferrer noopener\">Descarga las Normas de la CAC<\/a><\/p>\n<\/div>\n","protected":false},"excerpt":{"rendered":"<p>La Comisi\u00f3n del Codex Alimentarius (CAC, por sus siglas en ingl\u00e9s) se encarga de la aprobaci\u00f3n de las normas, las directrices y los c\u00f3digos de pr\u00e1cticas que conforman el Codex Alimentarius o C\u00f3digo Alimentario.<\/p>\n","protected":false},"author":1,"featured_media":0,"parent":0,"menu_order":0,"comment_status":"closed","ping_status":"closed","template":"","meta":{"_links_to":"","_links_to_target":""},"_links":{"self":[{"href":"http:\/\/10.100.20.231\/normalizacion\/wp-json\/wp\/v2\/pages\/47899"}],"collection":[{"href":"http:\/\/10.100.20.231\/normalizacion\/wp-json\/wp\/v2\/pages"}],"about":[{"href":"http:\/\/10.100.20.231\/normalizacion\/wp-json\/wp\/v2\/types\/page"}],"author":[{"embeddable":true,"href":"http:\/\/10.100.20.231\/normalizacion\/wp-json\/wp\/v2\/users\/1"}],"replies":[{"embeddable":true,"href":"http:\/\/10.100.20.231\/normalizacion\/wp-json\/wp\/v2\/comments?post=47899"}],"version-history":[{"count":0,"href":"http:\/\/10.100.20.231\/normalizacion\/wp-json\/wp\/v2\/pages\/47899\/revisions"}],"wp:attachment":[{"href":"http:\/\/10.100.20.231\/normalizacion\/wp-json\/wp\/v2\/media?parent=47899"}],"curies":[{"name":"wp","href":"https:\/\/api.w.org\/{rel}","templated":true}]}}