{"id":47901,"date":"2022-08-29T18:46:48","date_gmt":"2022-08-29T23:46:48","guid":{"rendered":"http:\/\/10.100.20.231\/normalizacion\/?page_id=47901"},"modified":"2023-06-16T16:39:08","modified_gmt":"2023-06-16T22:39:08","slug":"comision-panamericana-de-normas-tecnicas-copant","status":"publish","type":"page","link":"http:\/\/10.100.20.231\/normalizacion\/comision-panamericana-de-normas-tecnicas-copant\/","title":{"rendered":"Comisi\u00f3n Panamericana de Normas T\u00e9cnicas (COPANT)"},"content":{"rendered":"\n<div class=\"wp-container-2 wp-block-group alignfull barra contenido-principal max-dos-tercios informativa\" id=\"filtrable\">\n<div class=\"wp-container-1 wp-block-group yoast-breadcrumbs\">\n<p><a href=\"https:\/\/platiica.economia.gob.mx\/normalizacion\/\">Inicio<\/a> &gt; <a href=\"https:\/\/platiica.economia.gob.mx\/normalizacion\/organismos-internacionales-de-normalizacion\/\">Organismos internacionales de normalizaci\u00f3n<\/a> &gt; Comisi\u00f3n Panamericana de Normas T\u00e9cnicas (COPANT)<\/p>\n<\/div>\n\n\n\n<h1><strong>Comisi\u00f3n Panamericana de Normas T\u00e9cnicas (COPANT)<\/strong><\/h1>\n\n\n\n<p>La Comisi\u00f3n Panamericana de Normas T\u00e9cnicas (COPANT) es el referente de normalizaci\u00f3n t\u00e9cnica y evaluaci\u00f3n de la conformidad de los pa\u00edses de Am\u00e9rica y sus pares internacionales, y tiene entre sus atribuciones promover el desarrollo de sus miembros. COPANT agrupa a los organismos nacionales de normalizaci\u00f3n de Am\u00e9rica, que actualmente suman 32 miembros activos y 10 miembros adherentes.&nbsp;<\/p>\n\n\n\n<p><a href=\"https:\/\/copant.org\/\" target=\"_blank\" rel=\"noreferrer noopener\">Visita el sitio de la COPANT<\/a><\/p>\n<\/div>\n","protected":false},"excerpt":{"rendered":"<p>La Comisi\u00f3n Panamericana de Normas T\u00e9cnicas (COPANT) es el referente de normalizaci\u00f3n t\u00e9cnica y evaluaci\u00f3n de la conformidad de los pa\u00edses de Am\u00e9rica y sus pares internacionales, y tiene entre sus atribuciones promover el desarrollo de sus miembros.<\/p>\n","protected":false},"author":1,"featured_media":0,"parent":0,"menu_order":0,"comment_status":"closed","ping_status":"closed","template":"","meta":{"_links_to":"","_links_to_target":""},"_links":{"self":[{"href":"http:\/\/10.100.20.231\/normalizacion\/wp-json\/wp\/v2\/pages\/47901"}],"collection":[{"href":"http:\/\/10.100.20.231\/normalizacion\/wp-json\/wp\/v2\/pages"}],"about":[{"href":"http:\/\/10.100.20.231\/normalizacion\/wp-json\/wp\/v2\/types\/page"}],"author":[{"embeddable":true,"href":"http:\/\/10.100.20.231\/normalizacion\/wp-json\/wp\/v2\/users\/1"}],"replies":[{"embeddable":true,"href":"http:\/\/10.100.20.231\/normalizacion\/wp-json\/wp\/v2\/comments?post=47901"}],"version-history":[{"count":0,"href":"http:\/\/10.100.20.231\/normalizacion\/wp-json\/wp\/v2\/pages\/47901\/revisions"}],"wp:attachment":[{"href":"http:\/\/10.100.20.231\/normalizacion\/wp-json\/wp\/v2\/media?parent=47901"}],"curies":[{"name":"wp","href":"https:\/\/api.w.org\/{rel}","templated":true}]}}