{"id":47905,"date":"2022-08-29T18:51:09","date_gmt":"2022-08-29T23:51:09","guid":{"rendered":"http:\/\/10.100.20.231\/normalizacion\/?page_id=47905"},"modified":"2024-01-18T14:06:35","modified_gmt":"2024-01-18T20:06:35","slug":"comites-mexicanos-de-atencion-a-organismos-internacionales","status":"publish","type":"page","link":"http:\/\/10.100.20.231\/normalizacion\/comites-mexicanos-de-atencion-a-organismos-internacionales\/","title":{"rendered":"Comit\u00e9s mexicanos de atenci\u00f3n a organismos internacionales"},"content":{"rendered":"\n<div class=\"wp-container-3 wp-block-group alignfull barra contenido-principal max-dos-tercios informativa\" id=\"filtrable\">\n<div class=\"wp-container-1 wp-block-group yoast-breadcrumbs\">\n<p><a href=\"https:\/\/platiica.economia.gob.mx\/\">Inicio<\/a> &gt; <a href=\"https:\/\/platiica.economia.gob.mx\/normalizacion\/\">Normalizaci\u00f3n<\/a> &gt; Comit\u00e9s Mexicanos de atenci\u00f3n a organismos internacionles<\/p>\n<\/div>\n\n\n\n<h1><strong><strong>Comit\u00e9s Mexicanos de atenci\u00f3n a Organismos Internacionales<\/strong><\/strong><\/h1>\n\n\n\n<p>Son colectivos conformados por las partes interesadas de los sectores p\u00fablico, social y privado de M\u00e9xico para participar en las actividades que llevan a cabo los <a href=\"https:\/\/platiica.economia.gob.mx\/normalizacion\/organismos-internacionales-de-normalizacion\/\">organismos internacionales de normalizaci\u00f3n<\/a>. Estos son creados por la Comisi\u00f3n a solicitud de la Secretar\u00eda o de las <a href=\"https:\/\/platiica.economia.gob.mx\/normalizacion\/autoridades-normalizadoras-y-comites-consultivos-nacionales-de-normalizacion\/\">Autoridades Normalizadoras<\/a>.<\/p>\n\n\n\n<h2>Listado de Comit\u00e9s Mexicanos de atenci\u00f3n a organismos internacionales<\/h2>\n\n\n\n<ul><li><a href=\"https:\/\/platiica.economia.gob.mx\/normalizacion\/comite-mexicano-para-la-atencion-de-la-iso-cmiso%ef%bf%bc\/\">Comit\u00e9 Mexicano para la Atenci\u00f3n de la ISO<\/a><\/li><li><a href=\"https:\/\/platiica.economia.gob.mx\/normalizacion\/comite-electrotecnico-mexicano-para-la-atencion-de-la-iec-cem-iec\/\">Comit\u00e9 Electrot\u00e9cnico Mexicano para la Atenci\u00f3n de la IEC<\/a><\/li><li><a href=\"https:\/\/platiica.economia.gob.mx\/normalizacion\/comite-mexicano-para-la-atencion-del-codex-alimentarius-cmcac\/\">Comit\u00e9 Mexicano para la Atenci\u00f3n del C\u00f3dex Alimentarius<\/a><\/li><li><a href=\"https:\/\/platiica.economia.gob.mx\/normalizacion\/comite-mexicano-para-la-atencion-de-la-comision-panamericana-de-normas-tecnicas-cmcopant\/\">Comit\u00e9 Mexicano para la Atenci\u00f3n de la Comisi\u00f3n Panamericana de Normas T\u00e9cnicas (CMCOPANT<\/a>)<\/li><\/ul>\n\n\n\n<div class=\"wp-container-2 wp-block-group adicional\">\n<p><strong>Te puede interesar:<\/strong><\/p>\n\n\n\n<p><a href=\"https:\/\/platiica.economia.gob.mx\/normalizacion\/organismos-internacionales-de-normalizacion\/\">&gt; Organismos internacionales de normalizaci\u00f3n<\/a><\/p>\n\n\n\n<p><a href=\"https:\/\/platiica.economia.gob.mx\/normalizacion\/organismos-nacionales-de-normalizacion\/\">&gt; Organismos Nacionales de Normalizaci\u00f3n<\/a><\/p>\n\n\n\n<p><a href=\"https:\/\/platiica.economia.gob.mx\/normalizacion\/comites-tecnicos-de-normalizacion-nacional\/\">&gt; Comit\u00e9s T\u00e9cnicos de Normalizaci\u00f3n Nacional<\/a><\/p>\n\n\n\n<p><\/p>\n<\/div>\n<\/div>\n","protected":false},"excerpt":{"rendered":"<p>Son colectivos conformados por las partes interesadas de los sectores p\u00fablico, privado, cient\u00edfico y social de M\u00e9xico para participar en las actividades que llevan a cabo los organismos internacionales de normalizaci\u00f3n.<\/p>\n","protected":false},"author":1,"featured_media":0,"parent":0,"menu_order":0,"comment_status":"closed","ping_status":"closed","template":"","meta":{"_links_to":"","_links_to_target":""},"_links":{"self":[{"href":"http:\/\/10.100.20.231\/normalizacion\/wp-json\/wp\/v2\/pages\/47905"}],"collection":[{"href":"http:\/\/10.100.20.231\/normalizacion\/wp-json\/wp\/v2\/pages"}],"about":[{"href":"http:\/\/10.100.20.231\/normalizacion\/wp-json\/wp\/v2\/types\/page"}],"author":[{"embeddable":true,"href":"http:\/\/10.100.20.231\/normalizacion\/wp-json\/wp\/v2\/users\/1"}],"replies":[{"embeddable":true,"href":"http:\/\/10.100.20.231\/normalizacion\/wp-json\/wp\/v2\/comments?post=47905"}],"version-history":[{"count":0,"href":"http:\/\/10.100.20.231\/normalizacion\/wp-json\/wp\/v2\/pages\/47905\/revisions"}],"wp:attachment":[{"href":"http:\/\/10.100.20.231\/normalizacion\/wp-json\/wp\/v2\/media?parent=47905"}],"curies":[{"name":"wp","href":"https:\/\/api.w.org\/{rel}","templated":true}]}}