{"id":47907,"date":"2022-08-29T18:52:17","date_gmt":"2022-08-29T23:52:17","guid":{"rendered":"http:\/\/10.100.20.231\/normalizacion\/?page_id=47907"},"modified":"2024-01-18T14:07:36","modified_gmt":"2024-01-18T20:07:36","slug":"comite-mexicano-para-la-atencion-de-la-iso-cmiso%ef%bf%bc","status":"publish","type":"page","link":"http:\/\/10.100.20.231\/normalizacion\/comite-mexicano-para-la-atencion-de-la-iso-cmiso%ef%bf%bc\/","title":{"rendered":"Comit\u00e9 Mexicano para la Atenci\u00f3n de la ISO (CMISO)"},"content":{"rendered":"\n<div class=\"wp-container-2 wp-block-group alignfull barra contenido-principal max-dos-tercios informativa\" id=\"filtrable\">\n<div style=\"height:50px\" aria-hidden=\"true\" class=\"wp-block-spacer espacio-50\"><\/div>\n\n\n\n<div class=\"wp-container-1 wp-block-group yoast-breadcrumbs\">\n<p><a href=\"https:\/\/platiica.economia.gob.mx\/\">Inicio<\/a> &gt; <a href=\"https:\/\/platiica.economia.gob.mx\/normalizacion\/\">Normalizaci\u00f3n<\/a> &gt; <a href=\"https:\/\/platiica.economia.gob.mx\/normalizacion\/comites-mexicanos-de-atencion-a-organismos-internacionales\/\">Comit\u00e9s Mexicanos de atenci\u00f3n a organismos internacionales<\/a> &gt; Comit\u00e9 Mexicano para la Atenci\u00f3n de la ISO (CMISO)<\/p>\n<\/div>\n\n\n\n<h1><strong><strong>Comit\u00e9 Mexicano para la Atenci\u00f3n de la ISO (CMISO)<\/strong><\/strong><\/h1>\n\n\n\n<p>El Comit\u00e9 Mexicano para la Atenci\u00f3n de la Organizaci\u00f3n Internacional de Normalizaci\u00f3n (CMISO) es un \u00f3rgano auxiliar de la Direcci\u00f3n General de Normas (DGN) de la <a href=\"https:\/\/platiica.economia.gob.mx\/\">Secretar\u00eda de Econom\u00eda<\/a> que tiene como objetivo responder a los trabajos emanados de la <a href=\"https:\/\/platiica.economia.gob.mx\/normalizacion\/organizacion-internacional-para-la-normalizacion-iso\/\">ISO<\/a> y establecer las posturas nacionales en beneficio de los intereses de M\u00e9xico.<\/p>\n<\/div>\n","protected":false},"excerpt":{"rendered":"<p>El Comit\u00e9 Mexicano para la Atenci\u00f3n de la Organizaci\u00f3n Internacional de Normalizaci\u00f3n (CMISO) es un \u00f3rgano auxiliar de la Direcci\u00f3n General de Normas (DGN) de la Secretar\u00eda de Econom\u00eda que tiene como objetivo responder a los trabajos emanados de la ISO y establecer las posturas nacionales en beneficio de los intereses de M\u00e9xico.<\/p>\n","protected":false},"author":1,"featured_media":0,"parent":0,"menu_order":0,"comment_status":"closed","ping_status":"closed","template":"","meta":{"_links_to":"","_links_to_target":""},"_links":{"self":[{"href":"http:\/\/10.100.20.231\/normalizacion\/wp-json\/wp\/v2\/pages\/47907"}],"collection":[{"href":"http:\/\/10.100.20.231\/normalizacion\/wp-json\/wp\/v2\/pages"}],"about":[{"href":"http:\/\/10.100.20.231\/normalizacion\/wp-json\/wp\/v2\/types\/page"}],"author":[{"embeddable":true,"href":"http:\/\/10.100.20.231\/normalizacion\/wp-json\/wp\/v2\/users\/1"}],"replies":[{"embeddable":true,"href":"http:\/\/10.100.20.231\/normalizacion\/wp-json\/wp\/v2\/comments?post=47907"}],"version-history":[{"count":0,"href":"http:\/\/10.100.20.231\/normalizacion\/wp-json\/wp\/v2\/pages\/47907\/revisions"}],"wp:attachment":[{"href":"http:\/\/10.100.20.231\/normalizacion\/wp-json\/wp\/v2\/media?parent=47907"}],"curies":[{"name":"wp","href":"https:\/\/api.w.org\/{rel}","templated":true}]}}