{"id":47909,"date":"2022-08-29T18:53:26","date_gmt":"2022-08-29T23:53:26","guid":{"rendered":"http:\/\/10.100.20.231\/normalizacion\/?page_id=47909"},"modified":"2023-10-19T12:33:15","modified_gmt":"2023-10-19T18:33:15","slug":"comite-electrotecnico-mexicano-para-la-atencion-de-la-iec-cem-iec","status":"publish","type":"page","link":"http:\/\/10.100.20.231\/normalizacion\/comite-electrotecnico-mexicano-para-la-atencion-de-la-iec-cem-iec\/","title":{"rendered":"Comit\u00e9 Electrot\u00e9cnico Mexicano para la Atenci\u00f3n de la IEC (CEM\/IEC)"},"content":{"rendered":"\n<div class=\"wp-container-2 wp-block-group alignfull barra contenido-principal max-dos-tercios informativa\" id=\"filtrable\">\n<div class=\"wp-container-1 wp-block-group yoast-breadcrumbs\">\n<p><a href=\"https:\/\/platiica.economia.gob.mx\/\">Inicio<\/a> &gt; <a href=\"https:\/\/platiica.economia.gob.mx\/normalizacion\/\">Normalizaci\u00f3n<\/a> &gt; <a href=\"https:\/\/platiica.economia.gob.mx\/normalizacion\/comites-mexicanos-de-atencion-a-organismos-internacionales\/\">Comit\u00e9s Mexicanos de atenci\u00f3n a organismos internacionales<\/a> &gt; <strong>Comit\u00e9 Electrot\u00e9cnico Mexicano para la Atenci\u00f3n de la IEC (CEM\/IEC)<\/strong><\/p>\n<\/div>\n\n\n\n<h1><strong>Comit\u00e9 Electrot\u00e9cnico Mexicano para la Atenci\u00f3n de la IEC (CEM\/IEC)<\/strong><\/h1>\n\n\n\n<p>El Comit\u00e9 Electrot\u00e9cnico Mexicano para la Atenci\u00f3n de la IEC (CEM\/IEC) es el \u00f3rgano colegiado de la Direcci\u00f3n General de Normas (DGN) de la <a href=\"https:\/\/platiica.economia.gob.mx\/\">Secretar\u00eda de Econom\u00eda<\/a> responsable de representar a M\u00e9xico en los trabajos y reuniones de la <a href=\"https:\/\/platiica.economia.gob.mx\/normalizacion\/comision-electrotecnica-internacional-iec\/\">Comisi\u00f3n Electrot\u00e9cnica Internacional (IEC)<\/a> en todos aquellos asuntos de normalizaci\u00f3n relacionados con los campos de la ingenier\u00eda el\u00e9ctrica, electr\u00f3nica y de comunicaciones el\u00e9ctricas.<\/p>\n\n\n\n<p>El CEM\/IEC recibe, analiza y da respuesta a la documentaci\u00f3n t\u00e9cnica generada por los diferentes grupos de trabajo de la IEC, con la finalidad de que las necesidades de M\u00e9xico sean consideradas en la normativa internacional.<\/p>\n<\/div>\n","protected":false},"excerpt":{"rendered":"<p>El Comit\u00e9 Electrot\u00e9cnico Mexicano para la Atenci\u00f3n de la IEC (CEM\/IEC) es el \u00f3rgano colegiado de la Direcci\u00f3n General de Normas (DGN) de la Secretar\u00eda de Econom\u00eda responsable de representar a M\u00e9xico en los trabajos y reuniones de la Comisi\u00f3n Electrot\u00e9cnica Internacional (IEC)<\/p>\n","protected":false},"author":1,"featured_media":0,"parent":0,"menu_order":0,"comment_status":"closed","ping_status":"closed","template":"","meta":{"_links_to":"","_links_to_target":""},"_links":{"self":[{"href":"http:\/\/10.100.20.231\/normalizacion\/wp-json\/wp\/v2\/pages\/47909"}],"collection":[{"href":"http:\/\/10.100.20.231\/normalizacion\/wp-json\/wp\/v2\/pages"}],"about":[{"href":"http:\/\/10.100.20.231\/normalizacion\/wp-json\/wp\/v2\/types\/page"}],"author":[{"embeddable":true,"href":"http:\/\/10.100.20.231\/normalizacion\/wp-json\/wp\/v2\/users\/1"}],"replies":[{"embeddable":true,"href":"http:\/\/10.100.20.231\/normalizacion\/wp-json\/wp\/v2\/comments?post=47909"}],"version-history":[{"count":0,"href":"http:\/\/10.100.20.231\/normalizacion\/wp-json\/wp\/v2\/pages\/47909\/revisions"}],"wp:attachment":[{"href":"http:\/\/10.100.20.231\/normalizacion\/wp-json\/wp\/v2\/media?parent=47909"}],"curies":[{"name":"wp","href":"https:\/\/api.w.org\/{rel}","templated":true}]}}