{"id":47911,"date":"2022-08-29T18:55:03","date_gmt":"2022-08-29T23:55:03","guid":{"rendered":"http:\/\/10.100.20.231\/normalizacion\/?page_id=47911"},"modified":"2023-10-19T12:35:04","modified_gmt":"2023-10-19T18:35:04","slug":"comite-mexicano-para-la-atencion-del-codex-alimentarius-cmcac","status":"publish","type":"page","link":"http:\/\/10.100.20.231\/normalizacion\/comite-mexicano-para-la-atencion-del-codex-alimentarius-cmcac\/","title":{"rendered":"Comit\u00e9 Mexicano para la Atenci\u00f3n del C\u00f3dex Alimentarius (CMCAC)"},"content":{"rendered":"\n<div class=\"wp-container-2 wp-block-group alignfull barra contenido-principal max-dos-tercios informativa\" id=\"filtrable\">\n<div style=\"height:50px\" aria-hidden=\"true\" class=\"wp-block-spacer espacio-50\"><\/div>\n\n\n\n<div class=\"wp-container-1 wp-block-group yoast-breadcrumbs\">\n<p><a href=\"https:\/\/platiica.economia.gob.mx\/\">Inicio<\/a> &gt; <a href=\"https:\/\/platiica.economia.gob.mx\/normalizacion\/\">Normalizaci\u00f3n<\/a> &gt; <a href=\"https:\/\/platiica.economia.gob.mx\/normalizacion\/comites-mexicanos-de-atencion-a-organismos-internacionales\/\">Comit\u00e9s Mexicanos de atenci\u00f3n a organismos internacionales<\/a> &gt; <strong><strong><strong>Comit\u00e9 Mexicano para la Atenci\u00f3n del C\u00f3dex Alimentarius (CMCAC)<\/strong><\/strong><\/strong><\/p>\n<\/div>\n\n\n\n<h1><strong><strong>Comit\u00e9 Mexicano para la Atenci\u00f3n del C\u00f3dex Alimentarius (CMCAC)<\/strong><\/strong><\/h1>\n\n\n\n<p>El Comit\u00e9 Mexicano para la Atenci\u00f3n del C\u00f3dex Alimentarius (CMCAC) tiene el objetivo de establecer las posturas de M\u00e9xico en los comit\u00e9s y grupos de trabajo del <a href=\"https:\/\/platiica.economia.gob.mx\/normalizacion\/comision-del-codex-alimentarius\/\">C\u00f3dex Alimentarius<\/a>, considerando la protecci\u00f3n de los consumidores y las pr\u00e1cticas equitativas de comercio.<\/p>\n\n\n\n<p><strong>Contacto<\/strong>: codexmex@10.100.20.231<\/p>\n<\/div>\n","protected":false},"excerpt":{"rendered":"<p>El Comit\u00e9 Mexicano para la Atenci\u00f3n del C\u00f3dex Alimentarius (CMCAC) tiene el objetivo de establecer las posturas de M\u00e9xico en los comit\u00e9s y grupos de trabajo del C\u00f3dex Alimentarius, considerando la protecci\u00f3n de los consumidores y las pr\u00e1cticas equitativas de comercio.<\/p>\n","protected":false},"author":1,"featured_media":0,"parent":0,"menu_order":0,"comment_status":"closed","ping_status":"closed","template":"","meta":{"_links_to":"","_links_to_target":""},"_links":{"self":[{"href":"http:\/\/10.100.20.231\/normalizacion\/wp-json\/wp\/v2\/pages\/47911"}],"collection":[{"href":"http:\/\/10.100.20.231\/normalizacion\/wp-json\/wp\/v2\/pages"}],"about":[{"href":"http:\/\/10.100.20.231\/normalizacion\/wp-json\/wp\/v2\/types\/page"}],"author":[{"embeddable":true,"href":"http:\/\/10.100.20.231\/normalizacion\/wp-json\/wp\/v2\/users\/1"}],"replies":[{"embeddable":true,"href":"http:\/\/10.100.20.231\/normalizacion\/wp-json\/wp\/v2\/comments?post=47911"}],"version-history":[{"count":0,"href":"http:\/\/10.100.20.231\/normalizacion\/wp-json\/wp\/v2\/pages\/47911\/revisions"}],"wp:attachment":[{"href":"http:\/\/10.100.20.231\/normalizacion\/wp-json\/wp\/v2\/media?parent=47911"}],"curies":[{"name":"wp","href":"https:\/\/api.w.org\/{rel}","templated":true}]}}