{"id":34604,"date":"2022-07-27T10:56:48","date_gmt":"2022-07-27T15:56:48","guid":{"rendered":"http:\/\/10.100.20.231\/sistema-nacional-de-infraestructura-de-la-calidad\/?page_id=34604"},"modified":"2025-07-28T10:12:31","modified_gmt":"2025-07-28T16:12:31","slug":"sistema-nacional-de-infraestructura-de-la-calidad","status":"publish","type":"page","link":"http:\/\/10.100.20.231\/sistema-nacional-de-infraestructura-de-la-calidad\/","title":{"rendered":"Sistema Nacional de Infraestructura de la Calidad"},"content":{"rendered":"\n<div class=\"wp-container-2 wp-block-group alignfull intro has-background-background-color has-background\" id=\"intro-inicio\">\n<div class=\"wp-block-columns\">\n<div class=\"wp-block-column\" style=\"flex-basis:66.66%\">\n<h1 id=\"e-economia-gob-mx\">Sistema Nacional de Infraestructura de la Calidad<\/h1>\n<\/div>\n\n\n\n<div class=\"wp-block-column\" style=\"flex-basis:33.33%\"><\/div>\n<\/div>\n\n\n\n<div class=\"wp-block-columns\">\n<div class=\"wp-block-column\" style=\"flex-basis:58%\">\n<p>Autoridades, organizaciones civiles o empresariales y dem\u00e1s personas con competencia, atribuciones e inter\u00e9s en alguno de los pilares de la infraestructura de la calidad que participan de forma coordinada en las labores de normalizaci\u00f3n, estandarizaci\u00f3n, evaluaci\u00f3n de la conformidad, metrolog\u00eda, verificaci\u00f3n y vigilancia permanente del mercado conforme a lo establecido en la Ley de Infraestructura de la Calidad.<\/p>\n<\/div>\n\n\n\n<div class=\"wp-block-column\" style=\"flex-basis:33.33%\">\n<div class=\"wp-container-1 wp-block-group\"><\/div>\n<\/div>\n<\/div>\n<\/div>\n\n\n\n<section class=\"wp-container-4 wp-block-group alignfull ancho-completo has-background\" style=\"background-color:#f4f4f4;padding-top:60px;padding-bottom:60px\">\n<div class=\"wp-container-3 wp-block-group contenido\">\n<h2 class=\"max-dos-tercios\" style=\"margin-bottom:92px\">Integrantes del Sistema Nacional de Infraestructura de la Calidad<\/h2>\n\n\n\n<div class=\"wp-block-columns\">\n<div class=\"wp-block-column\">\n<h4>Coordinaci\u00f3n<\/h4>\n\n\n\n<h3>Comisi\u00f3n Nacional de Infraestructura de la Calidad<\/h3>\n\n\n\n<p>M\u00e1ximo \u00f3rgano colegiado responsable de dirigir y coordinar el Sistema Nacional de Infraestructura de la Calidad. Se encuentra integrado por un Presidente, un Consejo T\u00e9cnico y un Secretariado Ejecutivo.<\/p>\n\n\n\n<p class=\"ver-mas\"><a href=\"https:\/\/platiica.economia.gob.mx\/sistema-nacional-de-infraestructura-de-la-calidad\/comision-nacional-de-infraestructura-de-la-calidad\/\">M\u00e1s informaci\u00f3n<\/a><\/p>\n<\/div>\n\n\n\n<div class=\"wp-block-column\">\n<h4>Elaboraci\u00f3n de Normas Oficiales Mexicanas<\/h4>\n\n\n\n<h3>Autoridades Normalizadoras<\/h3>\n\n\n\n<p>Dependencias o entidades de la Administraci\u00f3n P\u00fablica Federal con atribuciones y facultades para realizar actividades de  normalizaci\u00f3n y estandarizaci\u00f3n.<\/p>\n\n\n\n<p class=\"ver-mas\"><a href=\"https:\/\/platiica.economia.gob.mx\/normalizacion\/autoridades-normalizadoras-y-comites-consultivos-nacionales-de-normalizacion\/\">M\u00e1s informaci\u00f3n<\/a><\/p>\n<\/div>\n\n\n\n<div class=\"wp-block-column\">\n<h4>Elaboraci\u00f3n de Normas Oficiales Mexicanas<\/h4>\n\n\n\n<h3>Comit\u00e9s Consultivos Nacionales de Normalizaci\u00f3n<\/h3>\n\n\n\n<p>\u00d3rganos colegiados multisectoriales encargados de la elaboraci\u00f3n de las Normas Oficiales Mexicanas, de su promoci\u00f3n, as\u00ed como de la difusi\u00f3n de su cumplimiento.<\/p>\n\n\n\n<p class=\"ver-mas\"><a href=\"https:\/\/platiica.economia.gob.mx\/normalizacion\/autoridades-normalizadoras-y-comites-consultivos-nacionales-de-normalizacion\/\">M\u00e1s informaci\u00f3n<\/a><\/p>\n<\/div>\n<\/div>\n\n\n\n<div class=\"wp-block-columns\">\n<div class=\"wp-block-column\">\n<h4>Elaboraci\u00f3n de Est\u00e1ndares<\/h4>\n\n\n\n<h3>Organismos Nacionales de Estandarizaci\u00f3n y Sujetos Facultados para Estandarizar<\/h3>\n\n\n\n<p>Personas morales con registro o autorizaci\u00f3n de la Secretar\u00eda de Econom\u00eda para la elaboraci\u00f3n, expedici\u00f3n, modificaci\u00f3n, revisi\u00f3n y cancelaci\u00f3n de Est\u00e1ndares.<\/p>\n\n\n\n<p class=\"ver-mas\"><a href=\"https:\/\/platiica.economia.gob.mx\/estandarizacion\/organismos-nacionales-de-estandarizacion-y-sujetos-facultados-para-estandarizar\/\">M\u00e1s informaci\u00f3n<\/a><\/p>\n<\/div>\n\n\n\n<div class=\"wp-block-column\">\n<h4>Sistema de Metrolog\u00eda<\/h4>\n\n\n\n<h3>Centro Nacional de Metrolog\u00eda<\/h3>\n\n\n\n<p>Autoridad rectora en M\u00e9xico en materia de investigaci\u00f3n cient\u00edfica y desarrollo tecnol\u00f3gico en metrolog\u00eda. Integrado por Consejo Directivo, Director General y personal operativo y de confianza.<\/p>\n\n\n\n<p class=\"ver-mas\"><a href=\"https:\/\/platiica.economia.gob.mx\/metrologia\/centro-nacional-de-metrologia-cenam\/\">M\u00e1s informaci\u00f3n<\/a><\/p>\n<\/div>\n\n\n\n<div class=\"wp-block-column\">\n<h4>Evaluaci\u00f3n de la conformidad<\/h4>\n\n\n\n<h3>Entidades de Acreditaci\u00f3n<\/h3>\n\n\n\n<p>Personas morales autorizadas por la Secretar\u00eda de Econom\u00eda para conocer, tramitar y resolver las solicitudes de acreditaci\u00f3n de interesados para operar como Organismos de Evaluaci\u00f3n de la Conformidad.<\/p>\n\n\n\n<p class=\"ver-mas\"><a href=\"https:\/\/platiica.economia.gob.mx\/evaluacion-de-la-conformidad\/entidades-de-acreditacion\/\">M\u00e1s informaci\u00f3n<\/a><\/p>\n<\/div>\n<\/div>\n\n\n\n<div class=\"wp-block-columns\">\n<div class=\"wp-block-column\">\n<h4>Sistema de Metrolog\u00eda<\/h4>\n\n\n\n<h3>Institutos Designados de Metrolog\u00eda<\/h3>\n\n\n\n<div style=\"height:20px\" aria-hidden=\"true\" class=\"wp-block-spacer\"><\/div>\n\n\n\n<p>Entidades p\u00fablicas autorizadas por la Secretar\u00eda de Econom\u00eda para establecer patrones nacionales de medida y ofrecer servicios metrol\u00f3gicos.<\/p>\n\n\n\n<p class=\"ver-mas\"><a href=\"https:\/\/platiica.economia.gob.mx\/metrologia\/institutos-designados-de-metrologia\/\">M\u00e1s informaci\u00f3n<\/a><\/p>\n<\/div>\n\n\n\n<div class=\"wp-block-column\">\n<h4>Evaluaci\u00f3n de la conformidad<\/h4>\n\n\n\n<h3>Organismos de Evaluaci\u00f3n de la Conformidad<\/h3>\n\n\n\n<p>Personas morales acreditadas y aprobadas para evaluar el nivel de conformidad de bienes, productos, procesos y servicios en relaci\u00f3n a las Normas Oficiales Mexicanas, Est\u00e1ndares, Normas Mexicanas y Normas Internacionales ah\u00ed referidos.<\/p>\n\n\n\n<p class=\"ver-mas\"><a href=\"https:\/\/platiica.economia.gob.mx\/evaluacion-de-la-conformidad\/organismos-de-evaluacion-de-la-conformidad\/\">M\u00e1s informaci\u00f3n<\/a><\/p>\n<\/div>\n\n\n\n<div class=\"wp-block-column\">\n<h4>Atenci\u00f3n de organismos internacionales<\/h4>\n\n\n\n<h3>Comit\u00e9s Mexicanos para la atenci\u00f3n a organismos internacionales de normalizaci\u00f3n<\/h3>\n\n\n\n<div style=\"height:20px\" aria-hidden=\"true\" class=\"wp-block-spacer\"><\/div>\n\n\n\n<p>Comit\u00e9s creados para representar a los sectores p\u00fablico, privado y social del pa\u00eds en las actividades de normalizaci\u00f3n internacional.<\/p>\n\n\n\n<p class=\"ver-mas\"><a href=\"https:\/\/platiica.economia.gob.mx\/normalizacion\/comites-mexicanos-de-atencion-a-organismos-internacionales\/\">M\u00e1s informaci\u00f3n<\/a><\/p>\n<\/div>\n<\/div>\n<\/div>\n<\/section>\n\n\n\n<section class=\"wp-container-6 wp-block-group alignfull ancho-completo\" style=\"padding-top:60px;padding-bottom:60px\">\n<div class=\"wp-container-5 wp-block-group contenido\">\n<div class=\"wp-block-columns\">\n<div class=\"wp-block-column\" style=\"flex-basis:66.6%\">\n<h2><strong>Marco jur\u00eddico<\/strong><\/h2>\n\n\n\n<p>Instrumentos legales que fundamentan las acciones del SNIC:&nbsp;<\/p>\n\n\n\n<ul><li><a rel=\"noreferrer noopener\" href=\"https:\/\/www.diputados.gob.mx\/LeyesBiblio\/pdf\/LGMR_200521.pdf\" target=\"_blank\">Ley General de Mejora Regulatoria<\/a><\/li><li><a rel=\"noreferrer noopener\" href=\"https:\/\/www.diputados.gob.mx\/LeyesBiblio\/pdf\/LICal_010720.pdf\" target=\"_blank\">Ley de Infraestructura de la Calidad<\/a><\/li><li><a rel=\"noreferrer noopener\" href=\"https:\/\/www.diputados.gob.mx\/LeyesBiblio\/pdf\/LOAPF.pdf\" target=\"_blank\">Ley Org\u00e1nica de la Administraci\u00f3n P\u00fablica Federal<\/a><\/li><li><a rel=\"noreferrer noopener\" href=\"https:\/\/www.diputados.gob.mx\/LeyesBiblio\/pdf\/LFDA.pdf\" target=\"_blank\">Ley Federal del Derecho de Autor<\/a><\/li><li><a rel=\"noreferrer noopener\" href=\"https:\/\/www.diputados.gob.mx\/LeyesBiblio\/pdf\/112_180518.pdf\" target=\"_blank\">Ley Federal de Procedimiento Administrativo<\/a><\/li><li><a rel=\"noreferrer noopener\" href=\"https:\/\/www.diputados.gob.mx\/LeyesBiblio\/pdf\/LFTAIP_200521.pdf\" target=\"_blank\">Ley Federal de Transparencia y Acceso a la Informaci\u00f3n<\/a><\/li><li><a rel=\"noreferrer noopener\" href=\"https:\/\/www.diputados.gob.mx\/LeyesBiblio\/regley\/Reg_LFMN.pdf\" target=\"_blank\">Reglamento de la Ley Federal sobre Metrolog\u00eda y Normalizaci\u00f3n<\/a><\/li><li><a rel=\"noreferrer noopener\" href=\"https:\/\/www.snice.gob.mx\/~oracle\/SNICE_DOCS\/RISE-12ABRIL2021-REGLAMENTO_20220615-20220615.pdf\" target=\"_blank\">Reglamento Interior de la Secretar\u00eda de Econom\u00eda<\/a><\/li><\/ul>\n<\/div>\n\n\n\n<div class=\"wp-block-column\" style=\"flex-basis:33.3%\"><\/div>\n<\/div>\n<\/div>\n<\/section>\n\n\n\n<section class=\"wp-container-9 wp-block-group alignfull ancho-completo has-background\" style=\"background-color:#f4f4f4;padding-top:60px;padding-bottom:60px\">\n<div class=\"wp-container-8 wp-block-group contenido\">\n<div class=\"wp-block-columns\">\n<div class=\"wp-block-column\" style=\"flex-basis:66.6%\">\n<h2><strong>Plataforma de Procesos Participativos<\/strong><\/h2>\n\n\n\n<p>Portal donde los integrantes del Sistema Nacional de Infraestructura de la Calidad y los sectores p\u00fablico, social y privado colaboran en la elaboraci\u00f3n, modificaci\u00f3n y mejora de regulaciones, Acuerdos y Arreglos de Reconocimiento Mutuo, Acuerdos de equivalencia, e instrumentos jur\u00eddicos relacionados a la normalizaci\u00f3n, estandarizaci\u00f3n y evaluaci\u00f3n de la conformidad.<\/p>\n\n\n\n<div class=\"wp-container-7 wp-block-buttons\">\n<div class=\"wp-block-button has-custom-font-size has-normal-font-size\"><a class=\"wp-block-button__link has-background\" href=\"https:\/\/platiica.economia.gob.mx\/proyectos-de-nom\" style=\"border-radius:3px;background-color:#691c32\" target=\"_blank\" rel=\"noreferrer noopener\">Ir al Portal<\/a><\/div>\n<\/div>\n<\/div>\n\n\n\n<div class=\"wp-block-column\" style=\"flex-basis:33.3%\"><\/div>\n<\/div>\n<\/div>\n<\/section>\n\n\n\n<div class=\"wp-container-11 wp-block-group alignfull\" id=\"contacto-footer\">\n<div class=\"wp-block-columns\">\n<div class=\"wp-block-column\" style=\"flex-basis:67%\">\n<h2 id=\"contacto\">Contacto<\/h2>\n\n\n\n<p>Pachuca 189 Col. Condesa, Demarcaci\u00f3n Territorial Cuauht\u00e9moc 06140 Ciudad de M\u00e9xico<br>Conmutador: <a href=\"tel:5557299100\">(55) 5729-9100<\/a> ext. 13218<br>Atenci\u00f3n Ciudadana: <a href=\"tel:5552296260\">(55)5229-6260<\/a> y <a href=\"tel:5552296264\">(55)5229-6264<\/a><br><a href=\"mailto:platiica@economia.gob.mx\">platiica@economia.gob.mx<\/a><br><a href=\"mailto:contacto.ciudadano@economia.gob.mx\"><\/a><a href=\"mailto:contacto.ciudadano@economia.gob.mx\">contacto.ciudadano@economia.gob.mx<\/a><br>Secretar\u00eda de Econom\u00eda.<\/p>\n<\/div>\n\n\n\n<div class=\"wp-block-column is-vertically-aligned-top\">\n<h3 id=\"contacto\">S\u00edguenos en<\/h3>\n\n\n\n<div class=\"wp-container-10 wp-block-group\" style=\"padding-top:0px;padding-right:0px;padding-bottom:0px;padding-left:0px\">\n<figure class=\"wp-block-image size-large is-resized\"><a href=\"https:\/\/twitter.com\/SE_mx\" target=\"_blank\" rel=\"Twitter Secretar\u00eda de Econom\u00eda noopener\"><img loading=\"lazy\" src=\"https:\/\/platiica.economia.gob.mx\/sistema-nacional-de-infraestructura-de-la-calidad\/wp-content\/uploads\/sites\/7\/2023\/12\/x-logo.svg\" alt=\"\" class=\"wp-image-35626\" width=\"27\" height=\"27\"\/><\/a><\/figure>\n\n\n\n<figure class=\"wp-block-image size-large is-resized\"><a href=\"https:\/\/es-la.facebook.com\/SE.Economia\/\" target=\"_blank\" rel=\"Facebook Secretar\u00eda de Econom\u00eda noopener\"><img loading=\"lazy\" src=\"https:\/\/platiica.economia.gob.mx\/sistema-nacional-de-infraestructura-de-la-calidad\/wp-content\/uploads\/sites\/7\/2023\/12\/fb-logo.svg\" alt=\"\" class=\"wp-image-35624\" width=\"27\" height=\"27\"\/><\/a><\/figure>\n\n\n\n<figure class=\"wp-block-image size-large is-resized\"><a href=\"https:\/\/www.instagram.com\/secretariaeconomia\/\" target=\"_blank\" rel=\"Instagram Secretar\u00eda de Economia noopener\"><img loading=\"lazy\" src=\"https:\/\/platiica.economia.gob.mx\/sistema-nacional-de-infraestructura-de-la-calidad\/wp-content\/uploads\/sites\/7\/2023\/12\/ig-logo.svg\" alt=\"\" class=\"wp-image-35625\" width=\"27\" height=\"27\"\/><\/a><\/figure>\n\n\n\n<figure class=\"wp-block-image size-large is-resized\"><a href=\"https:\/\/www.youtube.com\/channel\/UCBFqO4hPZ1rKgjf_CqqbS6g\" target=\"_blank\" rel=\"YouTube Secretar\u00eda de Econom\u00eda noopener\"><img loading=\"lazy\" src=\"https:\/\/platiica.economia.gob.mx\/sistema-nacional-de-infraestructura-de-la-calidad\/wp-content\/uploads\/sites\/7\/2023\/12\/yt-logo.svg\" alt=\"\" class=\"wp-image-35627\" width=\"27\" height=\"27\"\/><\/a><\/figure>\n<\/div>\n<\/div>\n<\/div>\n<\/div>\n","protected":false},"excerpt":{"rendered":"<p>Ubica las autoridades y organizaciones que participan de forma coordinada en las labores de normalizaci\u00f3n, estandarizaci\u00f3n, metrolog\u00eda, evaluaci\u00f3n de la conformidad, verificaci\u00f3n y vigilancia conforme a lo que la Ley de Infraestructura de la Calidad establece.<\/p>\n","protected":false},"author":1,"featured_media":0,"parent":0,"menu_order":0,"comment_status":"closed","ping_status":"closed","template":"","meta":{"_links_to":"","_links_to_target":""},"yoast_head":"<!-- This site is optimized with the Yoast SEO plugin v21.5 - https:\/\/yoast.com\/wordpress\/plugins\/seo\/ -->\n<title>Sistema Nacional de Infraestructura de la Calidad - Sistema Nacional de Infraestructura de la Calidad<\/title>\n<meta name=\"description\" content=\"Identifica a las autoridades que conforman el Sistema Nacional de Infraestructura de la Calidad, as\u00ed como las actividades que desarrollan dentro de este.\" \/>\n<meta name=\"robots\" content=\"index, follow, max-snippet:-1, max-image-preview:large, max-video-preview:-1\" \/>\n<link rel=\"canonical\" href=\"http:\/\/10.100.20.231\/sistema-nacional-de-infraestructura-de-la-calidad\/\" \/>\n<meta property=\"og:locale\" content=\"es_MX\" \/>\n<meta property=\"og:type\" content=\"article\" \/>\n<meta property=\"og:title\" content=\"Sistema Nacional de Infraestructura de la Calidad - Sistema Nacional de Infraestructura de la Calidad\" \/>\n<meta property=\"og:description\" content=\"Identifica a las autoridades que conforman el Sistema Nacional de Infraestructura de la Calidad, as\u00ed como las actividades que desarrollan dentro de este.\" \/>\n<meta property=\"og:url\" content=\"http:\/\/10.100.20.231\/sistema-nacional-de-infraestructura-de-la-calidad\/\" \/>\n<meta property=\"og:site_name\" content=\"Sistema Nacional de Infraestructura de la Calidad\" \/>\n<meta property=\"article:modified_time\" content=\"2025-07-28T16:12:31+00:00\" \/>\n<meta property=\"og:image\" content=\"http:\/\/10.100.20.231\/sistema-nacional-de-infraestructura-de-la-calidad\/wp-content\/uploads\/sites\/7\/2023\/12\/x-logo.svg\" \/>\n<meta name=\"twitter:card\" content=\"summary_large_image\" \/>\n<meta name=\"twitter:label1\" content=\"Tiempo de lectura\" \/>\n\t<meta name=\"twitter:data1\" content=\"4 minutos\" \/>\n<script type=\"application\/ld+json\" class=\"yoast-schema-graph\">{\"@context\":\"https:\/\/schema.org\",\"@graph\":[{\"@type\":\"WebPage\",\"@id\":\"http:\/\/10.100.20.231\/sistema-nacional-de-infraestructura-de-la-calidad\/\",\"url\":\"http:\/\/10.100.20.231\/sistema-nacional-de-infraestructura-de-la-calidad\/\",\"name\":\"Sistema Nacional de Infraestructura de la Calidad - Sistema Nacional de Infraestructura de la Calidad\",\"isPartOf\":{\"@id\":\"http:\/\/10.100.20.231\/sistema-nacional-de-infraestructura-de-la-calidad\/#website\"},\"datePublished\":\"2022-07-27T15:56:48+00:00\",\"dateModified\":\"2025-07-28T16:12:31+00:00\",\"description\":\"Identifica a las autoridades que conforman el Sistema Nacional de Infraestructura de la Calidad, as\u00ed como las actividades que desarrollan dentro de este.\",\"breadcrumb\":{\"@id\":\"http:\/\/10.100.20.231\/sistema-nacional-de-infraestructura-de-la-calidad\/#breadcrumb\"},\"inLanguage\":\"es-MX\",\"potentialAction\":[{\"@type\":\"ReadAction\",\"target\":[\"http:\/\/10.100.20.231\/sistema-nacional-de-infraestructura-de-la-calidad\/\"]}]},{\"@type\":\"BreadcrumbList\",\"@id\":\"http:\/\/10.100.20.231\/sistema-nacional-de-infraestructura-de-la-calidad\/#breadcrumb\",\"itemListElement\":[{\"@type\":\"ListItem\",\"position\":1,\"name\":\"Inicio\",\"item\":\"http:\/\/10.100.20.231\/sistema-nacional-de-infraestructura-de-la-calidad\/\"},{\"@type\":\"ListItem\",\"position\":2,\"name\":\"Sistema Nacional de Infraestructura de la Calidad\"}]},{\"@type\":\"WebSite\",\"@id\":\"http:\/\/10.100.20.231\/sistema-nacional-de-infraestructura-de-la-calidad\/#website\",\"url\":\"http:\/\/10.100.20.231\/sistema-nacional-de-infraestructura-de-la-calidad\/\",\"name\":\"Sistema Nacional de Infraestructura de la Calidad\",\"description\":\"\",\"publisher\":{\"@id\":\"http:\/\/10.100.20.231\/sistema-nacional-de-infraestructura-de-la-calidad\/#organization\"},\"potentialAction\":[{\"@type\":\"SearchAction\",\"target\":{\"@type\":\"EntryPoint\",\"urlTemplate\":\"http:\/\/10.100.20.231\/sistema-nacional-de-infraestructura-de-la-calidad\/?s={search_term_string}\"},\"query-input\":\"required name=search_term_string\"}],\"inLanguage\":\"es-MX\"},{\"@type\":\"Organization\",\"@id\":\"http:\/\/10.100.20.231\/sistema-nacional-de-infraestructura-de-la-calidad\/#organization\",\"name\":\"Sistema Nacional de Infraestructura de la Calidad\",\"url\":\"http:\/\/10.100.20.231\/sistema-nacional-de-infraestructura-de-la-calidad\/\",\"logo\":{\"@type\":\"ImageObject\",\"inLanguage\":\"es-MX\",\"@id\":\"http:\/\/10.100.20.231\/sistema-nacional-de-infraestructura-de-la-calidad\/#\/schema\/logo\/image\/\",\"url\":\"http:\/\/10.100.20.231\/sistema-nacional-de-infraestructura-de-la-calidad\/wp-content\/uploads\/sites\/7\/2021\/10\/logo-gobierno-mexico.svg\",\"contentUrl\":\"http:\/\/10.100.20.231\/sistema-nacional-de-infraestructura-de-la-calidad\/wp-content\/uploads\/sites\/7\/2021\/10\/logo-gobierno-mexico.svg\",\"width\":123,\"height\":36,\"caption\":\"Sistema Nacional de Infraestructura de la Calidad\"},\"image\":{\"@id\":\"http:\/\/10.100.20.231\/sistema-nacional-de-infraestructura-de-la-calidad\/#\/schema\/logo\/image\/\"}}]}<\/script>\n<!-- \/ Yoast SEO plugin. -->","yoast_head_json":{"title":"Sistema Nacional de Infraestructura de la Calidad - Sistema Nacional de Infraestructura de la Calidad","description":"Identifica a las autoridades que conforman el Sistema Nacional de Infraestructura de la Calidad, as\u00ed como las actividades que desarrollan dentro de este.","robots":{"index":"index","follow":"follow","max-snippet":"max-snippet:-1","max-image-preview":"max-image-preview:large","max-video-preview":"max-video-preview:-1"},"canonical":"http:\/\/10.100.20.231\/sistema-nacional-de-infraestructura-de-la-calidad\/","og_locale":"es_MX","og_type":"article","og_title":"Sistema Nacional de Infraestructura de la Calidad - Sistema Nacional de Infraestructura de la Calidad","og_description":"Identifica a las autoridades que conforman el Sistema Nacional de Infraestructura de la Calidad, as\u00ed como las actividades que desarrollan dentro de este.","og_url":"http:\/\/10.100.20.231\/sistema-nacional-de-infraestructura-de-la-calidad\/","og_site_name":"Sistema Nacional de Infraestructura de la Calidad","article_modified_time":"2025-07-28T16:12:31+00:00","og_image":[{"url":"http:\/\/10.100.20.231\/sistema-nacional-de-infraestructura-de-la-calidad\/wp-content\/uploads\/sites\/7\/2023\/12\/x-logo.svg"}],"twitter_card":"summary_large_image","twitter_misc":{"Tiempo de lectura":"4 minutos"},"schema":{"@context":"https:\/\/schema.org","@graph":[{"@type":"WebPage","@id":"http:\/\/10.100.20.231\/sistema-nacional-de-infraestructura-de-la-calidad\/","url":"http:\/\/10.100.20.231\/sistema-nacional-de-infraestructura-de-la-calidad\/","name":"Sistema Nacional de Infraestructura de la Calidad - Sistema Nacional de Infraestructura de la Calidad","isPartOf":{"@id":"http:\/\/10.100.20.231\/sistema-nacional-de-infraestructura-de-la-calidad\/#website"},"datePublished":"2022-07-27T15:56:48+00:00","dateModified":"2025-07-28T16:12:31+00:00","description":"Identifica a las autoridades que conforman el Sistema Nacional de Infraestructura de la Calidad, as\u00ed como las actividades que desarrollan dentro de este.","breadcrumb":{"@id":"http:\/\/10.100.20.231\/sistema-nacional-de-infraestructura-de-la-calidad\/#breadcrumb"},"inLanguage":"es-MX","potentialAction":[{"@type":"ReadAction","target":["http:\/\/10.100.20.231\/sistema-nacional-de-infraestructura-de-la-calidad\/"]}]},{"@type":"BreadcrumbList","@id":"http:\/\/10.100.20.231\/sistema-nacional-de-infraestructura-de-la-calidad\/#breadcrumb","itemListElement":[{"@type":"ListItem","position":1,"name":"Inicio","item":"http:\/\/10.100.20.231\/sistema-nacional-de-infraestructura-de-la-calidad\/"},{"@type":"ListItem","position":2,"name":"Sistema Nacional de Infraestructura de la Calidad"}]},{"@type":"WebSite","@id":"http:\/\/10.100.20.231\/sistema-nacional-de-infraestructura-de-la-calidad\/#website","url":"http:\/\/10.100.20.231\/sistema-nacional-de-infraestructura-de-la-calidad\/","name":"Sistema Nacional de Infraestructura de la Calidad","description":"","publisher":{"@id":"http:\/\/10.100.20.231\/sistema-nacional-de-infraestructura-de-la-calidad\/#organization"},"potentialAction":[{"@type":"SearchAction","target":{"@type":"EntryPoint","urlTemplate":"http:\/\/10.100.20.231\/sistema-nacional-de-infraestructura-de-la-calidad\/?s={search_term_string}"},"query-input":"required name=search_term_string"}],"inLanguage":"es-MX"},{"@type":"Organization","@id":"http:\/\/10.100.20.231\/sistema-nacional-de-infraestructura-de-la-calidad\/#organization","name":"Sistema Nacional de Infraestructura de la Calidad","url":"http:\/\/10.100.20.231\/sistema-nacional-de-infraestructura-de-la-calidad\/","logo":{"@type":"ImageObject","inLanguage":"es-MX","@id":"http:\/\/10.100.20.231\/sistema-nacional-de-infraestructura-de-la-calidad\/#\/schema\/logo\/image\/","url":"http:\/\/10.100.20.231\/sistema-nacional-de-infraestructura-de-la-calidad\/wp-content\/uploads\/sites\/7\/2021\/10\/logo-gobierno-mexico.svg","contentUrl":"http:\/\/10.100.20.231\/sistema-nacional-de-infraestructura-de-la-calidad\/wp-content\/uploads\/sites\/7\/2021\/10\/logo-gobierno-mexico.svg","width":123,"height":36,"caption":"Sistema Nacional de Infraestructura de la Calidad"},"image":{"@id":"http:\/\/10.100.20.231\/sistema-nacional-de-infraestructura-de-la-calidad\/#\/schema\/logo\/image\/"}}]}},"_links":{"self":[{"href":"http:\/\/10.100.20.231\/sistema-nacional-de-infraestructura-de-la-calidad\/wp-json\/wp\/v2\/pages\/34604"}],"collection":[{"href":"http:\/\/10.100.20.231\/sistema-nacional-de-infraestructura-de-la-calidad\/wp-json\/wp\/v2\/pages"}],"about":[{"href":"http:\/\/10.100.20.231\/sistema-nacional-de-infraestructura-de-la-calidad\/wp-json\/wp\/v2\/types\/page"}],"author":[{"embeddable":true,"href":"http:\/\/10.100.20.231\/sistema-nacional-de-infraestructura-de-la-calidad\/wp-json\/wp\/v2\/users\/1"}],"replies":[{"embeddable":true,"href":"http:\/\/10.100.20.231\/sistema-nacional-de-infraestructura-de-la-calidad\/wp-json\/wp\/v2\/comments?post=34604"}],"version-history":[{"count":4,"href":"http:\/\/10.100.20.231\/sistema-nacional-de-infraestructura-de-la-calidad\/wp-json\/wp\/v2\/pages\/34604\/revisions"}],"predecessor-version":[{"id":35700,"href":"http:\/\/10.100.20.231\/sistema-nacional-de-infraestructura-de-la-calidad\/wp-json\/wp\/v2\/pages\/34604\/revisions\/35700"}],"wp:attachment":[{"href":"http:\/\/10.100.20.231\/sistema-nacional-de-infraestructura-de-la-calidad\/wp-json\/wp\/v2\/media?parent=34604"}],"curies":[{"name":"wp","href":"https:\/\/api.w.org\/{rel}","templated":true}]}}