{"id":34737,"date":"2022-08-11T13:19:01","date_gmt":"2022-08-11T18:19:01","guid":{"rendered":"http:\/\/10.100.20.231\/sistema-nacional-de-infraestructura-de-la-calidad\/?page_id=34737"},"modified":"2023-10-20T13:10:21","modified_gmt":"2023-10-20T19:10:21","slug":"secretariado-ejecutivo-de-la-comision","status":"publish","type":"page","link":"http:\/\/10.100.20.231\/sistema-nacional-de-infraestructura-de-la-calidad\/secretariado-ejecutivo-de-la-comision\/","title":{"rendered":"Secretariado Ejecutivo de la Comisi\u00f3n"},"content":{"rendered":"\n<div class=\"wp-container-3 wp-block-group alignfull barra contenido-principal max-dos-tercios informativa\" id=\"filtrable\">\n<div class=\"wp-container-1 wp-block-group yoast-breadcrumbs\">\n<p><a href=\"https:\/\/platiica.economia.gob.mx\/\">Inicio<\/a> &gt; <a href=\"https:\/\/platiica.economia.gob.mx\/sistema-nacional-de-infraestructura-de-la-calidad\/\">Sistema Nacional de Infraestructura de la Calidad<\/a> &gt; <a href=\"https:\/\/platiica.economia.gob.mx\/sistema-nacional-de-infraestructura-de-la-calidad\/comision-nacional-de-infraestructura-de-la-calidad\/\">Comisi\u00f3n Nacional de Infraestructura de la Calidad<\/a> &gt; Secretariado Ejecutivo de la Comisi\u00f3n<\/p>\n<\/div>\n\n\n\n<h2><strong><strong>Secretariado Ejecutivo de la Comisi\u00f3n Nacional de Infraestructura de la Calidad<\/strong><\/strong><\/h2>\n\n\n\n<p><\/p>\n\n\n\n<p>Es la instancia coordinadora del Sistema Nacional de Infraestructura de la Calidad y quien ejecuta las determinaciones de la Comisi\u00f3n.<\/p>\n\n\n\n<p>Las atribuciones del Secretariado Ejecutivo de la <a href=\"https:\/\/platiica.economia.gob.mx\/sistema-nacional-de-infraestructura-de-la-calidad\/comision-nacional-de-infraestructura-de-la-calidad\/\">Comisi\u00f3n Nacional de Infraestructura de la Calidad<\/a> son las siguientes:<\/p>\n\n\n\n<p><\/p>\n\n\n\n<ol><li>Dirigir, planificar y coordinar los aspectos operativos de la labor del <a href=\"https:\/\/platiica.economia.gob.mx\/sistema-nacional-de-infraestructura-de-la-calidad\/consejo-tecnico-de-la-comision\">Consejo T\u00e9cnico<\/a> y los grupos de trabajo tanto de \u00e9ste como de la Comisi\u00f3n, as\u00ed como los aspectos log\u00edsticos y organizacionales de la Comisi\u00f3n;<\/li><li>Coordinar entre las <a href=\"https:\/\/platiica.economia.gob.mx\/glosario\/autoridad-normalizadora\/\">Autoridades Normalizadoras<\/a> que las acciones y programas de verificaci\u00f3n, vigilancia y vigilancia del mercado, se lleven a cabo con oportunidad y fomenten la calidad en los servicios que prestan las <a href=\"https:\/\/platiica.economia.gob.mx\/glosario\/entidades-de-acreditacion\/\">Entidades de Acreditaci\u00f3n<\/a> y los <a href=\"https:\/\/platiica.economia.gob.mx\/glosario\/organismos-de-evaluacion-de-la-conformidad\/\">Organismos de Evaluaci\u00f3n de la Conformidad<\/a>;<\/li><li>Asesorar al <a href=\"https:\/\/platiica.economia.gob.mx\/sistema-nacional-de-infraestructura-de-la-calidad\/presidente-de-la-comision\/\">Presidente<\/a>, as\u00ed como a los miembros de la Comisi\u00f3n y del Consejo T\u00e9cnico en el desempe\u00f1o de sus funciones;<\/li><li>Preparar los proyectos de informes, resoluciones, estudios y otros trabajos que le encomienden la Comisi\u00f3n o el Presidente. Asimismo, recibir y dar tr\u00e1mite a la correspondencia, peticiones y comunicaciones dirigidas a la Comisi\u00f3n;<\/li><li>Solicitar a los miembros de la Comisi\u00f3n,, la informaci\u00f3n que considere pertinente para el eficaz desempe\u00f1o de sus funciones y<\/li><li>Las dem\u00e1s que le asigne el Presidente de la Comisi\u00f3n.<\/li><\/ol>\n\n\n\n<p><strong>Documento para descarga<\/strong> &gt;<\/p>\n\n\n\n<p><a rel=\"noreferrer noopener\" href=\"https:\/\/www.dof.gob.mx\/nota_detalle.php?codigo=5615588&amp;fecha=12\/04\/2021#gsc.tab=0\" target=\"_blank\">Reglamento Interior de la Secretar\u00eda de Econom\u00eda<\/a><\/p>\n\n\n\n<p><\/p>\n\n\n\n<p><\/p>\n\n\n\n<div id=\"adicional\" class=\"wp-container-2 wp-block-group\">\n<p><strong>Te puede interesar:<\/strong><\/p>\n\n\n\n<p><a href=\"https:\/\/platiica.economia.gob.mx\/sistema-nacional-de-infraestructura-de-la-calidad\/\">&gt; Sistema Nacional de Infraestructura de la Calidad<\/a><\/p>\n\n\n\n<p><a href=\"https:\/\/platiica.economia.gob.mx\/sistema-nacional-de-infraestructura-de-la-calidad\/programa-nacional-de-infraestructura-de-la-calidad\/\">&gt; Programa Nacional de Infraestructura de la Calidad<\/a><\/p>\n\n\n\n<p><a href=\"https:\/\/platiica.economia.gob.mx\/sistema-nacional-de-infraestructura-de-la-calidad\/ley-de-infraestructura-de-la-calidad\/\">&gt; Ley de Infraestructura de la Calidad<\/a><\/p>\n<\/div>\n<\/div>\n\n\n\n<p><\/p>\n","protected":false},"excerpt":{"rendered":"<p>La Direcci\u00f3n General de Normas de la Secretar\u00eda de Econom\u00eda conduce el Secretariado Ejecutivo de la Comisi\u00f3n Nacional de Infraestructura de la Calidad.<\/p>\n","protected":false},"author":1,"featured_media":0,"parent":0,"menu_order":0,"comment_status":"closed","ping_status":"closed","template":"","meta":{"_links_to":"","_links_to_target":""},"yoast_head":"<!-- This site is optimized with the Yoast SEO plugin v21.5 - https:\/\/yoast.com\/wordpress\/plugins\/seo\/ -->\n<title>Secretariado Ejecutivo de la Comisi\u00f3n - Sistema Nacional de Infraestructura de la Calidad<\/title>\n<meta name=\"description\" content=\"Conoce las atribuciones que adquiere la Direcci\u00f3n General de Normas como Secretariado Ejecutivo de la Comisi\u00f3n Nacional de Infraestructura de la Calidad.\" \/>\n<meta name=\"robots\" content=\"index, follow, max-snippet:-1, max-image-preview:large, max-video-preview:-1\" \/>\n<link rel=\"canonical\" href=\"http:\/\/10.100.20.231\/sistema-nacional-de-infraestructura-de-la-calidad\/secretariado-ejecutivo-de-la-comision\/\" \/>\n<meta property=\"og:locale\" content=\"es_MX\" \/>\n<meta property=\"og:type\" content=\"article\" \/>\n<meta property=\"og:title\" content=\"Secretariado Ejecutivo de la Comisi\u00f3n - Sistema Nacional de Infraestructura de la Calidad\" \/>\n<meta property=\"og:description\" content=\"Conoce las atribuciones que adquiere la Direcci\u00f3n General de Normas como Secretariado Ejecutivo de la Comisi\u00f3n Nacional de Infraestructura de la Calidad.\" \/>\n<meta property=\"og:url\" content=\"http:\/\/10.100.20.231\/sistema-nacional-de-infraestructura-de-la-calidad\/secretariado-ejecutivo-de-la-comision\/\" \/>\n<meta property=\"og:site_name\" content=\"Sistema Nacional de Infraestructura de la Calidad\" \/>\n<meta property=\"article:modified_time\" content=\"2023-10-20T19:10:21+00:00\" \/>\n<meta property=\"og:image\" content=\"http:\/\/10.100.20.231\/sistema-nacional-de-infraestructura-de-la-calidad\/wp-content\/uploads\/sites\/7\/2024\/05\/platiica-economia.jpg\" \/>\n\t<meta property=\"og:image:width\" content=\"1200\" \/>\n\t<meta property=\"og:image:height\" content=\"675\" \/>\n\t<meta property=\"og:image:type\" content=\"image\/jpeg\" \/>\n<meta name=\"twitter:card\" content=\"summary_large_image\" \/>\n<meta name=\"twitter:label1\" content=\"Tiempo de lectura\" \/>\n\t<meta name=\"twitter:data1\" content=\"2 minutos\" \/>\n<script type=\"application\/ld+json\" class=\"yoast-schema-graph\">{\"@context\":\"https:\/\/schema.org\",\"@graph\":[{\"@type\":\"WebPage\",\"@id\":\"http:\/\/10.100.20.231\/sistema-nacional-de-infraestructura-de-la-calidad\/secretariado-ejecutivo-de-la-comision\/\",\"url\":\"http:\/\/10.100.20.231\/sistema-nacional-de-infraestructura-de-la-calidad\/secretariado-ejecutivo-de-la-comision\/\",\"name\":\"Secretariado Ejecutivo de la Comisi\u00f3n - Sistema Nacional de Infraestructura de la Calidad\",\"isPartOf\":{\"@id\":\"http:\/\/10.100.20.231\/sistema-nacional-de-infraestructura-de-la-calidad\/#website\"},\"datePublished\":\"2022-08-11T18:19:01+00:00\",\"dateModified\":\"2023-10-20T19:10:21+00:00\",\"description\":\"Conoce las atribuciones que adquiere la Direcci\u00f3n General de Normas como Secretariado Ejecutivo de la Comisi\u00f3n Nacional de Infraestructura de la Calidad.\",\"breadcrumb\":{\"@id\":\"http:\/\/10.100.20.231\/sistema-nacional-de-infraestructura-de-la-calidad\/secretariado-ejecutivo-de-la-comision\/#breadcrumb\"},\"inLanguage\":\"es-MX\",\"potentialAction\":[{\"@type\":\"ReadAction\",\"target\":[\"http:\/\/10.100.20.231\/sistema-nacional-de-infraestructura-de-la-calidad\/secretariado-ejecutivo-de-la-comision\/\"]}]},{\"@type\":\"BreadcrumbList\",\"@id\":\"http:\/\/10.100.20.231\/sistema-nacional-de-infraestructura-de-la-calidad\/secretariado-ejecutivo-de-la-comision\/#breadcrumb\",\"itemListElement\":[{\"@type\":\"ListItem\",\"position\":1,\"name\":\"Inicio\",\"item\":\"http:\/\/10.100.20.231\/sistema-nacional-de-infraestructura-de-la-calidad\/\"},{\"@type\":\"ListItem\",\"position\":2,\"name\":\"Secretariado Ejecutivo de la Comisi\u00f3n\"}]},{\"@type\":\"WebSite\",\"@id\":\"http:\/\/10.100.20.231\/sistema-nacional-de-infraestructura-de-la-calidad\/#website\",\"url\":\"http:\/\/10.100.20.231\/sistema-nacional-de-infraestructura-de-la-calidad\/\",\"name\":\"Sistema Nacional de Infraestructura de la Calidad\",\"description\":\"\",\"publisher\":{\"@id\":\"http:\/\/10.100.20.231\/sistema-nacional-de-infraestructura-de-la-calidad\/#organization\"},\"potentialAction\":[{\"@type\":\"SearchAction\",\"target\":{\"@type\":\"EntryPoint\",\"urlTemplate\":\"http:\/\/10.100.20.231\/sistema-nacional-de-infraestructura-de-la-calidad\/?s={search_term_string}\"},\"query-input\":\"required name=search_term_string\"}],\"inLanguage\":\"es-MX\"},{\"@type\":\"Organization\",\"@id\":\"http:\/\/10.100.20.231\/sistema-nacional-de-infraestructura-de-la-calidad\/#organization\",\"name\":\"Sistema Nacional de Infraestructura de la Calidad\",\"url\":\"http:\/\/10.100.20.231\/sistema-nacional-de-infraestructura-de-la-calidad\/\",\"logo\":{\"@type\":\"ImageObject\",\"inLanguage\":\"es-MX\",\"@id\":\"http:\/\/10.100.20.231\/sistema-nacional-de-infraestructura-de-la-calidad\/#\/schema\/logo\/image\/\",\"url\":\"http:\/\/10.100.20.231\/sistema-nacional-de-infraestructura-de-la-calidad\/wp-content\/uploads\/sites\/7\/2021\/10\/logo-gobierno-mexico.svg\",\"contentUrl\":\"http:\/\/10.100.20.231\/sistema-nacional-de-infraestructura-de-la-calidad\/wp-content\/uploads\/sites\/7\/2021\/10\/logo-gobierno-mexico.svg\",\"width\":123,\"height\":36,\"caption\":\"Sistema Nacional de Infraestructura de la Calidad\"},\"image\":{\"@id\":\"http:\/\/10.100.20.231\/sistema-nacional-de-infraestructura-de-la-calidad\/#\/schema\/logo\/image\/\"}}]}<\/script>\n<!-- \/ Yoast SEO plugin. -->","yoast_head_json":{"title":"Secretariado Ejecutivo de la Comisi\u00f3n - Sistema Nacional de Infraestructura de la Calidad","description":"Conoce las atribuciones que adquiere la Direcci\u00f3n General de Normas como Secretariado Ejecutivo de la Comisi\u00f3n Nacional de Infraestructura de la Calidad.","robots":{"index":"index","follow":"follow","max-snippet":"max-snippet:-1","max-image-preview":"max-image-preview:large","max-video-preview":"max-video-preview:-1"},"canonical":"http:\/\/10.100.20.231\/sistema-nacional-de-infraestructura-de-la-calidad\/secretariado-ejecutivo-de-la-comision\/","og_locale":"es_MX","og_type":"article","og_title":"Secretariado Ejecutivo de la Comisi\u00f3n - Sistema Nacional de Infraestructura de la Calidad","og_description":"Conoce las atribuciones que adquiere la Direcci\u00f3n General de Normas como Secretariado Ejecutivo de la Comisi\u00f3n Nacional de Infraestructura de la Calidad.","og_url":"http:\/\/10.100.20.231\/sistema-nacional-de-infraestructura-de-la-calidad\/secretariado-ejecutivo-de-la-comision\/","og_site_name":"Sistema Nacional de Infraestructura de la Calidad","article_modified_time":"2023-10-20T19:10:21+00:00","og_image":[{"width":1200,"height":675,"url":"http:\/\/10.100.20.231\/sistema-nacional-de-infraestructura-de-la-calidad\/wp-content\/uploads\/sites\/7\/2024\/05\/platiica-economia.jpg","type":"image\/jpeg"}],"twitter_card":"summary_large_image","twitter_misc":{"Tiempo de lectura":"2 minutos"},"schema":{"@context":"https:\/\/schema.org","@graph":[{"@type":"WebPage","@id":"http:\/\/10.100.20.231\/sistema-nacional-de-infraestructura-de-la-calidad\/secretariado-ejecutivo-de-la-comision\/","url":"http:\/\/10.100.20.231\/sistema-nacional-de-infraestructura-de-la-calidad\/secretariado-ejecutivo-de-la-comision\/","name":"Secretariado Ejecutivo de la Comisi\u00f3n - Sistema Nacional de Infraestructura de la Calidad","isPartOf":{"@id":"http:\/\/10.100.20.231\/sistema-nacional-de-infraestructura-de-la-calidad\/#website"},"datePublished":"2022-08-11T18:19:01+00:00","dateModified":"2023-10-20T19:10:21+00:00","description":"Conoce las atribuciones que adquiere la Direcci\u00f3n General de Normas como Secretariado Ejecutivo de la Comisi\u00f3n Nacional de Infraestructura de la Calidad.","breadcrumb":{"@id":"http:\/\/10.100.20.231\/sistema-nacional-de-infraestructura-de-la-calidad\/secretariado-ejecutivo-de-la-comision\/#breadcrumb"},"inLanguage":"es-MX","potentialAction":[{"@type":"ReadAction","target":["http:\/\/10.100.20.231\/sistema-nacional-de-infraestructura-de-la-calidad\/secretariado-ejecutivo-de-la-comision\/"]}]},{"@type":"BreadcrumbList","@id":"http:\/\/10.100.20.231\/sistema-nacional-de-infraestructura-de-la-calidad\/secretariado-ejecutivo-de-la-comision\/#breadcrumb","itemListElement":[{"@type":"ListItem","position":1,"name":"Inicio","item":"http:\/\/10.100.20.231\/sistema-nacional-de-infraestructura-de-la-calidad\/"},{"@type":"ListItem","position":2,"name":"Secretariado Ejecutivo de la Comisi\u00f3n"}]},{"@type":"WebSite","@id":"http:\/\/10.100.20.231\/sistema-nacional-de-infraestructura-de-la-calidad\/#website","url":"http:\/\/10.100.20.231\/sistema-nacional-de-infraestructura-de-la-calidad\/","name":"Sistema Nacional de Infraestructura de la Calidad","description":"","publisher":{"@id":"http:\/\/10.100.20.231\/sistema-nacional-de-infraestructura-de-la-calidad\/#organization"},"potentialAction":[{"@type":"SearchAction","target":{"@type":"EntryPoint","urlTemplate":"http:\/\/10.100.20.231\/sistema-nacional-de-infraestructura-de-la-calidad\/?s={search_term_string}"},"query-input":"required name=search_term_string"}],"inLanguage":"es-MX"},{"@type":"Organization","@id":"http:\/\/10.100.20.231\/sistema-nacional-de-infraestructura-de-la-calidad\/#organization","name":"Sistema Nacional de Infraestructura de la Calidad","url":"http:\/\/10.100.20.231\/sistema-nacional-de-infraestructura-de-la-calidad\/","logo":{"@type":"ImageObject","inLanguage":"es-MX","@id":"http:\/\/10.100.20.231\/sistema-nacional-de-infraestructura-de-la-calidad\/#\/schema\/logo\/image\/","url":"http:\/\/10.100.20.231\/sistema-nacional-de-infraestructura-de-la-calidad\/wp-content\/uploads\/sites\/7\/2021\/10\/logo-gobierno-mexico.svg","contentUrl":"http:\/\/10.100.20.231\/sistema-nacional-de-infraestructura-de-la-calidad\/wp-content\/uploads\/sites\/7\/2021\/10\/logo-gobierno-mexico.svg","width":123,"height":36,"caption":"Sistema Nacional de Infraestructura de la Calidad"},"image":{"@id":"http:\/\/10.100.20.231\/sistema-nacional-de-infraestructura-de-la-calidad\/#\/schema\/logo\/image\/"}}]}},"_links":{"self":[{"href":"http:\/\/10.100.20.231\/sistema-nacional-de-infraestructura-de-la-calidad\/wp-json\/wp\/v2\/pages\/34737"}],"collection":[{"href":"http:\/\/10.100.20.231\/sistema-nacional-de-infraestructura-de-la-calidad\/wp-json\/wp\/v2\/pages"}],"about":[{"href":"http:\/\/10.100.20.231\/sistema-nacional-de-infraestructura-de-la-calidad\/wp-json\/wp\/v2\/types\/page"}],"author":[{"embeddable":true,"href":"http:\/\/10.100.20.231\/sistema-nacional-de-infraestructura-de-la-calidad\/wp-json\/wp\/v2\/users\/1"}],"replies":[{"embeddable":true,"href":"http:\/\/10.100.20.231\/sistema-nacional-de-infraestructura-de-la-calidad\/wp-json\/wp\/v2\/comments?post=34737"}],"version-history":[{"count":0,"href":"http:\/\/10.100.20.231\/sistema-nacional-de-infraestructura-de-la-calidad\/wp-json\/wp\/v2\/pages\/34737\/revisions"}],"wp:attachment":[{"href":"http:\/\/10.100.20.231\/sistema-nacional-de-infraestructura-de-la-calidad\/wp-json\/wp\/v2\/media?parent=34737"}],"curies":[{"name":"wp","href":"https:\/\/api.w.org\/{rel}","templated":true}]}}