{"id":34740,"date":"2022-08-11T13:20:26","date_gmt":"2022-08-11T18:20:26","guid":{"rendered":"http:\/\/10.100.20.231\/sistema-nacional-de-infraestructura-de-la-calidad\/?page_id=34740"},"modified":"2023-10-20T13:10:40","modified_gmt":"2023-10-20T19:10:40","slug":"consejo-tecnico-de-la-comision","status":"publish","type":"page","link":"http:\/\/10.100.20.231\/sistema-nacional-de-infraestructura-de-la-calidad\/consejo-tecnico-de-la-comision\/","title":{"rendered":"Consejo T\u00e9cnico de la Comisi\u00f3n"},"content":{"rendered":"\n<div class=\"wp-container-3 wp-block-group alignfull barra contenido-principal max-dos-tercios informativa\" id=\"filtrable\">\n<div class=\"wp-container-1 wp-block-group yoast-breadcrumbs\">\n<p><a href=\"https:\/\/platiica.economia.gob.mx\/\">Inicio<\/a> &gt; <a href=\"https:\/\/platiica.economia.gob.mx\/sistema-nacional-de-infraestructura-de-la-calidad\/\">Sistema Nacional de Infraestructura de la Calidad<\/a> &gt; <a href=\"https:\/\/platiica.economia.gob.mx\/sistema-nacional-de-infraestructura-de-la-calidad\/comision-nacional-de-infraestructura-de-la-calidad\/\">Comisi\u00f3n Nacional de Infraestructura de la Calidad<\/a> &gt; Consejo T\u00e9cnico de la Comisi\u00f3n<\/p>\n<\/div>\n\n\n\n<h1><strong><strong>Consejo T\u00e9cnico<\/strong><\/strong> de la Comisi\u00f3n<\/h1>\n\n\n\n<p>El Consejo T\u00e9cnico auxilia a la <a href=\"https:\/\/platiica.economia.gob.mx\/sistema-nacional-de-infraestructura-de-la-calidad\/comision-nacional-de-infraestructura-de-la-calidad\/\">Comisi\u00f3n <\/a>en el an\u00e1lisis, elaboraci\u00f3n y propuesta de soluciones a los asuntos que le son encomendados o delegados por el <a href=\"https:\/\/platiica.economia.gob.mx\/sistema-nacional-de-infraestructura-de-la-calidad\/presidente-de-la-comision\/\">Presidente de la Comisi\u00f3n<\/a>.&nbsp;<\/p>\n\n\n\n<p>Para el desempe\u00f1o de sus funciones consultivas, el Consejo T\u00e9cnico puede integrar grupos de trabajo con el fin de atender los temas a su cargo.<\/p>\n\n\n\n<div class=\"wp-container-2 wp-block-group adicional\">\n<p><strong>Te puede interesar:<\/strong><\/p>\n\n\n\n<p><a href=\"https:\/\/platiica.economia.gob.mx\/sistema-nacional-de-infraestructura-de-la-calidad\/\">&gt; Sistema Nacional de Infraestructura de la Calidad<\/a><\/p>\n\n\n\n<p><a href=\"https:\/\/platiica.economia.gob.mx\/sistema-nacional-de-infraestructura-de-la-calidad\/programa-nacional-de-infraestructura-de-la-calidad\/\">&gt; Programa Nacional de Infraestructura de la Calidad<\/a><\/p>\n\n\n\n<p><a href=\"https:\/\/platiica.economia.gob.mx\/sistema-nacional-de-infraestructura-de-la-calidad\/ley-de-infraestructura-de-la-calidad\/\">&gt; Ley de Infraestructura de la Calidad<\/a><\/p>\n<\/div>\n<\/div>\n","protected":false},"excerpt":{"rendered":"<p>El Consejo T\u00e9cnico auxilia a la Comisi\u00f3n en el an\u00e1lisis, elaboraci\u00f3n y propuesta de soluciones a los asuntos que le son encomendados o delegados por el Presidente de la Comisi\u00f3n.\u00a0<\/p>\n","protected":false},"author":1,"featured_media":0,"parent":0,"menu_order":0,"comment_status":"closed","ping_status":"closed","template":"","meta":{"_links_to":"","_links_to_target":""},"yoast_head":"<!-- This site is optimized with the Yoast SEO plugin v21.5 - https:\/\/yoast.com\/wordpress\/plugins\/seo\/ -->\n<title>Consejo T\u00e9cnico de la Comisi\u00f3n - Sistema Nacional de Infraestructura de la Calidad<\/title>\n<meta name=\"description\" content=\"Obt\u00e9n informaci\u00f3n acerca de las actividades realizadas por el Consejo T\u00e9cnico de la Comisi\u00f3n Nacional de Infraestructura de la Calidad.\" \/>\n<meta name=\"robots\" content=\"index, follow, max-snippet:-1, max-image-preview:large, max-video-preview:-1\" \/>\n<link rel=\"canonical\" href=\"http:\/\/10.100.20.231\/sistema-nacional-de-infraestructura-de-la-calidad\/consejo-tecnico-de-la-comision\/\" \/>\n<meta property=\"og:locale\" content=\"es_MX\" \/>\n<meta property=\"og:type\" content=\"article\" \/>\n<meta property=\"og:title\" content=\"Consejo T\u00e9cnico de la Comisi\u00f3n - Sistema Nacional de Infraestructura de la Calidad\" \/>\n<meta property=\"og:description\" content=\"Obt\u00e9n informaci\u00f3n acerca de las actividades realizadas por el Consejo T\u00e9cnico de la Comisi\u00f3n Nacional de Infraestructura de la Calidad.\" \/>\n<meta property=\"og:url\" content=\"http:\/\/10.100.20.231\/sistema-nacional-de-infraestructura-de-la-calidad\/consejo-tecnico-de-la-comision\/\" \/>\n<meta property=\"og:site_name\" content=\"Sistema Nacional de Infraestructura de la Calidad\" \/>\n<meta property=\"article:modified_time\" content=\"2023-10-20T19:10:40+00:00\" \/>\n<meta property=\"og:image\" content=\"http:\/\/10.100.20.231\/sistema-nacional-de-infraestructura-de-la-calidad\/wp-content\/uploads\/sites\/7\/2024\/05\/platiica-economia.jpg\" \/>\n\t<meta property=\"og:image:width\" content=\"1200\" \/>\n\t<meta property=\"og:image:height\" content=\"675\" \/>\n\t<meta property=\"og:image:type\" content=\"image\/jpeg\" \/>\n<meta name=\"twitter:card\" content=\"summary_large_image\" \/>\n<meta name=\"twitter:label1\" content=\"Tiempo de lectura\" \/>\n\t<meta name=\"twitter:data1\" content=\"1 minuto\" \/>\n<script type=\"application\/ld+json\" class=\"yoast-schema-graph\">{\"@context\":\"https:\/\/schema.org\",\"@graph\":[{\"@type\":\"WebPage\",\"@id\":\"http:\/\/10.100.20.231\/sistema-nacional-de-infraestructura-de-la-calidad\/consejo-tecnico-de-la-comision\/\",\"url\":\"http:\/\/10.100.20.231\/sistema-nacional-de-infraestructura-de-la-calidad\/consejo-tecnico-de-la-comision\/\",\"name\":\"Consejo T\u00e9cnico de la Comisi\u00f3n - Sistema Nacional de Infraestructura de la Calidad\",\"isPartOf\":{\"@id\":\"http:\/\/10.100.20.231\/sistema-nacional-de-infraestructura-de-la-calidad\/#website\"},\"datePublished\":\"2022-08-11T18:20:26+00:00\",\"dateModified\":\"2023-10-20T19:10:40+00:00\",\"description\":\"Obt\u00e9n informaci\u00f3n acerca de las actividades realizadas por el Consejo T\u00e9cnico de la Comisi\u00f3n Nacional de Infraestructura de la Calidad.\",\"breadcrumb\":{\"@id\":\"http:\/\/10.100.20.231\/sistema-nacional-de-infraestructura-de-la-calidad\/consejo-tecnico-de-la-comision\/#breadcrumb\"},\"inLanguage\":\"es-MX\",\"potentialAction\":[{\"@type\":\"ReadAction\",\"target\":[\"http:\/\/10.100.20.231\/sistema-nacional-de-infraestructura-de-la-calidad\/consejo-tecnico-de-la-comision\/\"]}]},{\"@type\":\"BreadcrumbList\",\"@id\":\"http:\/\/10.100.20.231\/sistema-nacional-de-infraestructura-de-la-calidad\/consejo-tecnico-de-la-comision\/#breadcrumb\",\"itemListElement\":[{\"@type\":\"ListItem\",\"position\":1,\"name\":\"Inicio\",\"item\":\"http:\/\/10.100.20.231\/sistema-nacional-de-infraestructura-de-la-calidad\/\"},{\"@type\":\"ListItem\",\"position\":2,\"name\":\"Consejo T\u00e9cnico de la Comisi\u00f3n\"}]},{\"@type\":\"WebSite\",\"@id\":\"http:\/\/10.100.20.231\/sistema-nacional-de-infraestructura-de-la-calidad\/#website\",\"url\":\"http:\/\/10.100.20.231\/sistema-nacional-de-infraestructura-de-la-calidad\/\",\"name\":\"Sistema Nacional de Infraestructura de la Calidad\",\"description\":\"\",\"publisher\":{\"@id\":\"http:\/\/10.100.20.231\/sistema-nacional-de-infraestructura-de-la-calidad\/#organization\"},\"potentialAction\":[{\"@type\":\"SearchAction\",\"target\":{\"@type\":\"EntryPoint\",\"urlTemplate\":\"http:\/\/10.100.20.231\/sistema-nacional-de-infraestructura-de-la-calidad\/?s={search_term_string}\"},\"query-input\":\"required name=search_term_string\"}],\"inLanguage\":\"es-MX\"},{\"@type\":\"Organization\",\"@id\":\"http:\/\/10.100.20.231\/sistema-nacional-de-infraestructura-de-la-calidad\/#organization\",\"name\":\"Sistema Nacional de Infraestructura de la Calidad\",\"url\":\"http:\/\/10.100.20.231\/sistema-nacional-de-infraestructura-de-la-calidad\/\",\"logo\":{\"@type\":\"ImageObject\",\"inLanguage\":\"es-MX\",\"@id\":\"http:\/\/10.100.20.231\/sistema-nacional-de-infraestructura-de-la-calidad\/#\/schema\/logo\/image\/\",\"url\":\"http:\/\/10.100.20.231\/sistema-nacional-de-infraestructura-de-la-calidad\/wp-content\/uploads\/sites\/7\/2021\/10\/logo-gobierno-mexico.svg\",\"contentUrl\":\"http:\/\/10.100.20.231\/sistema-nacional-de-infraestructura-de-la-calidad\/wp-content\/uploads\/sites\/7\/2021\/10\/logo-gobierno-mexico.svg\",\"width\":123,\"height\":36,\"caption\":\"Sistema Nacional de Infraestructura de la Calidad\"},\"image\":{\"@id\":\"http:\/\/10.100.20.231\/sistema-nacional-de-infraestructura-de-la-calidad\/#\/schema\/logo\/image\/\"}}]}<\/script>\n<!-- \/ Yoast SEO plugin. -->","yoast_head_json":{"title":"Consejo T\u00e9cnico de la Comisi\u00f3n - Sistema Nacional de Infraestructura de la Calidad","description":"Obt\u00e9n informaci\u00f3n acerca de las actividades realizadas por el Consejo T\u00e9cnico de la Comisi\u00f3n Nacional de Infraestructura de la Calidad.","robots":{"index":"index","follow":"follow","max-snippet":"max-snippet:-1","max-image-preview":"max-image-preview:large","max-video-preview":"max-video-preview:-1"},"canonical":"http:\/\/10.100.20.231\/sistema-nacional-de-infraestructura-de-la-calidad\/consejo-tecnico-de-la-comision\/","og_locale":"es_MX","og_type":"article","og_title":"Consejo T\u00e9cnico de la Comisi\u00f3n - Sistema Nacional de Infraestructura de la Calidad","og_description":"Obt\u00e9n informaci\u00f3n acerca de las actividades realizadas por el Consejo T\u00e9cnico de la Comisi\u00f3n Nacional de Infraestructura de la Calidad.","og_url":"http:\/\/10.100.20.231\/sistema-nacional-de-infraestructura-de-la-calidad\/consejo-tecnico-de-la-comision\/","og_site_name":"Sistema Nacional de Infraestructura de la Calidad","article_modified_time":"2023-10-20T19:10:40+00:00","og_image":[{"width":1200,"height":675,"url":"http:\/\/10.100.20.231\/sistema-nacional-de-infraestructura-de-la-calidad\/wp-content\/uploads\/sites\/7\/2024\/05\/platiica-economia.jpg","type":"image\/jpeg"}],"twitter_card":"summary_large_image","twitter_misc":{"Tiempo de lectura":"1 minuto"},"schema":{"@context":"https:\/\/schema.org","@graph":[{"@type":"WebPage","@id":"http:\/\/10.100.20.231\/sistema-nacional-de-infraestructura-de-la-calidad\/consejo-tecnico-de-la-comision\/","url":"http:\/\/10.100.20.231\/sistema-nacional-de-infraestructura-de-la-calidad\/consejo-tecnico-de-la-comision\/","name":"Consejo T\u00e9cnico de la Comisi\u00f3n - Sistema Nacional de Infraestructura de la Calidad","isPartOf":{"@id":"http:\/\/10.100.20.231\/sistema-nacional-de-infraestructura-de-la-calidad\/#website"},"datePublished":"2022-08-11T18:20:26+00:00","dateModified":"2023-10-20T19:10:40+00:00","description":"Obt\u00e9n informaci\u00f3n acerca de las actividades realizadas por el Consejo T\u00e9cnico de la Comisi\u00f3n Nacional de Infraestructura de la Calidad.","breadcrumb":{"@id":"http:\/\/10.100.20.231\/sistema-nacional-de-infraestructura-de-la-calidad\/consejo-tecnico-de-la-comision\/#breadcrumb"},"inLanguage":"es-MX","potentialAction":[{"@type":"ReadAction","target":["http:\/\/10.100.20.231\/sistema-nacional-de-infraestructura-de-la-calidad\/consejo-tecnico-de-la-comision\/"]}]},{"@type":"BreadcrumbList","@id":"http:\/\/10.100.20.231\/sistema-nacional-de-infraestructura-de-la-calidad\/consejo-tecnico-de-la-comision\/#breadcrumb","itemListElement":[{"@type":"ListItem","position":1,"name":"Inicio","item":"http:\/\/10.100.20.231\/sistema-nacional-de-infraestructura-de-la-calidad\/"},{"@type":"ListItem","position":2,"name":"Consejo T\u00e9cnico de la Comisi\u00f3n"}]},{"@type":"WebSite","@id":"http:\/\/10.100.20.231\/sistema-nacional-de-infraestructura-de-la-calidad\/#website","url":"http:\/\/10.100.20.231\/sistema-nacional-de-infraestructura-de-la-calidad\/","name":"Sistema Nacional de Infraestructura de la Calidad","description":"","publisher":{"@id":"http:\/\/10.100.20.231\/sistema-nacional-de-infraestructura-de-la-calidad\/#organization"},"potentialAction":[{"@type":"SearchAction","target":{"@type":"EntryPoint","urlTemplate":"http:\/\/10.100.20.231\/sistema-nacional-de-infraestructura-de-la-calidad\/?s={search_term_string}"},"query-input":"required name=search_term_string"}],"inLanguage":"es-MX"},{"@type":"Organization","@id":"http:\/\/10.100.20.231\/sistema-nacional-de-infraestructura-de-la-calidad\/#organization","name":"Sistema Nacional de Infraestructura de la Calidad","url":"http:\/\/10.100.20.231\/sistema-nacional-de-infraestructura-de-la-calidad\/","logo":{"@type":"ImageObject","inLanguage":"es-MX","@id":"http:\/\/10.100.20.231\/sistema-nacional-de-infraestructura-de-la-calidad\/#\/schema\/logo\/image\/","url":"http:\/\/10.100.20.231\/sistema-nacional-de-infraestructura-de-la-calidad\/wp-content\/uploads\/sites\/7\/2021\/10\/logo-gobierno-mexico.svg","contentUrl":"http:\/\/10.100.20.231\/sistema-nacional-de-infraestructura-de-la-calidad\/wp-content\/uploads\/sites\/7\/2021\/10\/logo-gobierno-mexico.svg","width":123,"height":36,"caption":"Sistema Nacional de Infraestructura de la Calidad"},"image":{"@id":"http:\/\/10.100.20.231\/sistema-nacional-de-infraestructura-de-la-calidad\/#\/schema\/logo\/image\/"}}]}},"_links":{"self":[{"href":"http:\/\/10.100.20.231\/sistema-nacional-de-infraestructura-de-la-calidad\/wp-json\/wp\/v2\/pages\/34740"}],"collection":[{"href":"http:\/\/10.100.20.231\/sistema-nacional-de-infraestructura-de-la-calidad\/wp-json\/wp\/v2\/pages"}],"about":[{"href":"http:\/\/10.100.20.231\/sistema-nacional-de-infraestructura-de-la-calidad\/wp-json\/wp\/v2\/types\/page"}],"author":[{"embeddable":true,"href":"http:\/\/10.100.20.231\/sistema-nacional-de-infraestructura-de-la-calidad\/wp-json\/wp\/v2\/users\/1"}],"replies":[{"embeddable":true,"href":"http:\/\/10.100.20.231\/sistema-nacional-de-infraestructura-de-la-calidad\/wp-json\/wp\/v2\/comments?post=34740"}],"version-history":[{"count":0,"href":"http:\/\/10.100.20.231\/sistema-nacional-de-infraestructura-de-la-calidad\/wp-json\/wp\/v2\/pages\/34740\/revisions"}],"wp:attachment":[{"href":"http:\/\/10.100.20.231\/sistema-nacional-de-infraestructura-de-la-calidad\/wp-json\/wp\/v2\/media?parent=34740"}],"curies":[{"name":"wp","href":"https:\/\/api.w.org\/{rel}","templated":true}]}}