{"id":34973,"date":"2022-08-29T08:12:38","date_gmt":"2022-08-29T13:12:38","guid":{"rendered":"http:\/\/10.100.20.231\/sistema-nacional-de-infraestructura-de-la-calidad\/?page_id=34973"},"modified":"2024-01-17T13:01:51","modified_gmt":"2024-01-17T19:01:51","slug":"comision-nacional-de-infraestructura-de-la-calidad","status":"publish","type":"page","link":"http:\/\/10.100.20.231\/sistema-nacional-de-infraestructura-de-la-calidad\/comision-nacional-de-infraestructura-de-la-calidad\/","title":{"rendered":"Comisi\u00f3n Nacional de Infraestructura de la Calidad"},"content":{"rendered":"\n<div class=\"wp-container-3 wp-block-group alignfull barra contenido-principal max-dos-tercios informativa\" id=\"filtrable\">\n<div class=\"wp-container-2 wp-block-group yoast-breadcrumbs\">\n<div class=\"wp-container-1 wp-block-group yoast-breadcrumbs\">\n<p><a href=\"https:\/\/platiica.economia.gob.mx\/\">Inicio<\/a> &gt; <a href=\"https:\/\/platiica.economia.gob.mx\/sistema-nacional-de-infraestructura-de-la-calidad\/\">Sistema Nacional de Infraestructura de la Calidad<\/a> &gt; Comisi\u00f3n Nacional de Infraestructura de la Calidad<\/p>\n<\/div>\n<\/div>\n\n\n\n<h1>Comisi\u00f3n Nacional de Infraestructura de la Calidad<\/h1>\n\n\n\n<p>La Comisi\u00f3n dirige y coordina las actividades en materia de <a href=\"https:\/\/platiica.economia.gob.mx\/normalizacion\/\">normalizaci\u00f3n<\/a>, <a href=\"https:\/\/platiica.economia.gob.mx\/estandarizacion\/\">estandarizaci\u00f3n<\/a>, <a href=\"https:\/\/platiica.economia.gob.mx\/evaluacion-de-la-conformidad\/\">evaluaci\u00f3n de la conformidad<\/a> y <a href=\"https:\/\/platiica.economia.gob.mx\/metrologia\/\">metrolog\u00eda<\/a>.<\/p>\n\n\n\n<p>Esta es presidida por la persona titular de la Secretar\u00eda de Econom\u00eda y est\u00e1 conformada por:<\/p>\n\n\n\n<div class=\"wp-block-columns columnas-amplias\">\n<div class=\"wp-block-column\">\n<ul><li>Las personas titulares de las Subsecretar\u00edas correspondientes de las Secretar\u00edas de Gobernaci\u00f3n, Seguridad y Protecci\u00f3n Ciudadana, Hacienda y Cr\u00e9dito P\u00fablico, Bienestar, Medio Ambiente y Recursos Naturales, Energ\u00eda, Econom\u00eda, Agricultura y Desarrollo Rural; Infraestructura, Comunicaciones y Transportes; Educaci\u00f3n P\u00fablica, Salud, Trabajo y Previsi\u00f3n Social; Desarrollo Agrario, Territorial y Urbano; Turismo y Marina, o las que las sustituyan, as\u00ed como otras dependencias que tengan competencia en materia de normalizaci\u00f3n, seg\u00fan esa competencia sea reconocida por la propia Comisi\u00f3n;<\/li><li>Las personas que presidan la Comisi\u00f3n Reguladora de Energ\u00eda, la Comisi\u00f3n Nacional de Hidrocarburos, la Agencia Nacional de Seguridad Industrial y de Protecci\u00f3n al Medio Ambiente del Sector Hidrocarburos, la Comisi\u00f3n Federal para la Protecci\u00f3n contra Riesgos Sanitarios; el Servicio Nacional de Sanidad, Inocuidad y Calidad Agroalimentaria; la Procuradur\u00eda Federal del Consumidor, la Procuradur\u00eda Federal de Protecci\u00f3n al Ambiente, la Comisi\u00f3n Nacional del Agua, la Agencia Federal de Aviaci\u00f3n Civil, la Agencia Reguladora de Transporte Ferroviario, la Comisi\u00f3n Nacional de Seguridad Nuclear y Salvaguardias, la Comisi\u00f3n Nacional para el Uso Eficiente de la Energ\u00eda, el Secretariado Ejecutivo del Sistema Nacional de Seguridad P\u00fablica, el Consejo Nacional de Normalizaci\u00f3n y Certificaci\u00f3n de Competencias Laborales, o las que las sustituyan, as\u00ed como de otros organismos que tengan competencia en materia de normalizaci\u00f3n, seg\u00fan esa competencia sea reconocida por la propia Comisi\u00f3n;<\/li><li>Las personas titulares de las Direcciones Generales, o su equivalente del Consejo Nacional de Humanidades, Ciencia y Tecnolog\u00eda, del Centro Nacional de Metrolog\u00eda y de los Institutos Designados de Metrolog\u00eda, o los que los sustituyan;<\/li><li>Representantes de las c\u00e1maras y confederaciones as\u00ed como, asociaciones de industriales y comerciales del pa\u00eds constituidas en el marco de la Ley de C\u00e1maras Empresariales y sus Confederaciones, que ser\u00e1n elegidos de acuerdo con lo previsto en el Reglamento de la Ley;<\/li><li>Representantes de instituciones p\u00fablicas y privadas, de la academia, especialistas y cient\u00edficos que cuenten con trayectoria y experiencia en aspectos relacionados con la normalizaci\u00f3n, estandarizaci\u00f3n y Evaluaci\u00f3n de la Conformidad, que ser\u00e1n elegidos de acuerdo con lo previsto en el Reglamento de la Ley, y<\/li><li>Las personas titulares de las Direcciones Generales, o su equivalente, de las Entidades de Acreditaci\u00f3n y los Organismos Nacionales de Estandarizaci\u00f3n.<\/li><\/ul>\n\n\n\n<p>Asimismo, previa invitaci\u00f3n del <a href=\"https:\/\/platiica.economia.gob.mx\/sistema-nacional-de-infraestructura-de-la-calidad\/presidente-de-la-comision\/\">Presidente de la Comisi\u00f3n<\/a>, se podr\u00e1n integrar como observadores sin<br>derecho a voto representantes de otras dependencias y entidades de la Administraci\u00f3n P\u00fablica Federal,<br>as\u00ed como de las entidades federativas y municipios; organismos privados; organizaciones de<br>trabajadores, consumidores y profesionales; e instituciones acad\u00e9micas, cient\u00edficas y tecnol\u00f3gicas,<br>cuando se traten temas de su competencia, especialidad o inter\u00e9s.<\/p>\n<\/div>\n<\/div>\n<\/div>\n\n\n\n<section class=\"wp-container-5 wp-block-group alignfull ancho-completo has-background\" style=\"background-color:#f4f4f4;padding-top:115px;padding-bottom:60px\">\n<div class=\"wp-container-4 wp-block-group contenido\">\n<h2 class=\"max-dos-tercios\" style=\"margin-bottom:92px\">Integraci\u00f3n de la Comisi\u00f3n Nacional de Infraestructura de la Calidad<\/h2>\n\n\n\n<div class=\"wp-block-columns\">\n<div class=\"wp-block-column\">\n<h3>Presidente<\/h3>\n\n\n\n<div style=\"height:20px\" aria-hidden=\"true\" class=\"wp-block-spacer\"><\/div>\n\n\n\n<p>La persona titular de la Secretar\u00eda de Econom\u00eda funge como Presidente de la Comisi\u00f3n.<\/p>\n\n\n\n<p class=\"ver-mas\"><a href=\"https:\/\/platiica.economia.gob.mx\/sistema-nacional-de-infraestructura-de-la-calidad\/presidente-de-la-comision\/\">M\u00e1s informaci\u00f3n<\/a><\/p>\n<\/div>\n\n\n\n<div class=\"wp-block-column\">\n<h3>Secretariado Ejecutivo<\/h3>\n\n\n\n<div style=\"height:20px\" aria-hidden=\"true\" class=\"wp-block-spacer\"><\/div>\n\n\n\n<p>La persona titular de la Direcci\u00f3n General de Normas de la Secretar\u00eda de Econom\u00eda se desempe\u00f1a como Secretariado Ejecutivo de la Comisi\u00f3n.<\/p>\n\n\n\n<p class=\"ver-mas\"><a href=\"https:\/\/platiica.economia.gob.mx\/sistema-nacional-de-infraestructura-de-la-calidad\/secretariado-ejecutivo-de-la-comision\/\">M\u00e1s informaci\u00f3n<\/a><\/p>\n<\/div>\n<\/div>\n\n\n\n<div class=\"wp-block-columns\">\n<div class=\"wp-block-column\">\n<h3>Consejo T\u00e9cnico<\/h3>\n\n\n\n<div style=\"height:20px\" aria-hidden=\"true\" class=\"wp-block-spacer\"><\/div>\n\n\n\n<p>\u00d3rgano encargado de auxiliar o asistir a la Comisi\u00f3n y su Presidente.<\/p>\n\n\n\n<p class=\"ver-mas\"><a href=\"https:\/\/platiica.economia.gob.mx\/sistema-nacional-de-infraestructura-de-la-calidad\/consejo-tecnico-de-la-comision\">M\u00e1s informaci\u00f3n<\/a><\/p>\n<\/div>\n\n\n\n<div class=\"wp-block-column\"><\/div>\n<\/div>\n<\/div>\n<\/section>\n","protected":false},"excerpt":{"rendered":"<p>La Comisi\u00f3n dirige y coordina las actividades en materia de normalizaci\u00f3n, estandarizaci\u00f3n, evaluaci\u00f3n de la conformidad y metrolog\u00eda.<\/p>\n","protected":false},"author":4,"featured_media":0,"parent":0,"menu_order":0,"comment_status":"closed","ping_status":"closed","template":"","meta":{"_links_to":"","_links_to_target":""},"yoast_head":"<!-- This site is optimized with the Yoast SEO plugin v21.5 - https:\/\/yoast.com\/wordpress\/plugins\/seo\/ -->\n<title>Comisi\u00f3n Nacional de Infraestructura de la Calidad - Sistema Nacional de Infraestructura de la Calidad<\/title>\n<meta name=\"description\" content=\"Conoce c\u00f3mo se conforma la Comisi\u00f3n Nacional de Infraestructura de la Calidad que dirige las tareas de normalizaci\u00f3n, evaluaci\u00f3n de la conformidad y metrolog\u00eda.\" \/>\n<meta name=\"robots\" content=\"index, follow, max-snippet:-1, max-image-preview:large, max-video-preview:-1\" \/>\n<link rel=\"canonical\" href=\"http:\/\/10.100.20.231\/sistema-nacional-de-infraestructura-de-la-calidad\/comision-nacional-de-infraestructura-de-la-calidad\/\" \/>\n<meta property=\"og:locale\" content=\"es_MX\" \/>\n<meta property=\"og:type\" content=\"article\" \/>\n<meta property=\"og:title\" content=\"Comisi\u00f3n Nacional de Infraestructura de la Calidad - Sistema Nacional de Infraestructura de la Calidad\" \/>\n<meta property=\"og:description\" content=\"Conoce c\u00f3mo se conforma la Comisi\u00f3n Nacional de Infraestructura de la Calidad que dirige las tareas de normalizaci\u00f3n, evaluaci\u00f3n de la conformidad y metrolog\u00eda.\" \/>\n<meta property=\"og:url\" content=\"http:\/\/10.100.20.231\/sistema-nacional-de-infraestructura-de-la-calidad\/comision-nacional-de-infraestructura-de-la-calidad\/\" \/>\n<meta property=\"og:site_name\" content=\"Sistema Nacional de Infraestructura de la Calidad\" \/>\n<meta property=\"article:modified_time\" content=\"2024-01-17T19:01:51+00:00\" \/>\n<meta property=\"og:image\" content=\"http:\/\/10.100.20.231\/sistema-nacional-de-infraestructura-de-la-calidad\/wp-content\/uploads\/sites\/7\/2024\/05\/platiica-economia.jpg\" \/>\n\t<meta property=\"og:image:width\" content=\"1200\" \/>\n\t<meta property=\"og:image:height\" content=\"675\" \/>\n\t<meta property=\"og:image:type\" content=\"image\/jpeg\" \/>\n<meta name=\"twitter:card\" content=\"summary_large_image\" \/>\n<meta name=\"twitter:label1\" content=\"Tiempo de lectura\" \/>\n\t<meta name=\"twitter:data1\" content=\"3 minutos\" \/>\n<script type=\"application\/ld+json\" class=\"yoast-schema-graph\">{\"@context\":\"https:\/\/schema.org\",\"@graph\":[{\"@type\":\"WebPage\",\"@id\":\"http:\/\/10.100.20.231\/sistema-nacional-de-infraestructura-de-la-calidad\/comision-nacional-de-infraestructura-de-la-calidad\/\",\"url\":\"http:\/\/10.100.20.231\/sistema-nacional-de-infraestructura-de-la-calidad\/comision-nacional-de-infraestructura-de-la-calidad\/\",\"name\":\"Comisi\u00f3n Nacional de Infraestructura de la Calidad - Sistema Nacional de Infraestructura de la Calidad\",\"isPartOf\":{\"@id\":\"http:\/\/10.100.20.231\/sistema-nacional-de-infraestructura-de-la-calidad\/#website\"},\"datePublished\":\"2022-08-29T13:12:38+00:00\",\"dateModified\":\"2024-01-17T19:01:51+00:00\",\"description\":\"Conoce c\u00f3mo se conforma la Comisi\u00f3n Nacional de Infraestructura de la Calidad que dirige las tareas de normalizaci\u00f3n, evaluaci\u00f3n de la conformidad y metrolog\u00eda.\",\"breadcrumb\":{\"@id\":\"http:\/\/10.100.20.231\/sistema-nacional-de-infraestructura-de-la-calidad\/comision-nacional-de-infraestructura-de-la-calidad\/#breadcrumb\"},\"inLanguage\":\"es-MX\",\"potentialAction\":[{\"@type\":\"ReadAction\",\"target\":[\"http:\/\/10.100.20.231\/sistema-nacional-de-infraestructura-de-la-calidad\/comision-nacional-de-infraestructura-de-la-calidad\/\"]}]},{\"@type\":\"BreadcrumbList\",\"@id\":\"http:\/\/10.100.20.231\/sistema-nacional-de-infraestructura-de-la-calidad\/comision-nacional-de-infraestructura-de-la-calidad\/#breadcrumb\",\"itemListElement\":[{\"@type\":\"ListItem\",\"position\":1,\"name\":\"Inicio\",\"item\":\"http:\/\/10.100.20.231\/sistema-nacional-de-infraestructura-de-la-calidad\/\"},{\"@type\":\"ListItem\",\"position\":2,\"name\":\"Comisi\u00f3n Nacional de Infraestructura de la Calidad\"}]},{\"@type\":\"WebSite\",\"@id\":\"http:\/\/10.100.20.231\/sistema-nacional-de-infraestructura-de-la-calidad\/#website\",\"url\":\"http:\/\/10.100.20.231\/sistema-nacional-de-infraestructura-de-la-calidad\/\",\"name\":\"Sistema Nacional de Infraestructura de la Calidad\",\"description\":\"\",\"publisher\":{\"@id\":\"http:\/\/10.100.20.231\/sistema-nacional-de-infraestructura-de-la-calidad\/#organization\"},\"potentialAction\":[{\"@type\":\"SearchAction\",\"target\":{\"@type\":\"EntryPoint\",\"urlTemplate\":\"http:\/\/10.100.20.231\/sistema-nacional-de-infraestructura-de-la-calidad\/?s={search_term_string}\"},\"query-input\":\"required name=search_term_string\"}],\"inLanguage\":\"es-MX\"},{\"@type\":\"Organization\",\"@id\":\"http:\/\/10.100.20.231\/sistema-nacional-de-infraestructura-de-la-calidad\/#organization\",\"name\":\"Sistema Nacional de Infraestructura de la Calidad\",\"url\":\"http:\/\/10.100.20.231\/sistema-nacional-de-infraestructura-de-la-calidad\/\",\"logo\":{\"@type\":\"ImageObject\",\"inLanguage\":\"es-MX\",\"@id\":\"http:\/\/10.100.20.231\/sistema-nacional-de-infraestructura-de-la-calidad\/#\/schema\/logo\/image\/\",\"url\":\"http:\/\/10.100.20.231\/sistema-nacional-de-infraestructura-de-la-calidad\/wp-content\/uploads\/sites\/7\/2021\/10\/logo-gobierno-mexico.svg\",\"contentUrl\":\"http:\/\/10.100.20.231\/sistema-nacional-de-infraestructura-de-la-calidad\/wp-content\/uploads\/sites\/7\/2021\/10\/logo-gobierno-mexico.svg\",\"width\":123,\"height\":36,\"caption\":\"Sistema Nacional de Infraestructura de la Calidad\"},\"image\":{\"@id\":\"http:\/\/10.100.20.231\/sistema-nacional-de-infraestructura-de-la-calidad\/#\/schema\/logo\/image\/\"}}]}<\/script>\n<!-- \/ Yoast SEO plugin. -->","yoast_head_json":{"title":"Comisi\u00f3n Nacional de Infraestructura de la Calidad - Sistema Nacional de Infraestructura de la Calidad","description":"Conoce c\u00f3mo se conforma la Comisi\u00f3n Nacional de Infraestructura de la Calidad que dirige las tareas de normalizaci\u00f3n, evaluaci\u00f3n de la conformidad y metrolog\u00eda.","robots":{"index":"index","follow":"follow","max-snippet":"max-snippet:-1","max-image-preview":"max-image-preview:large","max-video-preview":"max-video-preview:-1"},"canonical":"http:\/\/10.100.20.231\/sistema-nacional-de-infraestructura-de-la-calidad\/comision-nacional-de-infraestructura-de-la-calidad\/","og_locale":"es_MX","og_type":"article","og_title":"Comisi\u00f3n Nacional de Infraestructura de la Calidad - Sistema Nacional de Infraestructura de la Calidad","og_description":"Conoce c\u00f3mo se conforma la Comisi\u00f3n Nacional de Infraestructura de la Calidad que dirige las tareas de normalizaci\u00f3n, evaluaci\u00f3n de la conformidad y metrolog\u00eda.","og_url":"http:\/\/10.100.20.231\/sistema-nacional-de-infraestructura-de-la-calidad\/comision-nacional-de-infraestructura-de-la-calidad\/","og_site_name":"Sistema Nacional de Infraestructura de la Calidad","article_modified_time":"2024-01-17T19:01:51+00:00","og_image":[{"width":1200,"height":675,"url":"http:\/\/10.100.20.231\/sistema-nacional-de-infraestructura-de-la-calidad\/wp-content\/uploads\/sites\/7\/2024\/05\/platiica-economia.jpg","type":"image\/jpeg"}],"twitter_card":"summary_large_image","twitter_misc":{"Tiempo de lectura":"3 minutos"},"schema":{"@context":"https:\/\/schema.org","@graph":[{"@type":"WebPage","@id":"http:\/\/10.100.20.231\/sistema-nacional-de-infraestructura-de-la-calidad\/comision-nacional-de-infraestructura-de-la-calidad\/","url":"http:\/\/10.100.20.231\/sistema-nacional-de-infraestructura-de-la-calidad\/comision-nacional-de-infraestructura-de-la-calidad\/","name":"Comisi\u00f3n Nacional de Infraestructura de la Calidad - Sistema Nacional de Infraestructura de la Calidad","isPartOf":{"@id":"http:\/\/10.100.20.231\/sistema-nacional-de-infraestructura-de-la-calidad\/#website"},"datePublished":"2022-08-29T13:12:38+00:00","dateModified":"2024-01-17T19:01:51+00:00","description":"Conoce c\u00f3mo se conforma la Comisi\u00f3n Nacional de Infraestructura de la Calidad que dirige las tareas de normalizaci\u00f3n, evaluaci\u00f3n de la conformidad y metrolog\u00eda.","breadcrumb":{"@id":"http:\/\/10.100.20.231\/sistema-nacional-de-infraestructura-de-la-calidad\/comision-nacional-de-infraestructura-de-la-calidad\/#breadcrumb"},"inLanguage":"es-MX","potentialAction":[{"@type":"ReadAction","target":["http:\/\/10.100.20.231\/sistema-nacional-de-infraestructura-de-la-calidad\/comision-nacional-de-infraestructura-de-la-calidad\/"]}]},{"@type":"BreadcrumbList","@id":"http:\/\/10.100.20.231\/sistema-nacional-de-infraestructura-de-la-calidad\/comision-nacional-de-infraestructura-de-la-calidad\/#breadcrumb","itemListElement":[{"@type":"ListItem","position":1,"name":"Inicio","item":"http:\/\/10.100.20.231\/sistema-nacional-de-infraestructura-de-la-calidad\/"},{"@type":"ListItem","position":2,"name":"Comisi\u00f3n Nacional de Infraestructura de la Calidad"}]},{"@type":"WebSite","@id":"http:\/\/10.100.20.231\/sistema-nacional-de-infraestructura-de-la-calidad\/#website","url":"http:\/\/10.100.20.231\/sistema-nacional-de-infraestructura-de-la-calidad\/","name":"Sistema Nacional de Infraestructura de la Calidad","description":"","publisher":{"@id":"http:\/\/10.100.20.231\/sistema-nacional-de-infraestructura-de-la-calidad\/#organization"},"potentialAction":[{"@type":"SearchAction","target":{"@type":"EntryPoint","urlTemplate":"http:\/\/10.100.20.231\/sistema-nacional-de-infraestructura-de-la-calidad\/?s={search_term_string}"},"query-input":"required name=search_term_string"}],"inLanguage":"es-MX"},{"@type":"Organization","@id":"http:\/\/10.100.20.231\/sistema-nacional-de-infraestructura-de-la-calidad\/#organization","name":"Sistema Nacional de Infraestructura de la Calidad","url":"http:\/\/10.100.20.231\/sistema-nacional-de-infraestructura-de-la-calidad\/","logo":{"@type":"ImageObject","inLanguage":"es-MX","@id":"http:\/\/10.100.20.231\/sistema-nacional-de-infraestructura-de-la-calidad\/#\/schema\/logo\/image\/","url":"http:\/\/10.100.20.231\/sistema-nacional-de-infraestructura-de-la-calidad\/wp-content\/uploads\/sites\/7\/2021\/10\/logo-gobierno-mexico.svg","contentUrl":"http:\/\/10.100.20.231\/sistema-nacional-de-infraestructura-de-la-calidad\/wp-content\/uploads\/sites\/7\/2021\/10\/logo-gobierno-mexico.svg","width":123,"height":36,"caption":"Sistema Nacional de Infraestructura de la Calidad"},"image":{"@id":"http:\/\/10.100.20.231\/sistema-nacional-de-infraestructura-de-la-calidad\/#\/schema\/logo\/image\/"}}]}},"_links":{"self":[{"href":"http:\/\/10.100.20.231\/sistema-nacional-de-infraestructura-de-la-calidad\/wp-json\/wp\/v2\/pages\/34973"}],"collection":[{"href":"http:\/\/10.100.20.231\/sistema-nacional-de-infraestructura-de-la-calidad\/wp-json\/wp\/v2\/pages"}],"about":[{"href":"http:\/\/10.100.20.231\/sistema-nacional-de-infraestructura-de-la-calidad\/wp-json\/wp\/v2\/types\/page"}],"author":[{"embeddable":true,"href":"http:\/\/10.100.20.231\/sistema-nacional-de-infraestructura-de-la-calidad\/wp-json\/wp\/v2\/users\/4"}],"replies":[{"embeddable":true,"href":"http:\/\/10.100.20.231\/sistema-nacional-de-infraestructura-de-la-calidad\/wp-json\/wp\/v2\/comments?post=34973"}],"version-history":[{"count":0,"href":"http:\/\/10.100.20.231\/sistema-nacional-de-infraestructura-de-la-calidad\/wp-json\/wp\/v2\/pages\/34973\/revisions"}],"wp:attachment":[{"href":"http:\/\/10.100.20.231\/sistema-nacional-de-infraestructura-de-la-calidad\/wp-json\/wp\/v2\/media?parent=34973"}],"curies":[{"name":"wp","href":"https:\/\/api.w.org\/{rel}","templated":true}]}}