{"id":60693,"date":"2022-08-29T19:40:06","date_gmt":"2022-08-30T00:40:06","guid":{"rendered":"http:\/\/10.100.20.231\/verificacion-y-vigilancia-del-cumplimento-de-normas-oficiales-mexicanas-y-estandares\/?page_id=60693"},"modified":"2025-03-12T09:14:07","modified_gmt":"2025-03-12T15:14:07","slug":"vigilancia","status":"publish","type":"page","link":"http:\/\/10.100.20.231\/verificacion-y-vigilancia\/vigilancia\/","title":{"rendered":"Vigilancia de las Entidades de Acreditaci\u00f3n y los Organismos de Evaluaci\u00f3n de la Conformidad"},"content":{"rendered":"\n<div class=\"wp-container-2 wp-block-group alignfull barra intro-interior\">\n<div class=\"wp-block-columns\">\n<div class=\"wp-block-column\" style=\"flex-basis:66.66%\">\n<div class=\"wp-container-1 wp-block-group yoast-breadcrumbs\">\n<p><a href=\"https:\/\/platiica.economia.gob.mx\/\">Inicio<\/a> &gt; <a href=\"https:\/\/platiica.economia.gob.mx\/verificacion-y-vigilancia\/\" data-type=\"page\" data-id=\"116\">Verificaci\u00f3n, vigilancia, vigilancia del mercado, sanciones, multas, recursos y reclamaciones<\/a> &gt; <strong><strong><strong><strong><strong><strong><strong><strong><strong><strong>Vigilancia<\/strong><\/strong><\/strong><\/strong><\/strong><\/strong><\/strong><\/strong><\/strong><\/strong><\/p>\n<\/div>\n\n\n\n<p class=\"regresar\"><a href=\"https:\/\/e.economia.gob.mx\/estructura\/#organismos-administrativos-desconcentrados\">Regresar<\/a><\/p>\n<\/div>\n\n\n\n<div class=\"wp-block-column\" style=\"flex-basis:33.33%\"><\/div>\n<\/div>\n<\/div>\n\n\n\n<div class=\"wp-container-11 wp-block-group alignfull barra\">\n<div class=\"wp-block-columns\">\n<div class=\"wp-block-column\" style=\"flex-basis:66.66%\">\n<h1 style=\"margin-bottom:100px\">Vigilancias a Entidades de Acreditaci\u00f3n y Organismos de Evaluaci\u00f3n de la Conformidad<\/h1>\n\n\n\n<p>La vigilancia es la actividad que realizan las autoridades competentes para corroborar que las <a href=\"https:\/\/platiica.economia.gob.mx\/evaluacion-de-la-conformidad\/entidades-de-acreditacion\/\">Entidades de Acreditaci\u00f3n<\/a> y los <a href=\"https:\/\/platiica.economia.gob.mx\/evaluacion-de-la-conformidad\/organismos-de-evaluacion-de-la-conformidad\/\">Organismos de Evaluaci\u00f3n de la Conformidad<\/a> realizan sus actividades en apego a la Ley de Infraestructura de la Calidad.<\/p>\n\n\n\n<h2>Resultados de vigilancias<\/h2>\n\n\n\n<div id=\"ema\" class=\"wp-container-3 wp-block-group\">\n<h3>Entidad Mexicana de Acreditaci\u00f3n, A.C. (EMA)<\/h3>\n\n\n\n<h4>Alcance de la vigilancia<\/h4>\n\n\n\n<ul><li>Disposiciones que en la materia prev\u00e9 la Ley de Infraestructura de la Calidad.<\/li><li>Disposiciones que en la materia prev\u00e9 el Reglamento de la Ley Federal sobre Metrolog\u00eda y Normalizaci\u00f3n en concordancia con el art\u00edculo TERCERO Transitorio de la Ley de Infraestructura de la Calidad.<\/li><li>Observancia de la Norma Mexicana NMX-EC-17011-IMNC-2018 \/ ISO\/IEC 17011:2017, \u201cEvaluaci\u00f3n de la Conformidad-Requisitos para los organismos de acreditaci\u00f3n que realizan la acreditaci\u00f3n de organismos de evaluaci\u00f3n de la conformidad (Cancelar\u00e1 a la NMX-EC-17011-IMNC-2005)\u201d.<\/li><li>Procesos de evaluaci\u00f3n y acreditaci\u00f3n de organismos de certificaci\u00f3n (en todos los esquemas).<\/li><li>Procesos de evaluaci\u00f3n y acreditaci\u00f3n de unidades de inspecci\u00f3n (en todos los esquemas o materias).<\/li><li>Procesos de evaluaci\u00f3n y acreditaci\u00f3n de laboratorios de ensayos (en todos los esquemas o ramas)<\/li><li>Procesos de evaluaci\u00f3n y acreditaci\u00f3n de laboratorios de calibraci\u00f3n o medici\u00f3n (en todos los esquemas o \u00e1reas)<\/li><li>Procesos de evaluaci\u00f3n y acreditaci\u00f3n de proveedores de ensayos de aptitud.<\/li><li>Otros esquemas de acreditaci\u00f3n o servicios.<\/li><li>Sistema de Gesti\u00f3n de la Calidad implementado por la EMA.<\/li><\/ul>\n\n\n\n<h4>Fecha de la vigilancia<\/h4>\n\n\n\n<p>Del 3 al 7 de julio de 2023<\/p>\n\n\n\n<h4>Entidad federativa<\/h4>\n\n\n\n<p>Ciudad de M\u00e9xico<\/p>\n\n\n\n<h4>Municipio<\/h4>\n\n\n\n<p>Miguel Hidalgo<\/p>\n\n\n\n<h4>Estado de cumplimiento<\/h4>\n\n\n\n<p>Cumple<\/p>\n\n\n\n<h4>Unidad administrativa<\/h4>\n\n\n\n<p>Direcci\u00f3n General de Normas<\/p>\n<\/div>\n\n\n\n<div style=\"height:30px\" aria-hidden=\"true\" class=\"wp-block-spacer\"><\/div>\n\n\n\n<div id=\"maac\" class=\"wp-container-4 wp-block-group\">\n<h3>Mexicana de Acreditaci\u00f3n, MAAC A.C. (MAAC)<\/h3>\n\n\n\n<h4>Alcance de la vigilancia<\/h4>\n\n\n\n<ul><li>Disposiciones que en la materia prev\u00e9 la Ley de Infraestructura de la Calidad.<\/li><li>Disposiciones que en la materia prev\u00e9 el Reglamento de la Ley Federal sobre Metrolog\u00eda y Normalizaci\u00f3n en concordancia con los art\u00edculos Tercero, Quinto, Sexto y Noveno Transitorios de la Ley de Infraestructura de la Calidad.<\/li><li>Observancia de la Norma Mexicana NMX-EC-17011-IMNC-2018 \/ ISO\/IEC 17011:2017, \u201cEvaluaci\u00f3n de la Conformidad-Requisitos para los organismos de acreditaci\u00f3n que realizan la acreditaci\u00f3n de organismos de evaluaci\u00f3n de la conformidad (Cancelar\u00e1 a la NMX-EC-17011-IMNC-2005)\u201d.<\/li><li>Procesos de evaluaci\u00f3n y acreditaci\u00f3n de Organismos de Certificaci\u00f3n de Sistemas de Gesti\u00f3n conforme a la Norma Mexicana NMX-EC-17021-1-IMNC-2016 (ISO\/IEC 17021-1:2015), en espec\u00edfico para aquellos que brindan servicios de certificaci\u00f3n de sistemas de gesti\u00f3n mediante las normas mexicanas siguientes:<\/li><\/ul>\n\n\n\n<ol><li>NMX-CC-9001-IMNC-2015 \/ ISO 9001:2015, Sistemas de gesti\u00f3n de la calidad-Requisitos (cancela a la NMX-CC-9001-IMNC-2008, Sistemas de gesti\u00f3n de calidad-Requisitos).<\/li><li>NMX-SAA-14001-IMNC-2015 \/ ISO 14001:2015, Sistemas de gesti\u00f3n ambiental-Requisitos con orientaci\u00f3n para su uso (Cancela a la NMX-SAA-14001-IMNC-2004).<\/li><li>NMX-SAST-45001-IMNC-2018 \/ ISO 45001:2018, Sistemas de gesti\u00f3n de la seguridad y salud en el trabajo-Requisitos con orientaci\u00f3n para su uso.<br>Procesos de evaluaci\u00f3n y acreditaci\u00f3n de Unidades de Inspecci\u00f3n conforme a la Norma Mexicana NMX-EC-17020-IMNC-2014 \/ ISO\/IEC 17020:2012, Evaluaci\u00f3n de la conformidad-Requisitos para el funcionamiento de diferentes tipos de unidades (Organismos) que realizan la verificaci\u00f3n (Inspecci\u00f3n) (Cancela a la NMX-EC-17020-IMNC-2000).&#8221;<\/li><\/ol>\n\n\n\n<ul><li>Procesos de evaluaci\u00f3n y acreditaci\u00f3n de Laboratorios de Ensayo y Calibraci\u00f3n, conforme a la Norma Mexicana NMX-EC-17025-IMNC-2018 \/ ISO\/IEC 17025:2017, &#8220;Requisitos generales para la competencia de los laboratorios de ensayo y calibraci\u00f3n (Cancelar\u00e1 a la NMX-EC-17025-IMNC-2006).&#8221;<\/li><li>Procesos de evaluaci\u00f3n y acreditaci\u00f3n de Organismos de Certificaci\u00f3n de Producto, conforme a la Norma Mexicana NMX-EC-17065-IMNC-2014 \/ ISO\/IEC 17065:2012, &#8220;Evaluaci\u00f3n de la conformidad-Requisitos para organismos que certifican productos, procesos y servicios (Cancela a la NMX-EC-065-IMNC-2000).&#8221;<br>Procesos de evaluaci\u00f3n y acreditaci\u00f3n de la norma internacional ISO 21001:2018 &#8220;Organizaciones educativas-Sistemas de gesti\u00f3n para organizaciones educativas-Requisitos con orientaci\u00f3n para su uso.&#8221;<\/li><li>Procesos de evaluaci\u00f3n y acreditaci\u00f3n de la norma internacional ISO 37001:2016 &#8220;Sistemas de gesti\u00f3n antisoborno-Requisitos con orientaci\u00f3n para su uso.&#8221;<\/li><li>Procesos de evaluaci\u00f3n y acreditaci\u00f3n de la norma internacional ISO 37301:2021 &#8220;Sistemas de gesti\u00f3n de compliance-Requisitos con orientaci\u00f3n para su uso.&#8221;<br>Sistema de Gesti\u00f3n de la Calidad implementado por MAAC.<\/li><\/ul>\n\n\n\n<h4>Fecha de la vigilancia<\/h4>\n\n\n\n<p>Del 1 al 3 de agosto de 2023<\/p>\n\n\n\n<h4>Entidad federativa<\/h4>\n\n\n\n<p>Ciudad de M\u00e9xico<\/p>\n\n\n\n<h4>Municipio<\/h4>\n\n\n\n<p>Cuauht\u00e9moc<\/p>\n\n\n\n<h4>Estado de cumplimiento<\/h4>\n\n\n\n<p>Cumple<\/p>\n\n\n\n<h4>Unidad administrativa<\/h4>\n\n\n\n<p>Direcci\u00f3n General de Normas<\/p>\n<\/div>\n\n\n\n<div style=\"height:30px\" aria-hidden=\"true\" class=\"wp-block-spacer\"><\/div>\n\n\n\n<div id=\"crt\" class=\"wp-container-5 wp-block-group\">\n<h3>Consejo Regulador del Tequila, A.C. (CRT)<\/h3>\n\n\n\n<h4>Alcance de la vigilancia<\/h4>\n\n\n\n<ul><li>Disposiciones que en la materia prev\u00e9 la Ley de Infraestructura de la Calidad.<\/li><li>Disposiciones que en la materia prev\u00e9 el Reglamento de la Ley Federal sobre Metrolog\u00eda y Normalizaci\u00f3n en concordancia con el art\u00edculo TERCERO Transitorio de la Ley de Infraestructura de la Calidad.<\/li><li>Observancia de la Norma Mexicana NMX-EC-17065-IMNC-2014 \/ ISO\/IEC 17065:2012, \u201cEvaluaci\u00f3n de la conformidad-Requisitos para organismos que certifican productos, procesos y servicios (cancela a la NMX-EC-065-IMNC-2000)\u201d.<\/li><li>Observancia de la Norma Mexicana NMX-EC-17020-IMNC-2014 \/ ISO\/IEC 17020:2012, \u201cEvaluaci\u00f3n de la ConformidadRequisitos para el funcionamiento de diferentes tipos de unidades (organismos) que realizan la verificaci\u00f3n (inspecci\u00f3n) (cancela a la NMX-EC-17020-IMNC-2000)\u201d.<\/li><li>Procesos que lleva a cabo el Organismo de Certificaci\u00f3n de Producto para evaluar la conformidad de la NOM-006-SCFI-2012, Bebidas alcoh\u00f3licas-Tequila-Especificaciones.<\/li><li>Procesos que lleva a cabo la Unidad de Inspecci\u00f3n para evaluar la conformidad de la NOM-006-SCFI-2012, Bebidas alcoh\u00f3licas-Tequila-Especificaciones y Norma Mexicana NMX-V-049-NORMEX-2004, Bebidas alcoh\u00f3licas-Bebidas alcoh\u00f3licas que contienen tequila-Denominaci\u00f3n, etiquetado y especificaciones.<\/li><\/ul>\n\n\n\n<h4>Fecha de la vigilancia<\/h4>\n\n\n\n<p>Del 27 al 28 de septiembre de 2023<\/p>\n\n\n\n<h4>Entidad federativa<\/h4>\n\n\n\n<p>Jalisco<\/p>\n\n\n\n<h4>Municipio<\/h4>\n\n\n\n<p>Zapopan<\/p>\n\n\n\n<h4>Estado de cumplimiento<\/h4>\n\n\n\n<p>Cumple<\/p>\n\n\n\n<h4>Unidad administrativa<\/h4>\n\n\n\n<p>Direcci\u00f3n General de Normas<\/p>\n<\/div>\n\n\n\n<div style=\"height:30px\" aria-hidden=\"true\" class=\"wp-block-spacer\"><\/div>\n\n\n\n<div id=\"nyce\" class=\"wp-container-6 wp-block-group\">\n<h3>Normalizaci\u00f3n y Certificaci\u00f3n NYCE, S.C.<\/h3>\n\n\n\n<h4>Alcance de la vigilancia<\/h4>\n\n\n\n<ul><li>Art\u00edculo 56 de la Ley de Infraestructura de la Calidad.<\/li><li>Reglamento de la Ley Federal sobre Metrolog\u00eda y Normalizaci\u00f3n, en relaci\u00f3n con los Transitorios Tercero, Quinto, Sexto y Noveno de la Ley de Infraestructura de la Calidad.<\/li><li>Norma Mexicana NMX-EC-17065-IMNC-2014 \/ ISO\/IEC 17065:2012, \u201cEvaluaci\u00f3n de la conformidad-Requisitos para organismos que certifican productos, procesos y servicios (cancela a la NMX-EC-065-IMNC-2000)\u201d.<\/li><li>Norma Mexicana NMX-EC-17020-IMNC-2014 \/ ISO\/IEC 17020:2012, \u201cEvaluaci\u00f3n de la ConformidadRequisitos para el funcionamiento de diferentes tipos de unidades (organismos) que realizan la verificaci\u00f3n (inspecci\u00f3n) (cancela a la NMX-EC-17020-IMNC-2000)\u201d.<\/li><li>Procesos que lleva a cabo en el alcance de la aprobaci\u00f3n que ostenta como Organismo de Certificaci\u00f3n de Producto para evaluar la conformidad de las Normas Oficiales Mexicanas NOM-001-SCFI-2018, \u201cAparatos electr\u00f3nicos-Requisitos de seguridad y m\u00e9todos de prueba (cancela a la NOM-001-SCFI-1998)\u201d, NOM-003-SCFI-2014, \u201cProductos el\u00e9ctricos-Especificaciones de seguridad\u201d; NOM-086-SCFI-2018, \u201cIndustria hulera-Llantas nuevas de construcci\u00f3n radial que son empleadas para cualquier veh\u00edculo automotor con un peso bruto igual o menor a 4 536 kg (10 000 lb) o llantas de construcci\u00f3n radial que excedan un peso bruto vehicular de 4 536 kg (10 000 lb) y cuyo s\u00edmbolo de velocidad sea T, H, V, W, Y, XEspecificaciones de seguridad y m\u00e9todos de prueba (cancela a la NOM-086-SCFI-2010)\u201d; y NOM-086\/1-SCFI-2011, \u201cIndustria hulera-Llantas nuevas, de construcci\u00f3n radial que son empleadas en veh\u00edculos con un peso bruto vehicular superior a 4 536 kg (1000 lb) y llantas de construcci\u00f3n diagonal de cualquier capacidad de carga-Especificaciones de seguridad y m\u00e9todos de prueba.\u201d<\/li><li>Procesos que lleva a cabo en el alcance de la aprobaci\u00f3n que ostenta como Unidad de Inspecci\u00f3n para evaluar la conformidad de las Normas Oficiales Mexicanas: NOM-004-SE-2021, \u201cInformaci\u00f3n comercial-Etiquetado de productos textiles, prendas de vestir, sus accesorios y ropa de casa (cancela a la NOM-004-SCFI-2006)\u201d; NOM-024-SCFI-2013, \u201cInformaci\u00f3n comercial para empaques, instructivos y garant\u00edas de los productos electr\u00f3nicos, el\u00e9ctricos y electrodom\u00e9sticos\u201d; NOM-050-SCFI-2004, \u201cInformaci\u00f3n comercial-Etiquetado general de productos\u201d, Modificaci\u00f3n a la Norma Oficial Mexicana NOM-051-SCFI\/SSA1-210, \u201cEspecificaciones generales de etiquetado para alimentos y bebidas no alcoh\u00f3licas preenvasados-Informaci\u00f3n comercial y sanitaria, publicada en el 5 de abril de 2010\u201d, NOM-142-SSA1\/SCFI-2014, \u201cBebidas alcoh\u00f3licas. Especificaciones sanitarias. Etiquetado sanitario y comercial\u201d; NOM-186-SSA1\/SCFI-2013, \u201cCacao, chocolate y productos similares, y derivados del cacao. Especificaciones sanitarias. Denominaci\u00f3n comercial. M\u00e9todos de prueba\u201d; y NOM-194-SE-2021 \u201cDispositivos de seguridad para veh\u00edculos ligeros nuevos-Requisitos y especificaciones. (Cancela a la NOM-194-SCFI-2015 publicada el 9 de mayo de 2016)\u201d.<\/li><li>Sistema de Gesti\u00f3n de la Calidad implementado por Normalizaci\u00f3n y Certificaci\u00f3n NYCE, S.C.<\/li><\/ul>\n\n\n\n<h4>Fecha de la vigilancia<\/h4>\n\n\n\n<p>Del 12 al 14 de marzo de 2024<\/p>\n\n\n\n<h4>Entidad federativa<\/h4>\n\n\n\n<p>Ciudad de M\u00e9xico<\/p>\n\n\n\n<h4>Municipio<\/h4>\n\n\n\n<p>Miguel Hidalgo<\/p>\n\n\n\n<h4>Estado de cumplimiento<\/h4>\n\n\n\n<p>Cumple<\/p>\n\n\n\n<h4>Unidad administrativa<\/h4>\n\n\n\n<p>Direcci\u00f3n General de Normas<\/p>\n<\/div>\n\n\n\n<div style=\"height:50px\" aria-hidden=\"true\" class=\"wp-block-spacer espacio-50\"><\/div>\n\n\n\n<div class=\"wp-container-9 wp-block-query glosario-indice\">\n\n\n<div style=\"height:100px\" aria-hidden=\"true\" class=\"wp-block-spacer\"><\/div>\n\n\n<\/div>\n\n\n\n<div class=\"wp-container-10 wp-block-group adicional\">\n<p><strong>Te puede interesar:<\/strong><\/p>\n\n\n\n<p><a href=\"https:\/\/platiica.economia.gob.mx\/normalizacion\/catalogo-mexicano-de-normas\/\">&gt; Cat\u00e1logo Mexicano de Normas<\/a><\/p>\n\n\n\n<p><a href=\"https:\/\/platiica.economia.gob.mx\/estandarizacion\/catalogo-mexicano-de-estandares\/\">&gt; Cat\u00e1logo Mexicano de Est\u00e1ndares<\/a><\/p>\n\n\n\n<p><\/p>\n<\/div>\n<\/div>\n<\/div>\n<\/div>\n","protected":false},"excerpt":{"rendered":"<p>Conoce en qu\u00e9 consisten las actividades de vigilancia de las entidades de acreditaci\u00f3n, organismos de evaluaci\u00f3n y del mercado, y revisa sus resultados.<\/p>\n","protected":false},"author":1,"featured_media":0,"parent":0,"menu_order":0,"comment_status":"closed","ping_status":"closed","template":"","meta":{"_links_to":"","_links_to_target":""},"yoast_head":"<!-- This site is optimized with the Yoast SEO plugin v21.5 - https:\/\/yoast.com\/wordpress\/plugins\/seo\/ -->\n<title>Vigilancia de las Entidades de Acreditaci\u00f3n y los Organismos de Evaluaci\u00f3n de la Conformidad - Verificaci\u00f3n, vigilancia y vigilancia del mercado<\/title>\n<meta name=\"description\" content=\"Conoce en qu\u00e9 consisten las actividades de vigilancia de las entidades de acreditaci\u00f3n, organismos de evaluaci\u00f3n y del mercado, y revisa sus resultados.\" \/>\n<meta name=\"robots\" content=\"index, follow, max-snippet:-1, max-image-preview:large, max-video-preview:-1\" \/>\n<link rel=\"canonical\" href=\"http:\/\/10.100.20.231\/verificacion-y-vigilancia\/vigilancia\/\" \/>\n<meta property=\"og:locale\" content=\"es_MX\" \/>\n<meta property=\"og:type\" content=\"article\" \/>\n<meta property=\"og:title\" content=\"Vigilancia de las Entidades de Acreditaci\u00f3n y los Organismos de Evaluaci\u00f3n de la Conformidad - Verificaci\u00f3n, vigilancia y vigilancia del mercado\" \/>\n<meta property=\"og:description\" content=\"Conoce en qu\u00e9 consisten las actividades de vigilancia de las entidades de acreditaci\u00f3n, organismos de evaluaci\u00f3n y del mercado, y revisa sus resultados.\" \/>\n<meta property=\"og:url\" content=\"http:\/\/10.100.20.231\/verificacion-y-vigilancia\/vigilancia\/\" \/>\n<meta property=\"og:site_name\" content=\"Verificaci\u00f3n, vigilancia y vigilancia del mercado\" \/>\n<meta property=\"article:modified_time\" content=\"2025-03-12T15:14:07+00:00\" \/>\n<meta property=\"og:image\" content=\"http:\/\/10.100.20.231\/verificacion-y-vigilancia\/wp-content\/uploads\/sites\/6\/2024\/05\/platiica-economia.jpg\" \/>\n\t<meta property=\"og:image:width\" content=\"1200\" \/>\n\t<meta property=\"og:image:height\" content=\"675\" \/>\n\t<meta property=\"og:image:type\" content=\"image\/jpeg\" \/>\n<meta name=\"twitter:card\" content=\"summary_large_image\" \/>\n<meta name=\"twitter:label1\" content=\"Tiempo de lectura\" \/>\n\t<meta name=\"twitter:data1\" content=\"1 minuto\" \/>\n<script type=\"application\/ld+json\" class=\"yoast-schema-graph\">{\"@context\":\"https:\/\/schema.org\",\"@graph\":[{\"@type\":\"WebPage\",\"@id\":\"http:\/\/10.100.20.231\/verificacion-y-vigilancia\/vigilancia\/\",\"url\":\"http:\/\/10.100.20.231\/verificacion-y-vigilancia\/vigilancia\/\",\"name\":\"Vigilancia de las Entidades de Acreditaci\u00f3n y los Organismos de Evaluaci\u00f3n de la Conformidad - Verificaci\u00f3n, vigilancia y vigilancia del mercado\",\"isPartOf\":{\"@id\":\"http:\/\/10.100.20.231\/verificacion-y-vigilancia\/#website\"},\"datePublished\":\"2022-08-30T00:40:06+00:00\",\"dateModified\":\"2025-03-12T15:14:07+00:00\",\"description\":\"Conoce en qu\u00e9 consisten las actividades de vigilancia de las entidades de acreditaci\u00f3n, organismos de evaluaci\u00f3n y del mercado, y revisa sus resultados.\",\"breadcrumb\":{\"@id\":\"http:\/\/10.100.20.231\/verificacion-y-vigilancia\/vigilancia\/#breadcrumb\"},\"inLanguage\":\"es-MX\",\"potentialAction\":[{\"@type\":\"ReadAction\",\"target\":[\"http:\/\/10.100.20.231\/verificacion-y-vigilancia\/vigilancia\/\"]}]},{\"@type\":\"BreadcrumbList\",\"@id\":\"http:\/\/10.100.20.231\/verificacion-y-vigilancia\/vigilancia\/#breadcrumb\",\"itemListElement\":[{\"@type\":\"ListItem\",\"position\":1,\"name\":\"Inicio\",\"item\":\"http:\/\/10.100.20.231\/verificacion-y-vigilancia\/\"},{\"@type\":\"ListItem\",\"position\":2,\"name\":\"Vigilancia de las Entidades de Acreditaci\u00f3n y los Organismos de Evaluaci\u00f3n de la Conformidad\"}]},{\"@type\":\"WebSite\",\"@id\":\"http:\/\/10.100.20.231\/verificacion-y-vigilancia\/#website\",\"url\":\"http:\/\/10.100.20.231\/verificacion-y-vigilancia\/\",\"name\":\"Verificaci\u00f3n, vigilancia y vigilancia del mercado\",\"description\":\"\",\"publisher\":{\"@id\":\"http:\/\/10.100.20.231\/verificacion-y-vigilancia\/#organization\"},\"potentialAction\":[{\"@type\":\"SearchAction\",\"target\":{\"@type\":\"EntryPoint\",\"urlTemplate\":\"http:\/\/10.100.20.231\/verificacion-y-vigilancia\/?s={search_term_string}\"},\"query-input\":\"required name=search_term_string\"}],\"inLanguage\":\"es-MX\"},{\"@type\":\"Organization\",\"@id\":\"http:\/\/10.100.20.231\/verificacion-y-vigilancia\/#organization\",\"name\":\"Verificaci\u00f3n, vigilancia y vigilancia del mercado\",\"url\":\"http:\/\/10.100.20.231\/verificacion-y-vigilancia\/\",\"logo\":{\"@type\":\"ImageObject\",\"inLanguage\":\"es-MX\",\"@id\":\"http:\/\/10.100.20.231\/verificacion-y-vigilancia\/#\/schema\/logo\/image\/\",\"url\":\"http:\/\/10.100.20.231\/verificacion-y-vigilancia\/wp-content\/uploads\/sites\/6\/2021\/10\/logo-gobierno-mexico.svg\",\"contentUrl\":\"http:\/\/10.100.20.231\/verificacion-y-vigilancia\/wp-content\/uploads\/sites\/6\/2021\/10\/logo-gobierno-mexico.svg\",\"width\":123,\"height\":36,\"caption\":\"Verificaci\u00f3n, vigilancia y vigilancia del mercado\"},\"image\":{\"@id\":\"http:\/\/10.100.20.231\/verificacion-y-vigilancia\/#\/schema\/logo\/image\/\"}}]}<\/script>\n<!-- \/ Yoast SEO plugin. -->","yoast_head_json":{"title":"Vigilancia de las Entidades de Acreditaci\u00f3n y los Organismos de Evaluaci\u00f3n de la Conformidad - Verificaci\u00f3n, vigilancia y vigilancia del mercado","description":"Conoce en qu\u00e9 consisten las actividades de vigilancia de las entidades de acreditaci\u00f3n, organismos de evaluaci\u00f3n y del mercado, y revisa sus resultados.","robots":{"index":"index","follow":"follow","max-snippet":"max-snippet:-1","max-image-preview":"max-image-preview:large","max-video-preview":"max-video-preview:-1"},"canonical":"http:\/\/10.100.20.231\/verificacion-y-vigilancia\/vigilancia\/","og_locale":"es_MX","og_type":"article","og_title":"Vigilancia de las Entidades de Acreditaci\u00f3n y los Organismos de Evaluaci\u00f3n de la Conformidad - Verificaci\u00f3n, vigilancia y vigilancia del mercado","og_description":"Conoce en qu\u00e9 consisten las actividades de vigilancia de las entidades de acreditaci\u00f3n, organismos de evaluaci\u00f3n y del mercado, y revisa sus resultados.","og_url":"http:\/\/10.100.20.231\/verificacion-y-vigilancia\/vigilancia\/","og_site_name":"Verificaci\u00f3n, vigilancia y vigilancia del mercado","article_modified_time":"2025-03-12T15:14:07+00:00","og_image":[{"width":1200,"height":675,"url":"http:\/\/10.100.20.231\/verificacion-y-vigilancia\/wp-content\/uploads\/sites\/6\/2024\/05\/platiica-economia.jpg","type":"image\/jpeg"}],"twitter_card":"summary_large_image","twitter_misc":{"Tiempo de lectura":"1 minuto"},"schema":{"@context":"https:\/\/schema.org","@graph":[{"@type":"WebPage","@id":"http:\/\/10.100.20.231\/verificacion-y-vigilancia\/vigilancia\/","url":"http:\/\/10.100.20.231\/verificacion-y-vigilancia\/vigilancia\/","name":"Vigilancia de las Entidades de Acreditaci\u00f3n y los Organismos de Evaluaci\u00f3n de la Conformidad - Verificaci\u00f3n, vigilancia y vigilancia del mercado","isPartOf":{"@id":"http:\/\/10.100.20.231\/verificacion-y-vigilancia\/#website"},"datePublished":"2022-08-30T00:40:06+00:00","dateModified":"2025-03-12T15:14:07+00:00","description":"Conoce en qu\u00e9 consisten las actividades de vigilancia de las entidades de acreditaci\u00f3n, organismos de evaluaci\u00f3n y del mercado, y revisa sus resultados.","breadcrumb":{"@id":"http:\/\/10.100.20.231\/verificacion-y-vigilancia\/vigilancia\/#breadcrumb"},"inLanguage":"es-MX","potentialAction":[{"@type":"ReadAction","target":["http:\/\/10.100.20.231\/verificacion-y-vigilancia\/vigilancia\/"]}]},{"@type":"BreadcrumbList","@id":"http:\/\/10.100.20.231\/verificacion-y-vigilancia\/vigilancia\/#breadcrumb","itemListElement":[{"@type":"ListItem","position":1,"name":"Inicio","item":"http:\/\/10.100.20.231\/verificacion-y-vigilancia\/"},{"@type":"ListItem","position":2,"name":"Vigilancia de las Entidades de Acreditaci\u00f3n y los Organismos de Evaluaci\u00f3n de la Conformidad"}]},{"@type":"WebSite","@id":"http:\/\/10.100.20.231\/verificacion-y-vigilancia\/#website","url":"http:\/\/10.100.20.231\/verificacion-y-vigilancia\/","name":"Verificaci\u00f3n, vigilancia y vigilancia del mercado","description":"","publisher":{"@id":"http:\/\/10.100.20.231\/verificacion-y-vigilancia\/#organization"},"potentialAction":[{"@type":"SearchAction","target":{"@type":"EntryPoint","urlTemplate":"http:\/\/10.100.20.231\/verificacion-y-vigilancia\/?s={search_term_string}"},"query-input":"required name=search_term_string"}],"inLanguage":"es-MX"},{"@type":"Organization","@id":"http:\/\/10.100.20.231\/verificacion-y-vigilancia\/#organization","name":"Verificaci\u00f3n, vigilancia y vigilancia del mercado","url":"http:\/\/10.100.20.231\/verificacion-y-vigilancia\/","logo":{"@type":"ImageObject","inLanguage":"es-MX","@id":"http:\/\/10.100.20.231\/verificacion-y-vigilancia\/#\/schema\/logo\/image\/","url":"http:\/\/10.100.20.231\/verificacion-y-vigilancia\/wp-content\/uploads\/sites\/6\/2021\/10\/logo-gobierno-mexico.svg","contentUrl":"http:\/\/10.100.20.231\/verificacion-y-vigilancia\/wp-content\/uploads\/sites\/6\/2021\/10\/logo-gobierno-mexico.svg","width":123,"height":36,"caption":"Verificaci\u00f3n, vigilancia y vigilancia del mercado"},"image":{"@id":"http:\/\/10.100.20.231\/verificacion-y-vigilancia\/#\/schema\/logo\/image\/"}}]}},"_links":{"self":[{"href":"http:\/\/10.100.20.231\/verificacion-y-vigilancia\/wp-json\/wp\/v2\/pages\/60693"}],"collection":[{"href":"http:\/\/10.100.20.231\/verificacion-y-vigilancia\/wp-json\/wp\/v2\/pages"}],"about":[{"href":"http:\/\/10.100.20.231\/verificacion-y-vigilancia\/wp-json\/wp\/v2\/types\/page"}],"author":[{"embeddable":true,"href":"http:\/\/10.100.20.231\/verificacion-y-vigilancia\/wp-json\/wp\/v2\/users\/1"}],"replies":[{"embeddable":true,"href":"http:\/\/10.100.20.231\/verificacion-y-vigilancia\/wp-json\/wp\/v2\/comments?post=60693"}],"version-history":[{"count":0,"href":"http:\/\/10.100.20.231\/verificacion-y-vigilancia\/wp-json\/wp\/v2\/pages\/60693\/revisions"}],"wp:attachment":[{"href":"http:\/\/10.100.20.231\/verificacion-y-vigilancia\/wp-json\/wp\/v2\/media?parent=60693"}],"curies":[{"name":"wp","href":"https:\/\/api.w.org\/{rel}","templated":true}]}}