{"id":61899,"date":"2023-07-17T17:49:58","date_gmt":"2023-07-17T23:49:58","guid":{"rendered":"http:\/\/10.100.20.231\/verificacion-y-vigilancia-del-cumplimento-de-normas-oficiales-mexicanas-y-estandares\/?page_id=61899"},"modified":"2023-10-25T11:17:43","modified_gmt":"2023-10-25T17:17:43","slug":"vigilancia-del-mercado","status":"publish","type":"page","link":"http:\/\/10.100.20.231\/verificacion-y-vigilancia\/vigilancia-del-mercado\/","title":{"rendered":"Vigilancia del mercado"},"content":{"rendered":"\n<div class=\"wp-container-2 wp-block-group alignfull barra intro-interior\">\n<div class=\"wp-block-columns\">\n<div class=\"wp-block-column\" style=\"flex-basis:66.66%\">\n<div class=\"wp-container-1 wp-block-group yoast-breadcrumbs\">\n<p><a href=\"https:\/\/platiica.economia.gob.mx\/\">Inicio<\/a> &gt; <a href=\"https:\/\/platiica.economia.gob.mx\/verificacion-y-vigilancia\/\" data-type=\"page\" data-id=\"116\">Verificaci\u00f3n, vigilancia, vigilancia del mercado, sanciones, multas, recursos y reclamaciones<\/a> &gt; <strong><strong><strong><strong><strong><strong><strong><strong><strong><strong>Vigilancia<\/strong><\/strong><\/strong><\/strong><\/strong><\/strong><\/strong><\/strong><\/strong><\/strong> del mercado<\/p>\n<\/div>\n\n\n\n<p class=\"regresar\"><a href=\"https:\/\/e.economia.gob.mx\/estructura\/#organismos-administrativos-desconcentrados\">Regresar<\/a><\/p>\n<\/div>\n\n\n\n<div class=\"wp-block-column\" style=\"flex-basis:33.33%\"><\/div>\n<\/div>\n<\/div>\n\n\n\n<div class=\"wp-container-7 wp-block-group alignfull barra\">\n<div class=\"wp-block-columns\">\n<div class=\"wp-block-column\" style=\"flex-basis:66.66%\">\n<h1 id=\"glosario\" style=\"margin-bottom:100px\">Vigilancia del mercado<\/h1>\n\n\n\n<p>La vigilancia del mercado integra un conjunto de acciones realizadas por las autoridades competentes con el objetivo de promover el cumplimiento de las <a href=\"https:\/\/platiica.economia.gob.mx\/glosario\/norma-oficial-mexicana-nom\/\">Normas Oficiales Mexicanas<\/a>, proteger al consumidor y favorecer la competencia en el mercado de acuerdo con la Ley de Infraestructura de la Calidad.<\/p>\n\n\n\n<p>La vigilancia del mercado incluye los actos de vigilancia y <a href=\"https:\/\/platiica.economia.gob.mx\/glosario\/verificacion\/\">verificaci\u00f3n<\/a>, as\u00ed como:<\/p>\n\n\n\n<ul><li>La supervisi\u00f3n de la auto declaraci\u00f3n de conformidad por parte de los sujetos obligados por las NOMs y, en su caso, los <a href=\"https:\/\/platiica.economia.gob.mx\/glosario\/estandar\/\">Est\u00e1ndares<\/a>;<\/li><li>La revisi\u00f3n sistem\u00e1tica de las Normas Oficiales Mexicanas y los Est\u00e1ndares;<\/li><li>La protecci\u00f3n a los derechos de los consumidores; y<\/li><li>La coordinaci\u00f3n entre las autoridades competentes para el funcionamiento y el desarrollo del <a href=\"https:\/\/platiica.economia.gob.mx\/sistema-nacional-de-infraestructura-de-la-calidad\/\">Sistema Nacional de Infraestructura de la Calidad<\/a>.<\/li><\/ul>\n\n\n\n<div style=\"height:50px\" aria-hidden=\"true\" class=\"wp-block-spacer espacio-50\"><\/div>\n\n\n\n<div class=\"wp-container-5 wp-block-query glosario-indice\">\n\n\n<div style=\"height:100px\" aria-hidden=\"true\" class=\"wp-block-spacer\"><\/div>\n\n\n<\/div>\n\n\n\n<div class=\"wp-container-6 wp-block-group adicional\">\n<p><strong>Te puede interesar:<\/strong><\/p>\n\n\n\n<p><a href=\"https:\/\/platiica.economia.gob.mx\/normalizacion\/catalogo-mexicano-de-normas\/\">&gt; Cat\u00e1logo Mexicano de Normas<\/a><\/p>\n\n\n\n<p><a href=\"https:\/\/platiica.economia.gob.mx\/estandarizacion\/catalogo-mexicano-de-estandares\/\">&gt; Cat\u00e1logo Mexicano de Est\u00e1ndares<\/a><\/p>\n\n\n\n<p><\/p>\n<\/div>\n<\/div>\n<\/div>\n<\/div>\n","protected":false},"excerpt":{"rendered":"<p>Conoce en qu\u00e9 consisten las actividades de vigilancia de las entidades de acreditaci\u00f3n, organismos de evaluaci\u00f3n y del mercado, y revisa sus resultados.<\/p>\n","protected":false},"author":5,"featured_media":0,"parent":0,"menu_order":0,"comment_status":"closed","ping_status":"closed","template":"","meta":{"_links_to":"","_links_to_target":""},"yoast_head":"<!-- This site is optimized with the Yoast SEO plugin v21.5 - https:\/\/yoast.com\/wordpress\/plugins\/seo\/ -->\n<title>Vigilancia del mercado - Verificaci\u00f3n, vigilancia y vigilancia del mercado<\/title>\n<meta name=\"description\" content=\"Conoce en qu\u00e9 consisten las actividades de vigilancia de las entidades de acreditaci\u00f3n, organismos de evaluaci\u00f3n y del mercado, y revisa sus resultados.\" \/>\n<meta name=\"robots\" content=\"index, follow, max-snippet:-1, max-image-preview:large, max-video-preview:-1\" \/>\n<link rel=\"canonical\" href=\"http:\/\/10.100.20.231\/verificacion-y-vigilancia\/vigilancia-del-mercado\/\" \/>\n<meta property=\"og:locale\" content=\"es_MX\" \/>\n<meta property=\"og:type\" content=\"article\" \/>\n<meta property=\"og:title\" content=\"Vigilancia del mercado - Verificaci\u00f3n, vigilancia y vigilancia del mercado\" \/>\n<meta property=\"og:description\" content=\"Conoce en qu\u00e9 consisten las actividades de vigilancia de las entidades de acreditaci\u00f3n, organismos de evaluaci\u00f3n y del mercado, y revisa sus resultados.\" \/>\n<meta property=\"og:url\" content=\"http:\/\/10.100.20.231\/verificacion-y-vigilancia\/vigilancia-del-mercado\/\" \/>\n<meta property=\"og:site_name\" content=\"Verificaci\u00f3n, vigilancia y vigilancia del mercado\" \/>\n<meta property=\"article:modified_time\" content=\"2023-10-25T17:17:43+00:00\" \/>\n<meta property=\"og:image\" content=\"http:\/\/10.100.20.231\/verificacion-y-vigilancia\/wp-content\/uploads\/sites\/6\/2024\/05\/platiica-economia.jpg\" \/>\n\t<meta property=\"og:image:width\" content=\"1200\" \/>\n\t<meta property=\"og:image:height\" content=\"675\" \/>\n\t<meta property=\"og:image:type\" content=\"image\/jpeg\" \/>\n<meta name=\"twitter:card\" content=\"summary_large_image\" \/>\n<meta name=\"twitter:label1\" content=\"Tiempo de lectura\" \/>\n\t<meta name=\"twitter:data1\" content=\"1 minuto\" \/>\n<script type=\"application\/ld+json\" class=\"yoast-schema-graph\">{\"@context\":\"https:\/\/schema.org\",\"@graph\":[{\"@type\":\"WebPage\",\"@id\":\"http:\/\/10.100.20.231\/verificacion-y-vigilancia\/vigilancia-del-mercado\/\",\"url\":\"http:\/\/10.100.20.231\/verificacion-y-vigilancia\/vigilancia-del-mercado\/\",\"name\":\"Vigilancia del mercado - Verificaci\u00f3n, vigilancia y vigilancia del mercado\",\"isPartOf\":{\"@id\":\"http:\/\/10.100.20.231\/verificacion-y-vigilancia\/#website\"},\"datePublished\":\"2023-07-17T23:49:58+00:00\",\"dateModified\":\"2023-10-25T17:17:43+00:00\",\"description\":\"Conoce en qu\u00e9 consisten las actividades de vigilancia de las entidades de acreditaci\u00f3n, organismos de evaluaci\u00f3n y del mercado, y revisa sus resultados.\",\"breadcrumb\":{\"@id\":\"http:\/\/10.100.20.231\/verificacion-y-vigilancia\/vigilancia-del-mercado\/#breadcrumb\"},\"inLanguage\":\"es-MX\",\"potentialAction\":[{\"@type\":\"ReadAction\",\"target\":[\"http:\/\/10.100.20.231\/verificacion-y-vigilancia\/vigilancia-del-mercado\/\"]}]},{\"@type\":\"BreadcrumbList\",\"@id\":\"http:\/\/10.100.20.231\/verificacion-y-vigilancia\/vigilancia-del-mercado\/#breadcrumb\",\"itemListElement\":[{\"@type\":\"ListItem\",\"position\":1,\"name\":\"Inicio\",\"item\":\"http:\/\/10.100.20.231\/verificacion-y-vigilancia\/\"},{\"@type\":\"ListItem\",\"position\":2,\"name\":\"Vigilancia del mercado\"}]},{\"@type\":\"WebSite\",\"@id\":\"http:\/\/10.100.20.231\/verificacion-y-vigilancia\/#website\",\"url\":\"http:\/\/10.100.20.231\/verificacion-y-vigilancia\/\",\"name\":\"Verificaci\u00f3n, vigilancia y vigilancia del mercado\",\"description\":\"\",\"publisher\":{\"@id\":\"http:\/\/10.100.20.231\/verificacion-y-vigilancia\/#organization\"},\"potentialAction\":[{\"@type\":\"SearchAction\",\"target\":{\"@type\":\"EntryPoint\",\"urlTemplate\":\"http:\/\/10.100.20.231\/verificacion-y-vigilancia\/?s={search_term_string}\"},\"query-input\":\"required name=search_term_string\"}],\"inLanguage\":\"es-MX\"},{\"@type\":\"Organization\",\"@id\":\"http:\/\/10.100.20.231\/verificacion-y-vigilancia\/#organization\",\"name\":\"Verificaci\u00f3n, vigilancia y vigilancia del mercado\",\"url\":\"http:\/\/10.100.20.231\/verificacion-y-vigilancia\/\",\"logo\":{\"@type\":\"ImageObject\",\"inLanguage\":\"es-MX\",\"@id\":\"http:\/\/10.100.20.231\/verificacion-y-vigilancia\/#\/schema\/logo\/image\/\",\"url\":\"http:\/\/10.100.20.231\/verificacion-y-vigilancia\/wp-content\/uploads\/sites\/6\/2021\/10\/logo-gobierno-mexico.svg\",\"contentUrl\":\"http:\/\/10.100.20.231\/verificacion-y-vigilancia\/wp-content\/uploads\/sites\/6\/2021\/10\/logo-gobierno-mexico.svg\",\"width\":123,\"height\":36,\"caption\":\"Verificaci\u00f3n, vigilancia y vigilancia del mercado\"},\"image\":{\"@id\":\"http:\/\/10.100.20.231\/verificacion-y-vigilancia\/#\/schema\/logo\/image\/\"}}]}<\/script>\n<!-- \/ Yoast SEO plugin. -->","yoast_head_json":{"title":"Vigilancia del mercado - Verificaci\u00f3n, vigilancia y vigilancia del mercado","description":"Conoce en qu\u00e9 consisten las actividades de vigilancia de las entidades de acreditaci\u00f3n, organismos de evaluaci\u00f3n y del mercado, y revisa sus resultados.","robots":{"index":"index","follow":"follow","max-snippet":"max-snippet:-1","max-image-preview":"max-image-preview:large","max-video-preview":"max-video-preview:-1"},"canonical":"http:\/\/10.100.20.231\/verificacion-y-vigilancia\/vigilancia-del-mercado\/","og_locale":"es_MX","og_type":"article","og_title":"Vigilancia del mercado - Verificaci\u00f3n, vigilancia y vigilancia del mercado","og_description":"Conoce en qu\u00e9 consisten las actividades de vigilancia de las entidades de acreditaci\u00f3n, organismos de evaluaci\u00f3n y del mercado, y revisa sus resultados.","og_url":"http:\/\/10.100.20.231\/verificacion-y-vigilancia\/vigilancia-del-mercado\/","og_site_name":"Verificaci\u00f3n, vigilancia y vigilancia del mercado","article_modified_time":"2023-10-25T17:17:43+00:00","og_image":[{"width":1200,"height":675,"url":"http:\/\/10.100.20.231\/verificacion-y-vigilancia\/wp-content\/uploads\/sites\/6\/2024\/05\/platiica-economia.jpg","type":"image\/jpeg"}],"twitter_card":"summary_large_image","twitter_misc":{"Tiempo de lectura":"1 minuto"},"schema":{"@context":"https:\/\/schema.org","@graph":[{"@type":"WebPage","@id":"http:\/\/10.100.20.231\/verificacion-y-vigilancia\/vigilancia-del-mercado\/","url":"http:\/\/10.100.20.231\/verificacion-y-vigilancia\/vigilancia-del-mercado\/","name":"Vigilancia del mercado - Verificaci\u00f3n, vigilancia y vigilancia del mercado","isPartOf":{"@id":"http:\/\/10.100.20.231\/verificacion-y-vigilancia\/#website"},"datePublished":"2023-07-17T23:49:58+00:00","dateModified":"2023-10-25T17:17:43+00:00","description":"Conoce en qu\u00e9 consisten las actividades de vigilancia de las entidades de acreditaci\u00f3n, organismos de evaluaci\u00f3n y del mercado, y revisa sus resultados.","breadcrumb":{"@id":"http:\/\/10.100.20.231\/verificacion-y-vigilancia\/vigilancia-del-mercado\/#breadcrumb"},"inLanguage":"es-MX","potentialAction":[{"@type":"ReadAction","target":["http:\/\/10.100.20.231\/verificacion-y-vigilancia\/vigilancia-del-mercado\/"]}]},{"@type":"BreadcrumbList","@id":"http:\/\/10.100.20.231\/verificacion-y-vigilancia\/vigilancia-del-mercado\/#breadcrumb","itemListElement":[{"@type":"ListItem","position":1,"name":"Inicio","item":"http:\/\/10.100.20.231\/verificacion-y-vigilancia\/"},{"@type":"ListItem","position":2,"name":"Vigilancia del mercado"}]},{"@type":"WebSite","@id":"http:\/\/10.100.20.231\/verificacion-y-vigilancia\/#website","url":"http:\/\/10.100.20.231\/verificacion-y-vigilancia\/","name":"Verificaci\u00f3n, vigilancia y vigilancia del mercado","description":"","publisher":{"@id":"http:\/\/10.100.20.231\/verificacion-y-vigilancia\/#organization"},"potentialAction":[{"@type":"SearchAction","target":{"@type":"EntryPoint","urlTemplate":"http:\/\/10.100.20.231\/verificacion-y-vigilancia\/?s={search_term_string}"},"query-input":"required name=search_term_string"}],"inLanguage":"es-MX"},{"@type":"Organization","@id":"http:\/\/10.100.20.231\/verificacion-y-vigilancia\/#organization","name":"Verificaci\u00f3n, vigilancia y vigilancia del mercado","url":"http:\/\/10.100.20.231\/verificacion-y-vigilancia\/","logo":{"@type":"ImageObject","inLanguage":"es-MX","@id":"http:\/\/10.100.20.231\/verificacion-y-vigilancia\/#\/schema\/logo\/image\/","url":"http:\/\/10.100.20.231\/verificacion-y-vigilancia\/wp-content\/uploads\/sites\/6\/2021\/10\/logo-gobierno-mexico.svg","contentUrl":"http:\/\/10.100.20.231\/verificacion-y-vigilancia\/wp-content\/uploads\/sites\/6\/2021\/10\/logo-gobierno-mexico.svg","width":123,"height":36,"caption":"Verificaci\u00f3n, vigilancia y vigilancia del mercado"},"image":{"@id":"http:\/\/10.100.20.231\/verificacion-y-vigilancia\/#\/schema\/logo\/image\/"}}]}},"_links":{"self":[{"href":"http:\/\/10.100.20.231\/verificacion-y-vigilancia\/wp-json\/wp\/v2\/pages\/61899"}],"collection":[{"href":"http:\/\/10.100.20.231\/verificacion-y-vigilancia\/wp-json\/wp\/v2\/pages"}],"about":[{"href":"http:\/\/10.100.20.231\/verificacion-y-vigilancia\/wp-json\/wp\/v2\/types\/page"}],"author":[{"embeddable":true,"href":"http:\/\/10.100.20.231\/verificacion-y-vigilancia\/wp-json\/wp\/v2\/users\/5"}],"replies":[{"embeddable":true,"href":"http:\/\/10.100.20.231\/verificacion-y-vigilancia\/wp-json\/wp\/v2\/comments?post=61899"}],"version-history":[{"count":0,"href":"http:\/\/10.100.20.231\/verificacion-y-vigilancia\/wp-json\/wp\/v2\/pages\/61899\/revisions"}],"wp:attachment":[{"href":"http:\/\/10.100.20.231\/verificacion-y-vigilancia\/wp-json\/wp\/v2\/media?parent=61899"}],"curies":[{"name":"wp","href":"https:\/\/api.w.org\/{rel}","templated":true}]}}